{"id":2825,"date":"2011-03-14T05:10:05","date_gmt":"2011-03-14T05:10:05","guid":{"rendered":"http:\/\/yachtcharter-connection.com.w01e47c6.kasserver.com\/rust-583\/"},"modified":"2016-10-29T18:30:23","modified_gmt":"2016-10-29T16:30:23","slug":"rust-583","status":"publish","type":"page","link":"https:\/\/yachtcharter-connection.com\/de\/rust-583\/","title":{"rendered":"Rust"},"content":{"rendered":"<h3>Yachtcharter Rust<\/h3>\n<p>\nRust hat 1700 Einwohner. Die Freistadt am s\u00fcdlichen Westufer des Sees, kleinster Verwaltungsbezirk \u00d6sterreichs, kombiniert l\u00e4ndliches Leben und historische Baukunst &ndash; die Architektur ist sehenswert. Rust ist Stadt der Weinbauern und Weinliebhaber. <br \/>\n<br type=\"_moz\" \/><\/p>\n","protected":false},"excerpt":{"rendered":"<p>Yachtcharter Rust Rust hat 1700 Einwohner. Die Freistadt am s\u00fcdlichen Westufer des Sees, kleinster Verwaltungsbezirk \u00d6sterreichs, kombiniert l\u00e4ndliches Leben und historische Baukunst &ndash; die Architektur ist sehenswert. Rust ist Stadt der Weinbauern und Weinliebhaber.<\/p>\n","protected":false},"author":11,"featured_media":0,"parent":0,"menu_order":0,"comment_status":"open","ping_status":"open","template":"","meta":[],"aioseo_notices":[],"_links":{"self":[{"href":"https:\/\/yachtcharter-connection.com\/de\/wp-json\/wp\/v2\/pages\/2825"}],"collection":[{"href":"https:\/\/yachtcharter-connection.com\/de\/wp-json\/wp\/v2\/pages"}],"about":[{"href":"https:\/\/yachtcharter-connection.com\/de\/wp-json\/wp\/v2\/types\/page"}],"author":[{"embeddable":true,"href":"https:\/\/yachtcharter-connection.com\/de\/wp-json\/wp\/v2\/users\/11"}],"replies":[{"embeddable":true,"href":"https:\/\/yachtcharter-connection.com\/de\/wp-json\/wp\/v2\/comments?post=2825"}],"version-history":[{"count":1,"href":"https:\/\/yachtcharter-connection.com\/de\/wp-json\/wp\/v2\/pages\/2825\/revisions"}],"predecessor-version":[{"id":13489,"href":"https:\/\/yachtcharter-connection.com\/de\/wp-json\/wp\/v2\/pages\/2825\/revisions\/13489"}],"wp:attachment":[{"href":"https:\/\/yachtcharter-connection.com\/de\/wp-json\/wp\/v2\/media?parent=2825"}],"curies":[{"name":"wp","href":"https:\/\/api.w.org\/{rel}","templated":true}]}}