{"id":2826,"date":"2011-03-14T05:10:06","date_gmt":"2011-03-14T05:10:06","guid":{"rendered":"http:\/\/yachtcharter-connection.com.w01e47c6.kasserver.com\/bequia-677\/"},"modified":"2016-10-29T18:13:39","modified_gmt":"2016-10-29T16:13:39","slug":"bequia-677","status":"publish","type":"page","link":"https:\/\/yachtcharter-connection.com\/de\/regionen\/karibik\/yachtcharter-leewards-and-windwards\/bequia-677\/","title":{"rendered":"Bequia"},"content":{"rendered":"<h3>Yachtcharter Bequia<\/h3>\n<p>\n<img loading=\"lazy\" class=\"content-image\"  width=\"300\" height=\"200\" src=\"https:\/\/yachtcharter-connection.com\/wp-content\/uploads\/converted_files\/23218\/23218-5624e3e2ab798.jpg\" alt=\"Karibik_Ankerbucht\" \/>Die Admiralty Bay, eine riesige Bucht der kleinen Insel Bequia im S\u00fcden des Staates <a href=\"~\/Yachtcharter_saint_vincent_und_grenadinen.html\"><u><b>St. Vincent &#038; The Grenadines<\/b><\/u><\/a> mit dem St\u00e4dtchen Port Elizabeth, ist einer der sch\u00f6nsten Treffpunkte f\u00fcr Yachtcharter-Crews und Langfahrtseglern. Dazu tr\u00e4gt einerseits die nat\u00fcrliche Sch\u00f6nheit der malerischen Bucht mit ihren Str\u00e4nden bei. Aber man liegt au\u00dferdem sehr sicher, vor Anker oder an Mooringbojen. Und vor allem die Bev\u00f6lkerung, ein bunter Mix aller Rassen und Religionen sowie Nachfahren von schwarzen Frauen und schottischen Walf\u00e4ngern, ist weltoffen und gastfreundlich. Bequia hat sich einen Namen als K\u00fcnstlertreff gemacht, h\u00fcbsche Cafes und Shops, bunte H\u00e4uschen, zum Teil erstklassige Restaurants &ndash; die Insel ist in jeder Hinsicht eine Reise wert. Bequia ist perfekt auf Yachttourismus eingestellt: Wasser und Diesel bekommt man in der kleinen Bequia Marina, aber ein Wasserboot vom Marine Service tankt das kostbare Nass auch bei vor Anker liegenden Yachten nach. Shoppen in Bequia macht Spa\u00df: Am Strand in der neuen Markthalle gibt es frische Lebensmittel, dahinter verkaufen Fischer den frischen Fang. Delikatessenladen, Buchladen, kleine K\u00fcnstlergalerien &ndash; in Port Elizabeth darf man sich f\u00fcr den Landgang ruhig etwas mehr Zeit nehmen. Und \u00fcberall trifft man auf Yachtcharter-Crews aus aller Welt.<\/p>\n<p>Im S\u00fcden von Bequia gibt es noch einen sch\u00f6nen Ankerplatz mit Palmenstrand: die Friendship Bay. Im kleinen Dorf Friendship im Westen der Bucht starteten fr\u00fcher die Walf\u00e4nger. Daneben im Fischerdorf Paget Farm gibt es noch Reste alten Bootsbauerhandwerks: Auf Bequia wurden fr\u00fcher klassische Insel-Schoner gebaut. Nicht allzu weit vor der Friendship Bay wartet ein Tagesankerplatz auf dem unbewohnten Inselchen Petit Nevis &ndash; dort wurden die Wale einst geschlachtet und verarbeitet. <\/p>\n","protected":false},"excerpt":{"rendered":"<p>Yachtcharter Bequia Die Admiralty Bay, eine riesige Bucht der kleinen Insel Bequia im S\u00fcden des Staates St. Vincent &#038; The Grenadines mit dem St\u00e4dtchen Port Elizabeth, ist einer der sch\u00f6nsten Treffpunkte f\u00fcr Yachtcharter-Crews und Langfahrtseglern. Dazu tr\u00e4gt einerseits die nat\u00fcrliche Sch\u00f6nheit der malerischen Bucht mit ihren Str\u00e4nden bei. Aber man<\/p>\n","protected":false},"author":11,"featured_media":0,"parent":749,"menu_order":0,"comment_status":"open","ping_status":"open","template":"","meta":[],"aioseo_notices":[],"_links":{"self":[{"href":"https:\/\/yachtcharter-connection.com\/de\/wp-json\/wp\/v2\/pages\/2826"}],"collection":[{"href":"https:\/\/yachtcharter-connection.com\/de\/wp-json\/wp\/v2\/pages"}],"about":[{"href":"https:\/\/yachtcharter-connection.com\/de\/wp-json\/wp\/v2\/types\/page"}],"author":[{"embeddable":true,"href":"https:\/\/yachtcharter-connection.com\/de\/wp-json\/wp\/v2\/users\/11"}],"replies":[{"embeddable":true,"href":"https:\/\/yachtcharter-connection.com\/de\/wp-json\/wp\/v2\/comments?post=2826"}],"version-history":[{"count":1,"href":"https:\/\/yachtcharter-connection.com\/de\/wp-json\/wp\/v2\/pages\/2826\/revisions"}],"predecessor-version":[{"id":13143,"href":"https:\/\/yachtcharter-connection.com\/de\/wp-json\/wp\/v2\/pages\/2826\/revisions\/13143"}],"up":[{"embeddable":true,"href":"https:\/\/yachtcharter-connection.com\/de\/wp-json\/wp\/v2\/pages\/749"}],"wp:attachment":[{"href":"https:\/\/yachtcharter-connection.com\/de\/wp-json\/wp\/v2\/media?parent=2826"}],"curies":[{"name":"wp","href":"https:\/\/api.w.org\/{rel}","templated":true}]}}