{"id":2828,"date":"2015-08-10T05:53:47","date_gmt":"2015-08-10T05:53:47","guid":{"rendered":"http:\/\/yachtcharter-connection.com.w01e47c6.kasserver.com\/tortola-road-town-519\/"},"modified":"2018-01-06T14:50:04","modified_gmt":"2018-01-06T12:50:04","slug":"tortola-road-town-519","status":"publish","type":"page","link":"https:\/\/yachtcharter-connection.com\/de\/regionen\/karibik\/yachtcharter-leewards-and-windwards\/tortola-road-town-519\/","title":{"rendered":"Tortola \/ Road Town"},"content":{"rendered":"<h1><strong>Yachtcharter Tortola &#8211; Segel- &amp; Motoryachten, Katamarane, Luxusyachten<\/strong><\/h1>\n<p><img loading=\"lazy\" class=\"content-image\" src=\"https:\/\/yachtcharter-connection.com\/wp-content\/uploads\/converted_files\/23224\/23224-5624e3e547a45.jpg\" alt=\"\" width=\"300\" height=\"189\" \/>Gr\u00f6\u00dfte und Hauptinsel der B.V.I. ist Tortola, viele Charterst\u00fctzpunkte liegen hier im Hauptort Road Town im gro\u00dfen, weit ins Land ragenden Naturhafen Road Harbour oder einer der angrenzenden Marinas.<\/p>\n<p>Road Town ist ein typisches karibisches St\u00e4dtchen \u2013 mit bunten H\u00e4usern, vielen Boutiquen, Caf\u00e9s und Restaurants, dem Virgin Island Folk Museum, einem gro\u00dfen botanischen Garten im Zentrum und hervorragenden Versorgungsm\u00f6glichkeiten f\u00fcr Yachties. Oft liefern Superm\u00e4rkte die Eink\u00e4ufe direkt zur Charteryacht.<\/p>\n<p><img loading=\"lazy\" class=\"content-image\" src=\"https:\/\/yachtcharter-connection.com\/wp-content\/uploads\/converted_files\/23224\/23224-5624e3e79566c.jpg\" alt=\"\" width=\"300\" height=\"203\" \/>Die meisten Charterer werden schon vor dem ersten Auslaufen Bekanntschaft mit zwei \u00e4u\u00dferst wichtigen Traditionen machen: Das Nationalgetr\u00e4nk hei\u00dft Painkiller, besteht aus Rum, Ananassaft, Orangensaft, Kokosmilch und Muskat \u2013 es gibt ihn in verschiedenen St\u00e4rken, vier und f\u00fcnf helfen besonders gut. The Pusser\u2019s ist eine echte Institution, Kombination aus edlem Nautik-Shop und Bar bzw. Restaurant, in den B.V.I. in Road Town, Soper\u2019s Hole (Pusser\u2019s Landing), auf dem Inselchen Marina Cay und in der Leverick Bay zu finden. Verkauft wird hier nat\u00fcrlich auch Pusser\u2019s Orignal Navy Rum (abgeleitet vom Purser an Bord). Bei Landausfl\u00fcgen laden der Sage Mountain National Park, der Mount Healthy National Park mit Resten einer alten Zuckerplantage, das North Shore Shell Museum, verschiedene alte Forts oder die Callwood Rum Distillery zum Besuch ein.<\/p>\n","protected":false},"excerpt":{"rendered":"<p>Yachtcharter Tortola &#8211; Segel- &amp; Motoryachten, Katamarane, Luxusyachten Gr\u00f6\u00dfte und Hauptinsel der B.V.I. ist Tortola, viele Charterst\u00fctzpunkte liegen hier im Hauptort Road Town im gro\u00dfen, weit ins Land ragenden Naturhafen Road Harbour oder einer der angrenzenden Marinas. Road Town ist ein typisches karibisches St\u00e4dtchen \u2013 mit bunten H\u00e4usern, vielen Boutiquen,<\/p>\n","protected":false},"author":11,"featured_media":0,"parent":749,"menu_order":0,"comment_status":"open","ping_status":"open","template":"","meta":[],"aioseo_notices":[],"_links":{"self":[{"href":"https:\/\/yachtcharter-connection.com\/de\/wp-json\/wp\/v2\/pages\/2828"}],"collection":[{"href":"https:\/\/yachtcharter-connection.com\/de\/wp-json\/wp\/v2\/pages"}],"about":[{"href":"https:\/\/yachtcharter-connection.com\/de\/wp-json\/wp\/v2\/types\/page"}],"author":[{"embeddable":true,"href":"https:\/\/yachtcharter-connection.com\/de\/wp-json\/wp\/v2\/users\/11"}],"replies":[{"embeddable":true,"href":"https:\/\/yachtcharter-connection.com\/de\/wp-json\/wp\/v2\/comments?post=2828"}],"version-history":[{"count":3,"href":"https:\/\/yachtcharter-connection.com\/de\/wp-json\/wp\/v2\/pages\/2828\/revisions"}],"predecessor-version":[{"id":25807,"href":"https:\/\/yachtcharter-connection.com\/de\/wp-json\/wp\/v2\/pages\/2828\/revisions\/25807"}],"up":[{"embeddable":true,"href":"https:\/\/yachtcharter-connection.com\/de\/wp-json\/wp\/v2\/pages\/749"}],"wp:attachment":[{"href":"https:\/\/yachtcharter-connection.com\/de\/wp-json\/wp\/v2\/media?parent=2828"}],"curies":[{"name":"wp","href":"https:\/\/api.w.org\/{rel}","templated":true}]}}