{"id":2830,"date":"2012-09-12T12:09:27","date_gmt":"2012-09-12T12:09:27","guid":{"rendered":"http:\/\/yachtcharter-connection.com.w01e47c6.kasserver.com\/portoroz-391\/"},"modified":"2017-07-14T17:55:33","modified_gmt":"2017-07-14T15:55:33","slug":"portoroz-391","status":"publish","type":"page","link":"https:\/\/yachtcharter-connection.com\/de\/regionen\/mittelmeer\/yachtcharter-adria-nord\/portoroz-391\/","title":{"rendered":"Portoroz"},"content":{"rendered":"<h3>Yachtcharter Portoroz<\/h3>\n<p><img class=\"content-image\"  src=\"https:\/\/yachtcharter-connection.com\/wp-content\/uploads\/converted_files\/23230\/23230-5624e3eb7d9d0.jpg\" alt=\"Slowenien-Portoroz-yachtcharter-Portoroz.jpg\" style=\"width: 300px; height: 200px;\" \/>Der &bdquo;Rosenhafen&ldquo; Portoroz geh\u00f6rt zur Gemeinde Piran. Der Touristenort an der felsigen K\u00fcste hat einen k\u00fcnstlichen Sandstrand im Zentrum. Der Yachthafen pr\u00e4gt zusammen mit Hotels und dem Spielcasino das Stadtbild &ndash; wer auf historische Altst\u00e4dte steht, sollte in Piran bummeln gehen. Die Kirche St. Clementa, die wie eine Burg an der Spitze einer Halbinsel thront, ist das Wahrzeichen der Stadt, die Piazza Tartini  wurde wundersch\u00f6n im Stil des ausgehenden 19. Jahrhunderts restauriert. Venezianischer Stil beeindruckt in der ganzen Altstadt &ndash; und die Strandpromenade sowie der kleine Hafen locken mit zahlreichen Restaurants. <\/p>\n<p>F\u00fcr Yachtcharter Portoroz-Crews lohnt sich ein Ausflug auch zu den Salinen von Secovlje: Hier wird Salz noch nach traditioneller Art gewonnen, die Salinen sind als Naturpark gesch\u00fctzt.  Im Park wohnt nicht nur der Salinenkrebs, auch hunderte von Vogelarten nisten und br\u00fcten in dem Vogelparadies.<\/p>\n<h4>Yachtcharter Portoroz &#8211; der Yachthafen<\/h4>\n<p>Der Yachthafen von Portoroz liegt im nord\u00f6stlichen Teil der Bucht von Piran, ganz in der N\u00e4he der Stadt Portoroz. Die gro\u00dfe moderne Marina bietet alle Services f\u00fcr Yachtcharter Portoroz-Crews, einschlie\u00dflich Yachtservice, WIFI, Restaurants und Einkaufsm\u00f6glichkeiten  &#8211; dar\u00fcber hinaus auch Post, Bank, medizinischen Service, Driving Range f\u00fcr Golffreunde, Tennispl\u00e4tze oder Fitness-Center.<\/p>\n<p>\n<strong>Charteryachten Portoroz: In Portoroz steht f\u00fcr Yachtcharter Slowenien-Crews eine gro\u00dfe Charterflotte von Segelyachten zur Verf\u00fcgung: Fragen Sie uns nach Angeboten &ndash; wir beraten Sie gern.<\/strong><\/p>\n","protected":false},"excerpt":{"rendered":"<p>Yachtcharter Portoroz Der &bdquo;Rosenhafen&ldquo; Portoroz geh\u00f6rt zur Gemeinde Piran. Der Touristenort an der felsigen K\u00fcste hat einen k\u00fcnstlichen Sandstrand im Zentrum. Der Yachthafen pr\u00e4gt zusammen mit Hotels und dem Spielcasino das Stadtbild &ndash; wer auf historische Altst\u00e4dte steht, sollte in Piran bummeln gehen. Die Kirche St. Clementa, die wie eine<\/p>\n","protected":false},"author":11,"featured_media":0,"parent":757,"menu_order":0,"comment_status":"open","ping_status":"open","template":"","meta":[],"aioseo_notices":[],"_links":{"self":[{"href":"https:\/\/yachtcharter-connection.com\/de\/wp-json\/wp\/v2\/pages\/2830"}],"collection":[{"href":"https:\/\/yachtcharter-connection.com\/de\/wp-json\/wp\/v2\/pages"}],"about":[{"href":"https:\/\/yachtcharter-connection.com\/de\/wp-json\/wp\/v2\/types\/page"}],"author":[{"embeddable":true,"href":"https:\/\/yachtcharter-connection.com\/de\/wp-json\/wp\/v2\/users\/11"}],"replies":[{"embeddable":true,"href":"https:\/\/yachtcharter-connection.com\/de\/wp-json\/wp\/v2\/comments?post=2830"}],"version-history":[{"count":1,"href":"https:\/\/yachtcharter-connection.com\/de\/wp-json\/wp\/v2\/pages\/2830\/revisions"}],"predecessor-version":[{"id":13188,"href":"https:\/\/yachtcharter-connection.com\/de\/wp-json\/wp\/v2\/pages\/2830\/revisions\/13188"}],"up":[{"embeddable":true,"href":"https:\/\/yachtcharter-connection.com\/de\/wp-json\/wp\/v2\/pages\/757"}],"wp:attachment":[{"href":"https:\/\/yachtcharter-connection.com\/de\/wp-json\/wp\/v2\/media?parent=2830"}],"curies":[{"name":"wp","href":"https:\/\/api.w.org\/{rel}","templated":true}]}}