{"id":2831,"date":"2011-03-14T05:10:07","date_gmt":"2011-03-14T05:10:07","guid":{"rendered":"http:\/\/yachtcharter-connection.com.w01e47c6.kasserver.com\/kinsale-co-cork-151\/"},"modified":"2016-10-29T18:55:35","modified_gmt":"2016-10-29T16:55:35","slug":"kinsale-co-cork-151","status":"publish","type":"page","link":"https:\/\/yachtcharter-connection.com\/de\/regionen\/atlantik-westeuropa\/yachtcharter-irische-k%c3%bcste\/kinsale-co-cork-151\/","title":{"rendered":"Kinsale Co.Cork"},"content":{"rendered":"<h3>Yachtcharter Irland \/ Kinsale<\/h3>\n<p>\nDie mittelalterliche Altstadt von Kinsale zeugt von Einfl\u00fcssen von Engl\u00e4ndern, Spaniern und Normannen. Sch\u00f6ne Geb\u00e4ude im georgianischen und viktorianischen Stil sind \u00fcberall zu sehen. Galerien, Gesch\u00e4fte und traditionelle Bars warten in den engen Gassen auf G\u00e4ste. Die Gastronomie hier ist ber\u00fchmt f\u00fcr Fisch und Seafood. .<\/p>\n<p>Die maritime Infrastruktur bietet alles, was Yachtcharter-Crews erwarten k\u00f6nnen. Vom der gesch\u00fctzt legenen Marina aus &#8211;  Castlepark Marina Centre in Kinsdale &#8211; bieten wir Segelyachten und Motoryachten zur Charter an. <\/p>\n","protected":false},"excerpt":{"rendered":"<p>Yachtcharter Irland \/ Kinsale Die mittelalterliche Altstadt von Kinsale zeugt von Einfl\u00fcssen von Engl\u00e4ndern, Spaniern und Normannen. Sch\u00f6ne Geb\u00e4ude im georgianischen und viktorianischen Stil sind \u00fcberall zu sehen. Galerien, Gesch\u00e4fte und traditionelle Bars warten in den engen Gassen auf G\u00e4ste. Die Gastronomie hier ist ber\u00fchmt f\u00fcr Fisch und Seafood. .<\/p>\n","protected":false},"author":11,"featured_media":0,"parent":773,"menu_order":0,"comment_status":"open","ping_status":"open","template":"","meta":[],"aioseo_notices":[],"_links":{"self":[{"href":"https:\/\/yachtcharter-connection.com\/de\/wp-json\/wp\/v2\/pages\/2831"}],"collection":[{"href":"https:\/\/yachtcharter-connection.com\/de\/wp-json\/wp\/v2\/pages"}],"about":[{"href":"https:\/\/yachtcharter-connection.com\/de\/wp-json\/wp\/v2\/types\/page"}],"author":[{"embeddable":true,"href":"https:\/\/yachtcharter-connection.com\/de\/wp-json\/wp\/v2\/users\/11"}],"replies":[{"embeddable":true,"href":"https:\/\/yachtcharter-connection.com\/de\/wp-json\/wp\/v2\/comments?post=2831"}],"version-history":[{"count":1,"href":"https:\/\/yachtcharter-connection.com\/de\/wp-json\/wp\/v2\/pages\/2831\/revisions"}],"predecessor-version":[{"id":13613,"href":"https:\/\/yachtcharter-connection.com\/de\/wp-json\/wp\/v2\/pages\/2831\/revisions\/13613"}],"up":[{"embeddable":true,"href":"https:\/\/yachtcharter-connection.com\/de\/wp-json\/wp\/v2\/pages\/773"}],"wp:attachment":[{"href":"https:\/\/yachtcharter-connection.com\/de\/wp-json\/wp\/v2\/media?parent=2831"}],"curies":[{"name":"wp","href":"https:\/\/api.w.org\/{rel}","templated":true}]}}