{"id":2833,"date":"2011-11-30T18:51:08","date_gmt":"2011-11-30T18:51:08","guid":{"rendered":"http:\/\/yachtcharter-connection.com.w01e47c6.kasserver.com\/ostende-467\/"},"modified":"2016-10-29T18:04:49","modified_gmt":"2016-10-29T16:04:49","slug":"ostende-467","status":"publish","type":"page","link":"https:\/\/yachtcharter-connection.com\/de\/ostende-467\/","title":{"rendered":"Ostende"},"content":{"rendered":"<h3>Yachtcharter Ostende<\/h3>\n<p>\n<img class=\"content-image\"  style=\"width:300px; height:199px;\" alt=\"Belgium_Ostende_Yacht_Harbourpict_(1).jpg\" src=\"https:\/\/yachtcharter-connection.com\/wp-content\/uploads\/converted_files\/23239\/23239-5624e3ecc6dfb.jpg\" \/>Ostende, in Westflandern an der Nordsee gelegen, ist ber\u00fchmt f\u00fcr seine feinsandigen Str\u00e4nde, die lange Promenade und Hafen-Pier &#8211; fr\u00fcher war die Stadt Ausgangshafen f\u00fcr den Transitverkehr mit Passagier-Segelschiffen nach Dover. Die Stadt gilt als die K\u00f6nigin der belgischen Seeb\u00e4der. F\u00fcr Yachtcharter-Crews ist Ostende einen Stopp w\u00e4hrend eines Yachtcharter-T\u00f6rns an der belgischen K\u00fcste  einen Besuch wert.<\/p>\n<p>An der belgischen K\u00fcste stehen f\u00fcr Yachtcharter-Crews Charterflotten mit Segelyachten in <a href=\"~\/Yachtcharter_belgien\/nieuwpoort.html\">Nieuwpoort<\/a> und <a href=\"~\/Yachtcharter_belgien\/zeebrugge.html\">Zeebrugge<\/a> zur Verf\u00fcgung. Chartern Sie die beste  Yacht f\u00fcr Ihren Segelurlaub in Belgien, fragen Sie uns nach Angeboten &ndash; wir beraten Sie gern. <\/p>\n<p><\/p>\n","protected":false},"excerpt":{"rendered":"<p>Yachtcharter Ostende Ostende, in Westflandern an der Nordsee gelegen, ist ber\u00fchmt f\u00fcr seine feinsandigen Str\u00e4nde, die lange Promenade und Hafen-Pier &#8211; fr\u00fcher war die Stadt Ausgangshafen f\u00fcr den Transitverkehr mit Passagier-Segelschiffen nach Dover. Die Stadt gilt als die K\u00f6nigin der belgischen Seeb\u00e4der. F\u00fcr Yachtcharter-Crews ist Ostende einen Stopp w\u00e4hrend eines<\/p>\n","protected":false},"author":11,"featured_media":0,"parent":0,"menu_order":0,"comment_status":"open","ping_status":"open","template":"","meta":[],"aioseo_notices":[],"_links":{"self":[{"href":"https:\/\/yachtcharter-connection.com\/de\/wp-json\/wp\/v2\/pages\/2833"}],"collection":[{"href":"https:\/\/yachtcharter-connection.com\/de\/wp-json\/wp\/v2\/pages"}],"about":[{"href":"https:\/\/yachtcharter-connection.com\/de\/wp-json\/wp\/v2\/types\/page"}],"author":[{"embeddable":true,"href":"https:\/\/yachtcharter-connection.com\/de\/wp-json\/wp\/v2\/users\/11"}],"replies":[{"embeddable":true,"href":"https:\/\/yachtcharter-connection.com\/de\/wp-json\/wp\/v2\/comments?post=2833"}],"version-history":[{"count":1,"href":"https:\/\/yachtcharter-connection.com\/de\/wp-json\/wp\/v2\/pages\/2833\/revisions"}],"predecessor-version":[{"id":13088,"href":"https:\/\/yachtcharter-connection.com\/de\/wp-json\/wp\/v2\/pages\/2833\/revisions\/13088"}],"wp:attachment":[{"href":"https:\/\/yachtcharter-connection.com\/de\/wp-json\/wp\/v2\/media?parent=2833"}],"curies":[{"name":"wp","href":"https:\/\/api.w.org\/{rel}","templated":true}]}}