{"id":2844,"date":"2014-05-04T21:36:34","date_gmt":"2014-05-04T21:36:34","guid":{"rendered":"http:\/\/yachtcharter-connection.com.w01e47c6.kasserver.com\/martinique-fort-de-france-440\/"},"modified":"2016-10-29T18:13:44","modified_gmt":"2016-10-29T16:13:44","slug":"martinique-fort-de-france-440","status":"publish","type":"page","link":"https:\/\/yachtcharter-connection.com\/de\/regionen\/karibik\/yachtcharter-leewards-and-windwards\/martinique-fort-de-france-440\/","title":{"rendered":"Martinique \/ Fort-de-France"},"content":{"rendered":"<h3>Yachtcharter Martinique \/ Fort-de-France<\/h3>\n<p>\n<img loading=\"lazy\" class=\"content-image\"  width=\"300\" height=\"200\" src=\"https:\/\/yachtcharter-connection.com\/wp-content\/uploads\/converted_files\/23272\/23272-5624e3efcde19.jpg\" alt=\"\" \/>Die Hauptstadt Fort-de-France, fr\u00fcher einmal Fort Royal genannt, liegt in einer gro\u00dfen Bucht umgeben von Bergen.  Der Hafen gilt als einer der sichersten der gesamten Karibik und ist mittlerweile auch Anlaufstation zahlreicher Kreuzfahrtschiffe.  Die Marina Pointe du Bout mit allen Services f\u00fcr Yachtcharter-Crews liegt im S\u00fcdwesten der Bucht, die vom Fort Louis \u00fcberragt und bewacht wird. Im S\u00fcden liegen die Yachten in der Marina Trois Ilets, eine weitere Marina mit dem Namen L&rsquo;Etang Z&rsquo;Abricots mit 900 Liegepl\u00e4tzen entsteht direkt im Westen von Fort-de-France. <\/p>\n<p>Au\u00dfer Fort Louis schauen noch drei weitere Forts aufs Wasser, auf Fort Gerbaut steht ein Denkmal, das an die auf Martinique geborene franz\u00f6sische Kaiserin Josephine erinnert. Die Stadt, mit rund 100.000 Einwohnern ist immer noch sehr franz\u00f6sisch, mit der Kathedrale, einer karibischen Version von Sacre Coeur, dem denkmalgesch\u00fctzten Rathaus, vielen engen Gassen, typischen Caf\u00e9s, guten Restaurants und nat\u00fcrlich einem sehenswerten Fischmarkt am Ufer des Rivi\u00e8re Madame. Von Fort-de-France aus lohnt sich eine Inselrundfahrt per Bus oder Taxi.<br type=\"_moz\" \/><\/p>\n","protected":false},"excerpt":{"rendered":"<p>Yachtcharter Martinique \/ Fort-de-France Die Hauptstadt Fort-de-France, fr\u00fcher einmal Fort Royal genannt, liegt in einer gro\u00dfen Bucht umgeben von Bergen. Der Hafen gilt als einer der sichersten der gesamten Karibik und ist mittlerweile auch Anlaufstation zahlreicher Kreuzfahrtschiffe. Die Marina Pointe du Bout mit allen Services f\u00fcr Yachtcharter-Crews liegt im S\u00fcdwesten<\/p>\n","protected":false},"author":11,"featured_media":0,"parent":749,"menu_order":0,"comment_status":"open","ping_status":"open","template":"","meta":[],"aioseo_notices":[],"_links":{"self":[{"href":"https:\/\/yachtcharter-connection.com\/de\/wp-json\/wp\/v2\/pages\/2844"}],"collection":[{"href":"https:\/\/yachtcharter-connection.com\/de\/wp-json\/wp\/v2\/pages"}],"about":[{"href":"https:\/\/yachtcharter-connection.com\/de\/wp-json\/wp\/v2\/types\/page"}],"author":[{"embeddable":true,"href":"https:\/\/yachtcharter-connection.com\/de\/wp-json\/wp\/v2\/users\/11"}],"replies":[{"embeddable":true,"href":"https:\/\/yachtcharter-connection.com\/de\/wp-json\/wp\/v2\/comments?post=2844"}],"version-history":[{"count":1,"href":"https:\/\/yachtcharter-connection.com\/de\/wp-json\/wp\/v2\/pages\/2844\/revisions"}],"predecessor-version":[{"id":13153,"href":"https:\/\/yachtcharter-connection.com\/de\/wp-json\/wp\/v2\/pages\/2844\/revisions\/13153"}],"up":[{"embeddable":true,"href":"https:\/\/yachtcharter-connection.com\/de\/wp-json\/wp\/v2\/pages\/749"}],"wp:attachment":[{"href":"https:\/\/yachtcharter-connection.com\/de\/wp-json\/wp\/v2\/media?parent=2844"}],"curies":[{"name":"wp","href":"https:\/\/api.w.org\/{rel}","templated":true}]}}