{"id":2847,"date":"2015-08-10T05:53:47","date_gmt":"2015-08-10T05:53:47","guid":{"rendered":"http:\/\/yachtcharter-connection.com.w01e47c6.kasserver.com\/balatonkenese-402\/"},"modified":"2016-10-29T18:55:40","modified_gmt":"2016-10-29T16:55:40","slug":"balatonkenese-402","status":"publish","type":"page","link":"https:\/\/yachtcharter-connection.com\/de\/balatonkenese-402\/","title":{"rendered":"Balatonkenese"},"content":{"rendered":"<h3>Yachtcharter Balatonkenese &#8211; Plattensee<\/h3>\n<p>\nBalatonkenese, Sitz der Yachtcharter-Basis am Plattensee, liegt am Nordostufer des Balaton. Der Ort liegt malerisch inmitten von Obstg\u00e4rten und Weinbergen. Der Yachthafen von Balatonkenese gilt als besonders sch\u00f6n. F\u00fcr Yachtcharter-Crews bietet Balatonkenese zahlreiche Restaurants &#8211; und Familiencrews freuen sich sicher auch \u00fcber die Wasserrutsche am Strand und weitere Freizeitm\u00f6glichkeiten.<\/p>\n","protected":false},"excerpt":{"rendered":"<p>Yachtcharter Balatonkenese &#8211; Plattensee Balatonkenese, Sitz der Yachtcharter-Basis am Plattensee, liegt am Nordostufer des Balaton. Der Ort liegt malerisch inmitten von Obstg\u00e4rten und Weinbergen. Der Yachthafen von Balatonkenese gilt als besonders sch\u00f6n. F\u00fcr Yachtcharter-Crews bietet Balatonkenese zahlreiche Restaurants &#8211; und Familiencrews freuen sich sicher auch \u00fcber die Wasserrutsche am Strand<\/p>\n","protected":false},"author":11,"featured_media":0,"parent":0,"menu_order":0,"comment_status":"open","ping_status":"open","template":"","meta":[],"aioseo_notices":[],"_links":{"self":[{"href":"https:\/\/yachtcharter-connection.com\/de\/wp-json\/wp\/v2\/pages\/2847"}],"collection":[{"href":"https:\/\/yachtcharter-connection.com\/de\/wp-json\/wp\/v2\/pages"}],"about":[{"href":"https:\/\/yachtcharter-connection.com\/de\/wp-json\/wp\/v2\/types\/page"}],"author":[{"embeddable":true,"href":"https:\/\/yachtcharter-connection.com\/de\/wp-json\/wp\/v2\/users\/11"}],"replies":[{"embeddable":true,"href":"https:\/\/yachtcharter-connection.com\/de\/wp-json\/wp\/v2\/comments?post=2847"}],"version-history":[{"count":1,"href":"https:\/\/yachtcharter-connection.com\/de\/wp-json\/wp\/v2\/pages\/2847\/revisions"}],"predecessor-version":[{"id":13622,"href":"https:\/\/yachtcharter-connection.com\/de\/wp-json\/wp\/v2\/pages\/2847\/revisions\/13622"}],"wp:attachment":[{"href":"https:\/\/yachtcharter-connection.com\/de\/wp-json\/wp\/v2\/media?parent=2847"}],"curies":[{"name":"wp","href":"https:\/\/api.w.org\/{rel}","templated":true}]}}