{"id":2853,"date":"2015-08-10T05:53:48","date_gmt":"2015-08-10T05:53:48","guid":{"rendered":"http:\/\/yachtcharter-connection.com.w01e47c6.kasserver.com\/saint-vincent-382\/"},"modified":"2017-07-14T04:14:25","modified_gmt":"2017-07-14T02:14:25","slug":"saint-vincent-382","status":"publish","type":"page","link":"https:\/\/yachtcharter-connection.com\/de\/regionen\/karibik\/yachtcharter-leewards-and-windwards\/saint-vincent-382\/","title":{"rendered":"Saint Vincent"},"content":{"rendered":"<h3>Yachtcharter St. Vincent<\/h3>\n<p>\nMit dem Tourismus hat sich auch der Yachting-Bereich deutlich weiterentwickelt &ndash; mit Erfolg: Zweimal in Folge k\u00fcrte das Magazin Carribean World 2005 und 2006 St. Vincent &#038; The Grenadines zum &bdquo;Best Sailing &#038; Yachting Island Island of the Year&ldquo;. Fr\u00fcher gab es nur wenige H\u00e4fen zum Einklarieren und kaum Yachtcharter-St\u00fctzpunkte &ndash; inzwischen sind Charteryachten unter anderem auf St. Vincent, Union Island und auf Canouan stationiert. Ports of Entry sind Kingstown, Walliabou, Chateaubelair, St. Vincent, Port Elizabeth auf Bequia, Mustique, Canouan und Union Island. <\/p>\n<p>Die Grenadinen sind auch das Paradies der &ldquo;boat boys:&rdquo; Gem\u00fcse, Fr\u00fcchte und Fisch werden direkt an die Yacht gebracht, manchmal bequem, oft auch l\u00e4stig. Die &bdquo;boat boys&ldquo; helfen aber auch beim Ausbringen der Landleinen und beim Bewachen der Dinghys. F\u00fcr viele ist das die einzige Einkommensquelle. <br \/>\n<br type=\"_moz\" \/><\/p>\n","protected":false},"excerpt":{"rendered":"<p>Yachtcharter St. Vincent Mit dem Tourismus hat sich auch der Yachting-Bereich deutlich weiterentwickelt &ndash; mit Erfolg: Zweimal in Folge k\u00fcrte das Magazin Carribean World 2005 und 2006 St. Vincent &#038; The Grenadines zum &bdquo;Best Sailing &#038; Yachting Island Island of the Year&ldquo;. Fr\u00fcher gab es nur wenige H\u00e4fen zum Einklarieren<\/p>\n","protected":false},"author":11,"featured_media":0,"parent":749,"menu_order":0,"comment_status":"open","ping_status":"open","template":"","meta":[],"aioseo_notices":[],"_links":{"self":[{"href":"https:\/\/yachtcharter-connection.com\/de\/wp-json\/wp\/v2\/pages\/2853"}],"collection":[{"href":"https:\/\/yachtcharter-connection.com\/de\/wp-json\/wp\/v2\/pages"}],"about":[{"href":"https:\/\/yachtcharter-connection.com\/de\/wp-json\/wp\/v2\/types\/page"}],"author":[{"embeddable":true,"href":"https:\/\/yachtcharter-connection.com\/de\/wp-json\/wp\/v2\/users\/11"}],"replies":[{"embeddable":true,"href":"https:\/\/yachtcharter-connection.com\/de\/wp-json\/wp\/v2\/comments?post=2853"}],"version-history":[{"count":1,"href":"https:\/\/yachtcharter-connection.com\/de\/wp-json\/wp\/v2\/pages\/2853\/revisions"}],"predecessor-version":[{"id":13156,"href":"https:\/\/yachtcharter-connection.com\/de\/wp-json\/wp\/v2\/pages\/2853\/revisions\/13156"}],"up":[{"embeddable":true,"href":"https:\/\/yachtcharter-connection.com\/de\/wp-json\/wp\/v2\/pages\/749"}],"wp:attachment":[{"href":"https:\/\/yachtcharter-connection.com\/de\/wp-json\/wp\/v2\/media?parent=2853"}],"curies":[{"name":"wp","href":"https:\/\/api.w.org\/{rel}","templated":true}]}}