{"id":2854,"date":"2011-03-14T05:10:04","date_gmt":"2011-03-14T05:10:04","guid":{"rendered":"http:\/\/yachtcharter-connection.com.w01e47c6.kasserver.com\/st-martin-oyster-pond-113\/"},"modified":"2016-10-29T18:13:47","modified_gmt":"2016-10-29T16:13:47","slug":"st-martin-oyster-pond-113","status":"publish","type":"page","link":"https:\/\/yachtcharter-connection.com\/de\/regionen\/karibik\/yachtcharter-leewards-and-windwards\/st-martin-oyster-pond-113\/","title":{"rendered":"St. Martin \/ Oyster Pond"},"content":{"rendered":"<h3>Yachtcharter St. Martin &#8211; Sint Maarten \/ Oyster Pond<\/h3>\n<p>\n<img loading=\"lazy\" class=\"content-image\"  width=\"300\" height=\"162\" alt=\"St_Martin_Ankerbucht\" src=\"https:\/\/yachtcharter-connection.com\/wp-content\/uploads\/converted_files\/23302\/23302-5624e3f124644.jpg\" \/>Oyster Pond, St\u00fctzpunkt f\u00fcr Yachtcharter, ist der ideale Ausgangshafen f\u00fcr den kurzen T\u00f6rn zur Nachbarinsel St. Barths. Die Bucht von Oyster Pond ist landschaftlich wundersch\u00f6n und au\u00dferdem auch bei schweren St\u00fcrmen bestens gesch\u00fctzt. Die kleine Captain Olivers Marina bietet jeden Komfort.<\/p>\n<p>\n<br type=\"_moz\" \/><\/p>\n","protected":false},"excerpt":{"rendered":"<p>Yachtcharter St. Martin &#8211; Sint Maarten \/ Oyster Pond Oyster Pond, St\u00fctzpunkt f\u00fcr Yachtcharter, ist der ideale Ausgangshafen f\u00fcr den kurzen T\u00f6rn zur Nachbarinsel St. Barths. Die Bucht von Oyster Pond ist landschaftlich wundersch\u00f6n und au\u00dferdem auch bei schweren St\u00fcrmen bestens gesch\u00fctzt. Die kleine Captain Olivers Marina bietet jeden Komfort.<\/p>\n","protected":false},"author":11,"featured_media":0,"parent":749,"menu_order":0,"comment_status":"open","ping_status":"open","template":"","meta":[],"aioseo_notices":[],"_links":{"self":[{"href":"https:\/\/yachtcharter-connection.com\/de\/wp-json\/wp\/v2\/pages\/2854"}],"collection":[{"href":"https:\/\/yachtcharter-connection.com\/de\/wp-json\/wp\/v2\/pages"}],"about":[{"href":"https:\/\/yachtcharter-connection.com\/de\/wp-json\/wp\/v2\/types\/page"}],"author":[{"embeddable":true,"href":"https:\/\/yachtcharter-connection.com\/de\/wp-json\/wp\/v2\/users\/11"}],"replies":[{"embeddable":true,"href":"https:\/\/yachtcharter-connection.com\/de\/wp-json\/wp\/v2\/comments?post=2854"}],"version-history":[{"count":1,"href":"https:\/\/yachtcharter-connection.com\/de\/wp-json\/wp\/v2\/pages\/2854\/revisions"}],"predecessor-version":[{"id":13160,"href":"https:\/\/yachtcharter-connection.com\/de\/wp-json\/wp\/v2\/pages\/2854\/revisions\/13160"}],"up":[{"embeddable":true,"href":"https:\/\/yachtcharter-connection.com\/de\/wp-json\/wp\/v2\/pages\/749"}],"wp:attachment":[{"href":"https:\/\/yachtcharter-connection.com\/de\/wp-json\/wp\/v2\/media?parent=2854"}],"curies":[{"name":"wp","href":"https:\/\/api.w.org\/{rel}","templated":true}]}}