{"id":2856,"date":"2011-03-14T05:10:09","date_gmt":"2011-03-14T05:10:09","guid":{"rendered":"http:\/\/yachtcharter-connection.com.w01e47c6.kasserver.com\/canouan-569\/"},"modified":"2016-10-29T18:13:40","modified_gmt":"2016-10-29T16:13:40","slug":"canouan-569","status":"publish","type":"page","link":"https:\/\/yachtcharter-connection.com\/de\/regionen\/karibik\/yachtcharter-leewards-and-windwards\/canouan-569\/","title":{"rendered":"Canouan"},"content":{"rendered":"<h3>Yachtcharter Canouan<\/h3>\n<p>\n<img loading=\"lazy\" class=\"content-image\"  height=\"197\" width=\"300\" src=\"https:\/\/yachtcharter-connection.com\/wp-content\/uploads\/converted_files\/23311\/23311-5624e3f253905.jpg\" alt=\"Segelrevier_Karibik_Grenadinen\" \/>Die Insel Canouan, nur einige Meilen s\u00fcdlich von Mustique, war nach relativem Wohlstand durch Walfang und Baumwollanbau in den zwanziger Jahren des vorigen Jahrhunderts v\u00f6llig verarmt. Nach den Pl\u00e4nen ausl\u00e4ndischer Investoren hat sich Canouan jetzt in ein Eiland verwandelt, in dem Edeltourismus forciert wird. Die Einwohnerzahl hat sich von 700 auf 2000 fast verdreifacht. Drei Hotelkomplexe bieten reichlich Luxus: das Raffles Resort, das Tamarind Beach Hotel &#038; Yacht Club sowie The Grenadines Estate. <\/p>\n<p>Neben Restaurants mit europ\u00e4ischer oder karibischer K\u00fcche und Beachbars sowie dem Trump International Golf Club sorgen eine Tauchbasis und das Casino Villa Monte Carlo f\u00fcr touristische Infrastruktur. Und last but not least gibt es hier nun eine Marina, eine Yachtcharter-Basis und traumhafte Ankerpl\u00e4tze (sowie Mooringbojen) in der Charlestown Bay. Der Hauptort Charlestown hat noch echtes karibisches Flair. Als Tagesankerpl\u00e4tze eignen sich die South Glossy Bay und die Friendship Bay. <\/p>\n","protected":false},"excerpt":{"rendered":"<p>Yachtcharter Canouan Die Insel Canouan, nur einige Meilen s\u00fcdlich von Mustique, war nach relativem Wohlstand durch Walfang und Baumwollanbau in den zwanziger Jahren des vorigen Jahrhunderts v\u00f6llig verarmt. Nach den Pl\u00e4nen ausl\u00e4ndischer Investoren hat sich Canouan jetzt in ein Eiland verwandelt, in dem Edeltourismus forciert wird. Die Einwohnerzahl hat sich<\/p>\n","protected":false},"author":11,"featured_media":0,"parent":749,"menu_order":0,"comment_status":"open","ping_status":"open","template":"","meta":[],"aioseo_notices":[],"_links":{"self":[{"href":"https:\/\/yachtcharter-connection.com\/de\/wp-json\/wp\/v2\/pages\/2856"}],"collection":[{"href":"https:\/\/yachtcharter-connection.com\/de\/wp-json\/wp\/v2\/pages"}],"about":[{"href":"https:\/\/yachtcharter-connection.com\/de\/wp-json\/wp\/v2\/types\/page"}],"author":[{"embeddable":true,"href":"https:\/\/yachtcharter-connection.com\/de\/wp-json\/wp\/v2\/users\/11"}],"replies":[{"embeddable":true,"href":"https:\/\/yachtcharter-connection.com\/de\/wp-json\/wp\/v2\/comments?post=2856"}],"version-history":[{"count":1,"href":"https:\/\/yachtcharter-connection.com\/de\/wp-json\/wp\/v2\/pages\/2856\/revisions"}],"predecessor-version":[{"id":13145,"href":"https:\/\/yachtcharter-connection.com\/de\/wp-json\/wp\/v2\/pages\/2856\/revisions\/13145"}],"up":[{"embeddable":true,"href":"https:\/\/yachtcharter-connection.com\/de\/wp-json\/wp\/v2\/pages\/749"}],"wp:attachment":[{"href":"https:\/\/yachtcharter-connection.com\/de\/wp-json\/wp\/v2\/media?parent=2856"}],"curies":[{"name":"wp","href":"https:\/\/api.w.org\/{rel}","templated":true}]}}