{"id":2857,"date":"2015-08-10T05:53:48","date_gmt":"2015-08-10T05:53:48","guid":{"rendered":"http:\/\/yachtcharter-connection.com.w01e47c6.kasserver.com\/montenegro-kotor-407\/"},"modified":"2016-10-29T18:14:20","modified_gmt":"2016-10-29T16:14:20","slug":"montenegro-kotor-407","status":"publish","type":"page","link":"https:\/\/yachtcharter-connection.com\/de\/regionen\/mittelmeer\/yachtcharter-adria-sued\/montenegro-kotor-407\/","title":{"rendered":"Montenegro \/ Kotor"},"content":{"rendered":"<h3>Yachtcharter Kotor<\/h3>\n<p>\nKotor wurde von der Unesco zum Weltkultur-Erbe erkl\u00e4rt, auch die Bucht steht auf der Unesco-Liste. Der mittelalterliche Charme der mediterranen Handelsstadt blieb bis heute erhalten. Der Prinzenpalast aus dem 17. Jahrhundert, das Napoleon-Theater aus dem 19, Jahrhundert, Kirchen aus dem 12. und 13. Jahrhundert, laden zur Besichtigung ein, mittelalterliche Str\u00e4\u00dfchen der Altstadt zum gem\u00fctlichen Spaziergang. <\/p>\n","protected":false},"excerpt":{"rendered":"<p>Yachtcharter Kotor Kotor wurde von der Unesco zum Weltkultur-Erbe erkl\u00e4rt, auch die Bucht steht auf der Unesco-Liste. Der mittelalterliche Charme der mediterranen Handelsstadt blieb bis heute erhalten. Der Prinzenpalast aus dem 17. Jahrhundert, das Napoleon-Theater aus dem 19, Jahrhundert, Kirchen aus dem 12. und 13. Jahrhundert, laden zur Besichtigung ein,<\/p>\n","protected":false},"author":11,"featured_media":0,"parent":744,"menu_order":0,"comment_status":"open","ping_status":"open","template":"","meta":[],"aioseo_notices":[],"_links":{"self":[{"href":"https:\/\/yachtcharter-connection.com\/de\/wp-json\/wp\/v2\/pages\/2857"}],"collection":[{"href":"https:\/\/yachtcharter-connection.com\/de\/wp-json\/wp\/v2\/pages"}],"about":[{"href":"https:\/\/yachtcharter-connection.com\/de\/wp-json\/wp\/v2\/types\/page"}],"author":[{"embeddable":true,"href":"https:\/\/yachtcharter-connection.com\/de\/wp-json\/wp\/v2\/users\/11"}],"replies":[{"embeddable":true,"href":"https:\/\/yachtcharter-connection.com\/de\/wp-json\/wp\/v2\/comments?post=2857"}],"version-history":[{"count":1,"href":"https:\/\/yachtcharter-connection.com\/de\/wp-json\/wp\/v2\/pages\/2857\/revisions"}],"predecessor-version":[{"id":13220,"href":"https:\/\/yachtcharter-connection.com\/de\/wp-json\/wp\/v2\/pages\/2857\/revisions\/13220"}],"up":[{"embeddable":true,"href":"https:\/\/yachtcharter-connection.com\/de\/wp-json\/wp\/v2\/pages\/744"}],"wp:attachment":[{"href":"https:\/\/yachtcharter-connection.com\/de\/wp-json\/wp\/v2\/media?parent=2857"}],"curies":[{"name":"wp","href":"https:\/\/api.w.org\/{rel}","templated":true}]}}