{"id":2860,"date":"2011-03-14T05:10:09","date_gmt":"2011-03-14T05:10:09","guid":{"rendered":"http:\/\/yachtcharter-connection.com.w01e47c6.kasserver.com\/koper-759\/"},"modified":"2016-10-29T18:13:57","modified_gmt":"2016-10-29T16:13:57","slug":"koper-759","status":"publish","type":"page","link":"https:\/\/yachtcharter-connection.com\/de\/regionen\/mittelmeer\/yachtcharter-adria-nord\/koper-759\/","title":{"rendered":"Koper"},"content":{"rendered":"<h3>Yachtcharter Koper<\/h3>\n<p>Koper hie\u00df auf italienisch Capodistria, das Cap von Istrien &ndash; es liegt fast direkt neben dem italienischen Triest und ist ein bedeutender Seehafen. Die Stadt entstand aus einer kleinen Siedlung auf einer Insel. Die wechselhafte Geschichte, in der Koper wechselweise zu allen anliegenen Staaten geh\u00f6rte, hat viele Spuren in der Altstadt-Architektur hinterlassen. Als Sehensw\u00fcrdigkeiten gelten die St.-Nazarius-Kathedrale und der Pr\u00e4torenpalast. Die Einwohner leben \u00fcberwiegend vom Hafen und vom Tourismus. <br \/>\n<br type=\"_moz\" \/><\/p>\n","protected":false},"excerpt":{"rendered":"<p>Yachtcharter Koper Koper hie\u00df auf italienisch Capodistria, das Cap von Istrien &ndash; es liegt fast direkt neben dem italienischen Triest und ist ein bedeutender Seehafen. Die Stadt entstand aus einer kleinen Siedlung auf einer Insel. Die wechselhafte Geschichte, in der Koper wechselweise zu allen anliegenen Staaten geh\u00f6rte, hat viele Spuren<\/p>\n","protected":false},"author":11,"featured_media":0,"parent":757,"menu_order":0,"comment_status":"open","ping_status":"open","template":"","meta":[],"aioseo_notices":[],"_links":{"self":[{"href":"https:\/\/yachtcharter-connection.com\/de\/wp-json\/wp\/v2\/pages\/2860"}],"collection":[{"href":"https:\/\/yachtcharter-connection.com\/de\/wp-json\/wp\/v2\/pages"}],"about":[{"href":"https:\/\/yachtcharter-connection.com\/de\/wp-json\/wp\/v2\/types\/page"}],"author":[{"embeddable":true,"href":"https:\/\/yachtcharter-connection.com\/de\/wp-json\/wp\/v2\/users\/11"}],"replies":[{"embeddable":true,"href":"https:\/\/yachtcharter-connection.com\/de\/wp-json\/wp\/v2\/comments?post=2860"}],"version-history":[{"count":1,"href":"https:\/\/yachtcharter-connection.com\/de\/wp-json\/wp\/v2\/pages\/2860\/revisions"}],"predecessor-version":[{"id":13177,"href":"https:\/\/yachtcharter-connection.com\/de\/wp-json\/wp\/v2\/pages\/2860\/revisions\/13177"}],"up":[{"embeddable":true,"href":"https:\/\/yachtcharter-connection.com\/de\/wp-json\/wp\/v2\/pages\/757"}],"wp:attachment":[{"href":"https:\/\/yachtcharter-connection.com\/de\/wp-json\/wp\/v2\/media?parent=2860"}],"curies":[{"name":"wp","href":"https:\/\/api.w.org\/{rel}","templated":true}]}}