{"id":2861,"date":"2015-08-10T05:53:48","date_gmt":"2015-08-10T05:53:48","guid":{"rendered":"http:\/\/yachtcharter-connection.com.w01e47c6.kasserver.com\/great-abaco-marsh-harbour-521\/"},"modified":"2016-10-29T17:57:02","modified_gmt":"2016-10-29T15:57:02","slug":"great-abaco-marsh-harbour-521","status":"publish","type":"page","link":"https:\/\/yachtcharter-connection.com\/de\/regionen\/usa-s%c3%bcdost-florida-bahamas\/yachtcharter-bahamas-archipel\/great-abaco-marsh-harbour-521\/","title":{"rendered":"Great Abaco \/ Marsh Harbour"},"content":{"rendered":"<h3>Yachtcharter Great Abaco \/ Marsh Harbour<\/h3>\n<p>\n<img loading=\"lazy\" class=\"content-image\"  width=\"300\" height=\"400\" alt=\"Bahamas_Yachthafen\" src=\"https:\/\/yachtcharter-connection.com\/wp-content\/uploads\/converted_files\/23326\/23326-5624e3f3ad61d.jpg\" \/>Marsh Harbour, Ausgangspunkt f\u00fcr Yachtcharter Bahamas-T\u00f6rns, ist die drittgr\u00f6\u00dfte Stadt der Bahamas, wichtiger Standort f\u00fcr Schiffsbau und Zentrum des Tourismus auf Abaco. Wichtiges Verkehrsmittel sind hier Wassertaxis, die die auf einer Halbinsel gelegenen Stadt auch mit den vorgelagerten Cays wie Man-o-War oder Elbow. Die Versorgungsm\u00f6glichkeiten f\u00fcr Yachtcharter Bahamas Crews sind exzellent, rund um die Marina sind auch zahlreiche Duty Free-L\u00e4den zu finden, au\u00dferdem Kunstgalerien, zahlreiche Bars und Restaurants.<\/p>\n<p>Yachtcharter Abacos &#8211; Marsh Harbour-Crews erreichen die Yachtcharter Bahamas-Basis in der Harbourview Marina vom Flughafen aus mit einer kurzen Taxifahrt. Die Harbourview Marina bietet neben allen \u00fcblichen Services f\u00fcr Yachtcharter Abacos auch einen Swimming-Pool.<\/p>\n<h4>Charteryachten Great Abaco &#8211; Marsh Harbour: F\u00fcr Yachtcharter in den Abacos steht eine Flotte von Segelyachten und Segelkatamaranen sowie Motorkatamaranen in Marsh Harbour zur Verf\u00fcgung.<\/h4>\n","protected":false},"excerpt":{"rendered":"<p>Yachtcharter Great Abaco \/ Marsh Harbour Marsh Harbour, Ausgangspunkt f\u00fcr Yachtcharter Bahamas-T\u00f6rns, ist die drittgr\u00f6\u00dfte Stadt der Bahamas, wichtiger Standort f\u00fcr Schiffsbau und Zentrum des Tourismus auf Abaco. Wichtiges Verkehrsmittel sind hier Wassertaxis, die die auf einer Halbinsel gelegenen Stadt auch mit den vorgelagerten Cays wie Man-o-War oder Elbow. Die<\/p>\n","protected":false},"author":11,"featured_media":0,"parent":817,"menu_order":0,"comment_status":"open","ping_status":"open","template":"","meta":[],"aioseo_notices":[],"_links":{"self":[{"href":"https:\/\/yachtcharter-connection.com\/de\/wp-json\/wp\/v2\/pages\/2861"}],"collection":[{"href":"https:\/\/yachtcharter-connection.com\/de\/wp-json\/wp\/v2\/pages"}],"about":[{"href":"https:\/\/yachtcharter-connection.com\/de\/wp-json\/wp\/v2\/types\/page"}],"author":[{"embeddable":true,"href":"https:\/\/yachtcharter-connection.com\/de\/wp-json\/wp\/v2\/users\/11"}],"replies":[{"embeddable":true,"href":"https:\/\/yachtcharter-connection.com\/de\/wp-json\/wp\/v2\/comments?post=2861"}],"version-history":[{"count":1,"href":"https:\/\/yachtcharter-connection.com\/de\/wp-json\/wp\/v2\/pages\/2861\/revisions"}],"predecessor-version":[{"id":12896,"href":"https:\/\/yachtcharter-connection.com\/de\/wp-json\/wp\/v2\/pages\/2861\/revisions\/12896"}],"up":[{"embeddable":true,"href":"https:\/\/yachtcharter-connection.com\/de\/wp-json\/wp\/v2\/pages\/817"}],"wp:attachment":[{"href":"https:\/\/yachtcharter-connection.com\/de\/wp-json\/wp\/v2\/media?parent=2861"}],"curies":[{"name":"wp","href":"https:\/\/api.w.org\/{rel}","templated":true}]}}