{"id":2868,"date":"2012-12-14T14:46:33","date_gmt":"2012-12-14T14:46:33","guid":{"rendered":"http:\/\/yachtcharter-connection.com.w01e47c6.kasserver.com\/azoren-ilha-do-pico\/"},"modified":"2017-07-12T22:59:59","modified_gmt":"2017-07-12T20:59:59","slug":"azoren-ilha-do-pico","status":"publish","type":"page","link":"https:\/\/yachtcharter-connection.com\/de\/regionen\/atlantik-westafrika\/yachtcharter-kanarische-inseln\/azoren-ilha-do-pico\/","title":{"rendered":"Azoren \/ Ilha do Pico"},"content":{"rendered":"<h3>Yachtcharter Azoren: Ilha do Pico &ndash; Marina Lajes de Pico<\/h3>\n<p>\nPico, die Nachbarinsel Faials, wird wegen der \u00fcber 100 Vulkane und dem vorherrschenden Lavastein auch &ldquo;Schwarze Insel&rdquo;  (Ilha Negra) genannt. Bekannt ist sie als Insel der Walf\u00e4nger &ndash; und f\u00fcr den Wein, der hier angebaut wird. Der Hauptort Madalena ist per F\u00e4hre mit Horta verbunden. Auf Pico gibt es mehrere kleine H\u00e4fen &ndash; im S\u00fcden, beim malerischen Ort Lajes, liegt die Marina Lajes do Pico mit einer kleinen Charterbasis f\u00fcr Yachtcharter Azoren-Crews. Lajes ist der \u00e4lteste Ort der Insel &ndash; und die Landschaft ist hier so malerisch, dass sie zum Unesco-Welterbe z\u00e4hlt.<\/p>\n","protected":false},"excerpt":{"rendered":"<p>Yachtcharter Azoren: Ilha do Pico &ndash; Marina Lajes de Pico Pico, die Nachbarinsel Faials, wird wegen der \u00fcber 100 Vulkane und dem vorherrschenden Lavastein auch &ldquo;Schwarze Insel&rdquo; (Ilha Negra) genannt. Bekannt ist sie als Insel der Walf\u00e4nger &ndash; und f\u00fcr den Wein, der hier angebaut wird. Der Hauptort Madalena ist<\/p>\n","protected":false},"author":11,"featured_media":0,"parent":746,"menu_order":0,"comment_status":"open","ping_status":"open","template":"","meta":[],"aioseo_notices":[],"_links":{"self":[{"href":"https:\/\/yachtcharter-connection.com\/de\/wp-json\/wp\/v2\/pages\/2868"}],"collection":[{"href":"https:\/\/yachtcharter-connection.com\/de\/wp-json\/wp\/v2\/pages"}],"about":[{"href":"https:\/\/yachtcharter-connection.com\/de\/wp-json\/wp\/v2\/types\/page"}],"author":[{"embeddable":true,"href":"https:\/\/yachtcharter-connection.com\/de\/wp-json\/wp\/v2\/users\/11"}],"replies":[{"embeddable":true,"href":"https:\/\/yachtcharter-connection.com\/de\/wp-json\/wp\/v2\/comments?post=2868"}],"version-history":[{"count":1,"href":"https:\/\/yachtcharter-connection.com\/de\/wp-json\/wp\/v2\/pages\/2868\/revisions"}],"predecessor-version":[{"id":13539,"href":"https:\/\/yachtcharter-connection.com\/de\/wp-json\/wp\/v2\/pages\/2868\/revisions\/13539"}],"up":[{"embeddable":true,"href":"https:\/\/yachtcharter-connection.com\/de\/wp-json\/wp\/v2\/pages\/746"}],"wp:attachment":[{"href":"https:\/\/yachtcharter-connection.com\/de\/wp-json\/wp\/v2\/media?parent=2868"}],"curies":[{"name":"wp","href":"https:\/\/api.w.org\/{rel}","templated":true}]}}