{"id":2869,"date":"2013-12-17T05:26:58","date_gmt":"2013-12-17T05:26:58","guid":{"rendered":"http:\/\/yachtcharter-connection.com.w01e47c6.kasserver.com\/vancouver-island-sidney-872\/"},"modified":"2016-10-29T17:57:00","modified_gmt":"2016-10-29T15:57:00","slug":"vancouver-island-sidney-872","status":"publish","type":"page","link":"https:\/\/yachtcharter-connection.com\/de\/regionen\/usa-nordwest-kanada\/yachtcharter-britisch-kolumbien\/vancouver-island-sidney-872\/","title":{"rendered":"Vancouver Island \/ Sidney"},"content":{"rendered":"<h3>Yachtcharter Vancouver Island &#8211; Port Sidney<\/h3>\n<p><img loading=\"lazy\" class=\"content-image\"  height=\"201\" width=\"300\" src=\"https:\/\/yachtcharter-connection.com\/wp-content\/uploads\/converted_files\/25411\/25411-5624e3f7c0863.jpg\" alt=\"\" \/>Die Port Sidney Marina &#8211; 48&deg; 39 N 123&deg; 24 W &#8211; liegt nur einen Spaziergang weit von der K\u00fcstenstadt Sidney by-the-Sea im S\u00fcden der Insel Vancouver Island entfernt. Der Flughafen von Victoria oder der Ferry Terminal f\u00fcr die \u00dcberfahrt von Vancouver aus sind in 10 Minuten erreichbar. <\/p>\n<p>Die Yachtcharter-Basis in Port Sidney ist das Gateway f\u00fcr T\u00f6rns in die Gulf Islands. Das charmante St\u00e4dtchen bietet selbst jede Menge Flair, Kunstgalerien, Shops, eine Wine Tasting Bar oberhalb der Church &#038; State Winzerei und in vielen Restaurants und Caf\u00e9s die bekannt gute kanadische K\u00fcche. Einen Besuch lohnen auch die Oceanfront Parks. Interessante Ausflugsziele sind die Stadt Victoria, die ber\u00fchmten Butchart Gardens und das Panorama Recreation Center. Nat\u00fcrlich werden von Sidney aus auch Whalewatching- und Hochseefischerei-Touren angeboten.<\/p>\n<p>Ein guter Start f\u00fcr den Yachtcharter-T\u00f6rn: Die Sandstr\u00e4nde von Sidney Island und Sidney Spit liegen nur einen kurzen Segelschlag weit entfernt. <\/p>\n","protected":false},"excerpt":{"rendered":"<p>Yachtcharter Vancouver Island &#8211; Port Sidney Die Port Sidney Marina &#8211; 48&deg; 39 N 123&deg; 24 W &#8211; liegt nur einen Spaziergang weit von der K\u00fcstenstadt Sidney by-the-Sea im S\u00fcden der Insel Vancouver Island entfernt. Der Flughafen von Victoria oder der Ferry Terminal f\u00fcr die \u00dcberfahrt von Vancouver aus sind<\/p>\n","protected":false},"author":11,"featured_media":0,"parent":816,"menu_order":0,"comment_status":"open","ping_status":"open","template":"","meta":[],"aioseo_notices":[],"_links":{"self":[{"href":"https:\/\/yachtcharter-connection.com\/de\/wp-json\/wp\/v2\/pages\/2869"}],"collection":[{"href":"https:\/\/yachtcharter-connection.com\/de\/wp-json\/wp\/v2\/pages"}],"about":[{"href":"https:\/\/yachtcharter-connection.com\/de\/wp-json\/wp\/v2\/types\/page"}],"author":[{"embeddable":true,"href":"https:\/\/yachtcharter-connection.com\/de\/wp-json\/wp\/v2\/users\/11"}],"replies":[{"embeddable":true,"href":"https:\/\/yachtcharter-connection.com\/de\/wp-json\/wp\/v2\/comments?post=2869"}],"version-history":[{"count":1,"href":"https:\/\/yachtcharter-connection.com\/de\/wp-json\/wp\/v2\/pages\/2869\/revisions"}],"predecessor-version":[{"id":12893,"href":"https:\/\/yachtcharter-connection.com\/de\/wp-json\/wp\/v2\/pages\/2869\/revisions\/12893"}],"up":[{"embeddable":true,"href":"https:\/\/yachtcharter-connection.com\/de\/wp-json\/wp\/v2\/pages\/816"}],"wp:attachment":[{"href":"https:\/\/yachtcharter-connection.com\/de\/wp-json\/wp\/v2\/media?parent=2869"}],"curies":[{"name":"wp","href":"https:\/\/api.w.org\/{rel}","templated":true}]}}