{"id":2872,"date":"2015-01-13T05:36:33","date_gmt":"2015-01-13T05:36:33","guid":{"rendered":"http:\/\/yachtcharter-connection.com.w01e47c6.kasserver.com\/athen-stadt-nicht-hafen\/"},"modified":"2017-07-15T14:40:26","modified_gmt":"2017-07-15T12:40:26","slug":"athen-stadt-nicht-hafen","status":"publish","type":"page","link":"https:\/\/yachtcharter-connection.com\/de\/regionen\/mittelmeer\/yachtcharter-aegaeis-saronischer-golf-kykladen\/athen-stadt-nicht-hafen\/","title":{"rendered":"Athen (Stadt, nicht Hafen)"},"content":{"rendered":"<h3>Yachtcharter Athen<\/h3>\n<p>\n<img loading=\"lazy\" class=\"content-image\"  width=\"300\" height=\"193\" src=\"https:\/\/yachtcharter-connection.com\/wp-content\/uploads\/converted_files\/25762\/25762-5624e3fb89347.jpg\" alt=\"Griechenland-Athen\" \/>Die Yachtcharter-St\u00fctzpunkte in und bei Athen &ndash; in erster Linie <a href=\"~\/Yachtcharter_griechenland\/kalamaki_athen.html\" target=\"_blank\">Kalamaki<\/a>, <a href=\"https:\/\/yachtcharter-connection.com\/wp-content\/uploads\/converted_files\/25762\/25762-5624e40235883.jpg\" target=\"_blank\">Pir\u00e4us<\/a> und <a href=\"~\/Yachtcharter_griechenland\/lavrion.html\" target=\"_blank\">Lavrion<\/a> &#8211; sind Ausgangspunkt f\u00fcr T\u00f6rns in den Saronischen Golf und zu den Kykladen. Die Metropole selbst lockt mit zahlreichen Sehensw\u00fcrdigkeiten, die von mehreren Jahrtausenden griechicher Geschichte zeugen, und pulsierendem Leben. Vor oder nach dem T\u00f6rn lohnt sich in jedem Fall ein Besuch der Akropolis, des Parthenon, der Agora mit den Tempeln der Athene und des Hephaistos, des gr\u00f6\u00dften Tempels des griechischen Festlandes Olympeion oder eine Tour mit der Zahnradbahn auf den in der Stadt gelegenen Berg Lykavittos: Von hier hat man einen herrlichen Blick auf die Stadt. <\/p>\n<p>Das moderne Athen ist gleicherma\u00dfen sehenswert: etwa der Fisch- und Fleischmarkt, der Syntagma-Platz, der Omonia-Platz und die Plaka, das \u00e4lteste Stadtviertel  unterhalb der Akropolis mit zahlreichen Restaurants, Tavernen und L\u00e4den in vielen kleinen Gassen.<\/p>\n","protected":false},"excerpt":{"rendered":"<p>Yachtcharter Athen Die Yachtcharter-St\u00fctzpunkte in und bei Athen &ndash; in erster Linie Kalamaki, Pir\u00e4us und Lavrion &#8211; sind Ausgangspunkt f\u00fcr T\u00f6rns in den Saronischen Golf und zu den Kykladen. Die Metropole selbst lockt mit zahlreichen Sehensw\u00fcrdigkeiten, die von mehreren Jahrtausenden griechicher Geschichte zeugen, und pulsierendem Leben. Vor oder nach dem<\/p>\n","protected":false},"author":11,"featured_media":0,"parent":741,"menu_order":0,"comment_status":"open","ping_status":"open","template":"","meta":[],"aioseo_notices":[],"_links":{"self":[{"href":"https:\/\/yachtcharter-connection.com\/de\/wp-json\/wp\/v2\/pages\/2872"}],"collection":[{"href":"https:\/\/yachtcharter-connection.com\/de\/wp-json\/wp\/v2\/pages"}],"about":[{"href":"https:\/\/yachtcharter-connection.com\/de\/wp-json\/wp\/v2\/types\/page"}],"author":[{"embeddable":true,"href":"https:\/\/yachtcharter-connection.com\/de\/wp-json\/wp\/v2\/users\/11"}],"replies":[{"embeddable":true,"href":"https:\/\/yachtcharter-connection.com\/de\/wp-json\/wp\/v2\/comments?post=2872"}],"version-history":[{"count":1,"href":"https:\/\/yachtcharter-connection.com\/de\/wp-json\/wp\/v2\/pages\/2872\/revisions"}],"predecessor-version":[{"id":13240,"href":"https:\/\/yachtcharter-connection.com\/de\/wp-json\/wp\/v2\/pages\/2872\/revisions\/13240"}],"up":[{"embeddable":true,"href":"https:\/\/yachtcharter-connection.com\/de\/wp-json\/wp\/v2\/pages\/741"}],"wp:attachment":[{"href":"https:\/\/yachtcharter-connection.com\/de\/wp-json\/wp\/v2\/media?parent=2872"}],"curies":[{"name":"wp","href":"https:\/\/api.w.org\/{rel}","templated":true}]}}