{"id":2877,"date":"2015-01-30T06:06:05","date_gmt":"2015-01-30T06:06:05","guid":{"rendered":"http:\/\/yachtcharter-connection.com.w01e47c6.kasserver.com\/st-lucia-669\/"},"modified":"2017-07-14T04:19:34","modified_gmt":"2017-07-14T02:19:34","slug":"st-lucia-669","status":"publish","type":"page","link":"https:\/\/yachtcharter-connection.com\/de\/regionen\/karibik\/yachtcharter-leewards-and-windwards\/st-lucia-669\/","title":{"rendered":"St. Lucia"},"content":{"rendered":"<h3>Yachtcharter St. Lucia &#8211; Rodney Bay<\/h3>\n<p>\n<img loading=\"lazy\" class=\"content-image\"  width=\"300\" height=\"225\" src=\"https:\/\/yachtcharter-connection.com\/wp-content\/uploads\/converted_files\/27354\/27354-5624e4068eefa.jpg\" alt=\"\" \/>Die Rodney Bay Marina liegt gesch\u00fctzt in einer k\u00fcnstlichen Lagune, eine Durchfahrt verbindet sie mit der gro\u00dfen Bucht Rodney Bay, die auch Gros Islets Bay genannt wird. Hier konzentriert sich alles, was ein Segler braucht: Shops, Zoll, Banken, Schiffsausr\u00fcster, Werft &ndash; und nat\u00fcrlich viele Restaurants und Bars. In der Bucht finden sich eine Reihe sch\u00f6ner Ankerpl\u00e4tze, entweder s\u00fcdwestlich der Einfahrt vor einem langen Palmenstrand oder vor Fort Rodney auf Pigeon Island im Norden der Bucht. Pigeon Island ist seit 1970 mit einem Damm mit dem Festland verbunden &ndash; als Baumaterial wurden Schotter und Sand verwendet, die beim Ausbaggern der Lagune \u00fcbrig blieben. Die Halbinsel ist inzwischen ein Naturpark, bei einem sch\u00f6nen Spaziergang lassen sich Park und Fort erkunden, Drinks gibt es im Captain&rsquo;s Cellar.<\/p>\n<p>In der Rodney Bay Marina bieten wir Yachten verschiedener Yachtcharter-Unternehmen an &#8211; fragen Sie uns.<\/p>\n","protected":false},"excerpt":{"rendered":"<p>Yachtcharter St. Lucia &#8211; Rodney Bay Die Rodney Bay Marina liegt gesch\u00fctzt in einer k\u00fcnstlichen Lagune, eine Durchfahrt verbindet sie mit der gro\u00dfen Bucht Rodney Bay, die auch Gros Islets Bay genannt wird. Hier konzentriert sich alles, was ein Segler braucht: Shops, Zoll, Banken, Schiffsausr\u00fcster, Werft &ndash; und nat\u00fcrlich viele<\/p>\n","protected":false},"author":11,"featured_media":0,"parent":749,"menu_order":0,"comment_status":"open","ping_status":"open","template":"","meta":[],"aioseo_notices":[],"_links":{"self":[{"href":"https:\/\/yachtcharter-connection.com\/de\/wp-json\/wp\/v2\/pages\/2877"}],"collection":[{"href":"https:\/\/yachtcharter-connection.com\/de\/wp-json\/wp\/v2\/pages"}],"about":[{"href":"https:\/\/yachtcharter-connection.com\/de\/wp-json\/wp\/v2\/types\/page"}],"author":[{"embeddable":true,"href":"https:\/\/yachtcharter-connection.com\/de\/wp-json\/wp\/v2\/users\/11"}],"replies":[{"embeddable":true,"href":"https:\/\/yachtcharter-connection.com\/de\/wp-json\/wp\/v2\/comments?post=2877"}],"version-history":[{"count":1,"href":"https:\/\/yachtcharter-connection.com\/de\/wp-json\/wp\/v2\/pages\/2877\/revisions"}],"predecessor-version":[{"id":13157,"href":"https:\/\/yachtcharter-connection.com\/de\/wp-json\/wp\/v2\/pages\/2877\/revisions\/13157"}],"up":[{"embeddable":true,"href":"https:\/\/yachtcharter-connection.com\/de\/wp-json\/wp\/v2\/pages\/749"}],"wp:attachment":[{"href":"https:\/\/yachtcharter-connection.com\/de\/wp-json\/wp\/v2\/media?parent=2877"}],"curies":[{"name":"wp","href":"https:\/\/api.w.org\/{rel}","templated":true}]}}