{"id":2879,"date":"2015-08-10T05:53:52","date_gmt":"2015-08-10T05:53:52","guid":{"rendered":"http:\/\/yachtcharter-connection.com.w01e47c6.kasserver.com\/san-vincenzo-347\/"},"modified":"2017-07-16T15:12:42","modified_gmt":"2017-07-16T13:12:42","slug":"san-vincenzo-347","status":"publish","type":"page","link":"https:\/\/yachtcharter-connection.com\/de\/regionen\/mittelmeer\/yachtcharter-ligurien-korsika-toskana-elba\/san-vincenzo-347\/","title":{"rendered":"San Vincenzo"},"content":{"rendered":"<h3>Yachtcharter San Vincenzo<\/h3>\n<p>\n<img class=\"content-image\"  alt=\"\" style=\"width: 300px; height: 264px;\" src=\"https:\/\/yachtcharter-connection.com\/wp-content\/uploads\/converted_files\/27859\/27859-5624e407e9e94.jpg\" \/>Chartercrews, die im toskanischen Archipel segeln wollen und T\u00f6rns nach Elba oder Korsika planen, finden in San Vincenzo den perfekten Starthafen. San Vincenzo ist gut per Auto oder \u00fcber den Flughafen Pisa erreichbar &#8211; es liegt nur etwa 20 Kilometer n\u00f6rdlich von Piombino, wo die F\u00e4hren nach Elba \u00fcbersetzen. <\/p>\n<p>\nDie Marina, Sitz eines Yachtcharter-St\u00fctzpunktes mit gepflegen Segelyachten und Katamaranen verschiedener Gr\u00f6ssen, ist modern und bietet die komplette Infrastruktur &#8211; ausserdem Shops und Restaurants direkt in der Marina. Die kleine Altstadt lockt mit malerischen Gassen, Restaurants und Caf\u00e9s &#8211; das ideale Ambiente f\u00fcr das Crew-Dinner vor und nach dem T\u00f6rn.<\/p>\n","protected":false},"excerpt":{"rendered":"<p>Yachtcharter San Vincenzo Chartercrews, die im toskanischen Archipel segeln wollen und T\u00f6rns nach Elba oder Korsika planen, finden in San Vincenzo den perfekten Starthafen. San Vincenzo ist gut per Auto oder \u00fcber den Flughafen Pisa erreichbar &#8211; es liegt nur etwa 20 Kilometer n\u00f6rdlich von Piombino, wo die F\u00e4hren nach<\/p>\n","protected":false},"author":11,"featured_media":0,"parent":759,"menu_order":0,"comment_status":"open","ping_status":"open","template":"","meta":[],"aioseo_notices":[],"_links":{"self":[{"href":"https:\/\/yachtcharter-connection.com\/de\/wp-json\/wp\/v2\/pages\/2879"}],"collection":[{"href":"https:\/\/yachtcharter-connection.com\/de\/wp-json\/wp\/v2\/pages"}],"about":[{"href":"https:\/\/yachtcharter-connection.com\/de\/wp-json\/wp\/v2\/types\/page"}],"author":[{"embeddable":true,"href":"https:\/\/yachtcharter-connection.com\/de\/wp-json\/wp\/v2\/users\/11"}],"replies":[{"embeddable":true,"href":"https:\/\/yachtcharter-connection.com\/de\/wp-json\/wp\/v2\/comments?post=2879"}],"version-history":[{"count":1,"href":"https:\/\/yachtcharter-connection.com\/de\/wp-json\/wp\/v2\/pages\/2879\/revisions"}],"predecessor-version":[{"id":12979,"href":"https:\/\/yachtcharter-connection.com\/de\/wp-json\/wp\/v2\/pages\/2879\/revisions\/12979"}],"up":[{"embeddable":true,"href":"https:\/\/yachtcharter-connection.com\/de\/wp-json\/wp\/v2\/pages\/759"}],"wp:attachment":[{"href":"https:\/\/yachtcharter-connection.com\/de\/wp-json\/wp\/v2\/media?parent=2879"}],"curies":[{"name":"wp","href":"https:\/\/api.w.org\/{rel}","templated":true}]}}