{"id":2880,"date":"2015-08-10T05:53:52","date_gmt":"2015-08-10T05:53:52","guid":{"rendered":"http:\/\/yachtcharter-connection.com.w01e47c6.kasserver.com\/teneriffa-arona-las-galletas\/"},"modified":"2017-07-13T00:45:36","modified_gmt":"2017-07-12T22:45:36","slug":"teneriffa-arona-las-galletas","status":"publish","type":"page","link":"https:\/\/yachtcharter-connection.com\/de\/regionen\/atlantik-westafrika\/yachtcharter-kanarische-inseln\/teneriffa-arona-las-galletas\/","title":{"rendered":"Teneriffa \/ Las Galletas"},"content":{"rendered":"<h3>Yachtcharter Tenerife \/ Las Galletas &#8211; Marina del Sur<\/h3>\n<p>\n<img loading=\"lazy\" class=\"content-image\"  width=\"300\" height=\"400\" alt=\"yachtcharter teneriffa - marina del sur\" src=\"https:\/\/yachtcharter-connection.com\/wp-content\/uploads\/converted_files\/27982\/27982-5624e4094f804.jpg\" \/>Die Marina del Sur, perfekt geeignet als Zwischenstopp auf einem Teneriffa Yacht Charter-T\u00f6rn oder auch als Ausgangshafen f\u00fcr den Yacht Charter-Urlaub, liegt nur rund 15 Kilometer vom Flughafen Teneriffa S\u00fcd entfernt. Das St\u00e4dtchen Las Galletas geh\u00f6rt, wie auch Los Cristianos und Costa Adeje, zur Gemeinde Arona, liegt aber \u00f6stlich dieser Touristenzentren und ist noch nicht so \u00fcberlaufen.<\/p>\n<p>Die moderne  Marina del Sur, die 2007 ihren Betrieb aufgenommen hat, bietet Yachtcharter-Crews Liegepl\u00e4tze an Schwimmstegen,sanit\u00e4re Anlagen und mehrere Restaurants und Bars direkt am Hafeneingang sowie an der langen Au\u00dfenmole. Der Fischmarkt liegt direkt in der Marina &#8211; im Fischrestaurant daneben kommt der Fang frisch auf den Tisch.<\/p>\n<p>Die Marina del Sur liegt unmittelbar beim St\u00e4dtchen Las Galletas, Yachtcharter-Crews finden hier diverse Restaurants sowie Einkaufsm\u00f6glichkeiten und auch schwarze Sandstr\u00e4nde zum Baden.<\/p>\n<p><img loading=\"lazy\" class=\"content-image\"  width=\"300\" height=\"225\" alt=\"Yachtcharter-Teneriffa-las galletas-marina del sur\" src=\"https:\/\/yachtcharter-connection.com\/wp-content\/uploads\/converted_files\/27982\/27982-5624e40a8f385.jpg\" \/><\/p>\n<p><\/p>\n","protected":false},"excerpt":{"rendered":"<p>Yachtcharter Tenerife \/ Las Galletas &#8211; Marina del Sur Die Marina del Sur, perfekt geeignet als Zwischenstopp auf einem Teneriffa Yacht Charter-T\u00f6rn oder auch als Ausgangshafen f\u00fcr den Yacht Charter-Urlaub, liegt nur rund 15 Kilometer vom Flughafen Teneriffa S\u00fcd entfernt. Das St\u00e4dtchen Las Galletas geh\u00f6rt, wie auch Los Cristianos und<\/p>\n","protected":false},"author":11,"featured_media":0,"parent":746,"menu_order":0,"comment_status":"open","ping_status":"open","template":"","meta":[],"aioseo_notices":[],"_links":{"self":[{"href":"https:\/\/yachtcharter-connection.com\/de\/wp-json\/wp\/v2\/pages\/2880"}],"collection":[{"href":"https:\/\/yachtcharter-connection.com\/de\/wp-json\/wp\/v2\/pages"}],"about":[{"href":"https:\/\/yachtcharter-connection.com\/de\/wp-json\/wp\/v2\/types\/page"}],"author":[{"embeddable":true,"href":"https:\/\/yachtcharter-connection.com\/de\/wp-json\/wp\/v2\/users\/11"}],"replies":[{"embeddable":true,"href":"https:\/\/yachtcharter-connection.com\/de\/wp-json\/wp\/v2\/comments?post=2880"}],"version-history":[{"count":1,"href":"https:\/\/yachtcharter-connection.com\/de\/wp-json\/wp\/v2\/pages\/2880\/revisions"}],"predecessor-version":[{"id":13551,"href":"https:\/\/yachtcharter-connection.com\/de\/wp-json\/wp\/v2\/pages\/2880\/revisions\/13551"}],"up":[{"embeddable":true,"href":"https:\/\/yachtcharter-connection.com\/de\/wp-json\/wp\/v2\/pages\/746"}],"wp:attachment":[{"href":"https:\/\/yachtcharter-connection.com\/de\/wp-json\/wp\/v2\/media?parent=2880"}],"curies":[{"name":"wp","href":"https:\/\/api.w.org\/{rel}","templated":true}]}}