{"id":2887,"date":"2015-08-10T05:53:53","date_gmt":"2015-08-10T05:53:53","guid":{"rendered":"http:\/\/yachtcharter-connection.com.w01e47c6.kasserver.com\/vigo-469\/"},"modified":"2017-07-13T05:12:52","modified_gmt":"2017-07-13T03:12:52","slug":"vigo-469","status":"publish","type":"page","link":"https:\/\/yachtcharter-connection.com\/de\/regionen\/atlantik-westeuropa\/yachtcharter-galicien-spanische-atlantikk%c3%bcste\/vigo-469\/","title":{"rendered":"Vigo"},"content":{"rendered":"<h3>Yachtcharter Vigo  &#8211;  Galizien<\/h3>\n<p>\n<img loading=\"lazy\" class=\"content-image\"  width=\"300\" height=\"199\" alt=\"Spanien-Yachtcharter-Galizien-Vigo\" src=\"https:\/\/yachtcharter-connection.com\/wp-content\/uploads\/converted_files\/29197\/29197-5624e40bd4304.jpg\" \/>Im \u00e4u\u00dfersten Nordwesten Spaniens, in der Provinz Pontevedra, liegt die Yachtcharter-Destination Vigo &ndash; Ausgangspunkt f\u00fcr Yachtcharter-T\u00f6rns im noch nicht so bekannten Yachtcharter-Revier Galizien an der K\u00fcste des Atlantischen Ozeans.  Vigo, die gr\u00f6\u00dfte Stadt der Region Galizien, wurde nach ihrer Lage an der rund 30 Kilometer langen Flussm\u00fcndung R\u00eda de Vigo benannt. Yachtcharter-Crews erreichen den Yachtcharter-St\u00fctzpunkt \u00fcber den Flughafen Peinador.<\/p>\n<p>Vigo verf\u00fcgt nicht nur \u00fcber einen der gr\u00f6\u00dften nat\u00fcrlichen Hafen Spaniens, sondern ist auch einer der weltweit bedeutendsten Fischereih\u00e4fen. Sporth\u00e4fen in Vigo mit Yachtcharter-Basen sind der Real Club Nautico und die Marina Davila Sport. <\/p>\n<p>Die Str\u00e4nde und Buchten des Fjords R\u00eca de Vigo sind allein schon einen Yachtcharter-T\u00f6rn wert, mit malerischer Landschaft, die auch ein Paradies f\u00fcr V\u00f6gel darstellt &ndash; auf schwimmenden Plattformen werden Muscheln und Austern gez\u00fcchtet.  Die vorgelagerten Islas Cies sind Teil des Nationalparks &ldquo;Parque Nacional Mar\u00edtimo terrestre de las islas Atl\u00e1nticas de Galicia&rdquo;.<\/p>\n","protected":false},"excerpt":{"rendered":"<p>Yachtcharter Vigo &#8211; Galizien Im \u00e4u\u00dfersten Nordwesten Spaniens, in der Provinz Pontevedra, liegt die Yachtcharter-Destination Vigo &ndash; Ausgangspunkt f\u00fcr Yachtcharter-T\u00f6rns im noch nicht so bekannten Yachtcharter-Revier Galizien an der K\u00fcste des Atlantischen Ozeans. Vigo, die gr\u00f6\u00dfte Stadt der Region Galizien, wurde nach ihrer Lage an der rund 30 Kilometer langen<\/p>\n","protected":false},"author":11,"featured_media":0,"parent":821,"menu_order":0,"comment_status":"open","ping_status":"open","template":"","meta":[],"aioseo_notices":[],"_links":{"self":[{"href":"https:\/\/yachtcharter-connection.com\/de\/wp-json\/wp\/v2\/pages\/2887"}],"collection":[{"href":"https:\/\/yachtcharter-connection.com\/de\/wp-json\/wp\/v2\/pages"}],"about":[{"href":"https:\/\/yachtcharter-connection.com\/de\/wp-json\/wp\/v2\/types\/page"}],"author":[{"embeddable":true,"href":"https:\/\/yachtcharter-connection.com\/de\/wp-json\/wp\/v2\/users\/11"}],"replies":[{"embeddable":true,"href":"https:\/\/yachtcharter-connection.com\/de\/wp-json\/wp\/v2\/comments?post=2887"}],"version-history":[{"count":1,"href":"https:\/\/yachtcharter-connection.com\/de\/wp-json\/wp\/v2\/pages\/2887\/revisions"}],"predecessor-version":[{"id":13610,"href":"https:\/\/yachtcharter-connection.com\/de\/wp-json\/wp\/v2\/pages\/2887\/revisions\/13610"}],"up":[{"embeddable":true,"href":"https:\/\/yachtcharter-connection.com\/de\/wp-json\/wp\/v2\/pages\/821"}],"wp:attachment":[{"href":"https:\/\/yachtcharter-connection.com\/de\/wp-json\/wp\/v2\/media?parent=2887"}],"curies":[{"name":"wp","href":"https:\/\/api.w.org\/{rel}","templated":true}]}}