{"id":2905,"date":"2013-10-26T05:32:27","date_gmt":"2013-10-26T05:32:27","guid":{"rendered":"http:\/\/yachtcharter-connection.com.w01e47c6.kasserver.com\/antigua-485\/"},"modified":"2017-08-28T10:43:03","modified_gmt":"2017-08-28T08:43:03","slug":"antigua-485","status":"publish","type":"page","link":"https:\/\/yachtcharter-connection.com\/de\/regionen\/karibik\/yachtcharter-leewards-and-windwards\/antigua-485\/","title":{"rendered":"Antigua"},"content":{"rendered":"<h3>Yachtcharter Antigua &#8211; Falmouth Harbour and Jolly Harbour<\/h3>\n<p>\n<img loading=\"lazy\" class=\"content-image\"  width=\"300\" height=\"200\" src=\"https:\/\/yachtcharter-connection.com\/wp-content\/uploads\/converted_files\/29794\/29794-5624e411cf230.jpg\" alt=\"\" \/>Speziell zur Antigua Sailing Week ist w\u00e4chst die Yachtcharter-Flotte in Antigua erheblich: Neben Rennyachten, diversen Yachten mit Crew bis hin zu Luxusyachten, Monohulls und Katamaranen,  klassischen Yachten und Drachen werden auch noch ganze Flotten mit den &quot;\u00fcblichen&quot; Charteryachten aller Gr\u00f6\u00dfen nach Antigua gesegelt oder ab dort zur Verf\u00fcgung gestellt.<\/p>\n<p>Der gr\u00f6\u00dfte Bareboat Yachtcharter-St\u00fctzpunkt auf Antigua ist in Jolly Harbour beheimatet. Dort gibt es Segelyachten von 40 bis 50 Fuss und mehrere Katamarane von 40 bis 44 Fuss L\u00e4nge. Luxusyachten und einige Rennyachten gibt es nat\u00fcrlich auch au\u00dferhalb der Sailing Week &#8211; eine kleine Flotte mit Segelkatamaranen mit Crew vom Typ Lagoon ist in der Catamaran Marina im S\u00fcden Antiguas in der Falmouth Bay stationiert. <\/p>\n","protected":false},"excerpt":{"rendered":"<p>Yachtcharter Antigua &#8211; Falmouth Harbour and Jolly Harbour Speziell zur Antigua Sailing Week ist w\u00e4chst die Yachtcharter-Flotte in Antigua erheblich: Neben Rennyachten, diversen Yachten mit Crew bis hin zu Luxusyachten, Monohulls und Katamaranen, klassischen Yachten und Drachen werden auch noch ganze Flotten mit den &quot;\u00fcblichen&quot; Charteryachten aller Gr\u00f6\u00dfen nach Antigua<\/p>\n","protected":false},"author":11,"featured_media":0,"parent":749,"menu_order":0,"comment_status":"open","ping_status":"open","template":"","meta":[],"aioseo_notices":[],"_links":{"self":[{"href":"https:\/\/yachtcharter-connection.com\/de\/wp-json\/wp\/v2\/pages\/2905"}],"collection":[{"href":"https:\/\/yachtcharter-connection.com\/de\/wp-json\/wp\/v2\/pages"}],"about":[{"href":"https:\/\/yachtcharter-connection.com\/de\/wp-json\/wp\/v2\/types\/page"}],"author":[{"embeddable":true,"href":"https:\/\/yachtcharter-connection.com\/de\/wp-json\/wp\/v2\/users\/11"}],"replies":[{"embeddable":true,"href":"https:\/\/yachtcharter-connection.com\/de\/wp-json\/wp\/v2\/comments?post=2905"}],"version-history":[{"count":1,"href":"https:\/\/yachtcharter-connection.com\/de\/wp-json\/wp\/v2\/pages\/2905\/revisions"}],"predecessor-version":[{"id":13142,"href":"https:\/\/yachtcharter-connection.com\/de\/wp-json\/wp\/v2\/pages\/2905\/revisions\/13142"}],"up":[{"embeddable":true,"href":"https:\/\/yachtcharter-connection.com\/de\/wp-json\/wp\/v2\/pages\/749"}],"wp:attachment":[{"href":"https:\/\/yachtcharter-connection.com\/de\/wp-json\/wp\/v2\/media?parent=2905"}],"curies":[{"name":"wp","href":"https:\/\/api.w.org\/{rel}","templated":true}]}}