{"id":2910,"date":"2014-01-12T05:31:42","date_gmt":"2014-01-12T05:31:42","guid":{"rendered":"http:\/\/yachtcharter-connection.com.w01e47c6.kasserver.com\/izmir-teos-326\/"},"modified":"2017-07-16T06:05:00","modified_gmt":"2017-07-16T04:05:00","slug":"izmir-teos-326","status":"publish","type":"page","link":"https:\/\/yachtcharter-connection.com\/de\/regionen\/mittelmeer\/yachtcharter-tuerkische-kueste\/izmir-teos-326\/","title":{"rendered":"Izmir \/ Teos"},"content":{"rendered":"<h3>Yachtcharter Izmir \/ Teos<\/h3>\n<p>\n<img class=\"content-image\"  src=\"https:\/\/yachtcharter-connection.com\/wp-content\/uploads\/converted_files\/30233\/30233-5624e41322b12.jpg\" alt=\"Turkey-Teos-yacht-charters_Teos.jpg\" style=\"width:300px; height:141px;\" \/>Die Yachtcharter-Destination Teos Marina im Ort Sigacik ging 2010 in Betrieb. Sie liegt an der t\u00fcrkischen Westk\u00fcste, rund 5 Kilometer von der Stadt Seferihisar entfernt. Serefihisar ist die erste &quot;Cittaslow&quot; der T\u00fcrkei &#8211; eine Stadt f\u00fcr ruhiges langsame Lebensart. Mit der Marina sollte der Hafen von Teos nach 3000 Jahren wiederbelebt werden: Das antike Teos war etwa 1000 vor Christus gegr\u00fcndet worden. Yachtcharter Teos-Crews erreichen die Marina bequem \u00fcber die Autobahn via Izmir Airport, die Stadt Izmir ist nur 35 Kilometer entfernt.<\/p>\n<p>Teos galt als eine der gr\u00f6\u00dften und bedeutendsten St\u00e4dte des Ionischen Reichs.Ruinen aus verschiedenen Perioden wie die \u00dcberreste des ber\u00fchmten Dionysos-Palastes, des gr\u00f6\u00dften der T\u00fcrkei,k\u00f6nnen Yachtcharter Teos-Crews immer noch besichtigen. <\/p>\n<p>Die moderne Teos Marina bietet Yachtcharter Teos-Crews neben allen \u00fcblichen Service-Einrichtungen W-Lan, Shops, Restaurants, Festival-Gel\u00e4nde, Cafes und Bars, Tennisplatz, Pool sowie Sport &#038; Health Center. Der alte malerische Fischerhafen in Teos ist erhalten geblieben &#8211; besonders attraktiv f\u00fcr Chartersegler sind die zahlreichen Fischrestaurants. <\/p>\n<p>Weitere Yachtcharter T\u00fcrkei-St\u00fctzpunkte in der N\u00e4he von Teos sind in der<a href=\"https:\/\/yachtcharter-connection.com\/wp-content\/uploads\/converted_files\/30233\/30233-5624e41478cfc.jpg\"> Marina Alacati in Cesme<\/a> 37 Meilen nordwestlich von Teos und <a href=\"https:\/\/yachtcharter-connection.com\/wp-content\/uploads\/converted_files\/30233\/30233-5624e4158fb65.jpg\">Kusadasi<\/a> 33 Meilen gen S\u00fcdosten zu finden. Teos eignet sich gut als Ausgangshafen f\u00fcr T\u00f6rns etwa nach Chios oder Samos &#8211; oder auch weiter gen S\u00fcden bis <a href=\"https:\/\/yachtcharter-connection.com\/wp-content\/uploads\/converted_files\/30233\/30233-5624e416a133f.jpg\">Bodrum<\/a>, das knapp 100 Meilen entfernt ist.<\/p>\n<p><strong>Charteryachten Teos \/ Izmir:<\/strong> F\u00fcr Yachtcharter T\u00fcrkei-Crews stehen Segelyachten und Katamarane bis 50 Fuss in der Teos Marina zur Verf\u00fcgung, unter anderem von den Werften Bavaria, Dufour und Nautitech.<\/p>\n","protected":false},"excerpt":{"rendered":"<p>Yachtcharter Izmir \/ Teos Die Yachtcharter-Destination Teos Marina im Ort Sigacik ging 2010 in Betrieb. Sie liegt an der t\u00fcrkischen Westk\u00fcste, rund 5 Kilometer von der Stadt Seferihisar entfernt. Serefihisar ist die erste &quot;Cittaslow&quot; der T\u00fcrkei &#8211; eine Stadt f\u00fcr ruhiges langsame Lebensart. Mit der Marina sollte der Hafen von<\/p>\n","protected":false},"author":11,"featured_media":0,"parent":740,"menu_order":0,"comment_status":"open","ping_status":"open","template":"","meta":[],"aioseo_notices":[],"_links":{"self":[{"href":"https:\/\/yachtcharter-connection.com\/de\/wp-json\/wp\/v2\/pages\/2910"}],"collection":[{"href":"https:\/\/yachtcharter-connection.com\/de\/wp-json\/wp\/v2\/pages"}],"about":[{"href":"https:\/\/yachtcharter-connection.com\/de\/wp-json\/wp\/v2\/types\/page"}],"author":[{"embeddable":true,"href":"https:\/\/yachtcharter-connection.com\/de\/wp-json\/wp\/v2\/users\/11"}],"replies":[{"embeddable":true,"href":"https:\/\/yachtcharter-connection.com\/de\/wp-json\/wp\/v2\/comments?post=2910"}],"version-history":[{"count":1,"href":"https:\/\/yachtcharter-connection.com\/de\/wp-json\/wp\/v2\/pages\/2910\/revisions"}],"predecessor-version":[{"id":13052,"href":"https:\/\/yachtcharter-connection.com\/de\/wp-json\/wp\/v2\/pages\/2910\/revisions\/13052"}],"up":[{"embeddable":true,"href":"https:\/\/yachtcharter-connection.com\/de\/wp-json\/wp\/v2\/pages\/740"}],"wp:attachment":[{"href":"https:\/\/yachtcharter-connection.com\/de\/wp-json\/wp\/v2\/media?parent=2910"}],"curies":[{"name":"wp","href":"https:\/\/api.w.org\/{rel}","templated":true}]}}