{"id":2911,"date":"2015-08-10T05:53:53","date_gmt":"2015-08-10T05:53:53","guid":{"rendered":"http:\/\/yachtcharter-connection.com.w01e47c6.kasserver.com\/solta-rogac-split-587\/"},"modified":"2017-07-15T04:29:47","modified_gmt":"2017-07-15T02:29:47","slug":"solta-rogac-split-587","status":"publish","type":"page","link":"https:\/\/yachtcharter-connection.com\/de\/regionen\/mittelmeer\/yachtcharter-adria-sued\/solta-rogac-split-587\/","title":{"rendered":"Solta \/ Rogac (Split)"},"content":{"rendered":"<h3>Yachtcharter Solta \/ Rogac &#8211; Split<\/h3>\n<p>\n<img class=\"content-image\"  src=\"https:\/\/yachtcharter-connection.com\/wp-content\/uploads\/converted_files\/30317\/30317-5624e4179ea47.jpg\" alt=\"Yachtcharter-Solta-Rogac-Split.jpg\" style=\"width: 300px; height: 199px;\" \/>Nur neun Seemeilen von den Yachtcharter Split-St\u00fctzpunkten auf dem Festland (<a href=\"~\/Yachtcharter_kroatien\/split.html\">Split<\/a> und <a href=\"~\/Yachtcharter_kroatien\/marina_kastela.html\">Marina Kastela<\/a>), getrennt durch den Kanal von Split, liegt die Yachtcharter Dalmatien-Basis in Rogac auf der Insel Solta. Sie ist mehrmals t\u00e4glich leicht per Schnellboot und F\u00e4hren erreichbar. Auf Solta bietet Rogac als Haupthafen die beste Verbindung zur kroatischen Festlandsk\u00fcste. Grohote, die \u00e4lteste und gr\u00f6\u00dfte Stadt der Insel, liegt gleich in der N\u00e4he.<\/p>\n<p>Drei Buchten liegen rund um den Hafen: In der Bucht Rogac liegen F\u00e4hrhafen und Yachtcharter-Basis. Die Bucht Kasjun Westlich davon  wird von einer bewaldeten Halbinsel gesch\u00fctzt.Die Bucht von Banje s\u00fcdlich des Hafens hat einen Kiesstrand, der Yachtcharter Solta-Crews zum Baden im klaren Wasser einl\u00e4dt.  <\/p>\n<p>Yachtcharter Split-Crews k\u00f6nnen auf Solta h\u00fcbsche alte D\u00f6rfer erkunden wie Stomorska, den \u00e4lteste K\u00fcstenort aus dem 17.Jahrhundert, oder Maslinica im Westen, mit einem kleinen Archipel von sieben Inseln vor der gesch\u00fctzend Bucht von Sesul.<\/p>\n<p>Die Yachtcharter Solta-Marina in Rogac bietet freies WLan, kostenlose Parkpl\u00e4tze, eine Tankstelle -und vor allem eine sch\u00f6ne Umgebung mitten in der Natur.<\/p>\n<p><strong>Charteryachten Solta \/ Rogac:<\/strong> F\u00fcr Yachtcharter Dalmatien-Crews steht eine moderne Flotte von Segelyachten in Solta \/ Rogac nahe Split zur Verf\u00fcgung: Beneteau Cyclades, Oceanis sowie ein Katamaran von Lagoon. Oneway-Charter ab Solta \/ Rogac sind auf Anfrage m\u00f6glich!<\/p>\n","protected":false},"excerpt":{"rendered":"<p>Yachtcharter Solta \/ Rogac &#8211; Split Nur neun Seemeilen von den Yachtcharter Split-St\u00fctzpunkten auf dem Festland (Split und Marina Kastela), getrennt durch den Kanal von Split, liegt die Yachtcharter Dalmatien-Basis in Rogac auf der Insel Solta. Sie ist mehrmals t\u00e4glich leicht per Schnellboot und F\u00e4hren erreichbar. Auf Solta bietet Rogac<\/p>\n","protected":false},"author":11,"featured_media":0,"parent":744,"menu_order":0,"comment_status":"open","ping_status":"open","template":"","meta":[],"aioseo_notices":[],"_links":{"self":[{"href":"https:\/\/yachtcharter-connection.com\/de\/wp-json\/wp\/v2\/pages\/2911"}],"collection":[{"href":"https:\/\/yachtcharter-connection.com\/de\/wp-json\/wp\/v2\/pages"}],"about":[{"href":"https:\/\/yachtcharter-connection.com\/de\/wp-json\/wp\/v2\/types\/page"}],"author":[{"embeddable":true,"href":"https:\/\/yachtcharter-connection.com\/de\/wp-json\/wp\/v2\/users\/11"}],"replies":[{"embeddable":true,"href":"https:\/\/yachtcharter-connection.com\/de\/wp-json\/wp\/v2\/comments?post=2911"}],"version-history":[{"count":1,"href":"https:\/\/yachtcharter-connection.com\/de\/wp-json\/wp\/v2\/pages\/2911\/revisions"}],"predecessor-version":[{"id":13226,"href":"https:\/\/yachtcharter-connection.com\/de\/wp-json\/wp\/v2\/pages\/2911\/revisions\/13226"}],"up":[{"embeddable":true,"href":"https:\/\/yachtcharter-connection.com\/de\/wp-json\/wp\/v2\/pages\/744"}],"wp:attachment":[{"href":"https:\/\/yachtcharter-connection.com\/de\/wp-json\/wp\/v2\/media?parent=2911"}],"curies":[{"name":"wp","href":"https:\/\/api.w.org\/{rel}","templated":true}]}}