{"id":2915,"date":"2015-08-10T05:53:53","date_gmt":"2015-08-10T05:53:53","guid":{"rendered":"http:\/\/yachtcharter-connection.com.w01e47c6.kasserver.com\/porto-montenegro\/"},"modified":"2017-07-15T03:47:58","modified_gmt":"2017-07-15T01:47:58","slug":"porto-montenegro","status":"publish","type":"page","link":"https:\/\/yachtcharter-connection.com\/de\/regionen\/mittelmeer\/yachtcharter-adria-sued\/porto-montenegro\/","title":{"rendered":"Porto Montenegro"},"content":{"rendered":"<h3>Yachtcharter Porto Montenegro<\/h3>\n<p>\n<img class=\"content-image\"  src=\"https:\/\/yachtcharter-connection.com\/wp-content\/uploads\/converted_files\/32061\/32061-5624e41ccb1ff.jpg\" alt=\"Yachtcharter Porto Montenegro-Tivat-Port_Montenegro.jpg\" style=\"width: 300px; height: 200px;\" \/>Porto Montenegro ist als Yachtcharter-Destination in Montenegro noch relativ neu: Die hochmoderne Tiefwasser-Marina liegt in der Bucht vom Kotor, dem einzigartigen Fjord der montegrinischen Adria, im Ort Tivat. Aus einer ehemaligen Werft der jugoslawischen Marine entstand Porto Montengro als Yachthafen f\u00fcr bis zu 650 Yachten &#8211; weit \u00fcber 100 Liegepl\u00e4tze sind speziell f\u00fcr Superyachten und Megayachten von 30 bis 150 Meter L\u00e4nge ausgelegt. <\/p>\n<p>F\u00fcr ein anspruchsvolles Yachtpublikum &#8211; Bareboat-Charterer, G\u00e4ste, Crews und Eigner von Superyachten &#8211;  wurde das gesamte Ambiente ausgelegt:  mit Luxusresidenzen, Designershops, Bars und Restaurants an der Waterfront, Sportanlagen, Infinity-Pool, Golfplatz in der N\u00e4he beim Flughafen Tivat. <\/p>\n<p><strong>Charteryachten Porto Montengro: <\/strong>F\u00fcr den Charterurlaub ab Tivat \/ Portomontenegro stehen Segelyachten, Katamarane sowie Luxusyachten mit Crew zur Verf\u00fcgung, insbesondere Motoryachten und luxuri\u00f6se Motorsegler. <\/p>\n<p><\/p>\n","protected":false},"excerpt":{"rendered":"<p>Yachtcharter Porto Montenegro Porto Montenegro ist als Yachtcharter-Destination in Montenegro noch relativ neu: Die hochmoderne Tiefwasser-Marina liegt in der Bucht vom Kotor, dem einzigartigen Fjord der montegrinischen Adria, im Ort Tivat. Aus einer ehemaligen Werft der jugoslawischen Marine entstand Porto Montengro als Yachthafen f\u00fcr bis zu 650 Yachten &#8211; weit<\/p>\n","protected":false},"author":11,"featured_media":0,"parent":744,"menu_order":0,"comment_status":"open","ping_status":"open","template":"","meta":[],"aioseo_notices":[],"_links":{"self":[{"href":"https:\/\/yachtcharter-connection.com\/de\/wp-json\/wp\/v2\/pages\/2915"}],"collection":[{"href":"https:\/\/yachtcharter-connection.com\/de\/wp-json\/wp\/v2\/pages"}],"about":[{"href":"https:\/\/yachtcharter-connection.com\/de\/wp-json\/wp\/v2\/types\/page"}],"author":[{"embeddable":true,"href":"https:\/\/yachtcharter-connection.com\/de\/wp-json\/wp\/v2\/users\/11"}],"replies":[{"embeddable":true,"href":"https:\/\/yachtcharter-connection.com\/de\/wp-json\/wp\/v2\/comments?post=2915"}],"version-history":[{"count":1,"href":"https:\/\/yachtcharter-connection.com\/de\/wp-json\/wp\/v2\/pages\/2915\/revisions"}],"predecessor-version":[{"id":13221,"href":"https:\/\/yachtcharter-connection.com\/de\/wp-json\/wp\/v2\/pages\/2915\/revisions\/13221"}],"up":[{"embeddable":true,"href":"https:\/\/yachtcharter-connection.com\/de\/wp-json\/wp\/v2\/pages\/744"}],"wp:attachment":[{"href":"https:\/\/yachtcharter-connection.com\/de\/wp-json\/wp\/v2\/media?parent=2915"}],"curies":[{"name":"wp","href":"https:\/\/api.w.org\/{rel}","templated":true}]}}