{"id":2946,"date":"2015-08-10T05:53:55","date_gmt":"2015-08-10T05:53:55","guid":{"rendered":"http:\/\/yachtcharter-connection.com.w01e47c6.kasserver.com\/yachtcharter-lanzarote-arrecife\/"},"modified":"2017-07-13T00:13:43","modified_gmt":"2017-07-12T22:13:43","slug":"yachtcharter-lanzarote-arrecife","status":"publish","type":"page","link":"https:\/\/yachtcharter-connection.com\/de\/regionen\/atlantik-westafrika\/yachtcharter-kanarische-inseln\/yachtcharter-lanzarote-arrecife\/","title":{"rendered":"Lanzarote \/ Arrecife"},"content":{"rendered":"<h3>Yachtcharter Arrecife &#8211; Lanzarote<\/h3>\n<p>\n<img class=\"content-image\"  src=\"https:\/\/yachtcharter-connection.com\/wp-content\/uploads\/converted_files\/34017\/34017-5624e421a9a03.jpg\" alt=\"Yachtcharter Lanzarote - Arrecife.jpg\" style=\"width: 300px; height: 200px;\" \/>Neben der Marina Rubicon und Puerto Calero finden Yachtcharter-Crews auf Lanzarote jetzt einen weiteren Ausgangshafen f\u00fcr ihren Kanaren-T\u00f6rn vor: In der neuen Marina Lanzarote in der Hauptstadt Arrecife gibt es jetzt einen Charterst\u00fctzpunkt, der in der Wintersaison \u00fcberwiegend neue Bavaria-Segelyachten anbietet. <\/p>\n<p>Lanzarote, die trockenste Insel der Kanaren, liegt am Nordostrand des Archipels der sieben grossen Kanareninseln. Lanzarote ist ber\u00fchmt f\u00fcr die schwarzen Str\u00e4nde, die Architektur mit den weissen H\u00e4usern und den K\u00fcnstler und Architekten C\u00e9sar Manrique, der das Bild der Insel mit gepr\u00e4gt hat.<\/p>\n<p>Arrecife, zu deutsch &quot;Riff&quot;, die gr\u00f6sste Stadt der Insel, wird von vorgelagerten vulkanischen Riffs gesch\u00fctzt. Die moderne lebhafte Stadt hat eine sch\u00f6ne Uferpromenade, eine Fussg\u00e4ngerzone und ist eher wenig touristisch gepr\u00e4gt. Sehenswert sind die Iglesia de San Gin\u00e9s, die \u00e4lteste Kirche Lanzarotes, die alten Castillos San Gabriel und San Jos\u00e9, in dem sich ein Museum f\u00fcr Moderne Kunst mit Werken spanische K\u00fcnstler von Mir\u00f3 bis Manrique befindet. <\/p>\n<p>Yachtcharter-Crews, die sich die Zeit f\u00fcr eine Inselrundfahrt nehmen, sollten sich einen Besuch der Feuerberge im Timanfaya-Nationalpark und des Tales der Tausend Palmen bei Har\u00eda nicht entgehen lassen.<\/p>\n","protected":false},"excerpt":{"rendered":"<p>Yachtcharter Arrecife &#8211; Lanzarote Neben der Marina Rubicon und Puerto Calero finden Yachtcharter-Crews auf Lanzarote jetzt einen weiteren Ausgangshafen f\u00fcr ihren Kanaren-T\u00f6rn vor: In der neuen Marina Lanzarote in der Hauptstadt Arrecife gibt es jetzt einen Charterst\u00fctzpunkt, der in der Wintersaison \u00fcberwiegend neue Bavaria-Segelyachten anbietet. Lanzarote, die trockenste Insel der<\/p>\n","protected":false},"author":11,"featured_media":0,"parent":746,"menu_order":0,"comment_status":"open","ping_status":"open","template":"","meta":[],"aioseo_notices":[],"_links":{"self":[{"href":"https:\/\/yachtcharter-connection.com\/de\/wp-json\/wp\/v2\/pages\/2946"}],"collection":[{"href":"https:\/\/yachtcharter-connection.com\/de\/wp-json\/wp\/v2\/pages"}],"about":[{"href":"https:\/\/yachtcharter-connection.com\/de\/wp-json\/wp\/v2\/types\/page"}],"author":[{"embeddable":true,"href":"https:\/\/yachtcharter-connection.com\/de\/wp-json\/wp\/v2\/users\/11"}],"replies":[{"embeddable":true,"href":"https:\/\/yachtcharter-connection.com\/de\/wp-json\/wp\/v2\/comments?post=2946"}],"version-history":[{"count":1,"href":"https:\/\/yachtcharter-connection.com\/de\/wp-json\/wp\/v2\/pages\/2946\/revisions"}],"predecessor-version":[{"id":13545,"href":"https:\/\/yachtcharter-connection.com\/de\/wp-json\/wp\/v2\/pages\/2946\/revisions\/13545"}],"up":[{"embeddable":true,"href":"https:\/\/yachtcharter-connection.com\/de\/wp-json\/wp\/v2\/pages\/746"}],"wp:attachment":[{"href":"https:\/\/yachtcharter-connection.com\/de\/wp-json\/wp\/v2\/media?parent=2946"}],"curies":[{"name":"wp","href":"https:\/\/api.w.org\/{rel}","templated":true}]}}