{"id":30361,"date":"2023-09-04T14:43:14","date_gmt":"2023-09-04T12:43:14","guid":{"rendered":"http:\/\/yachtcharter-connection.com.w01e47c6.kasserver.com\/?page_id=30361"},"modified":"2024-10-15T17:42:58","modified_gmt":"2024-10-15T15:42:58","slug":"yachtcharter-anfrage","status":"publish","type":"page","link":"https:\/\/yachtcharter-connection.com\/de\/yachtcharter-anfrage\/","title":{"rendered":"Charteranfrage"},"content":{"rendered":"<h1>T\u00f6rnplanung mit individueller Yachtcharteranfrage<\/h1>\n<h2>Hier Yachtcharter Angebot anfordern und den Segelt\u00f6rn planen<\/h2>\n<p>Sie m\u00f6chten ein individuelles Angebot, oder haben in unserer Yachtcharter Datenbank kein geeignetes Schiff gefunden?<br \/>\nDann f\u00fcllen Sie bitte die Charter Anfrage aus. Wir werden Ihnen per E-Mail in K\u00fcrze ein Angebot zusenden.<br \/>\nGerne stehen wir Ihnen auch telefonisch unter Tel. +49 234 30765190 oder per E-Mail: info@yachtcharter-connection.com zur Verf\u00fcgung!<\/p>\n<div class=\"forminator-ui forminator-custom-form forminator-custom-form-30373 forminator-design--default  forminator_ajax\" data-forminator-render=\"0\" data-form=\"forminator-module-30373\" data-uid=\"69dc91c8eed81\"><\/div>\n<form\n\t\t\t\tid=\"forminator-module-30373\"\n\t\t\t\tclass=\"forminator-ui forminator-custom-form forminator-custom-form-30373 forminator-design--default  forminator_ajax\"\n\t\t\t\tmethod=\"post\"\n\t\t\t\tdata-forminator-render=\"0\"\n\t\t\t\tdata-form-id=\"30373\"\n\t\t\t\t\n\t\t\t\tdata-design=\"default\"\n\t\t\t\t\n\t\t\t\t\n\t\t\t\t\n\t\t\t\tdata-grid=\"open\"\n\t\t\t\t\n\t\t\t\t\n\t\t\t\tstyle=\"display: none;\"\n\t\t\t\t\n\t\t\t\tdata-uid=\"69dc91c8eed81\"\n\t\t\t><\/p>\n<div role=\"alert\" aria-live=\"polite\" class=\"forminator-response-message forminator-error\" aria-hidden=\"true\"><\/div>\n<div class=\"forminator-row\">\n<div id=\"name-1\" class=\"forminator-col forminator-col-4 \">\n<div class=\"forminator-field\"><label for=\"forminator-field-name-1_69dc91c8eed81\" class=\"forminator-label\" id=\"forminator-field-name-1_69dc91c8eed81-label\">Name <span class=\"forminator-required\">*<\/span><\/label><input type=\"text\" name=\"name-1\" value=\"\" placeholder=\"z. B. Max Mustermann\" id=\"forminator-field-name-1_69dc91c8eed81\" class=\"forminator-input forminator-name--field\" aria-required=\"true\" \/><\/div>\n<\/div>\n<div id=\"email-1\" class=\"forminator-col forminator-col-4 \">\n<div class=\"forminator-field\"><label for=\"forminator-field-email-1_69dc91c8eed81\" class=\"forminator-label\" id=\"forminator-field-email-1_69dc91c8eed81-label\">E-Mail-Adresse <span class=\"forminator-required\">*<\/span><\/label><input type=\"email\" name=\"email-1\" value=\"\" placeholder=\"z. B. max@mustermann.de\" id=\"forminator-field-email-1_69dc91c8eed81\" class=\"forminator-input forminator-email--field\" data-required=\"true\" aria-required=\"true\" \/><\/div>\n<\/div>\n<div id=\"phone-1\" class=\"forminator-col forminator-col-4 \">\n<div class=\"forminator-field\"><label for=\"forminator-field-phone-1_69dc91c8eed81\" class=\"forminator-label\" id=\"forminator-field-phone-1_69dc91c8eed81-label\">Telefonnummer <span class=\"forminator-required\">*<\/span><\/label><input type=\"text\" name=\"phone-1\" value=\"\" placeholder=\"z. B. +49 3004005000\" id=\"forminator-field-phone-1_69dc91c8eed81\" class=\"forminator-input forminator-field--phone\" data-required=\"1\" aria-required=\"true\" autocomplete=\"off\" \/><\/div>\n<\/div>\n<\/div>\n<div class=\"forminator-row\">\n<div id=\"text-2\" class=\"forminator-col forminator-col-12 \">\n<div class=\"forminator-field\"><label for=\"forminator-field-text-2_69dc91c8eed81\" class=\"forminator-label\" id=\"forminator-field-text-2_69dc91c8eed81-label\">Charterrevier \/ Hafen <span class=\"forminator-required\">*<\/span><\/label><input type=\"text\" name=\"text-2\" value=\"\" placeholder=\"z. B. Kroatien \/ Biograd\" id=\"forminator-field-text-2_69dc91c8eed81\" class=\"forminator-input forminator-name--field\" data-required=\"1\" maxlength=\"100\" \/><span id=\"forminator-field-text-2_69dc91c8eed81-description\" class=\"forminator-description\"><span data-limit=\"100\" data-type=\"characters\">0 \/ 100<\/span><\/span><\/div>\n<\/div>\n<\/div>\n<div class=\"forminator-row\">\n<div id=\"checkbox-2\" class=\"forminator-col forminator-col-4 \">\n<div role=\"group\" class=\"forminator-field required\" aria-labelledby=\"forminator-checkbox-group-69dc91c8eed81-label\">\n<h4 id=\"forminator-checkbox-group-69dc91c8eed81-label\" class=\"forminator-label\">Bootstyp <span class=\"forminator-required\">*<\/span><\/h4>\n<p><label id=\"forminator-field-checkbox-2-1-69dc91c8eed81-label\" for=\"forminator-field-checkbox-2-1-69dc91c8eed81\" class=\"forminator-checkbox\" title=\"Segelyacht\"><input type=\"checkbox\" name=\"checkbox-2[]\" value=\"one\" id=\"forminator-field-checkbox-2-1-69dc91c8eed81\" aria-labelledby=\"forminator-field-checkbox-2-1-69dc91c8eed81-label\" data-calculation=\"0\"   data-hidden-behavior=\"zero\" aria-describedby=\"forminator-field-checkbox-2-69dc91c8eed81-description\"\/><span class=\"forminator-checkbox-box\" aria-hidden=\"true\"><\/span><span class=\"forminator-checkbox-label\">Segelyacht<\/span><\/label><label id=\"forminator-field-checkbox-2-2-69dc91c8eed81-label\" for=\"forminator-field-checkbox-2-2-69dc91c8eed81\" class=\"forminator-checkbox\" title=\"Katamaran\"><input type=\"checkbox\" name=\"checkbox-2[]\" value=\"two\" id=\"forminator-field-checkbox-2-2-69dc91c8eed81\" aria-labelledby=\"forminator-field-checkbox-2-2-69dc91c8eed81-label\" data-calculation=\"0\"   data-hidden-behavior=\"zero\" aria-describedby=\"forminator-field-checkbox-2-69dc91c8eed81-description\"\/><span class=\"forminator-checkbox-box\" aria-hidden=\"true\"><\/span><span class=\"forminator-checkbox-label\">Katamaran<\/span><\/label><label id=\"forminator-field-checkbox-2-3-69dc91c8eed81-label\" for=\"forminator-field-checkbox-2-3-69dc91c8eed81\" class=\"forminator-checkbox\" title=\"Motoryacht\"><input type=\"checkbox\" name=\"checkbox-2[]\" value=\"Motoryacht\" id=\"forminator-field-checkbox-2-3-69dc91c8eed81\" aria-labelledby=\"forminator-field-checkbox-2-3-69dc91c8eed81-label\" data-calculation=\"0\"   data-hidden-behavior=\"zero\" aria-describedby=\"forminator-field-checkbox-2-69dc91c8eed81-description\"\/><span class=\"forminator-checkbox-box\" aria-hidden=\"true\"><\/span><span class=\"forminator-checkbox-label\">Motoryacht<\/span><\/label><label id=\"forminator-field-checkbox-2-4-69dc91c8eed81-label\" for=\"forminator-field-checkbox-2-4-69dc91c8eed81\" class=\"forminator-checkbox\" title=\"Hausboot\"><input type=\"checkbox\" name=\"checkbox-2[]\" value=\"Hausboot\" id=\"forminator-field-checkbox-2-4-69dc91c8eed81\" aria-labelledby=\"forminator-field-checkbox-2-4-69dc91c8eed81-label\" data-calculation=\"0\"   data-hidden-behavior=\"zero\" aria-describedby=\"forminator-field-checkbox-2-69dc91c8eed81-description\"\/><span class=\"forminator-checkbox-box\" aria-hidden=\"true\"><\/span><span class=\"forminator-checkbox-label\">Hausboot<\/span><\/label><\/div>\n<\/div>\n<div id=\"checkbox-3\" class=\"forminator-col forminator-col-4 \">\n<div role=\"group\" class=\"forminator-field required\" aria-labelledby=\"forminator-checkbox-group-69dc91c8eed81-label\">\n<h4 id=\"forminator-checkbox-group-69dc91c8eed81-label\" class=\"forminator-label\">Kabinen <span class=\"forminator-required\">*<\/span><\/h4>\n<p><label id=\"forminator-field-checkbox-3-1-69dc91c8eed81-label\" for=\"forminator-field-checkbox-3-1-69dc91c8eed81\" class=\"forminator-checkbox\" title=\"2 Kabinen\"><input type=\"checkbox\" name=\"checkbox-3[]\" value=\"one\" id=\"forminator-field-checkbox-3-1-69dc91c8eed81\" aria-labelledby=\"forminator-field-checkbox-3-1-69dc91c8eed81-label\" data-calculation=\"0\"   data-hidden-behavior=\"zero\" aria-describedby=\"forminator-field-checkbox-3-69dc91c8eed81-description\"\/><span class=\"forminator-checkbox-box\" aria-hidden=\"true\"><\/span><span class=\"forminator-checkbox-label\">2 Kabinen<\/span><\/label><label id=\"forminator-field-checkbox-3-2-69dc91c8eed81-label\" for=\"forminator-field-checkbox-3-2-69dc91c8eed81\" class=\"forminator-checkbox\" title=\"3 Kabinen\"><input type=\"checkbox\" name=\"checkbox-3[]\" value=\"two\" id=\"forminator-field-checkbox-3-2-69dc91c8eed81\" aria-labelledby=\"forminator-field-checkbox-3-2-69dc91c8eed81-label\" data-calculation=\"0\"   data-hidden-behavior=\"zero\" aria-describedby=\"forminator-field-checkbox-3-69dc91c8eed81-description\"\/><span class=\"forminator-checkbox-box\" aria-hidden=\"true\"><\/span><span class=\"forminator-checkbox-label\">3 Kabinen<\/span><\/label><label id=\"forminator-field-checkbox-3-3-69dc91c8eed81-label\" for=\"forminator-field-checkbox-3-3-69dc91c8eed81\" class=\"forminator-checkbox\" title=\"4 Kabinen\"><input type=\"checkbox\" name=\"checkbox-3[]\" value=\"4-Kabinen\" id=\"forminator-field-checkbox-3-3-69dc91c8eed81\" aria-labelledby=\"forminator-field-checkbox-3-3-69dc91c8eed81-label\" data-calculation=\"0\"   data-hidden-behavior=\"zero\" aria-describedby=\"forminator-field-checkbox-3-69dc91c8eed81-description\"\/><span class=\"forminator-checkbox-box\" aria-hidden=\"true\"><\/span><span class=\"forminator-checkbox-label\">4 Kabinen<\/span><\/label><label id=\"forminator-field-checkbox-3-4-69dc91c8eed81-label\" for=\"forminator-field-checkbox-3-4-69dc91c8eed81\" class=\"forminator-checkbox\" title=\"5-6 Kabinen\"><input type=\"checkbox\" name=\"checkbox-3[]\" value=\"5-6-Kabinen\" id=\"forminator-field-checkbox-3-4-69dc91c8eed81\" aria-labelledby=\"forminator-field-checkbox-3-4-69dc91c8eed81-label\" data-calculation=\"0\"   data-hidden-behavior=\"zero\" aria-describedby=\"forminator-field-checkbox-3-69dc91c8eed81-description\"\/><span class=\"forminator-checkbox-box\" aria-hidden=\"true\"><\/span><span class=\"forminator-checkbox-label\">5-6 Kabinen<\/span><\/label><\/div>\n<\/div>\n<div id=\"checkbox-1\" class=\"forminator-col forminator-col-4 \">\n<div role=\"group\" class=\"forminator-field required\" aria-labelledby=\"forminator-checkbox-group-69dc91c8eed81-label\">\n<h4 id=\"forminator-checkbox-group-69dc91c8eed81-label\" class=\"forminator-label\">Skipper <span class=\"forminator-required\">*<\/span><\/h4>\n<p><label id=\"forminator-field-checkbox-1-1-69dc91c8eed81-label\" for=\"forminator-field-checkbox-1-1-69dc91c8eed81\" class=\"forminator-checkbox\" title=\"ohne Skipper\"><input type=\"checkbox\" name=\"checkbox-1[]\" value=\"one\" id=\"forminator-field-checkbox-1-1-69dc91c8eed81\" aria-labelledby=\"forminator-field-checkbox-1-1-69dc91c8eed81-label\" data-calculation=\"0\"   data-hidden-behavior=\"zero\" aria-describedby=\"forminator-field-checkbox-1-69dc91c8eed81-description\"\/><span class=\"forminator-checkbox-box\" aria-hidden=\"true\"><\/span><span class=\"forminator-checkbox-label\">ohne Skipper<\/span><\/label><label id=\"forminator-field-checkbox-1-2-69dc91c8eed81-label\" for=\"forminator-field-checkbox-1-2-69dc91c8eed81\" class=\"forminator-checkbox\" title=\"mit Skipper\"><input type=\"checkbox\" name=\"checkbox-1[]\" value=\"two\" id=\"forminator-field-checkbox-1-2-69dc91c8eed81\" aria-labelledby=\"forminator-field-checkbox-1-2-69dc91c8eed81-label\" data-calculation=\"0\"   data-hidden-behavior=\"zero\" aria-describedby=\"forminator-field-checkbox-1-69dc91c8eed81-description\"\/><span class=\"forminator-checkbox-box\" aria-hidden=\"true\"><\/span><span class=\"forminator-checkbox-label\">mit Skipper<\/span><\/label><\/div>\n<\/div>\n<\/div>\n<div class=\"forminator-row\">\n<div id=\"text-3\" class=\"forminator-col forminator-col-6 \">\n<div class=\"forminator-field\"><label for=\"forminator-field-text-3_69dc91c8eed81\" class=\"forminator-label\" id=\"forminator-field-text-3_69dc91c8eed81-label\">Schiffs \u00dcbernahme am <span class=\"forminator-required\">*<\/span><\/label><input type=\"text\" name=\"text-3\" value=\"\" placeholder=\"Datum\" id=\"forminator-field-text-3_69dc91c8eed81\" class=\"forminator-input forminator-name--field\" data-required=\"1\" maxlength=\"10\" \/><span id=\"forminator-field-text-3_69dc91c8eed81-description\" class=\"forminator-description\"><span data-limit=\"10\" data-type=\"characters\">0 \/ 10<\/span><\/span><\/div>\n<\/div>\n<div id=\"text-4\" class=\"forminator-col forminator-col-6 \">\n<div class=\"forminator-field\"><label for=\"forminator-field-text-4_69dc91c8eed81\" class=\"forminator-label\" id=\"forminator-field-text-4_69dc91c8eed81-label\">Schiffs R\u00fcckgabe am <span class=\"forminator-required\">*<\/span><\/label><input type=\"text\" name=\"text-4\" value=\"\" placeholder=\"Datum\" id=\"forminator-field-text-4_69dc91c8eed81\" class=\"forminator-input forminator-name--field\" data-required=\"1\" maxlength=\"10\" \/><span id=\"forminator-field-text-4_69dc91c8eed81-description\" class=\"forminator-description\"><span data-limit=\"10\" data-type=\"characters\">0 \/ 10<\/span><\/span><\/div>\n<\/div>\n<\/div>\n<div class=\"forminator-row\">\n<div id=\"textarea-3\" class=\"forminator-col forminator-col-12 \">\n<div class=\"forminator-field\"><label for=\"forminator-field-textarea-3_69dc91c8eed81\" id=\"forminator-field-textarea-3_69dc91c8eed81-label\" class=\"forminator-label\">Nachricht an uns<\/label><textarea name=\"textarea-3\" placeholder=\"pers\u00f6nliche W\u00fcnsche wie Au\u00dfenboder, Relingnetz usw.\" id=\"forminator-field-textarea-3_69dc91c8eed81\" class=\"forminator-textarea\" rows=\"6\" style=\"min-height:140px;\" maxlength=\"500\" ><\/textarea><span id=\"forminator-field-textarea-3_69dc91c8eed81-description\" class=\"forminator-description\"><span data-limit=\"500\" data-type=\"characters\">0 \/ 500<\/span><\/span><\/div>\n<\/div>\n<\/div>\n<p><input type=\"hidden\" name=\"referer_url\" value=\"\" \/><\/p>\n<div class=\"forminator-row forminator-row-last\">\n<div class=\"forminator-col\">\n<div class=\"forminator-field\"><button class=\"forminator-button forminator-button-submit\">Nachricht senden<\/button><\/div>\n<\/div>\n<\/div>\n<p><input type=\"hidden\" id=\"forminator_nonce\" name=\"forminator_nonce\" value=\"94aa04f8e8\" \/><input type=\"hidden\" name=\"_wp_http_referer\" value=\"\/de\/wp-json\/wp\/v2\/pages\/30361\" \/><input type=\"hidden\" name=\"form_id\" value=\"30373\"><input type=\"hidden\" name=\"page_id\" value=\"30361\"><input type=\"hidden\" name=\"form_type\" value=\"default\"><input type=\"hidden\" name=\"current_url\" value=\"https:\/\/yachtcharter-connection.com\/de\/yachtcharter-anfrage\/\"><input type=\"hidden\" name=\"render_id\" value=\"0\"><input type=\"hidden\" name=\"action\" value=\"forminator_submit_form_custom-forms\"><\/form>\n","protected":false},"excerpt":{"rendered":"<p>T\u00f6rnplanung mit individueller Yachtcharteranfrage Hier Yachtcharter Angebot anfordern und den Segelt\u00f6rn planen Sie m\u00f6chten ein individuelles Angebot, oder haben in unserer Yachtcharter Datenbank kein geeignetes Schiff gefunden? Dann f\u00fcllen Sie bitte die Charter Anfrage aus. Wir werden Ihnen per E-Mail in K\u00fcrze ein Angebot zusenden. Gerne stehen wir Ihnen auch<\/p>\n","protected":false},"author":11,"featured_media":0,"parent":0,"menu_order":0,"comment_status":"closed","ping_status":"closed","template":"","meta":[],"aioseo_notices":[],"_links":{"self":[{"href":"https:\/\/yachtcharter-connection.com\/de\/wp-json\/wp\/v2\/pages\/30361"}],"collection":[{"href":"https:\/\/yachtcharter-connection.com\/de\/wp-json\/wp\/v2\/pages"}],"about":[{"href":"https:\/\/yachtcharter-connection.com\/de\/wp-json\/wp\/v2\/types\/page"}],"author":[{"embeddable":true,"href":"https:\/\/yachtcharter-connection.com\/de\/wp-json\/wp\/v2\/users\/11"}],"replies":[{"embeddable":true,"href":"https:\/\/yachtcharter-connection.com\/de\/wp-json\/wp\/v2\/comments?post=30361"}],"version-history":[{"count":12,"href":"https:\/\/yachtcharter-connection.com\/de\/wp-json\/wp\/v2\/pages\/30361\/revisions"}],"predecessor-version":[{"id":31064,"href":"https:\/\/yachtcharter-connection.com\/de\/wp-json\/wp\/v2\/pages\/30361\/revisions\/31064"}],"wp:attachment":[{"href":"https:\/\/yachtcharter-connection.com\/de\/wp-json\/wp\/v2\/media?parent=30361"}],"curies":[{"name":"wp","href":"https:\/\/api.w.org\/{rel}","templated":true}]}}