{"id":30399,"date":"2023-09-06T09:44:12","date_gmt":"2023-09-06T07:44:12","guid":{"rendered":"http:\/\/yachtcharter-connection.com.w01e47c6.kasserver.com\/?page_id=30399"},"modified":"2023-12-08T11:02:47","modified_gmt":"2023-12-08T09:02:47","slug":"kurzzeit-yachtcharter","status":"publish","type":"page","link":"https:\/\/yachtcharter-connection.com\/de\/kurzzeit-yachtcharter\/","title":{"rendered":"Kurzzeit Yachtcharter"},"content":{"rendered":"<h1>Kurzzeit Angebote Yachtcharter<\/h1>\n<p>Kurzzeit Yacht Charter liegt voll im Trend. Egal ob 3, 4 oder 5 Tage. Finden Sie hier Ihre Segelyacht f\u00fcr die kurze Auszeit. Die H\u00e4fen in Kroatien, Griechenland, Italien, Mallorca oder die T\u00fcrkei sind ideale Ausgangspunkte f\u00fcr eine Kurzzeit Yachtcharter. <br \/>Hinweis** <br \/>Um die Ergebnisse besser zu filtern, bspw. Land, Segelrevier oder St\u00fctzpunkt, klicken Sie einfach auf <strong>NEUE SUCHE<\/strong> und lassen sich Ihre Wunschkriterien anzeigen.<br \/>\n<strong>Hinweis:<\/strong> Die Ladezeit der Yachten dauert evtl. einen kleinen Moment.<br \/>\n\t<iframe loading=\"lazy\" src=\"https:\/\/www.booking-manager.com\/wbm2\/page.html?companyid=662&amp;setlang=de&amp;bm_view=SearchResult&amp;filter_offer_type=1&amp;filter_flexibility=two_weeks&amp;sortBy=11&amp;sortDirection=-1\" frameborder=\"0\" height=\"750\" width=\"100%\" scrolling=\"auto\"><\/iframe><\/p>\n","protected":false},"excerpt":{"rendered":"<p>Kurzzeit Angebote Yachtcharter Kurzzeit Yacht Charter liegt voll im Trend. Egal ob 3, 4 oder 5 Tage. Finden Sie hier Ihre Segelyacht f\u00fcr die kurze Auszeit. Die H\u00e4fen in Kroatien, Griechenland, Italien, Mallorca oder die T\u00fcrkei sind ideale Ausgangspunkte f\u00fcr eine Kurzzeit Yachtcharter. Hinweis** Um die Ergebnisse besser zu filtern,<\/p>\n","protected":false},"author":11,"featured_media":0,"parent":0,"menu_order":0,"comment_status":"closed","ping_status":"closed","template":"","meta":[],"aioseo_notices":[],"_links":{"self":[{"href":"https:\/\/yachtcharter-connection.com\/de\/wp-json\/wp\/v2\/pages\/30399"}],"collection":[{"href":"https:\/\/yachtcharter-connection.com\/de\/wp-json\/wp\/v2\/pages"}],"about":[{"href":"https:\/\/yachtcharter-connection.com\/de\/wp-json\/wp\/v2\/types\/page"}],"author":[{"embeddable":true,"href":"https:\/\/yachtcharter-connection.com\/de\/wp-json\/wp\/v2\/users\/11"}],"replies":[{"embeddable":true,"href":"https:\/\/yachtcharter-connection.com\/de\/wp-json\/wp\/v2\/comments?post=30399"}],"version-history":[{"count":4,"href":"https:\/\/yachtcharter-connection.com\/de\/wp-json\/wp\/v2\/pages\/30399\/revisions"}],"predecessor-version":[{"id":30921,"href":"https:\/\/yachtcharter-connection.com\/de\/wp-json\/wp\/v2\/pages\/30399\/revisions\/30921"}],"wp:attachment":[{"href":"https:\/\/yachtcharter-connection.com\/de\/wp-json\/wp\/v2\/media?parent=30399"}],"curies":[{"name":"wp","href":"https:\/\/api.w.org\/{rel}","templated":true}]}}