{"id":30401,"date":"2023-09-06T09:48:20","date_gmt":"2023-09-06T07:48:20","guid":{"rendered":"http:\/\/yachtcharter-connection.com.w01e47c6.kasserver.com\/?page_id=30401"},"modified":"2025-02-07T19:52:21","modified_gmt":"2025-02-07T17:52:21","slug":"last-minute-yachtcharter","status":"publish","type":"page","link":"https:\/\/yachtcharter-connection.com\/de\/last-minute-yachtcharter\/","title":{"rendered":"Last Minute Yachtcharter"},"content":{"rendered":"<h1>Last Minute Yacht Charter<\/h1>\n<p>Ihre Traum-Yacht zum besten Preis!<\/p>\n<p>Entdecken Sie die besten Yachtcharter-Angebote und sichern Sie sich exklusive Last-Minute-Deals mit bis zu 45 % Ersparnis. So bleibt mehr f\u00fcr Ihre Bordkasse!<\/p>\n<p>Top-Angebote f\u00fcr Kurzentschlossene \u2013 t\u00e4glich neue Sonderangebote f\u00fcr die sch\u00f6nsten Segelreviere der Welt! Ob Segelyachten in Kroatien und Griechenland, Katamarane ab Kos oder Split, Motorboote ab Zadar oder Pula oder Segelyachten ab Biograd oder Trogir \u2013 wir haben f\u00fcr jeden Geldbeutel das passende Charter-Angebot.<\/p>\n<p>Mit \u00fcber 5000 Yachtcharter-Angeboten in mehr als 600 Destinationen finden Sie garantiert Ihr perfektes Boot. Und falls nicht, steht Ihnen unser Expertenteam jederzeit zur Seite. Dank unserer weltweiten Flotte von \u00fcber 9000 Yachten haben wir f\u00fcr jeden Wunsch die passende L\u00f6sung.<\/p>\n<p><strong>Hinweis:<\/strong> Die Ladezeit der Yachten dauert evtl. einen kleinen Moment.<br \/>\n<iframe loading=\"lazy\" src=\"https:\/\/www.booking-manager.com\/wbm2\/page.html?companyid=662&amp;setlang=de&amp;view=Lastminute&amp;sortBy=11&amp;sortDirection=-1\" width=\"100%\" height=\"750\" frameborder=\"0\" scrolling=\"auto\"><\/iframe><\/p>\n","protected":false},"excerpt":{"rendered":"<p>Last Minute Yacht Charter Ihre Traum-Yacht zum besten Preis! Entdecken Sie die besten Yachtcharter-Angebote und sichern Sie sich exklusive Last-Minute-Deals mit bis zu 45 % Ersparnis. So bleibt mehr f\u00fcr Ihre Bordkasse! Top-Angebote f\u00fcr Kurzentschlossene \u2013 t\u00e4glich neue Sonderangebote f\u00fcr die sch\u00f6nsten Segelreviere der Welt! Ob Segelyachten in Kroatien und<\/p>\n","protected":false},"author":11,"featured_media":0,"parent":0,"menu_order":0,"comment_status":"closed","ping_status":"closed","template":"","meta":[],"aioseo_notices":[],"_links":{"self":[{"href":"https:\/\/yachtcharter-connection.com\/de\/wp-json\/wp\/v2\/pages\/30401"}],"collection":[{"href":"https:\/\/yachtcharter-connection.com\/de\/wp-json\/wp\/v2\/pages"}],"about":[{"href":"https:\/\/yachtcharter-connection.com\/de\/wp-json\/wp\/v2\/types\/page"}],"author":[{"embeddable":true,"href":"https:\/\/yachtcharter-connection.com\/de\/wp-json\/wp\/v2\/users\/11"}],"replies":[{"embeddable":true,"href":"https:\/\/yachtcharter-connection.com\/de\/wp-json\/wp\/v2\/comments?post=30401"}],"version-history":[{"count":5,"href":"https:\/\/yachtcharter-connection.com\/de\/wp-json\/wp\/v2\/pages\/30401\/revisions"}],"predecessor-version":[{"id":30448,"href":"https:\/\/yachtcharter-connection.com\/de\/wp-json\/wp\/v2\/pages\/30401\/revisions\/30448"}],"wp:attachment":[{"href":"https:\/\/yachtcharter-connection.com\/de\/wp-json\/wp\/v2\/media?parent=30401"}],"curies":[{"name":"wp","href":"https:\/\/api.w.org\/{rel}","templated":true}]}}