{"id":30414,"date":"2023-09-06T10:32:08","date_gmt":"2023-09-06T08:32:08","guid":{"rendered":"http:\/\/yachtcharter-connection.com.w01e47c6.kasserver.com\/?page_id=30414"},"modified":"2023-09-07T11:49:10","modified_gmt":"2023-09-07T09:49:10","slug":"crewed-charteryachten","status":"publish","type":"page","link":"https:\/\/yachtcharter-connection.com\/de\/crewed-charteryachten\/","title":{"rendered":"Crewed-Charteryachten"},"content":{"rendered":"<h1>Crewed-Charteryachten<\/h1>\n<p>Hier k\u00f6nnen Sie nach der Traumyacht f\u00fcr Ihren Urlaub suchen, nach Yachten mit Crew aller Art: Segelyachten, Motoryachten, Katamarane und Motorsegler im Mittelmeer, in der Karibik und\u00a0 anderen wundersch\u00f6nen K\u00fcstenregionen. Oder teilen Sie uns einfach Ihre W\u00fcnsche mit &#8211; gerne schicken wir Ihnen Angebote zu und beraten Sie bei der Auswahl der passenden Yacht und auch bei der Routenplanung.<\/p>\n<p style=\"text-align: center;\"><iframe loading=\"lazy\" id=\"quickSearch\" style=\"overflow: hidden; height: 750px;\" src=\"https:\/\/www.booking-manager.com\/wbm2\/page.html?companyid=662&amp;target=result&amp;setlang=de&amp;filter_service_type=Crewed\" width=\"100%\" height=\"300\" frameborder=\"0\" scrolling=\"auto\"><\/iframe><\/p>\n","protected":false},"excerpt":{"rendered":"<p>Crewed-Charteryachten Hier k\u00f6nnen Sie nach der Traumyacht f\u00fcr Ihren Urlaub suchen, nach Yachten mit Crew aller Art: Segelyachten, Motoryachten, Katamarane und Motorsegler im Mittelmeer, in der Karibik und\u00a0 anderen wundersch\u00f6nen K\u00fcstenregionen. Oder teilen Sie uns einfach Ihre W\u00fcnsche mit &#8211; gerne schicken wir Ihnen Angebote zu und beraten Sie bei<\/p>\n","protected":false},"author":11,"featured_media":0,"parent":0,"menu_order":0,"comment_status":"closed","ping_status":"closed","template":"","meta":[],"aioseo_notices":[],"_links":{"self":[{"href":"https:\/\/yachtcharter-connection.com\/de\/wp-json\/wp\/v2\/pages\/30414"}],"collection":[{"href":"https:\/\/yachtcharter-connection.com\/de\/wp-json\/wp\/v2\/pages"}],"about":[{"href":"https:\/\/yachtcharter-connection.com\/de\/wp-json\/wp\/v2\/types\/page"}],"author":[{"embeddable":true,"href":"https:\/\/yachtcharter-connection.com\/de\/wp-json\/wp\/v2\/users\/11"}],"replies":[{"embeddable":true,"href":"https:\/\/yachtcharter-connection.com\/de\/wp-json\/wp\/v2\/comments?post=30414"}],"version-history":[{"count":3,"href":"https:\/\/yachtcharter-connection.com\/de\/wp-json\/wp\/v2\/pages\/30414\/revisions"}],"predecessor-version":[{"id":30453,"href":"https:\/\/yachtcharter-connection.com\/de\/wp-json\/wp\/v2\/pages\/30414\/revisions\/30453"}],"wp:attachment":[{"href":"https:\/\/yachtcharter-connection.com\/de\/wp-json\/wp\/v2\/media?parent=30414"}],"curies":[{"name":"wp","href":"https:\/\/api.w.org\/{rel}","templated":true}]}}