{"id":30912,"date":"2023-12-08T10:42:05","date_gmt":"2023-12-08T08:42:05","guid":{"rendered":"https:\/\/yachtcharter-connection.com\/?page_id=30912"},"modified":"2025-10-07T14:37:18","modified_gmt":"2025-10-07T12:37:18","slug":"fruehbucher","status":"publish","type":"page","link":"https:\/\/yachtcharter-connection.com\/de\/fruehbucher\/","title":{"rendered":"Fr\u00fchbucher Rabatte"},"content":{"rendered":"<h1>Fr\u00fchbucher Rabatte<\/h1>\n<p><strong>Hinweis:<\/strong> Die Ladezeit der Yachten dauert evtl. einen kleinen Moment.<\/p>\n<p>Fr\u00fch buchen, mehr sparen \u2013 Ihre t\u00e4gliche Bestpreisgarantie!<br \/>\nStarten Sie Ihr n\u00e4chstes Abenteuer mit uns und sichern Sie sich exklusive Fr\u00fchbucher-Charterangebote in den sch\u00f6nsten Destinationen Europas: Kroatien, Griechenland, Mallorca, Italien und T\u00fcrkei. Dank unserer t\u00e4glichen Preisgarantie erhalten Sie stets das beste Angebot.<\/p>\n<p>Nutzen Sie unsere benutzerfreundliche Filterfunktion \u2013 w\u00e4hlen Sie einfach Ihr Reisedatum, Ihr Wunschziel und die bevorzugte Charterbasis aus, um den perfekten Urlaub zu finden.<\/p>\n<p>Buchen Sie jetzt und freuen Sie sich auf ein unvergessliches Segelerlebnis zu unschlagbaren Fr\u00fchbucherpreisen!<\/p>\n<p><iframe loading=\"lazy\" width=\"100%\" height=\"750\" frameborder=\"0\" scrolling=\"auto\" src=\"https:\/\/www.booking-manager.com\/wbm2\/page.html?companyid=662&#038;hidetitle=true&#038;setlang=de&#038;filter_kind=Sail boat&#038;view=Lastminute&#038;sortBy=11&#038;sortDirection=-1&#038;startFromDate=1775043693000&#038;endToDate=1790854893000\"><\/iframe><\/p>\n","protected":false},"excerpt":{"rendered":"<p>Fr\u00fchbucher Rabatte Hinweis: Die Ladezeit der Yachten dauert evtl. einen kleinen Moment. Fr\u00fch buchen, mehr sparen \u2013 Ihre t\u00e4gliche Bestpreisgarantie! Starten Sie Ihr n\u00e4chstes Abenteuer mit uns und sichern Sie sich exklusive Fr\u00fchbucher-Charterangebote in den sch\u00f6nsten Destinationen Europas: Kroatien, Griechenland, Mallorca, Italien und T\u00fcrkei. Dank unserer t\u00e4glichen Preisgarantie erhalten Sie<\/p>\n","protected":false},"author":11,"featured_media":0,"parent":0,"menu_order":0,"comment_status":"closed","ping_status":"closed","template":"","meta":[],"aioseo_notices":[],"_links":{"self":[{"href":"https:\/\/yachtcharter-connection.com\/de\/wp-json\/wp\/v2\/pages\/30912"}],"collection":[{"href":"https:\/\/yachtcharter-connection.com\/de\/wp-json\/wp\/v2\/pages"}],"about":[{"href":"https:\/\/yachtcharter-connection.com\/de\/wp-json\/wp\/v2\/types\/page"}],"author":[{"embeddable":true,"href":"https:\/\/yachtcharter-connection.com\/de\/wp-json\/wp\/v2\/users\/11"}],"replies":[{"embeddable":true,"href":"https:\/\/yachtcharter-connection.com\/de\/wp-json\/wp\/v2\/comments?post=30912"}],"version-history":[{"count":10,"href":"https:\/\/yachtcharter-connection.com\/de\/wp-json\/wp\/v2\/pages\/30912\/revisions"}],"predecessor-version":[{"id":31401,"href":"https:\/\/yachtcharter-connection.com\/de\/wp-json\/wp\/v2\/pages\/30912\/revisions\/31401"}],"wp:attachment":[{"href":"https:\/\/yachtcharter-connection.com\/de\/wp-json\/wp\/v2\/media?parent=30912"}],"curies":[{"name":"wp","href":"https:\/\/api.w.org\/{rel}","templated":true}]}}