{"id":440,"date":"2013-03-16T05:25:43","date_gmt":"2013-03-16T05:25:43","guid":{"rendered":"http:\/\/yachtcharter-connection.com.w01e47c6.kasserver.com\/yachtcharter-australien\/"},"modified":"2017-10-16T22:16:51","modified_gmt":"2017-10-16T20:16:51","slug":"yachtcharter-australien","status":"publish","type":"page","link":"https:\/\/yachtcharter-connection.com\/de\/land\/yachtcharter-australien\/","title":{"rendered":"Australien"},"content":{"rendered":"<h1><strong>Yachtcharter Australien<\/strong><\/h1>\n<p><img loading=\"lazy\" class=\"content-image\" src=\"https:\/\/yachtcharter-connection.com\/wp-content\/uploads\/converted_files\/18912\/18912-56222575cebef.jpg\" alt=\"Australien_Whitsundays\" width=\"300\" height=\"225\" \/>Yachtcharter-Australien &#8211; auf dem f\u00fcnften Kontinent liegt ein Traum-Yachtcharter-Revier: Als die letzte Eiszeit endete und der Meeresspiegel sich anhob, wurde im Osten Australiens, im heutigen Queensland, ein Gebirge vom Westland getrennt. Die Gipfel der vulkanischen Berge sind die Whitsunday Islands, heute als Yachtcharter-Destination sehr beliebt. Getauft wurden sie von James Cook, der Pfingsten 1770 hier durchsegelte und sie nach dem \u201eWei\u00dfen Sonntag\u201c benannte. Das landschaftlich wundersch\u00f6ne Archipel aus 74 Inseln mit der Hauptinsel Whitsunday Island ist heute ein paradiesisches Revier f\u00fcr Yachtcharter-Segler, das gesch\u00fctzt hinter dem Great Barrier Reef liegt, dem gr\u00f6\u00dften Riff der Welt. Das Riff ist fast 2000 Kilometer lang, mit Tausenden von Einzelriffen, die bis zu 260 Kilometer von der K\u00fcste entfernt liegen.<\/p>\n<p>Und die Riffs sch\u00fctzen das Revier: Yachtcharter-Crews sollten sich zwar mit der Gezeiten-Navigation ein bisschen auskennen, aber auch Anf\u00e4nger und Einsteiger unter en Yachtcharter-Touristen werden in dem sanften Gew\u00e4sser mit wenig Seegang keine Probleme haben und das Insel-Hopping entspannt genie\u00dfen. Nur 17 Inseln sind bewohnt, das Revier ist \u00fcberschaubar, die Distanzen auf dem Yachtcharter-T\u00f6rm kurz und unkompliziert, Segeln auf Sicht v\u00f6llig problemlos. \u00dcberall erwarten die Yachtcharter-Crews wei\u00dfe Traumstr\u00e4nde vor \u00fcppigem Gr\u00fcn, zahllose Buchten und Ankerpl\u00e4tze mit t\u00fcrkisfarbenem Wasser \u2013 der Name \u201eWhitehaven Beach\u201c (auf Whitsunday) sagt alles&#8230; Das Great Barrier Reef ist etwa 35 Meilen entfernt, aber auch die Inseln sind von Riffs umgeben, dort erleben Schnorchel-Fans eine absolut faszinierende vielf\u00e4ltige Unterwasserwelt. Die meisten der Inseln geh\u00f6ren zum Whitsunday Island Nationalpark, die ganze Gruppe ist Teil der Great Barrier Reef Heritage Area, in der auch ein etwa 35.000 Quadratkilometer gro\u00dfer Marine Park die Natur sch\u00fctzt. Gelegentlich k\u00f6nnen Yachtcharter-Segler einen Buckelwal begr\u00fc\u00dfen, auf Bird Island nisten verschiedenste Seev\u00f6gel-Arten. Das tropische Klima l\u00e4dt ganzj\u00e4hrig zum Yachtcharter-T\u00f6rn ein, von Januar bis April ist Regenzeit, in der Yachtcharter-Crews mit h\u00e4ufigen Schauern rechnen m\u00fcssen..<\/p>\n<p>Eine gr\u00f6\u00dfere Yachtcharter-Basis gibt es in <a href=\"~\/Yachtcharter_australien\/airlie_beach.html\">Airlie Beach<\/a> am Festland, auch auf Hamilton Island gibt es einen Yachtcharter-St\u00fctzpunkt. Hotelresorts befinden sich auf Daydream Island, Hamilton Island, Lindeman Island, Long Island, South Mole Island, Hayman Island und Hook Island \u2013 jedes Resort und jede Insel bietet den Yachtcharter-Crews Abwechslung, von famili\u00e4r \u00fcber elegant bis luxuri\u00f6s. Yachtcharter-Crews erreichen die Whitsunday Islands per Flugzeug am besten via Sydney oder Brisbane.<\/p>\n<p>Wer weiter n\u00f6rdlich die vom Great Barrier Reef gesch\u00fctzten Gew\u00e4sser auf einem Yachtcharter-T\u00f6rn erkunden will, kann auch ab den Yachtcharter-St\u00fctzpunkten Cardwell oder <a href=\"~\/Yachtcharter_australien\/townsville.html\">Townsville<\/a> seine Segelyacht \u00fcbernehmen. Im S\u00fcden des Kontinents bieten sich am ehesten Yachtcharter-Basen in Sydney und Pittwater, Hauptort des gleichnamigen Counties, als Ausgangsbasis f\u00fcr einen Yachtcharter-T\u00f6rn an.<\/p>\n<p><strong>Es gibt Yachtcharter-Flotten mit Segelyachte und Katamaranen f\u00fcr Bareboat-Charter in Australien, die nicht in unserem Yachtfinder gelistet sind &#8211; bitte fragen Sie nach Angeboten. Und nat\u00fcrlich senden wir Ihnen gerne auch Angebote f\u00fcr\u00a0 die sch\u00f6nsten Luxus-Charteryachten mit Crew in dieser Region zu.<\/strong><\/p>\n<table class=\"RegionsAndSubregions\" style=\"border-collapse: collapse;\" border=\"0\" cellspacing=\"0\">\n<tbody>\n<tr>\n<td>\n<div class=\"SubregionRepeaterTitle\">\n<h2><a href=\"https:\/\/yachtcharter-connection.com\/yachtcharter-great-barrier-reef-whitsunday-islands\"> Great Barrier Reef \/ Whitsunday Islands <\/a><\/h2>\n<\/div>\n<div class=\"SmallLinks\">\n<ul>\n<li><a class=\"SmallLinks\" title=\"\" href=\"https:\/\/yachtcharter-connection.com\/airlie-beach-932\"> Airlie Beach <\/a><\/li>\n<li><a class=\"SmallLinks\" title=\"\" href=\"https:\/\/yachtcharter-connection.com\/cairns-772\"> Cairns <\/a><\/li>\n<li><a class=\"SmallLinks\" title=\"\" href=\"https:\/\/yachtcharter-connection.com\/cardwell-304\"> Cardwell <\/a><\/li>\n<li><a class=\"SmallLinks\" title=\"\" href=\"https:\/\/yachtcharter-connection.com\/tin-can-bay-196\"> Tin Can Bay <\/a><\/li>\n<li><a class=\"SmallLinks\" title=\"\" href=\"https:\/\/yachtcharter-connection.com\/townsville-222\"> Townsville <\/a><\/li>\n<\/ul>\n<\/div>\n<\/td>\n<td>\n<div class=\"SubregionRepeaterTitle\">\n<h2><a href=\"https:\/\/yachtcharter-connection.com\/yachtcharter-sydney-und-umgebung\"> Sydney und Umgebung <\/a><\/h2>\n<\/div>\n<div class=\"SmallLinks\">\n<ul>\n<li><a class=\"SmallLinks\" title=\"\" href=\"https:\/\/yachtcharter-connection.com\/pittwater-604\"> Pittwater <\/a><\/li>\n<li><a class=\"SmallLinks\" title=\"\" href=\"https:\/\/yachtcharter-connection.com\/sydney-harbour-689\"> Sydney Harbour <\/a><\/li>\n<\/ul>\n<\/div>\n<\/td>\n<\/tr>\n<tr>\n<td>\n<div class=\"SubregionRepeaterTitle\">\n<h2><a href=\"https:\/\/yachtcharter-connection.com\/yachtcharter-tasmanien\"> Tasmanien <\/a><\/h2>\n<\/div>\n<div class=\"SmallLinks\">\n<ul>\n<li><a class=\"SmallLinks\" title=\"\" href=\"https:\/\/yachtcharter-connection.com\/hobart-765\"> Hobart <\/a><\/li>\n<\/ul>\n<\/div>\n<\/td>\n<td>\n<div class=\"SubregionRepeaterTitle\">\n<h2><a href=\"https:\/\/yachtcharter-connection.com\/yachtcharter-victoria\"> Victoria <\/a><\/h2>\n<\/div>\n<div class=\"SmallLinks\">\n<ul>\n<li><a class=\"SmallLinks\" title=\"\" href=\"https:\/\/yachtcharter-connection.com\/melbourne-944\"> Melbourne <\/a><\/li>\n<\/ul>\n<\/div>\n<\/td>\n<\/tr>\n<\/tbody>\n<\/table>\n","protected":false},"excerpt":{"rendered":"<p>Yachtcharter Australien Yachtcharter-Australien &#8211; auf dem f\u00fcnften Kontinent liegt ein Traum-Yachtcharter-Revier: Als die letzte Eiszeit endete und der Meeresspiegel sich anhob, wurde im Osten Australiens, im heutigen Queensland, ein Gebirge vom Westland getrennt. Die Gipfel der vulkanischen Berge sind die Whitsunday Islands, heute als Yachtcharter-Destination sehr beliebt. Getauft wurden sie<\/p>\n","protected":false},"author":11,"featured_media":0,"parent":101,"menu_order":0,"comment_status":"open","ping_status":"open","template":"","meta":[],"aioseo_notices":[],"_links":{"self":[{"href":"https:\/\/yachtcharter-connection.com\/de\/wp-json\/wp\/v2\/pages\/440"}],"collection":[{"href":"https:\/\/yachtcharter-connection.com\/de\/wp-json\/wp\/v2\/pages"}],"about":[{"href":"https:\/\/yachtcharter-connection.com\/de\/wp-json\/wp\/v2\/types\/page"}],"author":[{"embeddable":true,"href":"https:\/\/yachtcharter-connection.com\/de\/wp-json\/wp\/v2\/users\/11"}],"replies":[{"embeddable":true,"href":"https:\/\/yachtcharter-connection.com\/de\/wp-json\/wp\/v2\/comments?post=440"}],"version-history":[{"count":3,"href":"https:\/\/yachtcharter-connection.com\/de\/wp-json\/wp\/v2\/pages\/440\/revisions"}],"predecessor-version":[{"id":25269,"href":"https:\/\/yachtcharter-connection.com\/de\/wp-json\/wp\/v2\/pages\/440\/revisions\/25269"}],"up":[{"embeddable":true,"href":"https:\/\/yachtcharter-connection.com\/de\/wp-json\/wp\/v2\/pages\/101"}],"wp:attachment":[{"href":"https:\/\/yachtcharter-connection.com\/de\/wp-json\/wp\/v2\/media?parent=440"}],"curies":[{"name":"wp","href":"https:\/\/api.w.org\/{rel}","templated":true}]}}