{"id":441,"date":"2015-08-10T05:53:32","date_gmt":"2015-08-10T05:53:32","guid":{"rendered":"http:\/\/yachtcharter-connection.com.w01e47c6.kasserver.com\/yachtcharter-brasilien\/"},"modified":"2016-10-29T18:54:11","modified_gmt":"2016-10-29T16:54:11","slug":"yachtcharter-brasilien","status":"publish","type":"page","link":"https:\/\/yachtcharter-connection.com\/de\/land\/yachtcharter-brasilien\/","title":{"rendered":"Brasilien"},"content":{"rendered":"<h3>Yachtcharter Brasilien<\/h3>\n<p>\n<img loading=\"lazy\" class=\"content-image\"  height=\"200\" width=\"300\" alt=\"Brasilien_Ilha_Grande_bei_angra_dos_reis\" src=\"https:\/\/yachtcharter-connection.com\/wp-content\/uploads\/converted_files\/18913\/18913-5622257f1a430.jpg\" \/>Heimliches Segelparadies auf der S\u00fcdhalbkugel: Eine klassische Charter-Destination ist Brasilien zwar noch nicht. Wer aber im Winter einmal neue Gew\u00e4sser entdecken will, bei herrlichem Sommerwetter und viel unber\u00fchrter Natur, kann im S\u00fcdatlantik ab Angra dos Reis seine Urlaubsyacht chartern. Die Hafenstadt liegt etwa 150 Kilometer s\u00fcdwestlich von Rio de Janeiro und ist per Flug nach Rio oder Sao Paolo mit anschlie\u00dfendem Taxi-Transfer erreichbar. Die K\u00fcste hier hei\u00dft Costa Verde und ist vom Atlantischen Regenwald gepr\u00e4gt &#8211; die Berge der Sierra do Mar reichen mit \u00fcppigem Gr\u00fcn bis ans Wasser. <\/p>\n<p>Weitere Yachtcharter-St\u00fctzpunkte gibt es in Rio de Janeiro, Salvador de Bahia und Ubatuba.<br \/>\n<br type=\"_moz\" \/><br \/>\n<\/p>\n<table  class=\"RegionsAndSubregions\" cellspacing=\"0\" border=\"0\" style=\"border-collapse:collapse;\">\n<tbody>\n<tr>\n<td>\n<div class=\"SubregionRepeaterTitle\">\n<h2><a href=\"https:\/\/yachtcharter-connection.com\/yachtcharter-brasilien-bahia\"> Brasilien \/ Bahia <\/h2>\n<\/div>\n<div class=\"SmallLinks\">\n<ul>\n<li><a class=\"SmallLinks\" href=\"https:\/\/yachtcharter-connection.com\/salvador-da-bahia-837\" title=\"\"> Salvador da Bahia <\/a><\/li>\n<\/ul>\n<\/div>\n<\/td>\n<td>\n<div class=\"SubregionRepeaterTitle\">\n<h2><a href=\"https:\/\/yachtcharter-connection.com\/yachtcharter-brasilien-costa-verde\"> Brasilien \/ Costa Verde <\/h2>\n<\/div>\n<div class=\"SmallLinks\">\n<ul>\n<li><a class=\"SmallLinks\" href=\"https:\/\/yachtcharter-connection.com\/angra-dos-reis-678\" title=\"\"> Angra dos Reis <\/a><\/li>\n<li><a class=\"SmallLinks\" href=\"https:\/\/yachtcharter-connection.com\/rio-de-janeiro-513\" title=\"\"> Rio de Janeiro <\/a><\/li>\n<li><a class=\"SmallLinks\" href=\"https:\/\/yachtcharter-connection.com\/ubatuba-504\" title=\"\"> Ubatuba <\/a><\/li>\n<\/ul>\n<\/div>\n<\/td>\n<\/tr>\n<tr><\/tr>\n<\/tbody>\n<\/table>\n","protected":false},"excerpt":{"rendered":"<p>Yachtcharter Brasilien Heimliches Segelparadies auf der S\u00fcdhalbkugel: Eine klassische Charter-Destination ist Brasilien zwar noch nicht. Wer aber im Winter einmal neue Gew\u00e4sser entdecken will, bei herrlichem Sommerwetter und viel unber\u00fchrter Natur, kann im S\u00fcdatlantik ab Angra dos Reis seine Urlaubsyacht chartern. Die Hafenstadt liegt etwa 150 Kilometer s\u00fcdwestlich von Rio<\/p>\n","protected":false},"author":11,"featured_media":0,"parent":101,"menu_order":0,"comment_status":"open","ping_status":"open","template":"","meta":[],"aioseo_notices":[],"_links":{"self":[{"href":"https:\/\/yachtcharter-connection.com\/de\/wp-json\/wp\/v2\/pages\/441"}],"collection":[{"href":"https:\/\/yachtcharter-connection.com\/de\/wp-json\/wp\/v2\/pages"}],"about":[{"href":"https:\/\/yachtcharter-connection.com\/de\/wp-json\/wp\/v2\/types\/page"}],"author":[{"embeddable":true,"href":"https:\/\/yachtcharter-connection.com\/de\/wp-json\/wp\/v2\/users\/11"}],"replies":[{"embeddable":true,"href":"https:\/\/yachtcharter-connection.com\/de\/wp-json\/wp\/v2\/comments?post=441"}],"version-history":[{"count":1,"href":"https:\/\/yachtcharter-connection.com\/de\/wp-json\/wp\/v2\/pages\/441\/revisions"}],"predecessor-version":[{"id":12309,"href":"https:\/\/yachtcharter-connection.com\/de\/wp-json\/wp\/v2\/pages\/441\/revisions\/12309"}],"up":[{"embeddable":true,"href":"https:\/\/yachtcharter-connection.com\/de\/wp-json\/wp\/v2\/pages\/101"}],"wp:attachment":[{"href":"https:\/\/yachtcharter-connection.com\/de\/wp-json\/wp\/v2\/media?parent=441"}],"curies":[{"name":"wp","href":"https:\/\/api.w.org\/{rel}","templated":true}]}}