{"id":442,"date":"2013-12-23T05:31:07","date_gmt":"2013-12-23T05:31:07","guid":{"rendered":"http:\/\/yachtcharter-connection.com.w01e47c6.kasserver.com\/yachtcharter-belize\/"},"modified":"2016-10-29T18:54:11","modified_gmt":"2016-10-29T16:54:11","slug":"yachtcharter-belize","status":"publish","type":"page","link":"https:\/\/yachtcharter-connection.com\/de\/land\/yachtcharter-belize\/","title":{"rendered":"Belize"},"content":{"rendered":"<h3>Yachtcharter Belize<\/h3>\n<p>\n<img loading=\"lazy\" class=\"content-image\"  width=\"300\" height=\"225\" src=\"https:\/\/yachtcharter-connection.com\/wp-content\/uploads\/converted_files\/18914\/18914-5622258089fd5.jpg\" alt=\"Belize_Palmenstrand\" \/>Vor der K\u00fcste Belizes liegt ein karibisches Segelrevier der Extraklasse, dass allerdings einige Erfahrung in Augapfelnavigation erfordert und am besten f\u00fcr Katamarane geeignet ist. Das Barrier Reef, l\u00e4ngstes Riff des amerikanischen Kontinents, erstreckt sich \u00fcber 160 Seemeilen. Besonders f\u00fcr Yachtcharter-Crews, die gern tauchen oder schnorcheln, ist das Revier wegen der vielf\u00e4ltigen Unterwasserwelt im klaren Wasser faszinierend. \u00dcber 350 Fischarten sind hier zuhause. Mehrere Nationalparks und Meerreservate geh\u00f6ren zum Weltnaturerbe der Unesco, wie South Water Caye, die Sapodilla Cayes oder Glovers Reef. Half Moon Caye und Great Blue Hole gelten als Nationaldenkmale. Viele kleine Cayes locken allein schon mit ihren vielversprechenden Namen &ndash; wie etwa Laughing Bird Caye, Pelican Caye, Cocoa Caye, Lime Caye oder Seal Caye.<\/p>\n<p>Die Yachtcharter-Basis in Placencia ist per Flugzeug via Belize City erreichbar<br \/>\n<\/p>\n<table  class=\"RegionsAndSubregions\" cellspacing=\"0\" border=\"0\" style=\"border-collapse:collapse;\">\n<tbody>\n<tr>\n<td>\n<div class=\"SubregionRepeaterTitle\">\n<h2><a href=\"https:\/\/yachtcharter-connection.com\/yachtcharter-zentralamerika\"> Zentralamerika <\/h2>\n<\/div>\n<div class=\"SmallLinks\">\n<ul>\n<li><a class=\"SmallLinks\" href=\"https:\/\/yachtcharter-connection.com\/belize-moho-caye-736\" title=\"\"> Belize \/ Moho Caye <\/a><\/li>\n<li><a class=\"SmallLinks\" href=\"https:\/\/yachtcharter-connection.com\/belize-placencia-454\" title=\"\"> Belize \/ Placencia <\/a><\/li>\n<li><a class=\"SmallLinks\" href=\"https:\/\/yachtcharter-connection.com\/belize-puerto-cortes-167\" title=\"\"> Belize \/ Puerto Cortes <\/a><\/li>\n<\/ul>\n<\/div>\n<\/td>\n<\/tr>\n<\/tbody>\n<\/table>\n","protected":false},"excerpt":{"rendered":"<p>Yachtcharter Belize Vor der K\u00fcste Belizes liegt ein karibisches Segelrevier der Extraklasse, dass allerdings einige Erfahrung in Augapfelnavigation erfordert und am besten f\u00fcr Katamarane geeignet ist. Das Barrier Reef, l\u00e4ngstes Riff des amerikanischen Kontinents, erstreckt sich \u00fcber 160 Seemeilen. Besonders f\u00fcr Yachtcharter-Crews, die gern tauchen oder schnorcheln, ist das Revier<\/p>\n","protected":false},"author":11,"featured_media":0,"parent":101,"menu_order":0,"comment_status":"open","ping_status":"open","template":"","meta":[],"aioseo_notices":[],"_links":{"self":[{"href":"https:\/\/yachtcharter-connection.com\/de\/wp-json\/wp\/v2\/pages\/442"}],"collection":[{"href":"https:\/\/yachtcharter-connection.com\/de\/wp-json\/wp\/v2\/pages"}],"about":[{"href":"https:\/\/yachtcharter-connection.com\/de\/wp-json\/wp\/v2\/types\/page"}],"author":[{"embeddable":true,"href":"https:\/\/yachtcharter-connection.com\/de\/wp-json\/wp\/v2\/users\/11"}],"replies":[{"embeddable":true,"href":"https:\/\/yachtcharter-connection.com\/de\/wp-json\/wp\/v2\/comments?post=442"}],"version-history":[{"count":1,"href":"https:\/\/yachtcharter-connection.com\/de\/wp-json\/wp\/v2\/pages\/442\/revisions"}],"predecessor-version":[{"id":12307,"href":"https:\/\/yachtcharter-connection.com\/de\/wp-json\/wp\/v2\/pages\/442\/revisions\/12307"}],"up":[{"embeddable":true,"href":"https:\/\/yachtcharter-connection.com\/de\/wp-json\/wp\/v2\/pages\/101"}],"wp:attachment":[{"href":"https:\/\/yachtcharter-connection.com\/de\/wp-json\/wp\/v2\/media?parent=442"}],"curies":[{"name":"wp","href":"https:\/\/api.w.org\/{rel}","templated":true}]}}