{"id":443,"date":"2015-02-09T05:34:45","date_gmt":"2015-02-09T05:34:45","guid":{"rendered":"http:\/\/yachtcharter-connection.com.w01e47c6.kasserver.com\/yachtcharter-kanada\/"},"modified":"2016-10-29T18:54:19","modified_gmt":"2016-10-29T16:54:19","slug":"yachtcharter-kanada","status":"publish","type":"page","link":"https:\/\/yachtcharter-connection.com\/de\/land\/yachtcharter-kanada\/","title":{"rendered":"Kanada"},"content":{"rendered":"<h3>Yachtcharter Kanada<\/h3>\n<p>\n<img loading=\"lazy\" class=\"content-image\"  width=\"300\" height=\"199\" src=\"https:\/\/yachtcharter-connection.com\/wp-content\/uploads\/converted_files\/18915\/18915-56222582353bc.jpg\" alt=\"Kanada_Marina_in_Vancouver\" \/> Dass Kanada \u00fcber weite Pr\u00e4rien, wilde Rocky Mountains, einsame Seen, gro\u00dfe Str\u00f6me wie den St. Lawrence und spannende Metropolen wie Toronto oder Montreal verf\u00fcgt, ist bekannt &ndash; aber nur wenige wissen, dass im kanadischen Westen ein faszinierendes Revier f\u00fcr Segler und Motorbootfahrer liegt: die Pazifik-K\u00fcste der Provinz British Columbia. <\/p>\n<p>F\u00fcr Yachties ist Vancouver eigentlich die sch\u00f6nste Stadt der Welt, Liegepl\u00e4tze in bester Stadtlage sind keine Rarit\u00e4t &ndash; manch einer lebt auf dem Boot und springt morgens im Anzug auf den Steg, um der Alltags-Arbeit am Banker-Schreibtisch nachzugehen und am Wochenende dann wieder die Freiheit auf dem Wasser zu genie\u00dfen. Wer hier kein eigenes Boot hat, kann seine Wunschyacht direkt in Vancouver \u00fcbernehmen bzw. bei der Yachtcharter-Basis auf Granville Island. <\/p>\n<p>Die K\u00fcste ist reich gegliedert mit Buchten, vorgelagerten Inseln und Inselchen und vielen Fjorden, zauberhaften Hafenst\u00e4dtchen laden zum Verweilen ein. Optisch ist die Landschaft mit ihrem satten Gr\u00fcn, das im Indian Summer bunt und rot wird, dem tiefen Blau des Wassers und den Bergen im Hintergrund (im Winter ist der Whistler Mountain ein beliebtes Skigebiet!) ein Traum.  Das Klima am Pazifik ist mild, auch im Winter wird es nie richtig eisig, aber oft feucht &#8211; zum Segeln sind die trockenen Monate von Mai bis September am sch\u00f6nsten. <\/p>\n<p>Die Inside-Passage zwischen K\u00fcste und Inselwelt, auch als &bdquo;Strait of Georgia&ldquo; bezeichnet,  ist ein ruhiges Revier mit glattem Wasser, das viel Schutz bietet und zum absolut entspannten Segeln einl\u00e4dt. Die Kanadier unterscheiden vier Einzelreviere: Die San Juan Islands s\u00fcdlich von Vancouver mit Friday Harbour, kurz vor Seattle und der Grenze zu den USA, die Golf Islands direkt vor der Haust\u00fcr der Hauptstadt, die Sunshine Coast weiter n\u00f6rdlich, dahinter liegt der Desolation Sound. <\/p>\n<p>Wenn Sie Ihre Wunschyacht in unserem Yachfinder nicht finden, fragen Sie uns: Wir bieten Ihnen gern weitere Yachten an, auch direkt ab Comox (Desolation Sound) oder Nanaimo auf Vancouver Island.<\/p>\n<p>Das zweite interessante Yachtcharter-Revier Kanadas, zwar nicht im Mainstream des Chartertourismus, aber auch spannend und abwechslungsreich, ist die Ostl\u00fcste mit Nova Scotia und seiner Hauptstadt Halifax. Hier gibt es zahlreiche Segelclubs und eine beeindruckende wilde K\u00fcste, die der Neuenglands \u00e4hnelt. Kontaktieren Sie uns direkt, wenn Sie hier segeln m\u00f6chten!<br type=\"_moz\" \/><br \/>\n<\/p>\n<table  class=\"RegionsAndSubregions\" cellspacing=\"0\" border=\"0\" style=\"border-collapse:collapse;\">\n<tbody>\n<tr>\n<td>\n<div class=\"SubregionRepeaterTitle\">\n<h2><a href=\"https:\/\/yachtcharter-connection.com\/yachtcharter-britisch-kolumbien\"> Britisch-Kolumbien <\/h2>\n<\/div>\n<div class=\"SmallLinks\">\n<ul>\n<li><a class=\"SmallLinks\" href=\"https:\/\/yachtcharter-connection.com\/desolation-sound-powell-river-775\" title=\"\"> Desolation Sound \/ Powell River <\/a><\/li>\n<li><a class=\"SmallLinks\" href=\"https:\/\/yachtcharter-connection.com\/vancouver-613\" title=\"\"> Vancouver <\/a><\/li>\n<li><a class=\"SmallLinks\" href=\"https:\/\/yachtcharter-connection.com\/vancouver-island-nanaimo-665\" title=\"\"> Vancouver Island \/ Nanaimo <\/a><\/li>\n<li><a class=\"SmallLinks\" href=\"https:\/\/yachtcharter-connection.com\/vancouver-island-sidney-872\" title=\"\"> Vancouver Island \/ Sidney <\/a><\/li>\n<\/ul>\n<\/div>\n<\/td>\n<\/tr>\n<\/tbody>\n<\/table>\n","protected":false},"excerpt":{"rendered":"<p>Yachtcharter Kanada Dass Kanada \u00fcber weite Pr\u00e4rien, wilde Rocky Mountains, einsame Seen, gro\u00dfe Str\u00f6me wie den St. Lawrence und spannende Metropolen wie Toronto oder Montreal verf\u00fcgt, ist bekannt &ndash; aber nur wenige wissen, dass im kanadischen Westen ein faszinierendes Revier f\u00fcr Segler und Motorbootfahrer liegt: die Pazifik-K\u00fcste der Provinz British<\/p>\n","protected":false},"author":11,"featured_media":0,"parent":101,"menu_order":0,"comment_status":"open","ping_status":"open","template":"","meta":[],"aioseo_notices":[],"_links":{"self":[{"href":"https:\/\/yachtcharter-connection.com\/de\/wp-json\/wp\/v2\/pages\/443"}],"collection":[{"href":"https:\/\/yachtcharter-connection.com\/de\/wp-json\/wp\/v2\/pages"}],"about":[{"href":"https:\/\/yachtcharter-connection.com\/de\/wp-json\/wp\/v2\/types\/page"}],"author":[{"embeddable":true,"href":"https:\/\/yachtcharter-connection.com\/de\/wp-json\/wp\/v2\/users\/11"}],"replies":[{"embeddable":true,"href":"https:\/\/yachtcharter-connection.com\/de\/wp-json\/wp\/v2\/comments?post=443"}],"version-history":[{"count":1,"href":"https:\/\/yachtcharter-connection.com\/de\/wp-json\/wp\/v2\/pages\/443\/revisions"}],"predecessor-version":[{"id":12344,"href":"https:\/\/yachtcharter-connection.com\/de\/wp-json\/wp\/v2\/pages\/443\/revisions\/12344"}],"up":[{"embeddable":true,"href":"https:\/\/yachtcharter-connection.com\/de\/wp-json\/wp\/v2\/pages\/101"}],"wp:attachment":[{"href":"https:\/\/yachtcharter-connection.com\/de\/wp-json\/wp\/v2\/media?parent=443"}],"curies":[{"name":"wp","href":"https:\/\/api.w.org\/{rel}","templated":true}]}}