{"id":444,"date":"2015-08-10T05:53:32","date_gmt":"2015-08-10T05:53:32","guid":{"rendered":"http:\/\/yachtcharter-connection.com.w01e47c6.kasserver.com\/yachtcharter-kuba\/"},"modified":"2018-11-29T18:03:59","modified_gmt":"2018-11-29T16:03:59","slug":"yachtcharter-kuba","status":"publish","type":"page","link":"https:\/\/yachtcharter-connection.com\/de\/land\/yachtcharter-kuba\/","title":{"rendered":"Kuba"},"content":{"rendered":"<h1>Yachtcharter Kuba<\/h1>\n<p><img loading=\"lazy\" class=\"content-image\" src=\"https:\/\/yachtcharter-connection.com\/wp-content\/uploads\/converted_files\/18916\/18916-56222583c1119.jpg\" alt=\"Kuba_musikband\" width=\"300\" height=\"200\" \/>Vor dem Start des Yachtcharter-T\u00f6rns in Kuba steht f\u00fcr viele Yachtcharter Kuba-Crews ein Besuch in der Hauptstadt Havanna: Grellbunte Oldtimer-Karossen aus den 50er Jahren, kolossale Kolonialbauten zwischen v\u00f6llig heruntergekommenen Geb\u00e4uden, an jeder Ecke Musik \u00e0 la Buena Vista Social Club, \u00fcberall blicken Fidel Castro und Alt-Revolution\u00e4r Che Guevara von Plakaten, lange wei\u00dfe Str\u00e4nde, karibisch-\u00fcppige Natur, der Duft nach Havanna-Zigarren und Rum der Marke Havanna Club, eine silberne Hemingway-Figur in Lebensgr\u00f6\u00dfe am Tresen einer seiner Lieblingsbars La Floridita und La Bodeguita del Medio \u2013 das Klischee von Kuba stimmt bis ins Detail.<\/p>\n<p><img loading=\"lazy\" class=\"content-image\" src=\"https:\/\/yachtcharter-connection.com\/wp-content\/uploads\/converted_files\/18916\/18916-562225853570a.jpg\" alt=\"Kuba_bodeguita_del_medio\" width=\"300\" height=\"200\" \/>Wer per Yachtcharter-T\u00f6rn die K\u00fcste Kubas erkunden will, sollte deshalb zumindest zwei Tage Havanna und Sightseeing einplanen. Dann geht die Reise quer durchs Land gen S\u00fcden zum Yachtcharter Kuba-St\u00fctzpunkt nach Cienfuegos, wo die staatliche kubanische Tourismus-Organisation Cubanacan eine perfekte Marina mit Yachtcharter Kuba-Basis gebaut hat. Auch Cienfuegos selbst ist sehenswert, die Stadt wurde von der Unesco zum Weltkulturerbe erkl\u00e4rt.<\/p>\n<p>Segelrevier f\u00fcr den Yachtcharter Kuba-T\u00f6rn ist die S\u00fcdk\u00fcste und die vorgelagerte Inselgruppe von Cayo Largo, das Canarreos Archipel und die Isla de la Juventud. Traumhafte Buchten (nur die in den 60er Jahren umk\u00e4mpfte Schweinebucht ist Sperrgebiet), wilde Mangrovenlandschaft &#8211; Marinas mit Service-Angeboten f\u00fcr Yachtcharter Kuba-Segler gibt es hier keine, daf\u00fcr aber viele gute Ankerpl\u00e4tze und Natur pur. Da es unterwegs sehr wenig Restaurants gibt, empfiehlt es sich, die Bordmahlzeiten w\u00e4hrend des Yachtcharter Kuba-T\u00f6rns gut zu planen und die Pantry vor Abfahrt gut zu f\u00fcllen. In fast jeder Stadt ist die Kolonialgeschichte pr\u00e4sent, au\u00dferdem Besuch in der Weltkulturerbe-Stadt Cienfuegos empfiehlt sich insbesondere das St\u00e4dtchens Trinidad, das neben viel Geschichte den Yachtcharter Kuba-Crews auch viele Bars und Cafes zu bieten hat, Wichtigste Mitbringsel: Rum und Zigarren.<\/p>\n<p>Das Yachtcharter-Angebot in Kuba w\u00e4chst laufend, da die Yachtcharter-T\u00f6rns hier immer beliebter werden. In Cienfuegos gibt es gleich drei Yachtcharter Kuba-St\u00fctzpunkte &#8211; ein weitere Yachtcharter Kuba-St\u00fctzpunkt befindet sich in der Marina Playa Ancon, nahe von Trinidad &#8211; ein perfekter Ausgangspunkt f\u00fcrT\u00f6rns in das s\u00fcd\u00f6stliche Yachtcharter Kuba-Revier mit den Jardines de la Reina.<\/p>\n<h3><strong>Charteryachten in Kuba:<\/strong><\/h3>\n<p><strong>Es gibt wichtige Yachtcharter-Flotten mit Segelyachten und Katamaranen f\u00fcr Bareboat-Charter in Kuba, die nicht in unserem Yachtfinder gelistet sind &#8211; bitte fragen Sie nach Angeboten. Und nat\u00fcrlich senden wir Ihnen gerne auch Angebote f\u00fcr die sch\u00f6nsten Luxus-Charteryachten mit Crew in dieser Region zu.<\/strong><\/p>\n<p><strong><a href=\"https:\/\/yachtcharter-connection.com\/de\/vermietung-von-luxusyachten-kuba\/\">Luxusyachten Kuba<\/a><\/strong><\/p>\n<p>&nbsp;<\/p>\n<h3><b>Yachtcharter Kuba &#8211; Navigation:<\/b><\/h3>\n<p><strong>Eine Liste mit Waypoints f\u00fcr Kuba und die Cayos finden Sie her: <a href=\"https:\/\/yachtcharter-connection.com\/wp-content\/uploads\/converted_files\/18916\/18916-56222586915ae.pdf\" target=\"_blank\" rel=\"noopener\"><u>Waypoints Kuba<\/u><\/a>.<\/strong><\/p>\n<p>&nbsp;<\/p>\n<h3><b>Yachtcharter Kuba &#8211; Nautische Literatur:<\/b><\/h3>\n<p>K\u00fcstenhandbuch Kuba: Der S\u00fcden mit Havanna \u2013 Bernhard Bartholmes \/ Hans-Peter Mayer<\/p>\n<h3>Yachtcharter Kuba &#8211; L\u00e4nderinformationen:<\/h3>\n<p>Amtssprache: Spanisch<br \/>\nHauptstadt: Havanna (Ciudad de La Habana)<\/p>\n<p>W\u00e4hrung: Offiziell Kubanischer Peso (Cub$, CUP)<br \/>\nZahlungsmittel f\u00fcr Yachtcharter-Touristen: Peso Convertible<\/p>\n<p>Uhrzeit: MEZ &#8211; 6 h UTC \/ GMT -5 h,<br \/>\nim Sommer MESZ &#8211; 5 h<\/p>\n<p>Netzspannung: 110 \/120 V &#8211; zweipolige amerikanische Steckdosen, Adapter ist erforderlich<\/p>\n<p>Wichtig: Yachtcharter-Crews m\u00fcssen bei der Einreise eine Reisekrankenversicherung vorlegen!<br \/>\n<strong><br \/>\nDie wichtigsten Flugh\u00e4fen f\u00fcr Yachtcharter-Crews:<\/strong><\/p>\n<p>&#8211; Havanna &#8211; HAV<br \/>\n&#8211; Cienfuegos &#8211; CFG<br \/>\n&#8211; Cayo Coco &#8211; CCC<br \/>\n&#8211; Cayo Largo &#8211; CYO<\/p>\n<table class=\"RegionsAndSubregions\" style=\"border-collapse: collapse;\" border=\"0\" cellspacing=\"0\">\n<tbody>\n<tr>\n<td>\n<div class=\"SubregionRepeaterTitle\">\n<h2><a href=\"https:\/\/yachtcharter-connection.com\/yachtcharter-kuba-cayo-largo\"> Kuba &#8211; Cayo Largo <\/a><\/h2>\n<\/div>\n<div class=\"SmallLinks\">\n<ul>\n<li><a class=\"SmallLinks\" title=\"\" href=\"https:\/\/yachtcharter-connection.com\/cayo-largo-668\"> Cayo Largo <\/a><\/li>\n<li><a class=\"SmallLinks\" title=\"\" href=\"https:\/\/yachtcharter-connection.com\/cienfuegos-951\"> Cienfuegos <\/a><\/li>\n<li><a class=\"SmallLinks\" title=\"\" href=\"https:\/\/yachtcharter-connection.com\/isla-juventud-898\"> Isla Juventud <\/a><\/li>\n<\/ul>\n<\/div>\n<\/td>\n<\/tr>\n<\/tbody>\n<\/table>\n","protected":false},"excerpt":{"rendered":"<p>Yachtcharter Kuba Vor dem Start des Yachtcharter-T\u00f6rns in Kuba steht f\u00fcr viele Yachtcharter Kuba-Crews ein Besuch in der Hauptstadt Havanna: Grellbunte Oldtimer-Karossen aus den 50er Jahren, kolossale Kolonialbauten zwischen v\u00f6llig heruntergekommenen Geb\u00e4uden, an jeder Ecke Musik \u00e0 la Buena Vista Social Club, \u00fcberall blicken Fidel Castro und Alt-Revolution\u00e4r Che Guevara<\/p>\n","protected":false},"author":11,"featured_media":0,"parent":101,"menu_order":0,"comment_status":"open","ping_status":"open","template":"","meta":[],"aioseo_notices":[],"_links":{"self":[{"href":"https:\/\/yachtcharter-connection.com\/de\/wp-json\/wp\/v2\/pages\/444"}],"collection":[{"href":"https:\/\/yachtcharter-connection.com\/de\/wp-json\/wp\/v2\/pages"}],"about":[{"href":"https:\/\/yachtcharter-connection.com\/de\/wp-json\/wp\/v2\/types\/page"}],"author":[{"embeddable":true,"href":"https:\/\/yachtcharter-connection.com\/de\/wp-json\/wp\/v2\/users\/11"}],"replies":[{"embeddable":true,"href":"https:\/\/yachtcharter-connection.com\/de\/wp-json\/wp\/v2\/comments?post=444"}],"version-history":[{"count":4,"href":"https:\/\/yachtcharter-connection.com\/de\/wp-json\/wp\/v2\/pages\/444\/revisions"}],"predecessor-version":[{"id":26929,"href":"https:\/\/yachtcharter-connection.com\/de\/wp-json\/wp\/v2\/pages\/444\/revisions\/26929"}],"up":[{"embeddable":true,"href":"https:\/\/yachtcharter-connection.com\/de\/wp-json\/wp\/v2\/pages\/101"}],"wp:attachment":[{"href":"https:\/\/yachtcharter-connection.com\/de\/wp-json\/wp\/v2\/media?parent=444"}],"curies":[{"name":"wp","href":"https:\/\/api.w.org\/{rel}","templated":true}]}}