{"id":445,"date":"2015-08-10T05:53:32","date_gmt":"2015-08-10T05:53:32","guid":{"rendered":"http:\/\/yachtcharter-connection.com.w01e47c6.kasserver.com\/yachtcharter-kapverden\/"},"modified":"2025-03-02T15:48:03","modified_gmt":"2025-03-02T13:48:03","slug":"yachtcharter-kapverden","status":"publish","type":"page","link":"https:\/\/yachtcharter-connection.com\/de\/land\/yachtcharter-kapverden\/","title":{"rendered":"Kapverden"},"content":{"rendered":"<h1>Yachtcharter Kapverden<\/h1>\n<p>&nbsp;<\/p>\n<p><iframe loading=\"lazy\" width=\"100%\" height=\"1000\" frameborder=\"0\" scrolling=\"auto\" src=\"https:\/\/www.booking-manager.com\/wbm2\/page.html?companyid=662&amp;setlang=de&amp;bm_view=SearchResult&amp;filter_flexibility=in_year&amp;sortBy=11&amp;sortDirection=-1&amp;filter_region=41\"><\/iframe><\/p>\n<p>&nbsp;<\/p>\n<p><a href=\"https:\/\/yachtcharter-connection.com\/wp-content\/uploads\/2015\/08\/Cape-Verde-Islands-Sailing-yachts800.jpg\"><img loading=\"lazy\" class=\"alignleft size-full wp-image-25026\" src=\"https:\/\/yachtcharter-connection.com\/wp-content\/uploads\/2015\/08\/Cape-Verde-Islands-Sailing-yachts800.jpg\" alt=\"Cape-Verde-Islands-Sailing yachts800\" width=\"600\" height=\"380\" srcset=\"https:\/\/yachtcharter-connection.com\/wp-content\/uploads\/2015\/08\/Cape-Verde-Islands-Sailing-yachts800.jpg 600w, https:\/\/yachtcharter-connection.com\/wp-content\/uploads\/2015\/08\/Cape-Verde-Islands-Sailing-yachts800-300x190.jpg 300w\" sizes=\"(max-width: 600px) 100vw, 600px\" \/><\/a>Das Yachtcharter-Revier Kapverdische Inseln war von einigen hundert Jahren eine der wichtigsten \u201eUmschlagpl\u00e4tze\u201c der Sklavenh\u00e4ndler \u2013 die Bev\u00f6lkerung, auf die Yachtcharter-Crews hier heute treffen, sind Nachkommen von Schwarzafrikanern, Portugiesen und anderen Europ\u00e4ern. Die Inseln sind arm, junge Leute, die weiterkommen wollen, wandern nach Portugal aus, Frauen, Kinder und die \u00e4lteren Leute bleiben zur\u00fcck \u2013 auf den Kapverden ist der Wohlstand noch lange nicht angekommen, aber allm\u00e4hlich tut sich etwas im Bereich der Infrastruktur f\u00fcr Bev\u00f6lkerung, Touristik und Yachtcharter.<\/p>\n<p>Yachtcharter-Crews \u00fcbernehmen die Segelyachten auf Sao Vicente in Mindelo &#8211; die Anreise zur Yachtcharter-Basis in Mindelo erfolgt \u00fcber Sal. Die flache Salzinsel ist die einzige, die touristisch mit mehreren gro\u00dfen Hotels erschlossen ist, und Standort des internationalen Flughafen. Der Weiterflug nach Mindelo ist nur ein kurzer \u201eHopser\u201c.<\/p>\n<p>Was das Catering auf dem Yachtcharter-T\u00f6rn: Was der Smutje und seine Yachtcharter-Crew brauchen und sehen, sollten sie gleich kaufen \u2013 es kann durchaus sein, dass der n\u00e4chste Supermarkt wieder einmal \u00fcberwiegend leere Regale hat. Die beste Verpflegung bringen Fischer direkt zur Charteryacht: frischen Thunfisch, Rotbarben und anderes Meeresgetier.<\/p>\n<p>Gelegentlich gibt es auch Yachtcharter-Angebote f\u00fcr Oneway-Yachtcharter-T\u00f6rns auf den Kapverden &#8211; von der Yachtcharter-Basis in Mindelo nach Sal oder retour.<\/p>\n<h3><strong><br \/>\nYachtcharter Kapverden &#8211; die verschiedenen Inseln<\/strong><\/h3>\n<p><img loading=\"lazy\" class=\"content-image\" src=\"https:\/\/yachtcharter-connection.com\/wp-content\/uploads\/converted_files\/18917\/18917-562225897b271.jpg\" alt=\"Yachtcharter-Kapverden-Kinder am Strand\" width=\"300\" height=\"225\" \/>Die meisten Yachtcharter-Crews bewegen sich fast ausschlie\u00dflich im n\u00f6rdlichen Teil der Inselgruppe. Santo Antao nordwestlich von Sao Vicente ist die gr\u00f6\u00dfte Insel. Am Strand von Tarafal spielen hier die Kinder \u2013 oft wahre Sch\u00f6nheiten mit blitzblauen Augen in dunklen Gesichtern lachen die Yachtcharter-Crews an, die Fischer flicken ihre Netze, die Frauen waschen die W\u00e4sche noch im Zuber \u2013 und am Ende der Playa gibt es sogar eine deutsche Pension. Der Dorflehrer, einer der wenigen, der au\u00dfer dem heimischen Kreolisch und Portugiesisch sogar des Franz\u00f6sischen m\u00e4chtig ist, fungiert in Personalunion als Strand- , Hafen- und B\u00fcrgermeister und freut sich \u00fcber interessierte Besucher und Yachtcharter-Crews, denen er auch schon einmal sein privates Wohnhaus zeigt. Sch\u00f6n zum Wandern: eine gef\u00fchrte Kratertour mit herrlichen Ausblicken auf Santo Antao, zerkl\u00fcftete Gipfel, Schluchten, T\u00e4ler, Wald und Tropenvegetation.<\/p>\n<p>Santa Lucia ist unbewohnt, klein, aber landschaftlich sehr sch\u00f6n &#8211; Yachtcharter-Crews k\u00f6nnen hier einen Ankerstopp auf dem Weg nach Sao Nicolau einlegen. San Nicolau wird von Bergmassiven, schwarzen Str\u00e4nden und viel gr\u00fcner Vegetation dominiert \u2013 zumindest hier wird viel Landwirtschaft betrieben.<\/p>\n<p>Wundersch\u00f6n und v\u00f6llig anders als die anderen Inseln pr\u00e4sentiert sich Boavista den Yachtcharter-Seglern: aufregende W\u00fcstenlandschaften mit Wanderd\u00fcnen, endlose unber\u00fchrte Str\u00e4nde (an einem liegt ein riesiges Schiffs-Wrack) \u2013 hier sp\u00fcren Yachtcharter-Crews die N\u00e4he zu Afrika besondes deutlich.<\/p>\n<p>&nbsp;<\/p>\n<h2><strong>Charteryachten Kapverden:<\/strong><\/h2>\n<p><strong>Es gibt Charterst\u00fctzpunkte in Mindelo und auf der Insel Sal, die Katamarane und Segelyachten anbieten &#8211; bitte fragen Sie uns nach Angeboten.<\/strong><\/p>\n<p>&nbsp;<\/p>\n<h3>Yachtcharter Kapverden \/ Republik Kap Verde &#8211; L\u00e4nderinformationen:<\/h3>\n<p>Amtssprache: Portugiesisch \/ Umgangssprache Crioulo \/ Kreolisch<br \/>\nHauptstadt: Praia<\/p>\n<p>Einreise-Dokumente: Reisepass und Visum (Antrag zum Download auf der Homepage der Botschaft, zum Teil bei Flug mit TACV auch Airport erh\u00e4ltlich)<\/p>\n<p>W\u00e4hrung: kapverdischer Escudo (CVE) &#8211; auch ECV<\/p>\n<p>Uhrzeit: MEZ &#8211; 2 Stunden &#8211; UTC \/ GMT -1 Stunde ,<\/p>\n<p>Netzspannung: 220 V<\/p>\n<p>Die wichtigsten Flugh\u00e4fen f\u00fcr Yachtcharter-Crews:<\/p>\n<p>&#8211; Sal Amilcar Cabral &#8211; SID &#8211; internationaler Airport<br \/>\n&#8211; Sao Vicente San Pedro &#8211; VXE &#8211; nahe bei der Yachtcharter-Basis in Mindelo<\/p>\n<p><b>Yachtcharter Segelrevier Kapverden &#8211; Literatur: <\/b><br \/>\nKapverdische Inseln \u2013 Aktueller nautischer T\u00f6rnf\u00fchrer von Kai Brossmann und Andr\u00e9 Megroz.<\/p>\n","protected":false},"excerpt":{"rendered":"<p>Yachtcharter Kapverden &nbsp; &nbsp; Das Yachtcharter-Revier Kapverdische Inseln war von einigen hundert Jahren eine der wichtigsten \u201eUmschlagpl\u00e4tze\u201c der Sklavenh\u00e4ndler \u2013 die Bev\u00f6lkerung, auf die Yachtcharter-Crews hier heute treffen, sind Nachkommen von Schwarzafrikanern, Portugiesen und anderen Europ\u00e4ern. Die Inseln sind arm, junge Leute, die weiterkommen wollen, wandern nach Portugal aus, Frauen,<\/p>\n","protected":false},"author":11,"featured_media":0,"parent":101,"menu_order":0,"comment_status":"open","ping_status":"open","template":"","meta":[],"aioseo_notices":[],"_links":{"self":[{"href":"https:\/\/yachtcharter-connection.com\/de\/wp-json\/wp\/v2\/pages\/445"}],"collection":[{"href":"https:\/\/yachtcharter-connection.com\/de\/wp-json\/wp\/v2\/pages"}],"about":[{"href":"https:\/\/yachtcharter-connection.com\/de\/wp-json\/wp\/v2\/types\/page"}],"author":[{"embeddable":true,"href":"https:\/\/yachtcharter-connection.com\/de\/wp-json\/wp\/v2\/users\/11"}],"replies":[{"embeddable":true,"href":"https:\/\/yachtcharter-connection.com\/de\/wp-json\/wp\/v2\/comments?post=445"}],"version-history":[{"count":6,"href":"https:\/\/yachtcharter-connection.com\/de\/wp-json\/wp\/v2\/pages\/445\/revisions"}],"predecessor-version":[{"id":31270,"href":"https:\/\/yachtcharter-connection.com\/de\/wp-json\/wp\/v2\/pages\/445\/revisions\/31270"}],"up":[{"embeddable":true,"href":"https:\/\/yachtcharter-connection.com\/de\/wp-json\/wp\/v2\/pages\/101"}],"wp:attachment":[{"href":"https:\/\/yachtcharter-connection.com\/de\/wp-json\/wp\/v2\/media?parent=445"}],"curies":[{"name":"wp","href":"https:\/\/api.w.org\/{rel}","templated":true}]}}