{"id":446,"date":"2015-08-10T05:53:32","date_gmt":"2015-08-10T05:53:32","guid":{"rendered":"http:\/\/yachtcharter-connection.com.w01e47c6.kasserver.com\/yachtcharter-deutschland\/"},"modified":"2017-07-11T02:15:09","modified_gmt":"2017-07-11T00:15:09","slug":"yachtcharter-deutschland","status":"publish","type":"page","link":"https:\/\/yachtcharter-connection.com\/de\/land\/yachtcharter-deutschland\/","title":{"rendered":"Deutschland"},"content":{"rendered":"<h3>Yachtcharter Deutschland<\/h3>\n<h4>\nYachtcharter Deutsche Ostsee<\/h4>\n<p>\n<img loading=\"lazy\" class=\"content-image\"  width=\"300\" height=\"200\" src=\"https:\/\/yachtcharter-connection.com\/wp-content\/uploads\/converted_files\/18918\/18918-5622258ae850a.jpg\" alt=\"Yachten Ostsee vor Leuchtturm Warnem\u00fcnde\" \/>Die Ostsee, das Hausrevier und Haupt-Yachtcharter-Revier deutscher Seesegler, ist bei Yachteignern und Yachtcharter-Skippern gleicherma\u00dfen beliebt: Die Yachtcharter- und Liegekosten sind moderat, die Anreise unproblematisch, die Vielseitigkeit des Reviers immens, die Navigation relativ einfach, da Missweisung und Gezeiten keine Rolle spielen.<\/p>\n<p>Allerdings ist das Wetter auch im Hochsommer sehr wechselhaft, h\u00e4ufiges Checken des Wetterberichtes ist Pflicht. Ausreichende Erfahrung sollten Yachtcharter-Skipper mitbringen: Das Revier ist aufgrund der regen Berufsschifffahrt, betonnten Verkehrswegen und der oft unstabilen Wetterbedingungen f\u00fcr Anf\u00e4nger nicht unbedingt geeignet. <\/p>\n<p>Yachtcharter-St\u00fctzpunkte gibt es an der ganzen deutschen K\u00fcste, fast so viele wie H\u00e4fen, Yachtcharter-Anbieter sitzen unter anderem in Eckernf\u00f6rde, Fehmarn, Flensburg, Heiligenhafen, Kappeln an der Schlei, Kiel, L\u00fcbeck, in Neustadt, der Marina Minde, in Greifswald, Rostock, Warnem\u00fcnde, Wismar, Stralsund und nat\u00fcrlich auf R\u00fcgen.<\/p>\n<p>Die K\u00fcste von Schleswig-Holstein ist mit Buchten wie der Schlei, der Flensburger F\u00f6rde und der Kieler oder L\u00fcbecker Bucht ein ziemlich gut gesch\u00fctztes Yachtcharter-Revier. In den neuen Bundesl\u00e4ndern sind es vor allen Dingen die Reviere rund um die Insel R\u00fcgen, die mit ihren landschaftlichen Reizen Yachtcharter anziehen. Die deutsche Ostseek\u00fcste ist nat\u00fcrlich auch ein idealer Ausgangspunkt f\u00fcr Yachtcharter-T\u00f6rns nach D\u00e4nemark, insbesondere in die D\u00e4nische S\u00fcdsee, und nach Schweden. Immer mehr Yachtcharter-Crews entdecken die K\u00fcsten Polens und des Baltikums als lohnende Ziele. Attraktive Gro\u00dfveranstaltungen wie die Kieler oder Travem\u00fcnder Woche oder die Hansesail bereichern auch das Yachtcharter-T\u00f6rnprogramm. <\/p>\n<h3>Yachtcharter Deutsche Binnenreviere<\/h3>\n<p>\n<img loading=\"lazy\" class=\"content-image\"  width=\"300\" height=\"218\" alt=\"Deutschland_Chiemsee_Sonnenuntergang\" src=\"..\/..\/..\/..\/Regions\/Images\/Germany_Chiemsee_Sunset.jpg_1.html\" \/>Die besten  Regattasegler kommen oft von den s\u00fcddeutschen Seen &ndash; mit drehenden Winden oder Flauten, die h\u00f6chste Konzentration verlangen, sind sie ebenso vertraut wie mit urpl\u00f6tzlich auftretenden Sommergewittern. Zwar sind die Seen im S\u00fcden und die Seenlandschaften im Osten keine typischen Reviere f\u00fcr Yachtcharter, die meisten Segler kommen aus der N\u00e4he und verbringen die Wochenenden auf ihren Booten. Dennoch kann es spannend sein, mal ein anderes als das Heimatrevier zu erkunden &#8211; etwa mit Yachtcharter auf dem Bayerischen Meer bei einem Chiemseet\u00f6rn rund um die Herreninsel mit dem K\u00f6nigsschluss vom M\u00e4rchenk\u00f6nig Kini Ludwig , Fraueninsel mit Fischerh\u00e4uschen und Krautinsel mit Abstechern in kleine H\u00e4fen mit guten Bayerischen Wirtsh\u00e4usern. Oder mit einer Drei-L\u00e4nder-Tour rund um den Bodensee, wo es mehrere Yachtcharter-St\u00fctzpunkte gibt &ndash; mit Entdeckung der deutschen, schweizerischen und \u00f6sterreichischen Kultur und K\u00fcche an den Ufern, einem Abstecher zu den Pfahlbauten in Unteruhldingen und einem Besuch auf der Insel Mainau. Mittlerweile gibt es am Bodensee eine gro\u00dfe Auswahl an Angeboten f\u00fcr Yachtcharter. <\/p>\n<p>Die Seenlandschaften im deutschen Osten sind eine nicht minder spannende Yachtcharter Destination mit der Mecklenburgischen Seenplatte und diversen Yachtcharter-St\u00fctzpunkten unter anderem an der M\u00fcritz. Per Segelboot oder auch per Hausboot lassen sich hier wundersch\u00f6ne Ferien verbringen. Mehr Infos \u00fcber das Revier Berlin \/ Brandenburg \/ Mecklenburg-Vorpommern gibt es bei <a target=\"_blank\" href=\"http:\/\/www.fts-berlin.com\">FTS-Berlin.<\/a><\/p>\n<table  class=\"RegionsAndSubregions\" cellspacing=\"0\" border=\"0\" style=\"border-collapse:collapse;\">\n<tbody>\n<tr>\n<td>\n<div class=\"SubregionRepeaterTitle\">\n<h2><a href=\"https:\/\/yachtcharter-connection.com\/yachtcharter-bodensee\"> Bodensee <\/h2>\n<\/div>\n<div class=\"SmallLinks\">\n<ul>\n<li><a class=\"SmallLinks\" href=\"https:\/\/yachtcharter-connection.com\/konstanz-395\" title=\"\"> Konstanz <\/a><\/li>\n<li><a class=\"SmallLinks\" href=\"https:\/\/yachtcharter-connection.com\/kressbronn-148\" title=\"\"> Kressbronn <\/a><\/li>\n<li><a class=\"SmallLinks\" href=\"https:\/\/yachtcharter-connection.com\/langenargen-618\" title=\"\"> Langenargen <\/a><\/li>\n<li><a class=\"SmallLinks\" href=\"https:\/\/yachtcharter-connection.com\/lindau-702\" title=\"\"> Lindau <\/a><\/li>\n<li><a class=\"SmallLinks\" href=\"https:\/\/yachtcharter-connection.com\/ludwigshafen-a-bodensee-322\" title=\"\"> Ludwigshafen a. Bodensee <\/a><\/li>\n<li><a class=\"SmallLinks\" href=\"https:\/\/yachtcharter-connection.com\/sipplingen-286\" title=\"\"> Sipplingen <\/a><\/li>\n<li><a class=\"SmallLinks\" href=\"https:\/\/yachtcharter-connection.com\/%c3%bcberlingen-288\" title=\"\"> \u00dcberlingen <\/a><\/li>\n<\/ul>\n<\/div>\n<\/td>\n<td>\n<div class=\"SubregionRepeaterTitle\">\n<h2><a href=\"https:\/\/yachtcharter-connection.com\/yachtcharter-chiemsee\"> Chiemsee <\/h2>\n<\/div>\n<div class=\"SmallLinks\">\n<ul>\n<li><a class=\"SmallLinks\" href=\"https:\/\/yachtcharter-connection.com\/gollenshausen-am-chiemsee-152\" title=\"\"> Gollenshausen am Chiemsee <\/a><\/li>\n<\/ul>\n<\/div>\n<\/td>\n<\/tr>\n<tr>\n<td>\n<div class=\"SubregionRepeaterTitle\">\n<h2><a href=\"https:\/\/yachtcharter-connection.com\/yachtcharter-deutsche-ostsee\"> Deutsche Ostsee <\/h2>\n<\/div>\n<div class=\"SmallLinks\">\n<ul>\n<li><a class=\"SmallLinks\" href=\"https:\/\/yachtcharter-connection.com\/eckernf%c3%b6rde-484\" title=\"\"> Eckernf\u00f6rde <\/a><\/li>\n<li><a class=\"SmallLinks\" href=\"https:\/\/yachtcharter-connection.com\/fehmarn-burgtiefe-370\" title=\"\"> Fehmarn \/ Burgtiefe <\/a><\/li>\n<li><a class=\"SmallLinks\" href=\"https:\/\/yachtcharter-connection.com\/flensburg-320\" title=\"\"> Flensburg <\/a><\/li>\n<li><a class=\"SmallLinks\" href=\"https:\/\/yachtcharter-connection.com\/greifswald-465\" title=\"\"> Greifswald <\/a><\/li>\n<li><a class=\"SmallLinks\" href=\"https:\/\/yachtcharter-connection.com\/yachtcharter-gro%c3%9fenbrode-heiligenhafen\" title=\"\"> Gro\u00dfenbrode (Heiligenhafen) <\/a><\/li>\n<li><a class=\"SmallLinks\" href=\"https:\/\/yachtcharter-connection.com\/heiligenhafen-669\" title=\"\"> Heiligenhafen <\/a><\/li>\n<li><a class=\"SmallLinks\" href=\"https:\/\/yachtcharter-connection.com\/kappeln-893\" title=\"\"> Kappeln <\/a><\/li>\n<li><a class=\"SmallLinks\" href=\"https:\/\/yachtcharter-connection.com\/kiel-228\" title=\"\"> Kiel <\/a><\/li>\n<li><a class=\"SmallLinks\" href=\"https:\/\/yachtcharter-connection.com\/l%c3%bcbeck-700\" title=\"\"> L\u00fcbeck <\/a><\/li>\n<li><a class=\"SmallLinks\" href=\"https:\/\/yachtcharter-connection.com\/marina-minde-928\" title=\"\"> Marina Minde <\/a><\/li>\n<li><a class=\"SmallLinks\" href=\"https:\/\/yachtcharter-connection.com\/neustadt-795\" title=\"\"> Neustadt <\/a><\/li>\n<li><a class=\"SmallLinks\" href=\"https:\/\/yachtcharter-connection.com\/rostock-168\" title=\"\"> Rostock <\/a><\/li>\n<li><a class=\"SmallLinks\" href=\"https:\/\/yachtcharter-connection.com\/r%c3%bcgen-breege-381\" title=\"\"> R\u00fcgen \/ Breege <\/a><\/li>\n<li><a class=\"SmallLinks\" href=\"https:\/\/yachtcharter-connection.com\/r%c3%bcgen-glowe-934\" title=\"\"> R\u00fcgen \/ Glowe <\/a><\/li>\n<li><a class=\"SmallLinks\" href=\"https:\/\/yachtcharter-connection.com\/r%c3%bcgen-lauterbach-343\" title=\"\"> R\u00fcgen \/ Lauterbach <\/a><\/li>\n<li><a class=\"SmallLinks\" href=\"https:\/\/yachtcharter-connection.com\/r%c3%bcgen-schaprode-492\" title=\"\"> R\u00fcgen \/ Schaprode <\/a><\/li>\n<li><a class=\"SmallLinks\" href=\"https:\/\/yachtcharter-connection.com\/stralsund-815\" title=\"\"> Stralsund <\/a><\/li>\n<li><a class=\"SmallLinks\" href=\"https:\/\/yachtcharter-connection.com\/wismar-509\" title=\"\"> Wismar <\/a><\/li>\n<\/ul>\n<\/div>\n<\/td>\n<td>\n<div class=\"SubregionRepeaterTitle\">\n<h2><a href=\"https:\/\/yachtcharter-connection.com\/yachtcharter-havelland-berlin\"> Havelland &#8211; Berlin <\/h2>\n<\/div>\n<div class=\"SmallLinks\">\n<ul>\n<li><a class=\"SmallLinks\" href=\"https:\/\/yachtcharter-connection.com\/yachtcharter-berlin-k%c3%b6penick\" title=\"\"> Berlin \/ K\u00f6penick <\/a><\/li>\n<li><a class=\"SmallLinks\" href=\"https:\/\/yachtcharter-connection.com\/brandenburg-943\" title=\"\"> Brandenburg <\/a><\/li>\n<li><a class=\"SmallLinks\" href=\"https:\/\/yachtcharter-connection.com\/potsdam-691\" title=\"\"> Potsdam <\/a><\/li>\n<li><a class=\"SmallLinks\" href=\"https:\/\/yachtcharter-connection.com\/spandau-599\" title=\"\"> Spandau <\/a><\/li>\n<li><a class=\"SmallLinks\" href=\"https:\/\/yachtcharter-connection.com\/yachtcharter-werder-havel\" title=\"\"> Werder Havel <\/a><\/li>\n<\/ul>\n<\/div>\n<\/td>\n<\/tr>\n<tr>\n<td>\n<div class=\"SubregionRepeaterTitle\">\n<h2><a href=\"https:\/\/yachtcharter-connection.com\/yachtcharter-mecklenburgische-seenplatte-brandenburg\"> Mecklenburgische Seenplatte \/ Brandenburg <\/h2>\n<\/div>\n<div class=\"SmallLinks\">\n<ul>\n<li><a class=\"SmallLinks\" href=\"https:\/\/yachtcharter-connection.com\/f%c3%bcrstenberg-an-der-havel-174\" title=\"\"> F\u00fcrstenberg an der Havel <\/a><\/li>\n<li><a class=\"SmallLinks\" href=\"https:\/\/yachtcharter-connection.com\/yachtcharter-lenzer-hafen\" title=\"\"> Lenzer Hafen <\/a><\/li>\n<li><a class=\"SmallLinks\" href=\"https:\/\/yachtcharter-connection.com\/l%c3%bcbz-431\" title=\"\"> L\u00fcbz <\/a><\/li>\n<li><a class=\"SmallLinks\" href=\"https:\/\/yachtcharter-connection.com\/m%c3%bcritz-malchow-223\" title=\"\"> Malchow <\/a><\/li>\n<li><a class=\"SmallLinks\" href=\"https:\/\/yachtcharter-connection.com\/marina-wolfsbruch-917\" title=\"\"> Marina Wolfsbruch <\/a><\/li>\n<li><a class=\"SmallLinks\" href=\"https:\/\/yachtcharter-connection.com\/yachtcharter-m%c3%bcritz-buchholz\" title=\"\"> M\u00fcritz \/ Buchholz <\/a><\/li>\n<li><a class=\"SmallLinks\" href=\"https:\/\/yachtcharter-connection.com\/m%c3%bcritz-hafendorf-m%c3%bcritz-453\" title=\"\"> M\u00fcritz \/ Hafendorf M\u00fcritz <\/a><\/li>\n<li><a class=\"SmallLinks\" href=\"https:\/\/yachtcharter-connection.com\/m%c3%bcritz-jabel-945\" title=\"\"> M\u00fcritz \/ Jabel <\/a><\/li>\n<li><a class=\"SmallLinks\" href=\"https:\/\/yachtcharter-connection.com\/m%c3%bcritz-marina-claassee-858\" title=\"\"> M\u00fcritz \/ Marina Claassee <\/a><\/li>\n<li><a class=\"SmallLinks\" href=\"https:\/\/yachtcharter-connection.com\/m%c3%bcritz-waren-994\" title=\"\"> M\u00fcritz \/ Waren <\/a><\/li>\n<li><a class=\"SmallLinks\" href=\"https:\/\/yachtcharter-connection.com\/rheinsberg-276\" title=\"\"> Rheinsberg <\/a><\/li>\n<li><a class=\"SmallLinks\" href=\"https:\/\/yachtcharter-connection.com\/yachtcharter-zehdenick\" title=\"\"> Zehdenick <\/a><\/li>\n<\/ul>\n<\/div>\n<\/td>\n<td>\n<div class=\"SubregionRepeaterTitle\">\n<h2><a href=\"https:\/\/yachtcharter-connection.com\/yachtcharter-neckar\"> Neckar <\/h2>\n<\/div>\n<div class=\"SmallLinks\">\n<ul>\n<li><a class=\"SmallLinks\" href=\"https:\/\/yachtcharter-connection.com\/hassmersheim-567\" title=\"\"> Hassmersheim <\/a><\/li>\n<li><a class=\"SmallLinks\" href=\"https:\/\/yachtcharter-connection.com\/zzz-test-only-357\" title=\"\"> ZZZ-Test_only <\/a><\/li>\n<\/ul>\n<\/div>\n<\/td>\n<\/tr>\n<tr>\n<td>\n<div class=\"SubregionRepeaterTitle\">\n<h2><a href=\"https:\/\/yachtcharter-connection.com\/yachtcharter-nord-ostsee-kanal\"> Nord-Ostsee-Kanal <\/h2>\n<\/div>\n<div class=\"SmallLinks\">\n<ul>\n<li><a class=\"SmallLinks\" href=\"https:\/\/yachtcharter-connection.com\/yachtcharter-hamburg\" title=\"\"> Hamburg <\/a><\/li>\n<li><a class=\"SmallLinks\" href=\"https:\/\/yachtcharter-connection.com\/rendsburg-956\" title=\"\"> Rendsburg <\/a><\/li>\n<\/ul>\n<\/div>\n<\/td>\n<td>\n<div class=\"SubregionRepeaterTitle\">\n<h2><a href=\"https:\/\/yachtcharter-connection.com\/yachtcharter-saarland\"> Saar \/ Mosel <\/h2>\n<\/div>\n<div class=\"SmallLinks\">\n<ul>\n<li><a class=\"SmallLinks\" href=\"https:\/\/yachtcharter-connection.com\/yachtcharter-saar-merzig\" title=\"\"> Saar \/ Merzig <\/a><\/li>\n<li><a class=\"SmallLinks\" href=\"https:\/\/yachtcharter-connection.com\/saarbr%c3%bccken-734\" title=\"\"> Saarbr\u00fccken <\/a><\/li>\n<\/ul>\n<\/div>\n<\/td>\n<\/tr>\n<tr><\/tr>\n<\/tbody>\n<\/table>\n","protected":false},"excerpt":{"rendered":"<p>Yachtcharter Deutschland Yachtcharter Deutsche Ostsee Die Ostsee, das Hausrevier und Haupt-Yachtcharter-Revier deutscher Seesegler, ist bei Yachteignern und Yachtcharter-Skippern gleicherma\u00dfen beliebt: Die Yachtcharter- und Liegekosten sind moderat, die Anreise unproblematisch, die Vielseitigkeit des Reviers immens, die Navigation relativ einfach, da Missweisung und Gezeiten keine Rolle spielen. Allerdings ist das Wetter auch<\/p>\n","protected":false},"author":11,"featured_media":0,"parent":101,"menu_order":0,"comment_status":"open","ping_status":"open","template":"","meta":[],"aioseo_notices":[],"_links":{"self":[{"href":"https:\/\/yachtcharter-connection.com\/de\/wp-json\/wp\/v2\/pages\/446"}],"collection":[{"href":"https:\/\/yachtcharter-connection.com\/de\/wp-json\/wp\/v2\/pages"}],"about":[{"href":"https:\/\/yachtcharter-connection.com\/de\/wp-json\/wp\/v2\/types\/page"}],"author":[{"embeddable":true,"href":"https:\/\/yachtcharter-connection.com\/de\/wp-json\/wp\/v2\/users\/11"}],"replies":[{"embeddable":true,"href":"https:\/\/yachtcharter-connection.com\/de\/wp-json\/wp\/v2\/comments?post=446"}],"version-history":[{"count":1,"href":"https:\/\/yachtcharter-connection.com\/de\/wp-json\/wp\/v2\/pages\/446\/revisions"}],"predecessor-version":[{"id":12315,"href":"https:\/\/yachtcharter-connection.com\/de\/wp-json\/wp\/v2\/pages\/446\/revisions\/12315"}],"up":[{"embeddable":true,"href":"https:\/\/yachtcharter-connection.com\/de\/wp-json\/wp\/v2\/pages\/101"}],"wp:attachment":[{"href":"https:\/\/yachtcharter-connection.com\/de\/wp-json\/wp\/v2\/media?parent=446"}],"curies":[{"name":"wp","href":"https:\/\/api.w.org\/{rel}","templated":true}]}}