{"id":447,"date":"2015-08-10T05:53:32","date_gmt":"2015-08-10T05:53:32","guid":{"rendered":"http:\/\/yachtcharter-connection.com.w01e47c6.kasserver.com\/yachtcharter-spanien\/"},"modified":"2024-01-28T13:12:39","modified_gmt":"2024-01-28T11:12:39","slug":"yachtcharter-spanien","status":"publish","type":"page","link":"https:\/\/yachtcharter-connection.com\/de\/land\/yachtcharter-spanien\/","title":{"rendered":"Spanien"},"content":{"rendered":"<h1><strong>Yachtcharter Spanien<\/strong><\/h1>\n<p><iframe loading=\"lazy\" class=\"wbm\" src=\"https:\/\/www.booking-manager.com\/wbm2\/page.html?companyid=662&amp;setlang=de&amp;view=SmallSearchForm&amp;hidetitle=true&amp;target=_top&amp;controllerPage=https:\/\/yachtcharter-connection.com\/mmk-results-en&amp;target=_top&amp;filter_country=ES\" frameborder=\"0\" height=\"200\" width=\"100%\" scrolling=\"yes\" id=\"wbmResult\"><\/iframe><\/p>\n<p><a href=\"https:\/\/yachtcharter-connection.com\/wp-content\/uploads\/2015\/08\/Spain-yacht-charters.jpg\"><img loading=\"lazy\" class=\"alignleft size-full wp-image-25474\" src=\"https:\/\/yachtcharter-connection.com\/wp-content\/uploads\/2015\/08\/Spain-yacht-charters.jpg\" alt=\"Yachtcharter Spanien - Balearen\" width=\"501\" height=\"333\" srcset=\"https:\/\/yachtcharter-connection.com\/wp-content\/uploads\/2015\/08\/Spain-yacht-charters.jpg 501w, https:\/\/yachtcharter-connection.com\/wp-content\/uploads\/2015\/08\/Spain-yacht-charters-300x199.jpg 300w\" sizes=\"(max-width: 501px) 100vw, 501px\" \/><\/a>Spanien ist seit Jahrhunderten Seefahrernation, noch heute streitet man sich mit den Italienern darum, welches nun das Heimatland von Christoph Columbus war. Tatsache ist, dass der spanische K\u00f6nig seine Reise in die neue Welt finanzierte. Auch heute gehen die meisten Spanier und gern aufs Wasser, egal, ob im alten Fischerboot, der modernen Motoryacht oder unter wei\u00dfen Segeln, sie nutzen das hervorragende Yachtcharter-Angebot in Spanien selbst sehr gern. Schon Kinder aus den K\u00fcstenregionen lernen Segeln im Sportunterricht. Dementsprechend gut ist das Yachtcharter-Revier Spanien f\u00fcr den Nautik-Tourismus mit Yachtcharter Spanien-Crews aus aler Welt ger\u00fcstet, der seit Jahren boomt.<\/p>\n<p>Spanien bietet gleich mehrere sch\u00f6ne Yachtcharter-Regionen mit h\u00f6chst unterschiedlichsten Facetten: Die<span style=\"color: #0000ff;\"><a style=\"color: #0000ff;\" href=\"https:\/\/yachtcharter-connection.com\/de\/regionen\/mittelmeer\/yachtcharter-balearen-mallorca-menorca-ibiza\/\" target=\"_blank\" rel=\"noopener\"> Balearen<\/a><\/span> als wichtigste Yachtcharter-Destination in Spanien, die spanische Mittelmeerk\u00fcste, angefangen von der <a href=\"https:\/\/yachtcharter-connection.com\/de\/regionen\/mittelmeer\/yachtcharter-spanische-k%c3%bcste\/\">Costa Brava<\/a> im Norden bis zur <a href=\"https:\/\/yachtcharter-connection.com\/de\/regionen\/mittelmeer\/yachtcharter-andalusien-costa-del-sol\/\" target=\"_blank\" rel=\"noopener\">Costa del Sol<\/a> im S\u00fcden, und im Atlantik die <a href=\"https:\/\/yachtcharter-connection.com\/de\/regionen\/atlantik-westafrika\/yachtcharter-kanarische-inseln\/\" target=\"_blank\" rel=\"noopener\">Kanarischen Inseln<\/a> als Starkwindrevier f\u00fcr erfahrene Yachtcharter-Crews. Allen Regionen gemeinsam ist die gute Infrastruktur f\u00fcr Yachtcharter und die leichte Erreichbarkeit dank vieler Flugverbindungen. Im Prinzip eignen sich auch alle als Ganzjahres-Ziel, wobei die Kanaren eher im Winter angesteuert werden, die Costa Brava eher ein Sommerziel ist und auf den Balearen die Yachtcharter-Saison von April bis in den November hinein dauert. S\u00fcdspanien ist auch im Winter meist sch\u00f6n, das Wasser des Mittelmeeres dann allerdings zum Baden doch zu kalt.<\/p>\n<p>Die Balearen mit den Inseln<a href=\"https:\/\/yachtcharter-connection.com\/de\/mallorca\/\"> Mallorca<\/a>, <a href=\"https:\/\/yachtcharter-connection.com\/de\/menorca\/\" target=\"_blank\" rel=\"noopener\">Menorca<\/a>, <a href=\"https:\/\/yachtcharter-connection.com\/de\/ibiza-1\/\">Ibiza<\/a>, Formentera , Espalmador und dem Cabrera-Archipel sind mit \u00fcberwiegend schw\u00e4cheren Winden und anspruchsloser Navigation f\u00fcr Segelneulinge als Yachtcharter Spanien-Revier bestens geeignet \u2013 hier gibt es auch das mit Abstand gr\u00f6\u00dfte Angebot an Charteryachten. Besonders an Mallorcas Ostk\u00fcste liegen die Buchten oder H\u00e4fen im Abstand von zwei bis f\u00fcnf Meilen. Deshalb ist dieses Revier auch f\u00fcr Familien mit Kindern ideal geeignet \u2013 im Gegensatz zu den Kanaren mit langen Distanzen, rauem Seegang und oft starkem Wind.<\/p>\n<p>&nbsp;<\/p>\n<h2><strong>Charteryachten Spanien:<\/strong><\/h2>\n<p><strong><img loading=\"lazy\" class=\"content-image\" src=\"https:\/\/yachtcharter-connection.com\/wp-content\/uploads\/converted_files\/18919\/18919-5622258c62b4e.jpg\" alt=\"Segeln in Spanien - Bucht auf den Balearen - Mallorca\" width=\"300\" height=\"200\" \/>Es gibt grosse Yachtcharter-Flotten mit Segelyachte, Katamaranen und Motorbooten f\u00fcr Bareboat-Charter in Spanien, insbesondere auf den Balearen und den Kanaren. Schauen Sie nach in unserem Yachtfinder, oder fragen Sie nach Angeboten. Und nat\u00fcrlich senden wir Ihnen gerne auch Angebote f\u00fcr\u00a0 die sch\u00f6nsten Luxus-Charteryachten mit Crew in Spanien zu.<\/strong><\/p>\n<h2><\/h2>\n<h2><\/h2>\n<h2><strong>Luxusyacht-Charter Spanien<\/strong><\/h2>\n<p><strong>Insbesondere die Balearen sind eine \u00e4usserst beliebte Destination f\u00fcr Luxusyacht-Charter,\u00a0 Superyacht-Charter oder Charter auf Luxuskatamaranen mit Crew . Hier finden Sie mehr Informationen \u00fcber<span style=\"color: #0000ff;\"><a style=\"color: #0000ff;\" href=\"https:\/\/yachtcharter-connection.com\/de\/luxusyachten-mallorca-ibiza-balearen\/\" target=\"_blank\" rel=\"noopener\"> Luxusyacht-Charter auf den Balearen<\/a><\/span> Wir organisieren gerne Ihren Luxusyacht-Charterurlaub auf den Balearen oder an der spanischen Festlandsk\u00fcste \u2013 bitte fragen Sie nach Angeboten!<\/strong><\/p>\n<p>&nbsp;<\/p>\n<p><b>Yachtcharter Spanien &#8211; Nautische Literatur:<\/b><\/p>\n<p>Die Balearen: Pl\u00e4ne, und Luftbilder von H\u00e4fen und Ankerpl\u00e4tzen \u2013 Bernhard Bartholmes, Edition Maritim<\/p>\n<p>T\u00f6rnf\u00fchrer Balearen \u2013 Gerd Radspieler<\/p>\n<p>Kanarische Inseln und Madeira \u2013 Klaus Rhein, Edition Mariti<\/p>\n<p>Canary Islands Cruising Guide \u2013 Jimmy Cornell<\/p>\n<p>Zahlreiche Marina-Guides der spanischen Hafen-Organisationen und Fremdenverkehrs\u00e4mter<br \/>\n<strong><br \/>\nYachtcharter Spanien &#8211; L\u00e4nderinformationen:<\/strong><\/p>\n<p>Amtssprache: Spanisch, in Katalonien und auf den Balearen auch Katalanisch<br \/>\nHauptstadt: Madrid<\/p>\n<p>W\u00e4hrung: Euro (EUR)<\/p>\n<p>Uhrzeit: MEZ &#8211; UTC \/ GMT + 1 Stunden, auf den Kanaren UTC \/ GMT &#8211;<br \/>\nim Sommer MESZ Mitteleurop\u00e4ische Sommerzeit bzw. auf den Kanaren MESZ -1<\/p>\n<p>Netzspannung: 220 V<\/p>\n<p>Die wichtigsten Flugh\u00e4fen f\u00fcr Yachtcharter Spanien-Crews:<\/p>\n<p>Yachtcharter Balearen<br \/>\n&#8211; Palma de Mallorca &#8211; PMI<br \/>\n&#8211; Ibiza &#8211; IBZ<br \/>\n&#8211; Menorca &#8211; MAH<\/p>\n<p>Yachtcharter Spanische Mittelmeerk\u00fcste<br \/>\n&#8211; Barcelona &#8211; BCN<br \/>\n&#8211; Valencia &#8211; VLC<br \/>\n&#8211; Malaga &#8211; AGP<\/p>\n<p>Yachtcharter Kanarische Inseln<br \/>\n&#8211; Teneriffa S\u00fcd &#8211; TFS<br \/>\n&#8211; Teneriffa Nord &#8211; TFN<br \/>\n&#8211; Las Palmas \/ Gran Canaria &#8211; LPA<br \/>\n&#8211; Arrecife \/ Lanzarote &#8211; ACE<\/p>\n<table class=\"RegionsAndSubregions\" style=\"border-collapse: collapse;\" border=\"0\" cellspacing=\"0\">\n<tbody>\n<tr>\n<td>\n<div class=\"SubregionRepeaterTitle\">\n<h2><a href=\"https:\/\/yachtcharter-connection.com\/yachtcharter-algarve-costa-de-la-luz\"> Algarve &#8211; Costa de la Luz <\/a><\/h2>\n<\/div>\n<div class=\"SmallLinks\">\n<ul>\n<li><a class=\"SmallLinks\" title=\"\" href=\"https:\/\/yachtcharter-connection.com\/huelva-315\"> Huelva <\/a><\/li>\n<li><a class=\"SmallLinks\" title=\"\" href=\"https:\/\/yachtcharter-connection.com\/mazagon-146\"> Mazag\u00f3n <\/a><\/li>\n<li><a class=\"SmallLinks\" title=\"\" href=\"https:\/\/yachtcharter-connection.com\/punta-umbria-580\"> Punta Umbr\u00eda <\/a><\/li>\n<\/ul>\n<\/div>\n<\/td>\n<td>\n<div class=\"SubregionRepeaterTitle\">\n<h2><a href=\"https:\/\/yachtcharter-connection.com\/yachtcharter-andalusien-costa-del-sol\"> Andalusien \/ Costa del Sol <\/a><\/h2>\n<\/div>\n<div class=\"SmallLinks\">\n<ul>\n<li><a class=\"SmallLinks\" title=\"\" href=\"https:\/\/yachtcharter-connection.com\/estepona-136\"> Estepona <\/a><\/li>\n<li><a class=\"SmallLinks\" title=\"\" href=\"https:\/\/yachtcharter-connection.com\/malaga-878\"> Malaga <\/a><\/li>\n<li><a class=\"SmallLinks\" title=\"\" href=\"https:\/\/yachtcharter-connection.com\/yachtcharter-marbella\"> Marbella <\/a><\/li>\n<\/ul>\n<\/div>\n<\/td>\n<\/tr>\n<tr>\n<td>\n<div class=\"SubregionRepeaterTitle\">\n<h2><a href=\"https:\/\/yachtcharter-connection.com\/yachtcharter-balearen-mallorca-menorca-ibiza\"> Balearen (Mallorca &#8211; Menorca &#8211; Ibiza) <\/a><\/h2>\n<\/div>\n<div class=\"SmallLinks\">\n<ul>\n<li><a class=\"SmallLinks\" title=\"\" href=\"https:\/\/yachtcharter-connection.com\/cala-d-or-795\"> Cala D&#8217; Or <\/a><\/li>\n<li><a class=\"SmallLinks\" title=\"\" href=\"https:\/\/yachtcharter-connection.com\/ibiza-eivissa-883\"> Ibiza \/ Eivissa <\/a><\/li>\n<li><a class=\"SmallLinks\" title=\"\" href=\"https:\/\/yachtcharter-connection.com\/ibiza-san-antonio-329\"> Ibiza \/ San Antonio <\/a><\/li>\n<li><a class=\"SmallLinks\" title=\"\" href=\"https:\/\/yachtcharter-connection.com\/ibiza-st-eularia-120\"> Ibiza \/ St. Eularia <\/a><\/li>\n<li><a class=\"SmallLinks\" title=\"\" href=\"https:\/\/yachtcharter-connection.com\/mallorca-cala-d-or-155\"> Mallorca \/ Cala d&#8217; Or <\/a><\/li>\n<li><a class=\"SmallLinks\" title=\"\" href=\"https:\/\/yachtcharter-connection.com\/mallorca-ca-n-pastilla-2\"> Mallorca \/ Ca\u2019 n Pastilla <\/a><\/li>\n<li><a class=\"SmallLinks\" title=\"\" href=\"https:\/\/yachtcharter-connection.com\/mallorca-el-arenal-974\"> Mallorca \/ El Arenal <\/a><\/li>\n<li><a class=\"SmallLinks\" title=\"\" href=\"https:\/\/yachtcharter-connection.com\/mallorca-palma-de-mallorca-404\"> Mallorca \/ Palma de Mallorca <\/a><\/li>\n<li><a class=\"SmallLinks\" title=\"\" href=\"https:\/\/yachtcharter-connection.com\/mallorca-port-d-andratx-972\"> Mallorca \/ Port d&#8217; Andratx <\/a><\/li>\n<li><a class=\"SmallLinks\" title=\"\" href=\"https:\/\/yachtcharter-connection.com\/mallorca-porto-cristo-164\"> Mallorca \/ Porto Cristo <\/a><\/li>\n<li><a class=\"SmallLinks\" title=\"\" href=\"https:\/\/yachtcharter-connection.com\/mallorca-porto-petro-507\"> Mallorca \/ Porto Petro <\/a><\/li>\n<li><a class=\"SmallLinks\" title=\"\" href=\"https:\/\/yachtcharter-connection.com\/mallorca-portocolom-497\"> Mallorca \/ Portocolom <\/a><\/li>\n<li><a class=\"SmallLinks\" title=\"\" href=\"https:\/\/yachtcharter-connection.com\/mallorca-puerto-adriano-835\"> Mallorca \/ Puerto Adriano <\/a><\/li>\n<li><a class=\"SmallLinks\" title=\"\" href=\"https:\/\/yachtcharter-connection.com\/mallorca-puerto-de-alcudia-719\"> Mallorca \/ Puerto de Alc\u00fadia <\/a><\/li>\n<li><a class=\"SmallLinks\" title=\"\" href=\"https:\/\/yachtcharter-connection.com\/mallorca-puerto-pollensa-455\"> Mallorca \/ Puerto Pollensa <\/a><\/li>\n<li><a class=\"SmallLinks\" title=\"\" href=\"https:\/\/yachtcharter-connection.com\/mallorca-puerto-portals-527\"> Mallorca \/ Puerto Portals <\/a><\/li>\n<li><a class=\"SmallLinks\" title=\"\" href=\"https:\/\/yachtcharter-connection.com\/yachtcharter-mallorca-sestanyol-de-migjorn\"> Mallorca \/ S\u2019Estanyol de Migjorn <\/a><\/li>\n<li><a class=\"SmallLinks\" title=\"\" href=\"https:\/\/yachtcharter-connection.com\/yachtcharter-menorca-ciutadella\"> Menorca \/ Ciutadella <\/a><\/li>\n<li><a class=\"SmallLinks\" title=\"\" href=\"https:\/\/yachtcharter-connection.com\/menorca-mahon-655\"> Menorca \/ Mah\u00f3n <\/a><\/li>\n<\/ul>\n<\/div>\n<\/td>\n<td>\n<div class=\"SubregionRepeaterTitle\">\n<h2><a href=\"https:\/\/yachtcharter-connection.com\/yachtcharter-galicien-spanische-atlantikk%c3%bcste\"> Galicien \/ Spanische Atlantikk\u00fcste <\/a><\/h2>\n<\/div>\n<div class=\"SmallLinks\">\n<ul>\n<li><a class=\"SmallLinks\" title=\"\" href=\"https:\/\/yachtcharter-connection.com\/yachtcharter-porto\"> Porto <\/a><\/li>\n<li><a class=\"SmallLinks\" title=\"\" href=\"https:\/\/yachtcharter-connection.com\/vigo-469\"> Vigo <\/a><\/li>\n<\/ul>\n<\/div>\n<\/td>\n<\/tr>\n<tr>\n<td>\n<div class=\"SubregionRepeaterTitle\">\n<h2><a href=\"https:\/\/yachtcharter-connection.com\/yachtcharter-kanarische-inseln\"> Kanarische Inseln <\/a><\/h2>\n<\/div>\n<div class=\"SmallLinks\">\n<ul>\n<li><a class=\"SmallLinks\" title=\"\" href=\"https:\/\/yachtcharter-connection.com\/gran-canaria-las-palmas-de-gran-canaria-802\"> Gran Canaria \/ Las Palmas de Gran Canaria <\/a><\/li>\n<li><a class=\"SmallLinks\" title=\"\" href=\"https:\/\/yachtcharter-connection.com\/gran-canaria-puerto-de-mogan-986\"> Gran Canaria \/ Puerto de Mogan <\/a><\/li>\n<li><a class=\"SmallLinks\" title=\"\" href=\"https:\/\/yachtcharter-connection.com\/gran-canaria-puerto-rico-295\"> Gran Canaria \/ Puerto Rico <\/a><\/li>\n<li><a class=\"SmallLinks\" title=\"\" href=\"https:\/\/yachtcharter-connection.com\/la-gomera-san-sebastian-692\"> La Gomera \/ San Sebasti\u00e0n <\/a><\/li>\n<li><a class=\"SmallLinks\" title=\"\" href=\"https:\/\/yachtcharter-connection.com\/yachtcharter-lanzarote-arrecife\"> Lanzarote \/ Arrecife <\/a><\/li>\n<li><a class=\"SmallLinks\" title=\"\" href=\"https:\/\/yachtcharter-connection.com\/yachtcharter-lanzarote-isla-graciosa-caleta-de-sebo\"> Lanzarote \/ Isla Graciosa \/ Caleta de Sebo <\/a><\/li>\n<li><a class=\"SmallLinks\" title=\"\" href=\"https:\/\/yachtcharter-connection.com\/lanzarote-marina-rubicon-383\"> Lanzarote \/ Marina Rubicon <\/a><\/li>\n<li><a class=\"SmallLinks\" title=\"\" href=\"https:\/\/yachtcharter-connection.com\/lanzarote-puerto-calero-538\"> Lanzarote \/ Puerto Calero <\/a><\/li>\n<li><a class=\"SmallLinks\" title=\"\" href=\"https:\/\/yachtcharter-connection.com\/las-palmas-604\"> Las Palmas <\/a><\/li>\n<li><a class=\"SmallLinks\" title=\"\" href=\"https:\/\/yachtcharter-connection.com\/teneriffa-arona-las-galletas\"> Teneriffa \/ Las Galletas <\/a><\/li>\n<li><a class=\"SmallLinks\" title=\"\" href=\"https:\/\/yachtcharter-connection.com\/teneriffa-puerto-colon\"> Teneriffa \/ Puerto Colon <\/a><\/li>\n<li><a class=\"SmallLinks\" title=\"\" href=\"https:\/\/yachtcharter-connection.com\/teneriffa-puerto-deportivo-radazul\"> Teneriffa \/ Puerto Deportivo Radazul <\/a><\/li>\n<li><a class=\"SmallLinks\" title=\"\" href=\"https:\/\/yachtcharter-connection.com\/teneriffa-san-miguel\"> Teneriffa \/ San Miguel <\/a><\/li>\n<li><a class=\"SmallLinks\" title=\"\" href=\"https:\/\/yachtcharter-connection.com\/teneriffa-santa-cruz-de-tenerife\"> Teneriffa \/ Santa Cruz de Tenerife <\/a><\/li>\n<\/ul>\n<\/div>\n<\/td>\n<td>\n<div class=\"SubregionRepeaterTitle\">\n<h2><a href=\"https:\/\/yachtcharter-connection.com\/yachtcharter-spanische-k%c3%bcste\"> Spanische K\u00fcste <\/a><\/h2>\n<\/div>\n<div class=\"SmallLinks\">\n<ul>\n<li><a class=\"SmallLinks\" title=\"\" href=\"https:\/\/yachtcharter-connection.com\/altea-puerto-deportivo-campomanes-138\"> Altea \/ Puerto Deportivo Campomanes <\/a><\/li>\n<li><a class=\"SmallLinks\" title=\"\" href=\"https:\/\/yachtcharter-connection.com\/barcelona-492\"> Barcelona <\/a><\/li>\n<li><a class=\"SmallLinks\" title=\"\" href=\"https:\/\/yachtcharter-connection.com\/barcelona-masnou-453\"> Barcelona \/ Masnou <\/a><\/li>\n<li><a class=\"SmallLinks\" title=\"\" href=\"https:\/\/yachtcharter-connection.com\/benalmadena-133\"> Benalmadena <\/a><\/li>\n<li><a class=\"SmallLinks\" title=\"\" href=\"https:\/\/yachtcharter-connection.com\/castellon-portcastello-255\"> Castell\u00f2n \/ Portcastell\u00f3 <\/a><\/li>\n<li><a class=\"SmallLinks\" title=\"\" href=\"https:\/\/yachtcharter-connection.com\/costa-brava-palamos-171\"> Costa Brava \/ Palam\u00f3s <\/a><\/li>\n<li><a class=\"SmallLinks\" title=\"\" href=\"https:\/\/yachtcharter-connection.com\/costa-brava-port-lescala-208\"> Costa Brava \/ Port L&#8217;Escala <\/a><\/li>\n<li><a class=\"SmallLinks\" title=\"\" href=\"https:\/\/yachtcharter-connection.com\/costa-brava-port-lestartit-273\"> Costa Brava \/ Port L&#8217;Estartit <\/a><\/li>\n<li><a class=\"SmallLinks\" title=\"\" href=\"https:\/\/yachtcharter-connection.com\/costa-brava-port-palamos-214\"> Costa Brava \/ Port Palam\u00f3s <\/a><\/li>\n<li><a class=\"SmallLinks\" title=\"\" href=\"https:\/\/yachtcharter-connection.com\/costa-brava-sant-feliu-de-guixols-818\"> Costa Brava \/ Sant Feliu de Gu\u00edxols <\/a><\/li>\n<li><a class=\"SmallLinks\" title=\"\" href=\"https:\/\/yachtcharter-connection.com\/denia-766\"> Denia <\/a><\/li>\n<li><a class=\"SmallLinks\" title=\"\" href=\"https:\/\/yachtcharter-connection.com\/playo-daro-821\"> Playo d&#8217;aro <\/a><\/li>\n<li><a class=\"SmallLinks\" title=\"\" href=\"https:\/\/yachtcharter-connection.com\/port-mataro-617\"> Port Matar\u00f3 <\/a><\/li>\n<li><a class=\"SmallLinks\" title=\"\" href=\"https:\/\/yachtcharter-connection.com\/valencia-669\"> Valencia <\/a><\/li>\n<\/ul>\n<\/div>\n<\/td>\n<\/tr>\n<\/tbody>\n<\/table>\n","protected":false},"excerpt":{"rendered":"<p>Yachtcharter Spanien Spanien ist seit Jahrhunderten Seefahrernation, noch heute streitet man sich mit den Italienern darum, welches nun das Heimatland von Christoph Columbus war. Tatsache ist, dass der spanische K\u00f6nig seine Reise in die neue Welt finanzierte. Auch heute gehen die meisten Spanier und gern aufs Wasser, egal, ob im<\/p>\n","protected":false},"author":11,"featured_media":0,"parent":101,"menu_order":0,"comment_status":"open","ping_status":"open","template":"","meta":[],"aioseo_notices":[],"_links":{"self":[{"href":"https:\/\/yachtcharter-connection.com\/de\/wp-json\/wp\/v2\/pages\/447"}],"collection":[{"href":"https:\/\/yachtcharter-connection.com\/de\/wp-json\/wp\/v2\/pages"}],"about":[{"href":"https:\/\/yachtcharter-connection.com\/de\/wp-json\/wp\/v2\/types\/page"}],"author":[{"embeddable":true,"href":"https:\/\/yachtcharter-connection.com\/de\/wp-json\/wp\/v2\/users\/11"}],"replies":[{"embeddable":true,"href":"https:\/\/yachtcharter-connection.com\/de\/wp-json\/wp\/v2\/comments?post=447"}],"version-history":[{"count":4,"href":"https:\/\/yachtcharter-connection.com\/de\/wp-json\/wp\/v2\/pages\/447\/revisions"}],"predecessor-version":[{"id":30994,"href":"https:\/\/yachtcharter-connection.com\/de\/wp-json\/wp\/v2\/pages\/447\/revisions\/30994"}],"up":[{"embeddable":true,"href":"https:\/\/yachtcharter-connection.com\/de\/wp-json\/wp\/v2\/pages\/101"}],"wp:attachment":[{"href":"https:\/\/yachtcharter-connection.com\/de\/wp-json\/wp\/v2\/media?parent=447"}],"curies":[{"name":"wp","href":"https:\/\/api.w.org\/{rel}","templated":true}]}}