{"id":448,"date":"2011-03-14T05:08:21","date_gmt":"2011-03-14T05:08:21","guid":{"rendered":"http:\/\/yachtcharter-connection.com.w01e47c6.kasserver.com\/yachtcharter-finnland\/"},"modified":"2017-07-11T04:28:20","modified_gmt":"2017-07-11T02:28:20","slug":"yachtcharter-finnland","status":"publish","type":"page","link":"https:\/\/yachtcharter-connection.com\/de\/land\/yachtcharter-finnland\/","title":{"rendered":"Finnland"},"content":{"rendered":"<h3>Yachtcharter Finnland<\/h3>\n<p>\n<img loading=\"lazy\" class=\"content-image\"  height=\"424\" width=\"283\" src=\"https:\/\/yachtcharter-connection.com\/wp-content\/uploads\/converted_files\/18920\/18920-5622259929215.jpg\" alt=\"Finnland Bootshaus\" \/>Finnland im Sommer: Klares blaues Wasser, tiefgr\u00fcne W\u00e4lder und ausgedehnte Wiesen, dazwischen zahllose Inseln und Inselchen, felsig und mit vielen Klippen, urspr\u00fcngliche D\u00f6rfer, kleine Stege, immer wieder gut ausgestattete Yachth\u00e4fen &ndash; die Sch\u00e4reng\u00e4rten in der n\u00f6rdlichen Ostsee sind f\u00fcr viele Segler ein Traumrevier. Sch\u00e4re hei\u00dft &bdquo;Klippe&ldquo;, das hei\u00dft, bei der Navigation ist Sorgfalt geboten, Riffs und Felsbrocken sind \u00fcberall, Nachtt\u00f6rns sind so gut wie unm\u00f6glich. Belohnt wird man mit landschaftlicher Sch\u00f6nheit und schnuckeligen kleine H\u00e4fen auf kurzen Distanzen. \u00dcber 100.000 Inseln geh\u00f6ren zu diesem Gebiet, in dem Buchten oft lang und schmal ins Land hineinragen, gr\u00fcne Vegetation die Binnensch\u00e4ren und felsiger Charme die Au\u00dfensch\u00e4ren dominieren und einzelne Inselgruppen sich zu Sch\u00e4reng\u00e4rten zusammenfinden. <\/p>\n<p>Die bekanntesten und gr\u00f6\u00dften Sch\u00e4reng\u00e4rten Finnlands sind die Aland-Inseln und die Sch\u00e4renwelt von Turku. Die Aland-Inseln sind eine autonome Provinz Finnlands zwischen Schweden und Finnlands am Eingang des Bottnischen Meerbusens. Das Archipel umfasst allein \u00fcber 6.500 Inseln und Sch\u00e4ren. Hier ist Schwedisch die einzige Amtssprache, Schiffahrt und Tourismus sind die wichtigsten Erwerbsquellen. <br \/>\nVom Festland liegen die Inseln 15 bis 100 Kilometer entfernt.<\/p>\n<p>Yachtcharter-Crews in Finnland starten &ndash; so sie nicht von Stockholm her\u00fcber segeln &ndash; ab <a href=\"~\/Yachtcharter_finnland\/helsinki.html\">Helsinki<\/a> an der K\u00fcste des Finnischen Meerbusens, <a href=\"~\/Yachtcharter_finnland\/turku.html\">Turku<\/a> mit dem vorgelagerten Archipel von \u00fcber 20000 Inseln, <a href=\"~\/Yachtcharter_finnland\/airisto.html\">Airisto<\/a> im Sch\u00e4rengarten von Turku und <a href=\"~\/Yachtcharter_finnland\/taalintehdas.html\">Taalintehdas<\/a> an der S\u00fcdwestk\u00fcste. Wer das Archipel der Aland-Inseln genauer erkunden will, kann auch direkt ab <a href=\"~\/Yachtcharter_finnland\/mariehamn.html\">Marianhamn<\/a> chartern. Gullkrona, idyllisches Eiland zwischen Turku und Aland, gilt als besonders sehenswert.<\/p>\n<p>Die beste Segelzeit ist der Hochsommer von Juni bis Mitte August mit eher leichten Winden. Danach wehen oft schon herbstliche Starkwinde. Offiziell dauert die Segelsaison in Finnland von Mai bis Ende September. Die Versorgungsm\u00f6glichkeiten in den gr\u00f6\u00dferen Orten sind sehr gut, mitten in der Inselwelt sollte die Pantry allerdings gut gef\u00fcllt sein. Kulinarische Spezialit\u00e4ten: Rentierfleich und Fisch.<br \/>\n<\/p>\n<table  class=\"RegionsAndSubregions\" cellspacing=\"0\" border=\"0\" style=\"border-collapse:collapse;\">\n<tbody>\n<tr>\n<td>\n<div class=\"SubregionRepeaterTitle\">\n<h2><a href=\"https:\/\/yachtcharter-connection.com\/yachtcharter-finnland-mikkeli\"> Finnland \/ Mikkeli <\/h2>\n<\/div>\n<div class=\"SmallLinks\">\n<ul>\n<li><a class=\"SmallLinks\" href=\"https:\/\/yachtcharter-connection.com\/savolinna-304\" title=\"\"> Savolinna <\/a><\/li>\n<\/ul>\n<\/div>\n<\/td>\n<td>\n<div class=\"SubregionRepeaterTitle\">\n<h2><a href=\"https:\/\/yachtcharter-connection.com\/yachtcharter-finnland-saimaa-seengebiet\"> Finnland \/ Saimaa &#8211; Seengebiet <\/h2>\n<\/div>\n<div class=\"SmallLinks\">\n<ul>\n<li><a class=\"SmallLinks\" href=\"https:\/\/yachtcharter-connection.com\/varparanta-922\" title=\"\"> Varparanta <\/a><\/li>\n<\/ul>\n<\/div>\n<\/td>\n<\/tr>\n<tr>\n<td>\n<div class=\"SubregionRepeaterTitle\">\n<h2><a href=\"https:\/\/yachtcharter-connection.com\/yachtcharter-ost-schweden-finnland\"> Ost-Schweden \/ Finnland <\/h2>\n<\/div>\n<div class=\"SmallLinks\">\n<ul>\n<li><a class=\"SmallLinks\" href=\"https:\/\/yachtcharter-connection.com\/airisto-219\" title=\"\"> Airisto <\/a><\/li>\n<li><a class=\"SmallLinks\" href=\"https:\/\/yachtcharter-connection.com\/helsinki-403\" title=\"\"> Helsinki <\/a><\/li>\n<li><a class=\"SmallLinks\" href=\"https:\/\/yachtcharter-connection.com\/helsinki-turku-kasn%c3%a4s-717\" title=\"\"> Helsinki \/ Turku \/ Kasn\u00e4s <\/a><\/li>\n<li><a class=\"SmallLinks\" href=\"https:\/\/yachtcharter-connection.com\/mariehamn-868\" title=\"\"> Mariehamn <\/a><\/li>\n<li><a class=\"SmallLinks\" href=\"https:\/\/yachtcharter-connection.com\/taalintehdas-199\" title=\"\"> Taalintehdas <\/a><\/li>\n<li><a class=\"SmallLinks\" href=\"https:\/\/yachtcharter-connection.com\/turku-752\" title=\"\"> Turku <\/a><\/li>\n<\/ul>\n<\/div>\n<\/td>\n<\/tr>\n<\/tbody>\n<\/table>\n","protected":false},"excerpt":{"rendered":"<p>Yachtcharter Finnland Finnland im Sommer: Klares blaues Wasser, tiefgr\u00fcne W\u00e4lder und ausgedehnte Wiesen, dazwischen zahllose Inseln und Inselchen, felsig und mit vielen Klippen, urspr\u00fcngliche D\u00f6rfer, kleine Stege, immer wieder gut ausgestattete Yachth\u00e4fen &ndash; die Sch\u00e4reng\u00e4rten in der n\u00f6rdlichen Ostsee sind f\u00fcr viele Segler ein Traumrevier. Sch\u00e4re hei\u00dft &bdquo;Klippe&ldquo;, das hei\u00dft,<\/p>\n","protected":false},"author":11,"featured_media":0,"parent":101,"menu_order":0,"comment_status":"open","ping_status":"open","template":"","meta":[],"aioseo_notices":[],"_links":{"self":[{"href":"https:\/\/yachtcharter-connection.com\/de\/wp-json\/wp\/v2\/pages\/448"}],"collection":[{"href":"https:\/\/yachtcharter-connection.com\/de\/wp-json\/wp\/v2\/pages"}],"about":[{"href":"https:\/\/yachtcharter-connection.com\/de\/wp-json\/wp\/v2\/types\/page"}],"author":[{"embeddable":true,"href":"https:\/\/yachtcharter-connection.com\/de\/wp-json\/wp\/v2\/users\/11"}],"replies":[{"embeddable":true,"href":"https:\/\/yachtcharter-connection.com\/de\/wp-json\/wp\/v2\/comments?post=448"}],"version-history":[{"count":1,"href":"https:\/\/yachtcharter-connection.com\/de\/wp-json\/wp\/v2\/pages\/448\/revisions"}],"predecessor-version":[{"id":12324,"href":"https:\/\/yachtcharter-connection.com\/de\/wp-json\/wp\/v2\/pages\/448\/revisions\/12324"}],"up":[{"embeddable":true,"href":"https:\/\/yachtcharter-connection.com\/de\/wp-json\/wp\/v2\/pages\/101"}],"wp:attachment":[{"href":"https:\/\/yachtcharter-connection.com\/de\/wp-json\/wp\/v2\/media?parent=448"}],"curies":[{"name":"wp","href":"https:\/\/api.w.org\/{rel}","templated":true}]}}