{"id":449,"date":"2011-03-14T05:08:21","date_gmt":"2011-03-14T05:08:21","guid":{"rendered":"http:\/\/yachtcharter-connection.com.w01e47c6.kasserver.com\/yachtcharter-fiji\/"},"modified":"2025-02-25T18:18:11","modified_gmt":"2025-02-25T16:18:11","slug":"yachtcharter-fiji","status":"publish","type":"page","link":"https:\/\/yachtcharter-connection.com\/de\/land\/yachtcharter-fiji\/","title":{"rendered":"Fiji"},"content":{"rendered":"<h3>Yachtcharter Fiji-Inseln<\/h3>\n<p>\n<img loading=\"lazy\" class=\"content-image\"  height=\"199\" width=\"300\" src=\"https:\/\/yachtcharter-connection.com\/wp-content\/uploads\/converted_files\/18921\/18921-562225a10b55f.jpg\" alt=\"Fiji-Inseln\" \/>Die Fiji-Inseln sind eine der beliebtesten touristischen Destinationen im S\u00fcdpazifik &#8211; mit traumhaften Inseln, Str\u00e4nden und Lagunen. Fiji ist ein unabh\u00e4ngiger Staat &#8211; im s\u00fcdwestlichen Teil des Pazifiks gelegen, n\u00f6rdlich von Neuseeland und \u00f6stlich von Australien. Hauptstadt ist Suva auf der Insel Viti Levu. 110 von isnegesamt \u00fcber 330 Inseln des Archipels sind bewohnt, die gesamte K\u00fcstenl\u00e4nger betr\u00e4gt mehr als 1100 Kilometer.<\/p>\n<p>Das tropische Klima bringt von November bis April viel Regen mit sich, auch die Gefahr von tropschen St\u00fcrmen ist in dieser Jahreszeit am h\u00f6chsten. Die beste Segelzeit ist von Mai bis Oktober. <\/p>\n<p>Es gibt in Fiji sowohl einen Yachtcharter-St\u00fctzpunkt mit Bareboat-Yachten als auch Yachten mit Crew &#8211; wir machen Ihnen gern ein Angebot f\u00fcr Ihren Segel-Urlaub in den Fiji-Inseln. <\/p>\n","protected":false},"excerpt":{"rendered":"<p>Yachtcharter Fiji-Inseln Die Fiji-Inseln sind eine der beliebtesten touristischen Destinationen im S\u00fcdpazifik &#8211; mit traumhaften Inseln, Str\u00e4nden und Lagunen. Fiji ist ein unabh\u00e4ngiger Staat &#8211; im s\u00fcdwestlichen Teil des Pazifiks gelegen, n\u00f6rdlich von Neuseeland und \u00f6stlich von Australien. Hauptstadt ist Suva auf der Insel Viti Levu. 110 von isnegesamt \u00fcber<\/p>\n","protected":false},"author":11,"featured_media":0,"parent":101,"menu_order":0,"comment_status":"open","ping_status":"open","template":"","meta":[],"aioseo_notices":[],"_links":{"self":[{"href":"https:\/\/yachtcharter-connection.com\/de\/wp-json\/wp\/v2\/pages\/449"}],"collection":[{"href":"https:\/\/yachtcharter-connection.com\/de\/wp-json\/wp\/v2\/pages"}],"about":[{"href":"https:\/\/yachtcharter-connection.com\/de\/wp-json\/wp\/v2\/types\/page"}],"author":[{"embeddable":true,"href":"https:\/\/yachtcharter-connection.com\/de\/wp-json\/wp\/v2\/users\/11"}],"replies":[{"embeddable":true,"href":"https:\/\/yachtcharter-connection.com\/de\/wp-json\/wp\/v2\/comments?post=449"}],"version-history":[{"count":3,"href":"https:\/\/yachtcharter-connection.com\/de\/wp-json\/wp\/v2\/pages\/449\/revisions"}],"predecessor-version":[{"id":31187,"href":"https:\/\/yachtcharter-connection.com\/de\/wp-json\/wp\/v2\/pages\/449\/revisions\/31187"}],"up":[{"embeddable":true,"href":"https:\/\/yachtcharter-connection.com\/de\/wp-json\/wp\/v2\/pages\/101"}],"wp:attachment":[{"href":"https:\/\/yachtcharter-connection.com\/de\/wp-json\/wp\/v2\/media?parent=449"}],"curies":[{"name":"wp","href":"https:\/\/api.w.org\/{rel}","templated":true}]}}