{"id":451,"date":"2015-08-10T05:53:32","date_gmt":"2015-08-10T05:53:32","guid":{"rendered":"http:\/\/yachtcharter-connection.com.w01e47c6.kasserver.com\/yachtcharter-griechenland\/"},"modified":"2025-10-10T10:12:02","modified_gmt":"2025-10-10T08:12:02","slug":"yachtcharter-griechenland","status":"publish","type":"page","link":"https:\/\/yachtcharter-connection.com\/de\/land\/yachtcharter-griechenland\/","title":{"rendered":"Griechenland"},"content":{"rendered":"<h1><strong>Yachtcharter Griechenland<\/strong><\/h1>\n<p style=\"text-align: center;\">\n<span style=\"color: #ff0000;\">Hinweis: Bitte etwas Geduld, die Ladezeit der Charterangebote dauern evtl. einen kleinen Moment.<\/span><br \/>\n<iframe loading=\"lazy\" src=\"https:\/\/www.booking-manager.com\/wbm2\/page.html?companyid=662&amp;setlang=de&amp;bm_view=SearchResult&amp;filter_flexibility=in_year&amp;sortBy=11&amp;sortDirection=-1&amp;filter_country=GR\" width=\"100%\" height=\"1000\" frameborder=\"0\" scrolling=\"auto\"><\/iframe><\/p>\n<p>&nbsp;<\/p>\n<p>Motoryachten in Griecheland: Saronischer Golf, Kykladen, Dodekanes, Ionisches Meer, Sporaden<\/p>\n<p><img loading=\"lazy\" class=\"content-image\" src=\"https:\/\/yachtcharter-connection.com\/wp-content\/uploads\/converted_files\/18923\/18923-562225b0ad411.jpg\" alt=\"Griechenland Kycladen Windm\u00fchlen\" width=\"300\" height=\"225\" \/>Die Antike ist im Yachtcharter-Revier Griechenland allgegenw\u00e4rtig, die Tradition der Seefahrer aus mehreren Jahrtausenden, die Weisheit alter Philosophen und jede Menge Tavernen f\u00fcr gesellige Abende der Yachtcharter-Urlauber sowieso: Das haben alle Segelreviere in Griechenland, die bei Yachtcharter-Crews so beliebt sind, gemeinsam. Sch\u00f6ne Buchten und viele interessante kulturelle Highlights, die w\u00e4hrend des Yachtcharter-T\u00f6rns zu Landausfl\u00fcgen locken, auch.<\/p>\n<p>Im der Yachtcharter-Region <a href=\"https:\/\/yachtcharter-connection.com\/de\/regionen\/mittelmeer\/yachtcharter-aegaeis-saronischer-golf-kykladen\" target=\"_blank\" rel=\"noopener\">Saronischen und Argolischen Golf<\/a>, direkt vor der Haust\u00fcr der Hauptstadt Athen mit ihrem riesigen Angebot an Yachtcharter-St\u00fctzpunkten und Charteryachten in Athen und Kalamaki, sowie in der Region rund um den Peloponnes sind die Distanzen kurz, schwache Winde dominieren. Das <a href=\"https:\/\/yachtcharter-connection.com\/de\/regionen\/mittelmeer\/yachtcharter-ionisches-meer\/\" target=\"_blank\" rel=\"noopener\">Ionische Meer<\/a>, ein Yachtcharter-Revier,in dem schw\u00e4chere Winde vorherrschen und zahlreiche Inseln viel Schutz bieten, ist ideal f\u00fcr Einsteiger, Genuss-Segler und Familien mit Kindern. Yachtcharter-St\u00fctzpunkte mit Segelyachten gibt es unter anderem in Korfu und Lefkas. Auch die <a href=\"https:\/\/yachtcharter-connection.com\/de\/regionen\/mittelmeer\/yachtcharter-%c3%a4g%c3%a4is-sporaden\/\">Sporaden<\/a> im Nordwesten der \u00c4g\u00e4is, wo es mehr Sandstr\u00e4nde und viel Gr\u00fcn gibt, reizen mit kurzen Etappen und nur wenig Starkwindphasen viele Yachtcharter-Crews-<\/p>\n<p>Die <a href=\"https:\/\/yachtcharter-connection.com\/de\/regionen\/mittelmeer\/yachtcharter-%c3%a4g%c3%a4is-saronn-golf-kykladen\/\" target=\"_blank\" rel=\"noopener\">Kykladen<\/a> dagegen sind wegen dem im Sommer vorherrschenden Meltemi eher f\u00fcr anspruchsvolle Yachtcharter-Skipper geeignet &#8211; Yachtcharter-Basen gibt es unter anderem in Syros oder Santorin. Das Yachtcharter-Revier ist aber auch von Athen aus gut erreichbar. Auch im <a href=\"https:\/\/yachtcharter-connection.com\/de\/regionen\/mittelmeer\/yachtcharter-aegaeis-dodekanes\/\" target=\"_blank\" rel=\"noopener\">Dodekanes<\/a>, den zw\u00f6lf Inseln im Osten der \u00c4g\u00e4is nahe der T\u00fcrkei, f\u00fchlen sich vor allem erfahrene Yachtcharter-Segler wohl, die von den Yachtcharter-Marinas in Kos, Samos oder Rhodos starten.<\/p>\n<h2><strong>Hier finden Sie mehr Informationen \u00fcber die einzelnen Yachtcharter-Reviere in Griechenland:<\/strong><\/h2>\n<p>&#8211; <a href=\"https:\/\/yachtcharter-connection.com\/de\/regionen\/mittelmeer\/yachtcharter-aegaeis-saronischer-golf-kykladen\" target=\"_blank\" rel=\"noopener\">Yachtcharter Saronischer Golf \/ Kykladen<\/a><br \/>\n&#8211; <a href=\"https:\/\/yachtcharter-connection.com\/de\/regionen\/mittelmeer\/yachtcharter-ionisches-meer\/\" target=\"_blank\" rel=\"noopener\">Yachtcharter Ionisches Meer<\/a><br \/>\n&#8211; <a href=\"https:\/\/yachtcharter-connection.com\/de\/regionen\/mittelmeer\/yachtcharter-%C3%A4g%C3%A4is-sporaden\/\">Yachtcharter Sporaden<\/a><br \/>\n&#8211; <a href=\"https:\/\/yachtcharter-connection.com\/de\/regionen\/mittelmeer\/yachtcharter-aegaeis-dodekanes\/\" target=\"_blank\" rel=\"noopener\">Yachtcharter Dodekanes<\/a><\/p>\n<p>Allgemein gibt es in den verschiedenen Yachtcharter-Revieren mehr Fischerh\u00e4fen als moderne Yachtcharter-Marinas \u2013 der Vorteil: die Charteryacht liegt h\u00e4ufig im Herzen der Stadt. Das Anlegen ist dort in der Regel sehr preiswert, daf\u00fcr gibt es aber kaum Service-Einrichtungen f\u00fcr Yachtcharter-Urlauber wie Duschen oder Landstrom. An Badebuchten mangelt es nirgends. Und fast \u00fcberall finden sich Tavernen und Bars, um einen geselligen Abend an Land zu verbringen.<\/p>\n<p>&nbsp;<\/p>\n<p><strong>Yachtcharter Griechenland &#8211; L\u00e4nderinformationen<br \/>\n<\/strong><\/p>\n<p>Sprache: Griechisch<br \/>\nHauptstadt: Athen<br \/>\nW\u00e4hrung: Euro (EUR)<br \/>\nUhrzeit: EET Eastern European Time (GMT \/ UTC +2) &#8211; im Sommer EEST (GMT \/ UTC +3)<br \/>\nNetzspannung: 220 V &#8211; Adapter empfohlen<\/p>\n<p>Wichtige Flugh\u00e4fen f\u00fcr Yachtcharter-Crews:<br \/>\n&#8211; Athen (Hellenikon) &#8211; ATH &#8211; von hier auch aus Umsteigeverbindungen auf viele Inseln<br \/>\nYachtcharter Kykladen<br \/>\n&#8211; Syros &#8211; JSY<br \/>\n&#8211; Santorin &#8211; JTR<br \/>\nYachtcharter Ionisches Meer<br \/>\n&#8211; Korfu (Kerkyra) &#8211; CFU<br \/>\n&#8211; Preveza \/ Lefkas &#8211; PVK<br \/>\nYachtcharter Sporaden<br \/>\n&#8211; Skiathos &#8211; JSI<br \/>\n&#8211; Thessaloniki &#8211; SKG<br \/>\n&#8211; Volos &#8211; VOL<br \/>\nYachtcharter Dodekanes<br \/>\n&#8211; Samos &#8211; SMI<br \/>\n&#8211; Rhodos &#8211; RHO<br \/>\n&#8211; Kos &#8211; KGS<\/p>\n<p><b>Yachtcharter Griechenland &#8211; Wetterbericht vor Ort: <\/b><br \/>\nOlympia-K\u00fcstenfunkstelle auf Kanal 16 um 6.00, 10.00, 16.00 und 22.00 Uhr auf Englisch und Griechisch<\/p>\n<p><b>Yachtcharter Griechenland &#8211; Nautische Literatur: <\/b><br \/>\n&#8211; Griechenland, T\u00f6rnf\u00fchrer von Gerd Radspieler in vier B\u00e4nden, Delius-Klasing Verlag<br \/>\n&#8211; Hafenf\u00fchrer \u00c4g\u00e4is: Griechenland Norden, Osten und S\u00fcden von Axel Kramer, See-Verlag<\/p>\n<p><b>Wichtiger Hinweis f\u00fcr die Yachtcharter in Griechenland:<\/b><br \/>\nF\u00fcr Yachtcharter in Griechenland braucht au\u00dfer dem Skipper, der mindestens den Sportbootf\u00fchrerschein SBF See haben muss, auch ein weiteres Crew-Mitglied \u00fcber eine Bescheinigung \u00fcber Segelerfahrung (etwa A-Schein) verf\u00fcgen.<\/p>\n<table class=\"RegionsAndSubregions\" style=\"border-collapse: collapse;\" border=\"0\" cellspacing=\"0\">\n<tbody>\n<tr>\n<td>\n<div class=\"SubregionRepeaterTitle\">\n<h2><a href=\"https:\/\/yachtcharter-connection.com\/yachtcharter-%c3%a4g%c3%a4is-dodekanes\"> \u00c4g\u00e4is \/ Dodekanes <\/a><\/h2>\n<\/div>\n<div class=\"SmallLinks\">\n<ul>\n<li><a class=\"SmallLinks\" title=\"\" href=\"https:\/\/yachtcharter-connection.com\/chios-422\"> Chios <\/a><\/li>\n<li><a class=\"SmallLinks\" title=\"\" href=\"https:\/\/yachtcharter-connection.com\/kalymnos-646\"> Kalymnos <\/a><\/li>\n<li><a class=\"SmallLinks\" title=\"\" href=\"https:\/\/yachtcharter-connection.com\/kos-867\"> Kos <\/a><\/li>\n<li><a class=\"SmallLinks\" title=\"\" href=\"https:\/\/yachtcharter-connection.com\/yachtcharter-kos-kardamaina-village\"> Kos \/ Kardamaina Village <\/a><\/li>\n<li><a class=\"SmallLinks\" title=\"\" href=\"https:\/\/yachtcharter-connection.com\/rhodos-974\"> Rhodos <\/a><\/li>\n<li><a class=\"SmallLinks\" title=\"\" href=\"https:\/\/yachtcharter-connection.com\/samos-957\"> Samos <\/a><\/li>\n<\/ul>\n<\/div>\n<\/td>\n<td>\n<div class=\"SubregionRepeaterTitle\">\n<h2><a href=\"https:\/\/yachtcharter-connection.com\/de\/regionen\/mittelmeer\/yachtcharter-aegaeis-saronischer-golf-kykladen\" target=\"_blank\" rel=\"noopener\"> \u00c4g\u00e4is \/ Saronischer Golf &#8211; Kykladen <\/a><\/h2>\n<\/div>\n<div class=\"SmallLinks\">\n<ul>\n<li><a class=\"SmallLinks\" title=\"\" href=\"https:\/\/yachtcharter-connection.com\/%c3%a4gina\"> \u00c4gina <\/a><\/li>\n<li><a class=\"SmallLinks\" title=\"\" href=\"https:\/\/yachtcharter-connection.com\/athen-stadt-nicht-hafen\"> Athen (Stadt, nicht Hafen) <\/a><\/li>\n<li><a class=\"SmallLinks\" title=\"\" href=\"https:\/\/yachtcharter-connection.com\/finikas-560\"> Finikas <\/a><\/li>\n<li><a class=\"SmallLinks\" title=\"\" href=\"https:\/\/yachtcharter-connection.com\/glyphada-478\"> Glyphada <\/a><\/li>\n<li><a class=\"SmallLinks\" title=\"\" href=\"https:\/\/yachtcharter-connection.com\/heraklion\"> Heraklion <\/a><\/li>\n<li><a class=\"SmallLinks\" title=\"\" href=\"https:\/\/yachtcharter-connection.com\/yachtcharter-ios\"> Ios <\/a><\/li>\n<li><a class=\"SmallLinks\" title=\"\" href=\"https:\/\/yachtcharter-connection.com\/kalamaki-athen-784\"> Kalamaki (Athen) <\/a><\/li>\n<li><a class=\"SmallLinks\" title=\"\" href=\"https:\/\/yachtcharter-connection.com\/lavrion-400\"> Lavrion <\/a><\/li>\n<li><a class=\"SmallLinks\" title=\"\" href=\"https:\/\/yachtcharter-connection.com\/mykonos-335\"> Mykonos <\/a><\/li>\n<li><a class=\"SmallLinks\" title=\"\" href=\"https:\/\/yachtcharter-connection.com\/naxos-180\"> Naxos <\/a><\/li>\n<li><a class=\"SmallLinks\" title=\"\" href=\"https:\/\/yachtcharter-connection.com\/paros-870\"> Paros <\/a><\/li>\n<li><a class=\"SmallLinks\" title=\"\" href=\"https:\/\/yachtcharter-connection.com\/pir%c3%a4us\"> Pir\u00e4us <\/a><\/li>\n<li><a class=\"SmallLinks\" title=\"\" href=\"https:\/\/yachtcharter-connection.com\/poros-681\"> Poros <\/a><\/li>\n<li><a class=\"SmallLinks\" title=\"\" href=\"https:\/\/yachtcharter-connection.com\/porto-heli-254\"> Porto Heli <\/a><\/li>\n<li><a class=\"SmallLinks\" title=\"\" href=\"https:\/\/yachtcharter-connection.com\/portochelion-560\"> Portochelion <\/a><\/li>\n<li><a class=\"SmallLinks\" title=\"\" href=\"https:\/\/yachtcharter-connection.com\/santorin-968\"> Santorin <\/a><\/li>\n<li><a class=\"SmallLinks\" title=\"\" href=\"https:\/\/yachtcharter-connection.com\/serifos-251\"> Serifos <\/a><\/li>\n<li><a class=\"SmallLinks\" title=\"\" href=\"https:\/\/yachtcharter-connection.com\/syros-692\"> Syros <\/a><\/li>\n<\/ul>\n<\/div>\n<\/td>\n<\/tr>\n<tr>\n<td>\n<div class=\"SubregionRepeaterTitle\">\n<h2><a href=\"https:\/\/yachtcharter-connection.com\/yachtcharter-%c3%a4g%c3%a4is-sporaden\"> \u00c4g\u00e4is \/ Sporaden <\/a><\/h2>\n<\/div>\n<div class=\"SmallLinks\">\n<ul>\n<li><a class=\"SmallLinks\" title=\"\" href=\"https:\/\/yachtcharter-connection.com\/yachtcharter-chalkidiki-nea-moudania\"> Chalkidiki \/ Nea Moudania <\/a><\/li>\n<li><a class=\"SmallLinks\" title=\"\" href=\"https:\/\/yachtcharter-connection.com\/chalkidiki-porto-carras-342\"> Chalkidiki \/ Porto Carras <\/a><\/li>\n<li><a class=\"SmallLinks\" title=\"\" href=\"https:\/\/yachtcharter-connection.com\/chalkidiki-porto-koufo-236\"> Chalkidiki \/ Porto Koufo <\/a><\/li>\n<li><a class=\"SmallLinks\" title=\"\" href=\"https:\/\/yachtcharter-connection.com\/nea-marmara-891\"> Nea Marmara <\/a><\/li>\n<li><a class=\"SmallLinks\" title=\"\" href=\"https:\/\/yachtcharter-connection.com\/porto-koufo-872\"> Porto Koufo <\/a><\/li>\n<li><a class=\"SmallLinks\" title=\"\" href=\"https:\/\/yachtcharter-connection.com\/skiathos-379\"> Skiathos <\/a><\/li>\n<li><a class=\"SmallLinks\" title=\"\" href=\"https:\/\/yachtcharter-connection.com\/thessaloniki-kalamaria-944\"> Thessaloniki \/ Kalamaria <\/a><\/li>\n<li><a class=\"SmallLinks\" title=\"\" href=\"https:\/\/yachtcharter-connection.com\/volos-568\"> Volos <\/a><\/li>\n<\/ul>\n<\/div>\n<\/td>\n<td>\n<div class=\"SubregionRepeaterTitle\">\n<h2><a href=\"https:\/\/yachtcharter-connection.com\/yachtcharter-ionisches-meer\"> Ionisches Meer <\/a><\/h2>\n<\/div>\n<div class=\"SmallLinks\">\n<ul>\n<li><a class=\"SmallLinks\" title=\"\" href=\"https:\/\/yachtcharter-connection.com\/gouvia-157\"> Gouvia <\/a><\/li>\n<li><a class=\"SmallLinks\" title=\"\" href=\"https:\/\/yachtcharter-connection.com\/kalamata-126\"> Kalamata <\/a><\/li>\n<li><a class=\"SmallLinks\" title=\"\" href=\"https:\/\/yachtcharter-connection.com\/kephalonia\"> Kephalonia <\/a><\/li>\n<li><a class=\"SmallLinks\" title=\"\" href=\"https:\/\/yachtcharter-connection.com\/korfu-marina-gouvia\"> Korfu \/ Marina Gouvia <\/a><\/li>\n<li><a class=\"SmallLinks\" title=\"\" href=\"https:\/\/yachtcharter-connection.com\/korfu-noak-yacht-club\"> Korfu \/ Noak Yacht Club <\/a><\/li>\n<li><a class=\"SmallLinks\" title=\"\" href=\"https:\/\/yachtcharter-connection.com\/lefkas-341\"> Lefkas <\/a><\/li>\n<li><a class=\"SmallLinks\" title=\"\" href=\"https:\/\/yachtcharter-connection.com\/lefkas-nidri-488\"> Lefkas \/ Nidri <\/a><\/li>\n<li><a class=\"SmallLinks\" title=\"\" href=\"https:\/\/yachtcharter-connection.com\/nydri-379\"> Nydri <\/a><\/li>\n<li><a class=\"SmallLinks\" title=\"\" href=\"https:\/\/yachtcharter-connection.com\/paleros-222\"> Paleros <\/a><\/li>\n<li><a class=\"SmallLinks\" title=\"\" href=\"https:\/\/yachtcharter-connection.com\/patras-946\"> Patras <\/a><\/li>\n<li><a class=\"SmallLinks\" title=\"\" href=\"https:\/\/yachtcharter-connection.com\/preveza-412\"> Preveza <\/a><\/li>\n<\/ul>\n<\/div>\n<\/td>\n<\/tr>\n<\/tbody>\n<\/table>\n","protected":false},"excerpt":{"rendered":"<p>Yachtcharter Griechenland Hinweis: Bitte etwas Geduld, die Ladezeit der Charterangebote dauern evtl. einen kleinen Moment. &nbsp; Motoryachten in Griecheland: Saronischer Golf, Kykladen, Dodekanes, Ionisches Meer, Sporaden Die Antike ist im Yachtcharter-Revier Griechenland allgegenw\u00e4rtig, die Tradition der Seefahrer aus mehreren Jahrtausenden, die Weisheit alter Philosophen und jede Menge Tavernen f\u00fcr gesellige<\/p>\n","protected":false},"author":11,"featured_media":0,"parent":101,"menu_order":0,"comment_status":"open","ping_status":"open","template":"","meta":[],"aioseo_notices":[],"_links":{"self":[{"href":"https:\/\/yachtcharter-connection.com\/de\/wp-json\/wp\/v2\/pages\/451"}],"collection":[{"href":"https:\/\/yachtcharter-connection.com\/de\/wp-json\/wp\/v2\/pages"}],"about":[{"href":"https:\/\/yachtcharter-connection.com\/de\/wp-json\/wp\/v2\/types\/page"}],"author":[{"embeddable":true,"href":"https:\/\/yachtcharter-connection.com\/de\/wp-json\/wp\/v2\/users\/11"}],"replies":[{"embeddable":true,"href":"https:\/\/yachtcharter-connection.com\/de\/wp-json\/wp\/v2\/comments?post=451"}],"version-history":[{"count":16,"href":"https:\/\/yachtcharter-connection.com\/de\/wp-json\/wp\/v2\/pages\/451\/revisions"}],"predecessor-version":[{"id":31406,"href":"https:\/\/yachtcharter-connection.com\/de\/wp-json\/wp\/v2\/pages\/451\/revisions\/31406"}],"up":[{"embeddable":true,"href":"https:\/\/yachtcharter-connection.com\/de\/wp-json\/wp\/v2\/pages\/101"}],"wp:attachment":[{"href":"https:\/\/yachtcharter-connection.com\/de\/wp-json\/wp\/v2\/media?parent=451"}],"curies":[{"name":"wp","href":"https:\/\/api.w.org\/{rel}","templated":true}]}}