{"id":452,"date":"2015-08-10T05:53:32","date_gmt":"2015-08-10T05:53:32","guid":{"rendered":"http:\/\/yachtcharter-connection.com.w01e47c6.kasserver.com\/yachtcharter-kroatien\/"},"modified":"2025-10-10T10:13:18","modified_gmt":"2025-10-10T08:13:18","slug":"yachtcharter-kroatien","status":"publish","type":"page","link":"https:\/\/yachtcharter-connection.com\/de\/land\/yachtcharter-kroatien\/","title":{"rendered":"Kroatien"},"content":{"rendered":"<h1><strong>Yachtcharter Kroatien<\/strong><\/h1>\n<p style=\"text-align: center;\">\n<span style=\"color: #ff0000;\">Hinweis: Bitte etwas Geduld, die Ladezeit der Charterangebote dauern evtl. einen kleinen Moment.<\/span><\/p>\n<p><iframe loading=\"lazy\" src=\"https:\/\/www.booking-manager.com\/wbm2\/page.html?companyid=662&amp;setlang=de&amp;bm_view=SearchResult&amp;filter_flexibility=in_year&amp;sortBy=11&amp;sortDirection=-1&amp;filter_country=HR\" width=\"100%\" height=\"750\" frameborder=\"0\" scrolling=\"auto\"><\/iframe><\/p>\n<p>&nbsp;<\/p>\n<p><a href=\"https:\/\/yachtcharter-connection.com\/wp-content\/uploads\/2015\/08\/Croatia-Hvar.jpg\"><img loading=\"lazy\" class=\"alignleft size-full wp-image-25453\" src=\"https:\/\/yachtcharter-connection.com\/wp-content\/uploads\/2015\/08\/Croatia-Hvar.jpg\" alt=\"Yachtcharter-Kroatien\" width=\"567\" height=\"374\" srcset=\"https:\/\/yachtcharter-connection.com\/wp-content\/uploads\/2015\/08\/Croatia-Hvar.jpg 567w, https:\/\/yachtcharter-connection.com\/wp-content\/uploads\/2015\/08\/Croatia-Hvar-300x198.jpg 300w\" sizes=\"(max-width: 567px) 100vw, 567px\" \/><\/a>Yachtcharter in Kroatien: Kristallklares Wasser, unz\u00e4hlige Inseln, Buchten und Str\u00e4nde, Marinas und Fischereih\u00e4fen, mittelalterliche St\u00e4dte \u2013 die Venezianer haben deutliche Spuren hinterlassen &#8211; und mediterrane Vegetation: Diese Kombination lockt jedes Jahr unz\u00e4hlige Yachtcharter-Urlauber nach Kroatien. Die K\u00fcstenlinie misst allein am Festland schon 1.777 Kilometern , davor liegen unz\u00e4hlige Inseln und Inselchen mit zusammen \u00fcber 4.000 Kilometern K\u00fcste. Und diese ist ein \u00e4u\u00dferst abwechslungsreiches Yachtcharter Kroatien-Revier mit hervorragender maritimer Infrastruktur und hat f\u00fcr jeden etwas zu bieten. Yachtcharter Kroatien spielt in der touristischen Entwicklung des Landes eine ganz wesentliche Rolle, neben unz\u00e4hligen Segelyachten gibt es an den vielen Yachtcharter Kroatien-Basen auch f\u00fcr Motoryacht-Fans jede Menge Schiffe im Yachtcharter Kroatien-Angebot.<\/p>\n<p>Die vielen Yachtcharter Kroatien-Marinas, die sich \u00fcber die ganze K\u00fcste verteilen, haben einen sehr hohen Standard mit gehobenen Preise und geh\u00f6ren mittlerweile zu den besten Europas. Allein 21 Yachth\u00e4fen, alle mit dem Beinamen ACI-Marina, werden vom Adriatic Croatia International Club ACI betrieben, der schon seit Anfang de 80er Jahre, damals staatlich, den Wassersport organisiert. In den letzten Jahren wurden zahlreiche weitere Marinas mit modernen Yachtcharter Kroatien-St\u00fctzpunkten privat finanziert. Au\u00dferdem gibt es viele kleine, g\u00fcnstigere Stadth\u00e4fen, in denen auch f\u00fcr Yachten Platz ist.<\/p>\n<p>Die Segelreviere f\u00fcr den Yachtcharter Kroatien-Urlaub teilen sich auf in Istrien im Norden, die Kvarner Bucht, die Inselgruppe der Kornaten und Dalmatien im S\u00fcden. Istrien ist die gr\u00f6\u00dfte Halbinsel der Adria. Sie grenzt im Norden an Slowenien, im Westen liegt die Seegrenze zu Italien \u2013 und viel italienisches Flair hat sich hier in diesem Teil des Segelrevieres Kroatien, der lange zu Italien geh\u00f6rte, immer noch erhalten. Angefangen von der Sprache, die noch h\u00e4ufig gesprochen oder verstanden wird.<\/p>\n<h3><strong>Yachtcharter Kroatien &#8211; Istrien &#8211; Kvarner Bucht<\/strong><\/h3>\n<p><img class=\"content-image\" style=\"width: 300px; height: 200px;\" src=\"https:\/\/yachtcharter-connection.com\/wp-content\/uploads\/converted_files\/18924\/18924-562225c0ee4c6.jpg\" alt=\"Yachtcharter Kroatien Istrien-Pula.jpg\" \/>Istrien, mit Yachtcharter Kroatien-St\u00fctzpunkten unter anderem in <a href=\"https:\/\/yachtcharter-connection.com\/de\/regionen\/mittelmeer\/yachtcharter-adria-nord\/pula-999\/\">Pula<\/a> im Stadthafen oder in der Marina Veruda,in Medulin und Umag, alles auch Ausgangsh\u00e4fen f\u00fcr Yachtcharter Kroatien-T\u00f6rns in die Kvarner Bucht \u2013 dort kann man die Charteryacht nat\u00fcrlich auch direkt an den Yachtcharter Kroatien-Basen etwa in<a href=\"https:\/\/yachtcharter-connection.com\/de\/regionen\/mittelmeer\/yachtcharter-adria-nord\/punat-a-898\/\"> Punat<\/a> oder <a href=\"https:\/\/yachtcharter-connection.com\/de\/regionen\/mittelmeer\/yachtcharter-adria-nord\/losinj-789\/\">Mali Losinj<\/a> \u00fcbernehmen. Die Ostk\u00fcste Istriens, die Opatija Riviera, begrenzt die Kvarner Bucht im Westen \u2013 in dieser Region entstanden die ersten Seeb\u00e4der schon im 19. Jahrhundert, die Prachtbauten an den Promenaden sind heute noch zu sehen.<\/p>\n<p>Der Abstecher nach Opatija und an die Rivierak\u00fcste lohnt sich, aber Yachtcharter Istrien-Crews interessieren sich im wesentlichen f\u00fcr die Inseln: Krk ist die gr\u00f6\u00dfte von ihnen, hier befinden sich auch die gr\u00f6\u00dften Yachtcharter Istrien-H\u00e4fen \u2013 eine Br\u00fccke verbindet Krk mit dem Festland, in der weiten Bucht von Baska liegt der sch\u00f6nste Strand. Rab ist herrlich gr\u00fcn und bietet auch etwas f\u00fcr Kultur-Interessierte, in Pag gibt es tolle Str\u00e4nde. Cres und Losinj, beide auch mit Yachtcharter Kroatien-St\u00fctzpunkten, zeugen noch von alter Seefahrer-Tradition. Und wer einen Platz im malerischen alten Stadthafen von Mali Losinj ergattert, kann beim Landgang die Geschichte noch sp\u00fcren. Die Landschaft auf den meisten Inseln ist eher karg und felsig, aber es duftet nach Kr\u00e4utern und wilder Macchia. Wer noch einen Abstecher zur Insel Ilovic macht, kann dort durch \u00fcppige G\u00e4rten der Blumeninsel spazieren. In Ilovic ist der Stadthafen zwar klein, aber an den Muringbojen zwischen Ilovic und Sveti Petar liegen Yachtcharter Kroatien-Crews gut und sicher.<\/p>\n<h3><strong>Yachtcharter Kroatien &#8211; Kornaten &#8211; n\u00f6rdliches Dalmatien<br \/>\n<\/strong><\/h3>\n<p>Ideal f\u00fcr Einsteiger unter den Yachtcharter Kroatien-Crews ist der mittlere Teil der K\u00fcste zwischen Zadar und Split. Die Kornaten im n\u00f6rdlichen Teil Dalmatiens sind Ziel zahlreicher Yachtcharter Kroatien-Segler \u2013 die meisten \u00fcbernehmen ihre Schiffe f\u00fcr den Yachtcharter Kornaten-T\u00f6rn an den Yachtcharter Kroatien-St\u00fctzpunkten in <a href=\"https:\/\/yachtcharter-connection.com\/de\/regionen\/mittelmeer\/yachtcharter-adria-nord\/biograd-587\/\">Biograd<\/a>, <a href=\"https:\/\/yachtcharter-connection.com\/de\/regionen\/mittelmeer\/yachtcharter-adria-nord\/murter-691\/\">Murter<\/a>, <a href=\"https:\/\/yachtcharter-connection.com\/de\/regionen\/mittelmeer\/yachtcharter-adria-nord\/zadar-233\/\">Zadar<\/a>, <a href=\"https:\/\/yachtcharter-connection.com\/de\/regionen\/mittelmeer\/yachtcharter-adria-nord\/sukosan-777\/\">Sukosan<\/a>, <a href=\"https:\/\/yachtcharter-connection.com\/de\/regionen\/mittelmeer\/yachtcharter-adria-nord\/sibenik-638\/\">Sibenik<\/a>, <a href=\"https:\/\/yachtcharter-connection.com\/de\/regionen\/mittelmeer\/yachtcharter-adria-sued\/primosten-marina-kremik-576\/\">Primosten<\/a>, in der Marina Kremik oder in Uglijan, oder sie segeln von Split aus gen Nordwesten. Die Inselgruppe mit mehr als 100 Inseln ist als Nationalpark gesch\u00fctzt.<\/p>\n<p>Auf dem Yachtcharter Kroatien-T\u00f6rn in den Kornaten locken einsame Buchten, kleine H\u00e4fen, viele Konobas mit eigenen Anlegern vor allem auf Kornat, einige neue Marinas zum Beispiel auf Zut und Piskera, und viel Natur. Ber\u00fchmt sind die bizarren Felslandschaften mit vielen Grotten, H\u00f6hlen, Buchten und bizarren Steinformationen. Durch die unz\u00e4hligen vorgelagerten Inseln mit ihren vielen Ankerbuchten entsteht so gut wie kein Seegang. Auch f\u00fcr den Yachtcharter Kroatien-T\u00f6rn mit Kindern ist dieses Revier bestens geeignet. Restaurants, besonders die typischen Konobas, finden sich in den Kornaten \u00fcberall und in besonders gro\u00dfer Anzahl. Und was viele, die Kroatien nicht kennen, nicht wissen: Die kroatische K\u00fcche hat zumindest an der K\u00fcste mehr zu bieten als Raznici und Cevapcici: K\u00f6stliche Gerichte mit Fisch, Meeresfr\u00fcchten und feinster Pasta erwarten segelnde Feinschmecker auf seinem Yachtcharter Kroatien-T\u00f6rn \u2013 und auch der kroatische Wein mundet k\u00f6stlich.<\/p>\n<h3>Yachtcharter Kroatien &#8211; Mitteldalmatien<\/h3>\n<p>Die gr\u00f6\u00dften Yachtcharter Kroatien-Basen Mitteldalmatiens befinden sich<a href=\"https:\/\/yachtcharter-connection.com\/de\/regionen\/mittelmeer\/yachtcharter-adria-sued\/split-812\/\"> Split<\/a>, im nur f\u00fcnf Kilometer vom Airport Split entfernten <a href=\"https:\/\/yachtcharter-connection.com\/de\/regionen\/mittelmeer\/yachtcharter-adria-sued\/trogir-412\/\">Trogir<\/a>, in der<a href=\"https:\/\/yachtcharter-connection.com\/de\/regionen\/mittelmeer\/yachtcharter-adria-sued\/marina-kastela-673\/\"> Marina Kastela<\/a> nahe beim Flughafen, auf der Insel <a href=\"https:\/\/yachtcharter-connection.com\/de\/regionen\/mittelmeer\/yachtcharter-adria-sued\/solta-rogac-split-587\/\">Solta in Rogac<\/a>, nur neun Seemeilen von Split entfernt, in der hochmodernen privaten <a href=\"https:\/\/yachtcharter-connection.com\/de\/regionen\/mittelmeer\/yachtcharter-adria-sued\/rogoznica-360\/\">Marina Rogoznica<\/a>, au\u00dferdem in der <a href=\"https:\/\/yachtcharter-connection.com\/de\/regionen\/mittelmeer\/yachtcharter-adria-sued\/marinaana-185\/\">Marina Agana<\/a> sowie in <a href=\"https:\/\/yachtcharter-connection.com\/de\/regionen\/mittelmeer\/yachtcharter-adria-sued\/vinisce-786\/\">Vinisce<\/a>. Es d\u00fcrfte kaum einen Segler geben, der bei dem riesigen Yachtcharter Kroatien-Angebot hier nicht eine geeignete Charteryacht findet. Die Inselwelt in dieser Region bietet Yachtcharter Kroatien-Crews ungez\u00e4hlte Highlights. Yachtcharter Kroatien-Segler und Motoryacht-Charterer zieht es vor allem nach Vis, Lastovo, Hvar oder Brac.<\/p>\n<p>Vis, oft auch noch italienisch Lissa genannt, und die Nachbarinsel Bisevo sind am weitesten von der K\u00fcste entfernt: von Hvar aus f\u00fchrt der Yachtcharter Kroatien-T\u00f6rn etwa 10 Seemeilen gen Westen. Erst seit 1989 ist die Insel, die fr\u00fcher milit\u00e4risches Sperrgebiet war, f\u00fcr Yachtcharter Kroatien-Urlauber zug\u00e4nglich. Die Einwohner leben \u00fcberwiegend vom Fischfang und Weinbau. Praktisch f\u00fcr die Pantry: Allerorten kann offener Wein vom Fass preiswert gebunkert werden. Ausflugsziele, etwa f\u00fcr eine Tour mit dem Mietmoped, sind der Berg Hum und die \u201eTito-H\u00f6hle\u201c in der N\u00e4he von Komiza, von der aus Tito 1944 den Widerstand gegen die deutsche Wehrmacht organisiert hat. Auch sehenswert. Die blaue Grotte auf der Nachbarinsel Bisevo \u2013 Yachtcharter Kroatien-Crews k\u00f6nnen in der N\u00e4he ankern und mit dem Dinghy bis ins Innere fahren.<\/p>\n<p>Im Stadthafen von Vis gibt es einige Liegepl\u00e4tze f\u00fcr Yachtcharter Kroatien-G\u00e4ste mit Muringleinen, Wasser und Strom, aber keine Sanit\u00e4ranlagen. Die Fischhalle ist nur wenige Meter entfernt. Im Ortsteil Kut gibt es ebenfalls eine Pier mit Wasser und Strom. Ein weiterer sch\u00f6ner, gut ausgestatteter Stadthafen befindet sich in Komiza. In einem alten Wehrturm ist ein hier ein Fischereimuseum untergebracht.<\/p>\n<p>Sowohl auf Vis wie auch auf Hvar gab es vor langer Zeit griechische Siedler, auf Hvar gibt es mit Starigrad (fr\u00fcher Pharos) noch eine ionische Siedlung. Heute verf\u00fcgt das St\u00e4dtchen \u00fcber Liegepl\u00e4tze an der Kaimauer, viel Gastronomie und jede Menge romantischen Charme &#8211; Treffpunkt der Yachtcharter Kroatien-Crews.<\/p>\n<p>Beliebt und immer zu klein ist der Stadthafen von Hvar mit sch\u00f6ner Promenade und zauberhaften Gassen. Er ist Ausgangspunkt f\u00fcr Shopping und Abendprogramm, bietet aber nur wenig Liegepl\u00e4tze an. Zum Ausweichen bietet sich die moderne Marina Palmizana an, gegen\u00fcber auf der kleinen Insel Sv. Klement. Per Shuttleboot oder Dinghy setzen die Yachtcharter Kroatien-Crews nach Hvar \u00fcber, man liegt herrlich ruhig \u2013 und die Marina, wie ein tropischer Garten angelegt, ist mit viel Botanik auch noch sch\u00f6n.<\/p>\n<p>Auf Brac lockt vor allem das Goldene Horn, wohl der sch\u00f6nste Sandstrand Kroatien. Ganz in der N\u00e4he, in Bol, ist das touristische Zentrum von Brac. Aber die Insel hat auch sonst etwas zu bieten: Ber\u00fchmt ist sie f\u00fcr wei\u00dfen Kalkstein und beeindruckende Weinberge. Der Kalkstein wurde nicht nur in Pal\u00e4sten, Tempeln und Amphitheatern in Split oder Trogir verbaut, sondern auch in der Wiener Hofburg und im wei\u00dfen Haus in Washington.<\/p>\n<h3>Yachtcharter Kroatien &#8211; s\u00fcdliches Dalmatien &#8211; Elaphiten<\/h3>\n<p><img class=\"content-image\" style=\"width: 300px; height: 201px;\" src=\"https:\/\/yachtcharter-connection.com\/wp-content\/uploads\/converted_files\/18924\/18924-562225e4b9b5f.jpg\" alt=\"Yachtcharter Kroatien Dalmatien-Dubrovnik.jpg\" \/>Im S\u00fcden der Region Split liegen auf dem Weg nach Dubrovnik weitere H\u00e4fen mit Yachtcharter Dalmatien-St\u00fctzpunkten an der Makarska Riviera in wie etwa in <a href=\"https:\/\/yachtcharter-connection.com\/de\/regionen\/mittelmeer\/yachtcharter-adria-sued\/baska-voda-870\/\">Baska Voda<\/a>. Ganz im S\u00fcden von Dalmatien vor<a href=\"https:\/\/yachtcharter-connection.com\/de\/regionen\/mittelmeer\/yachtcharter-adria-sued\/dubrovnik-314\/\"> Dubrovnik<\/a> liegt die Inselgruppe der Elaphiten mit insgesamt 15 bewohnten und unbewohnten Eilanden (wenn auch die kleinen mitgez\u00e4hlt werden). Yachtcharter Kroatien-Crews, die erst in Dubrovnik durch malerische Altstadtgassen gebummelt sind, finden hier G\u00e4rten und Parks vor Anwesen aus dem 16. Jahrhundert, Olivenb\u00e4ume, Zitrusb\u00e4ume und Palmen, Kl\u00f6ster und Befestigungsanlagen. Rund 1.000 Menschen leben auf Lopud, Kolocep und Sipan. Mit einem gro\u00dfen Hafen war Lopud fr\u00fcher ein echter Seefahrer-St\u00fctzpunkt und Standort vieler feudaler Feriendomizile reicher Kaufleute. Herrenh\u00e4user in gro\u00dfen Parks stehen auch auf Sipan, f\u00fcr Yachtcharter Kroatien-Crews nur einen Mini-Schlag von Lopud entfernt. Hier gibt es einen neuen Yacht-Steg im Hafen in Sudurat. Idyllische Buchten allerorten, viele auf dem Yachtcharter Kroatien-T\u00f6rm auch zum \u00dcbernachten vor Anker geeignet \u2013 und auch das nahegelegene Festland sollte von den Elaphiten aus angesteuert werden: Die Traumbucht Kobas bildet auf der Halbinsel Peljesac einen langen Fjord. Tipp f\u00fcr Yachtcharter Kroatien-Segler, die gerne eine gr\u00f6\u00dfere Strecke zur\u00fccklegen wollen: Die Insel Mljet mit gro\u00dfen W\u00e4ldern aus Aleppo-Kiefern und einem Nationalpark liegt nur ein paar Meilen gen Westen von den Elaphiten entfernt.<\/p>\n<p>Hier finden Sie eine Liste mit Waypoints f\u00fcr Yachtcharter Kroatien &#8211; Dalmatien zum Download: <a href=\"https:\/\/yachtcharter-connection.com\/wp-content\/uploads\/converted_files\/18924\/18924-562225ebab59f.pdf\" target=\"_blank\" rel=\"noopener\"><u>Waypoints Dalmatien<\/u><\/a>.<\/p>\n<p>&nbsp;<\/p>\n<h2><strong>Charteryachten Kroatien:<\/strong><\/h2>\n<p><strong>Es gibt einige Yachtcharter-Flotten mit Segelyachte,\u00a0 Katamaranen sowie Motorbooten und Yachten f\u00fcr Bareboat-Charter in Kroatien, die nicht in unserem Yachtfinder gelistet sind &#8211; bitte fragen Sie nach Angeboten.\u00a0<\/strong><\/p>\n<h4><strong>Yachtcharter Kroatien &#8211; Nautische Literatur:<\/strong><\/h4>\n<p>&#8211; Kroatien. Buchten, Ankerpl\u00e4tze, H\u00e4fen, Landg\u00e4nge &#8211; Volker Lipps, DSV-Verlag<br \/>\n&#8211; Kroatische K\u00fcste 1. Die Kornaten &#8211; Bodo M\u00fcller, Edition Maritim<br \/>\n&#8211; Kroatische K\u00fcste. Kvarner Bucht . &#8211; Bodo M\u00fcller, Edition Maritim<br \/>\n&#8211; Kroatische K\u00fcste, Dubrovnik, Elaphiten, S\u00fcd-Dalmatien &#8211; Bodo M\u00fcller, Edition Maritim<br \/>\n&#8211; K\u00fcstenhandbuch Kroatien &#8211; Anton Simovic und Aloys von Hammel, Delius Klasing Verlag<br \/>\n&#8211; Kroatien &#8211; 888 H\u00e4fen und Buchten &#8211; Karl H Best\u00e4ndig<br \/>\n<strong><br \/>\nYachtcharter Kroatien &#8211; L\u00e4nderinformationen:<\/strong><\/p>\n<p>Sprache: Kroatisch &#8211; \u00f6rtlich Italienisch (Istrien)<br \/>\nHauptstadt: Zagreb<\/p>\n<p>W\u00e4hrung: Kroatische Kuna (HRK)<\/p>\n<p>Uhrzeit: MEZ &#8211; UTC\/GMT +1 &#8211; im Sommer MESZ (Sommerzeit) &#8211; UTC \/ GMT +2<\/p>\n<p>Stromspannung: 220 V<\/p>\n<p><strong>Die wichtigsten Flugh\u00e4fen f\u00fcr Yachtcharter in Kroatien<\/strong><br \/>\n&#8211; Bra\u010d \/ Bol &#8211; BWK<br \/>\n&#8211; Dubrovnik &#8211; DBV<br \/>\n&#8211; Pula &#8211; PUY<br \/>\n&#8211; Rijeka &#8211; RJK<br \/>\n&#8211; Split &#8211; SPU<br \/>\n&#8211; Zadar &#8211; ZAD<br \/>\n&#8211; Zagreb &#8211; ZAG<\/p>\n<p>&nbsp;<\/p>\n<h4>Proviant f\u00fcr den Kroatien-T\u00f6rn &#8211; Vorbestellung Lebensmittel<\/h4>\n<p><a href=\"http:\/\/www.jamyachtsupply.com\/?af=achterspring\" target=\"_blank\" rel=\"noopener\"><img loading=\"lazy\" class=\"alignnone size-medium wp-image-15319\" src=\"https:\/\/yachtcharter-connection.com\/wp-content\/uploads\/2015\/08\/Jam-Yacht-Supply-Croatia-provision-300x40.jpg\" alt=\"Jam-Yacht-Supply-Croatia-provision\" width=\"300\" height=\"40\" srcset=\"https:\/\/yachtcharter-connection.com\/wp-content\/uploads\/2015\/08\/Jam-Yacht-Supply-Croatia-provision-300x40.jpg 300w, https:\/\/yachtcharter-connection.com\/wp-content\/uploads\/2015\/08\/Jam-Yacht-Supply-Croatia-provision.jpg 468w\" sizes=\"(max-width: 300px) 100vw, 300px\" \/><\/a><\/p>\n<p>F\u00fcr alle H\u00e4fen und Marinas in Kroatien k\u00f6nnen Sie Lebensmittel und weitere Vorr\u00e4te zur kostenlosen Lieferung zur Yacht\u00a0 online vorbestellen:<a href=\"http:\/\/www.jamyachtsupply.com\/?af=achterspring\" target=\"_blank\" rel=\"noopener\"> Proviant-Bestellung Kroatien<\/a>.<\/p>\n<h4><strong>Yachtcharter Kroatien &#8211; Seewetterbericht<\/strong><\/h4>\n<p>Die Sendezeiten f\u00fcr den Seewetter-Bericht im Yachtcharter-Revier Kroatien haben sich Anfang 2010 ge\u00e4ndert. Die K\u00fcstenfunkstellen Rijeka, Split und Dubrovnik senden jetzt einheitlich um 5.45, 12.45 und 19.45 Uhr UTC \/ GMT. Die Sendezeiten in MESZ mitteleurop\u00e4ischer Sommerzeit: 7.45, 14.45 und 21.45 Uhr. Die UKW-Kan\u00e4le bleben unver\u00e4ndert: Rijeka sendet auf den Kan\u00e4len 04, 20,24 und 81, Split auf 07, 21, 23, 28, und 81, Dubrovnik auf 04, 07 und 85.<\/p>\n<table class=\"RegionsAndSubregions\" style=\"border-collapse: collapse;\" border=\"0\" cellspacing=\"0\">\n<tbody>\n<tr>\n<td>\n<div class=\"SubregionRepeaterTitle\">\n<h2><a href=\"https:\/\/yachtcharter-connection.com\/de\/yachtcharter-adria-nord\"> Adria \/ Nord <\/a><\/h2>\n<\/div>\n<div class=\"SmallLinks\">\n<ul>\n<li><a class=\"SmallLinks\" title=\"\" href=\"https:\/\/yachtcharter-connection.com\/de\/biograd-587\"> Biograd <\/a><\/li>\n<li><a class=\"SmallLinks\" title=\"\" href=\"https:\/\/yachtcharter-connection.com\/de\/cres-951\"> Cres <\/a><\/li>\n<li><a class=\"SmallLinks\" title=\"\" href=\"https:\/\/yachtcharter-connection.com\/de\/crikvenica-709\"> Crikvenica <\/a><\/li>\n<li><a class=\"SmallLinks\" title=\"\" href=\"https:\/\/yachtcharter-connection.com\/de\/jezera-617\"> Jezera <\/a><\/li>\n<li><a class=\"SmallLinks\" title=\"\" href=\"https:\/\/yachtcharter-connection.com\/de\/punat-a-898\"> Krk \/ Punat <\/a><\/li>\n<li><a class=\"SmallLinks\" title=\"\" href=\"https:\/\/yachtcharter-connection.com\/de\/losinj-789\"> Losinj <\/a><\/li>\n<li><a class=\"SmallLinks\" title=\"\" href=\"https:\/\/yachtcharter-connection.com\/de\/medulin-605\"> Medulin <\/a><\/li>\n<li><a class=\"SmallLinks\" title=\"\" href=\"https:\/\/yachtcharter-connection.com\/de\/murter-691\"> Murter <\/a><\/li>\n<li><a class=\"SmallLinks\" title=\"\" href=\"https:\/\/yachtcharter-connection.com\/de\/opatija-673\"> Opatija <\/a><\/li>\n<li><a class=\"SmallLinks\" title=\"\" href=\"https:\/\/yachtcharter-connection.com\/de\/simuni-590\"> Pag \/ Simuni <\/a><\/li>\n<li><a class=\"SmallLinks\" title=\"\" href=\"https:\/\/yachtcharter-connection.com\/de\/porec-264\"> Porec <\/a><\/li>\n<li><a class=\"SmallLinks\" title=\"\" href=\"https:\/\/yachtcharter-connection.com\/de\/primosten-375\"> Primosten <\/a><\/li>\n<li><a class=\"SmallLinks\" title=\"\" href=\"https:\/\/yachtcharter-connection.com\/de\/pula-999\"> Pula <\/a><\/li>\n<li><a class=\"SmallLinks\" title=\"\" href=\"https:\/\/yachtcharter-connection.com\/de\/punat-b-249\"> Punat &#8211; B <\/a><\/li>\n<li><a class=\"SmallLinks\" title=\"\" href=\"https:\/\/yachtcharter-connection.com\/de\/rab-895\"> Rab <\/a><\/li>\n<li><a class=\"SmallLinks\" title=\"\" href=\"https:\/\/yachtcharter-connection.com\/de\/rijeka-582\"> Rijeka <\/a><\/li>\n<li><a class=\"SmallLinks\" title=\"\" href=\"https:\/\/yachtcharter-connection.com\/de\/rovinj-436\"> Rovinj <\/a><\/li>\n<li><a class=\"SmallLinks\" title=\"\" href=\"https:\/\/yachtcharter-connection.com\/de\/sibenik-638\"> Sibenik <\/a><\/li>\n<li><a class=\"SmallLinks\" title=\"\" href=\"https:\/\/yachtcharter-connection.com\/de\/sukosan-777\"> Sukosan <\/a><\/li>\n<li><a class=\"SmallLinks\" title=\"\" href=\"https:\/\/yachtcharter-connection.com\/de\/tribunj-282\"> Tribunj <\/a><\/li>\n<li><a class=\"SmallLinks\" title=\"\" href=\"https:\/\/yachtcharter-connection.com\/de\/ugljan-marina-preko-793\"> Ugljan \/ Marina Preko <\/a><\/li>\n<li><a class=\"SmallLinks\" title=\"\" href=\"https:\/\/yachtcharter-connection.com\/de\/umag-811\"> Umag <\/a><\/li>\n<li><a class=\"SmallLinks\" title=\"\" href=\"https:\/\/yachtcharter-connection.com\/de\/vodice-158\"> Vodice <\/a><\/li>\n<li><a class=\"SmallLinks\" title=\"\" href=\"https:\/\/yachtcharter-connection.com\/de\/vrsar-505\"> Vrsar <\/a><\/li>\n<li><a class=\"SmallLinks\" title=\"\" href=\"https:\/\/yachtcharter-connection.com\/de\/zadar-233\"> Zadar <\/a><\/li>\n<li><a class=\"SmallLinks\" title=\"\" href=\"https:\/\/yachtcharter-connection.com\/de\/zlatna-luka-842\"> Zlatna Luka <\/a><\/li>\n<\/ul>\n<\/div>\n<\/td>\n<td>\n<div class=\"SubregionRepeaterTitle\">\n<h2><a href=\"https:\/\/yachtcharter-connection.com\/de\/yachtcharter-adria-sued\"> Adria \/ S\u00fcd <\/a><\/h2>\n<\/div>\n<div class=\"SmallLinks\">\n<ul>\n<li><a class=\"SmallLinks\" title=\"\" href=\"https:\/\/yachtcharter-connection.com\/de\/baska-voda-870\"> Baska Voda <\/a><\/li>\n<li><a class=\"SmallLinks\" title=\"\" href=\"https:\/\/yachtcharter-connection.com\/de\/yachtcharter-brac-milna-split\"> Brac \/ Milna (Split) <\/a><\/li>\n<li><a class=\"SmallLinks\" title=\"\" href=\"https:\/\/yachtcharter-connection.com\/de\/dubrovnik-314\"> Dubrovnik <\/a><\/li>\n<li><a class=\"SmallLinks\" title=\"\" href=\"https:\/\/yachtcharter-connection.com\/yachtcharter-korcula\"> Korcula <\/a><\/li>\n<li><a class=\"SmallLinks\" title=\"\" href=\"https:\/\/yachtcharter-connection.com\/de\/krvavica-525\"> Krvavica <\/a><\/li>\n<li><a class=\"SmallLinks\" title=\"\" href=\"https:\/\/yachtcharter-connection.com\/marinaana-185\"> Marina Agana <\/a><\/li>\n<li><a class=\"SmallLinks\" title=\"\" href=\"https:\/\/yachtcharter-connection.com\/de\/marina-kastela-673\"> Marina Kastela <\/a><\/li>\n<li><a class=\"SmallLinks\" title=\"\" href=\"https:\/\/yachtcharter-connection.com\/de\/marina-tu%c4%8depi-812\"> Marina Tu\u010depi <\/a><\/li>\n<li><a class=\"SmallLinks\" title=\"\" href=\"https:\/\/yachtcharter-connection.com\/de\/primosten-marina-kremik-576\"> Primosten \/ Marina Kremik <\/a><\/li>\n<li><a class=\"SmallLinks\" title=\"\" href=\"https:\/\/yachtcharter-connection.com\/de\/rogoznica-360\"> Rogoznica <\/a><\/li>\n<li><a class=\"SmallLinks\" title=\"\" href=\"https:\/\/yachtcharter-connection.com\/de\/skradin-279\"> Skradin <\/a><\/li>\n<li><a class=\"SmallLinks\" title=\"\" href=\"https:\/\/yachtcharter-connection.com\/de\/solin-948\"> Solin <\/a><\/li>\n<li><a class=\"SmallLinks\" title=\"\" href=\"https:\/\/yachtcharter-connection.com\/de\/solta-rogac-split-587\"> Solta \/ Rogac (Split) <\/a><\/li>\n<li><a class=\"SmallLinks\" title=\"\" href=\"https:\/\/yachtcharter-connection.com\/de\/split-812\"> Split <\/a><\/li>\n<li><a class=\"SmallLinks\" title=\"\" href=\"https:\/\/yachtcharter-connection.com\/de\/trogir-412\"> Trogir <\/a><\/li>\n<li><a class=\"SmallLinks\" title=\"\" href=\"https:\/\/yachtcharter-connection.com\/de\/vinisce-786\"> Vinisce <\/a><\/li>\n<\/ul>\n<\/div>\n<\/td>\n<\/tr>\n<\/tbody>\n<\/table>\n","protected":false},"excerpt":{"rendered":"<p>Yachtcharter Kroatien Hinweis: Bitte etwas Geduld, die Ladezeit der Charterangebote dauern evtl. einen kleinen Moment. &nbsp; Yachtcharter in Kroatien: Kristallklares Wasser, unz\u00e4hlige Inseln, Buchten und Str\u00e4nde, Marinas und Fischereih\u00e4fen, mittelalterliche St\u00e4dte \u2013 die Venezianer haben deutliche Spuren hinterlassen &#8211; und mediterrane Vegetation: Diese Kombination lockt jedes Jahr unz\u00e4hlige Yachtcharter-Urlauber nach<\/p>\n","protected":false},"author":11,"featured_media":0,"parent":101,"menu_order":0,"comment_status":"open","ping_status":"open","template":"","meta":[],"aioseo_notices":[],"_links":{"self":[{"href":"https:\/\/yachtcharter-connection.com\/de\/wp-json\/wp\/v2\/pages\/452"}],"collection":[{"href":"https:\/\/yachtcharter-connection.com\/de\/wp-json\/wp\/v2\/pages"}],"about":[{"href":"https:\/\/yachtcharter-connection.com\/de\/wp-json\/wp\/v2\/types\/page"}],"author":[{"embeddable":true,"href":"https:\/\/yachtcharter-connection.com\/de\/wp-json\/wp\/v2\/users\/11"}],"replies":[{"embeddable":true,"href":"https:\/\/yachtcharter-connection.com\/de\/wp-json\/wp\/v2\/comments?post=452"}],"version-history":[{"count":15,"href":"https:\/\/yachtcharter-connection.com\/de\/wp-json\/wp\/v2\/pages\/452\/revisions"}],"predecessor-version":[{"id":31408,"href":"https:\/\/yachtcharter-connection.com\/de\/wp-json\/wp\/v2\/pages\/452\/revisions\/31408"}],"up":[{"embeddable":true,"href":"https:\/\/yachtcharter-connection.com\/de\/wp-json\/wp\/v2\/pages\/101"}],"wp:attachment":[{"href":"https:\/\/yachtcharter-connection.com\/de\/wp-json\/wp\/v2\/media?parent=452"}],"curies":[{"name":"wp","href":"https:\/\/api.w.org\/{rel}","templated":true}]}}