{"id":453,"date":"2015-08-10T05:53:32","date_gmt":"2015-08-10T05:53:32","guid":{"rendered":"http:\/\/yachtcharter-connection.com.w01e47c6.kasserver.com\/yachtcharter-italien\/"},"modified":"2025-10-10T10:12:30","modified_gmt":"2025-10-10T08:12:30","slug":"yachtcharter-italien","status":"publish","type":"page","link":"https:\/\/yachtcharter-connection.com\/de\/land\/yachtcharter-italien\/","title":{"rendered":"Italien"},"content":{"rendered":"<h1><strong>Yachtcharter Italien<\/strong><\/h1>\n<p style=\"text-align: center;\">\n<span style=\"color: #ff0000;\">Hinweis: Bitte etwas Geduld, die Ladezeit der Charterangebote dauern evtl. einen kleinen Moment.<\/span><br \/>\n<iframe loading=\"lazy\" src=\"https:\/\/www.booking-manager.com\/wbm2\/page.html?companyid=662&amp;setlang=de&amp;bm_view=SearchResult&amp;filter_flexibility=in_year&amp;sortBy=11&amp;sortDirection=-1&amp;filter_country=IT\" width=\"100%\" height=\"1000\" frameborder=\"0\" scrolling=\"auto\"><\/iframe><\/p>\n<p>&nbsp;<\/p>\n<p><a href=\"https:\/\/yachtcharter-connection.com\/wp-content\/uploads\/2015\/08\/Italy-Naples-yacht-charterswh-600.jpg\"><img loading=\"lazy\" class=\"alignleft wp-image-24701 size-full\" src=\"https:\/\/yachtcharter-connection.com\/wp-content\/uploads\/2015\/08\/Italy-Naples-yacht-charterswh-600.jpg\" alt=\"Yachtcharter Italien\" width=\"600\" height=\"398\" srcset=\"https:\/\/yachtcharter-connection.com\/wp-content\/uploads\/2015\/08\/Italy-Naples-yacht-charterswh-600.jpg 600w, https:\/\/yachtcharter-connection.com\/wp-content\/uploads\/2015\/08\/Italy-Naples-yacht-charterswh-600-300x199.jpg 300w\" sizes=\"(max-width: 600px) 100vw, 600px\" \/><\/a>Yachtcharter Italien: Das hei\u00dft italienische Lebensfreude, Cappuccino auf der Piazza, das Erbe der alten R\u00f6mer und Venezianer, Pizza und Pasta, Cucina italiana vom Feinsten, Musica, die unter die Haut geht, quirlige alte H\u00e4fen mit Platz f\u00fcr Yachtcharter Italien-Crews, moderne und mond\u00e4ne Yachtcharter-Marinas \u2013 und ganz viel Meer: 7.600 Kilometer ist die K\u00fcstenlinie Italiens lang, und die verschiedenen Segelreviere mit gro\u00dfen Yachtcharter Italien-Flotten sind vom Feinsten. Am beliebtesten bei Yachtcharter Italien-Crews sind die Inselreviere um<a href=\"https:\/\/yachtcharter-connection.com\/de\/regionen\/mittelmeer\/yachtcharter-sizilien-%c3%a4olische-inseln-kalabrien\/\"> Sizilien<\/a>, <a href=\"https:\/\/yachtcharter-connection.com\/de\/regionen\/mittelmeer\/yachtcharter-ligurien-korsika-toskana-elba\/\" target=\"_blank\" rel=\"noopener\">Elba<\/a> und <a href=\"https:\/\/yachtcharter-connection.com\/de\/regionen\/mittelmeer\/yachtcharter-sardinien\/\" target=\"_blank\" rel=\"noopener\">Sardinien<\/a>, aber auch die Festlandk\u00fcste selbst lockt zum reizvollemn Yachtcharter Italien-T\u00f6rn. Diese ist zwar nur an wenigen Stellen optisch spektakul\u00e4r, wie an der Amalfik\u00fcste, im Gargano oder an der Riviera de Levante.<\/p>\n<p>Daf\u00fcr haben die vielen kleinen Fischerh\u00e4fen, in denen sich wenig Segler und Yachtcharter Italien-Crews verirren, jede Menge Charme, die Marinas in ganz Italien sind au\u00dferordentlich gut f\u00fcr Yachtcharter-Urlauber ausgestattet. Viele der geschichtstr\u00e4chtigen St\u00e4tten lassen sich von den Yachtcharter Italien-Seglern per Bus, Bahn oder Taxi gut von einem nahen Hafen erreichen. Die Restaurants und Bars haben meist die halbe Nacht ge\u00f6ffnet.<\/p>\n<h2><strong><br \/>\n<\/strong> Yachtcharter Italien &#8211; die Yachtcharter-Regionen im \u00dcberblick<\/h2>\n<p><img loading=\"lazy\" class=\"content-image\" src=\"https:\/\/yachtcharter-connection.com\/wp-content\/uploads\/converted_files\/18925\/18925-562225ed31c21.jpg\" alt=\"Segelrevier_Italien\" width=\"300\" height=\"200\" \/>Yachtcharter-Urlauber haben in Italien die Qual der Wahl zwischen den unterschiedlichsten Yachtcharter-Regionen, die alle ihren eigenen Reiz haben. Die italienische Adria l\u00e4dt im n\u00f6rdlichen Teil zum T\u00f6rn zu den Lagunen Venedigs, Grados oder zu Abstechern nach Istrien oder Kroatien ein. Im s\u00fcdlicheren Teil pulsiert das typische Strandleben in den Bagnos, auf die Yachtcharter Italien-Crews warten auch malerische Landschaften wie der Gargano oder Apulien.<\/p>\n<p>Bei Yachtcharter Italien-Crews besonders beliebt sind die Inseln Sizilien, von hier aus auch die liparischen und \u00e4olischen Inseln, Sardinien und die Insel Elba, von der sich auch Korsika als T\u00f6rnziel anbietet. Das Tyrrhenische Meer hat mit der Amalfik\u00fcste, dem Golf von Neapel, den Inseln Ischia und Capri sowie den Pontinischen Inseln genug Potential f\u00fcr mehrere spannende Yachtcharter Italien-T\u00f6rns. Weiter n\u00f6rdlich sind die Toskana (toskanisches Archipel), die liebliche ligurische K\u00fcste oder die malerischen D\u00f6rfer Cinqueterres einen Yachtcharter Italien-T\u00f6rn wert. Mehr Informationen zu den einzelnen Yachtcharter Italien-Regionen Italiens finden Sie hier:<\/p>\n<p>&#8211; <a href=\"https:\/\/yachtcharter-connection.com\/de\/regionen\/mittelmeer\/yachtcharter-italienische-adriak%c3%bcste\/\" target=\"_blank\" rel=\"noopener\">Yachtcharter italienische Adriak\u00fcste<\/a><br \/>\n&#8211; <a href=\"https:\/\/yachtcharter-connection.com\/de\/regionen\/mittelmeer\/yachtcharter-sizilien-%c3%a4olische-inseln-kalabrien\/\" target=\"_blank\" rel=\"noopener\">Yachtcharter Sizilien, \u00c4olische Inseln, Kalabrien<\/a><br \/>\n&#8211; <a href=\"https:\/\/yachtcharter-connection.com\/de\/regionen\/mittelmeer\/yachtcharter-ligurien-korsika-toskana-elba\/\" target=\"_blank\" rel=\"noopener\">Yachtcharter Ligurien, Elba, Toskana und Korsika<\/a><br \/>\n&#8211; <a href=\"https:\/\/yachtcharter-connection.com\/de\/regionen\/mittelmeer\/yachtcharter-sardinien\/\" target=\"_blank\" rel=\"noopener\">Yachtcharter Sardinien<\/a><br \/>\n&#8211; <a href=\"https:\/\/yachtcharter-connection.com\/de\/regionen\/mittelmeer\/yachtcharter-tyrrhenisches-meer\/\">Yachtcharter Tyrrhenisches Meer<\/a><\/p>\n<p>&nbsp;<\/p>\n<p>&nbsp;<\/p>\n<h2><strong>Charteryachten Italien: <\/strong><\/h2>\n<p><strong>Das Yachtcharter-Angebot in Italien ist fast \u00fcberall gro\u00df: Suchen Sie in unserem Yachtfinder nach dem besten Segelboot oder Katamaran f\u00fcr Ihren Yachtcharter Italien-Urlaub &#8211; oder fragen Sie uns.<\/strong><\/p>\n<p><b>Yachtcharter Italien &#8211; Nautische Literatur:<\/b><br \/>\nK\u00fcstenhandbuch Italien: Ventimiglia \u2013 Brindisi mit Sizilien, Sardinien und Malta \u2013 Rod Heikell<br \/>\nKorsika, Sardinien, Elba: H\u00e4fen und K\u00fcsten von oben &#8211; Martin Muth<\/p>\n<p><strong>Yachtcharter Italien &#8211; L\u00e4nderinformationen:<\/strong><\/p>\n<p>Sprache: Italienisch<br \/>\nHauptstadt: Rom<br \/>\nW\u00e4hrung: Euro (EUR)<br \/>\nUhrzeit: MEZ (GMT \/ UTC +1) &#8211; im Sommer Sommerzeit MESZ (GMT\/UTC +2)<br \/>\nNetzspannung: 220 V<\/p>\n<p>Die wichtigsten Flugh\u00e4fen f\u00fcr Yachtcharter-Crews:<\/p>\n<p>Yachtcharter Italienische Adria<br \/>\n&#8211; Venedig &#8211; VCE<br \/>\n&#8211; Triest &#8211; TRS<br \/>\n&#8211; Ravenna &#8211; RAN<br \/>\n&#8211; Rimini &#8211; RMI<br \/>\n&#8211; Ancona &#8211; AOI<\/p>\n<p>Yachtcharter Sizilien<br \/>\n&#8211; Catania &#8211; CTA<br \/>\n&#8211; Palermo &#8211; PMO<\/p>\n<p>Yachtcharter Sardinien<br \/>\n&#8211; Olbia &#8211; OLB<br \/>\n&#8211; Alghero &#8211; AHO<br \/>\n&#8211; Cagliari &#8211; CAG<\/p>\n<p>Yachtcharter Italienische Westk\u00fcste<br \/>\n&#8211; Genua &#8211; GOA<br \/>\n&#8211; Pisa &#8211; PSA<br \/>\n&#8211; Elba &#8211; EBA<br \/>\n&#8211; Neapel &#8211; NAP<br \/>\n&#8211; Sorrent &#8211; RRO<br \/>\n&#8211; Lamezia Terme &#8211; SUF<\/p>\n<p><b>Seewetter Italien:<\/b><br \/>\nK\u00fcstenfunkstellen auf Kanal 68 in englisch und italienisch, laufende Meldungen, alle sechs Stunden aktualisiert.<\/p>\n<table class=\"RegionsAndSubregions\" style=\"border-collapse: collapse;\" border=\"0\" cellspacing=\"0\">\n<tbody>\n<tr>\n<td>\n<div class=\"SubregionRepeaterTitle\">\n<h2><a href=\"https:\/\/yachtcharter-connection.com\/yachtcharter-adria-nord\"> Adria \/ Nord <\/a><\/h2>\n<\/div>\n<div class=\"SmallLinks\">\n<ul>\n<li><a class=\"SmallLinks\" title=\"\" href=\"https:\/\/yachtcharter-connection.com\/chioggia-681\"> Chioggia <\/a><\/li>\n<li><a class=\"SmallLinks\" title=\"\" href=\"https:\/\/yachtcharter-connection.com\/fano-362\"> Fano <\/a><\/li>\n<li><a class=\"SmallLinks\" title=\"\" href=\"https:\/\/yachtcharter-connection.com\/lignano-400\"> Lignano <\/a><\/li>\n<li><a class=\"SmallLinks\" title=\"\" href=\"https:\/\/yachtcharter-connection.com\/porto-levante-699\"> Porto Levante <\/a><\/li>\n<li><a class=\"SmallLinks\" title=\"\" href=\"https:\/\/yachtcharter-connection.com\/porto-san-rocco-triest-315\"> Porto San Rocco (Triest) <\/a><\/li>\n<li><a class=\"SmallLinks\" title=\"\" href=\"https:\/\/yachtcharter-connection.com\/yachtcharter-rimini\"> Rimini <\/a><\/li>\n<li><a class=\"SmallLinks\" title=\"\" href=\"https:\/\/yachtcharter-connection.com\/san-giorgio-di-nogaro-298\"> San Giorgio di Nogaro <\/a><\/li>\n<li><a class=\"SmallLinks\" title=\"\" href=\"https:\/\/yachtcharter-connection.com\/triest-952\"> Triest <\/a><\/li>\n<li><a class=\"SmallLinks\" title=\"\" href=\"https:\/\/yachtcharter-connection.com\/venedig\"> Venedig <\/a><\/li>\n<\/ul>\n<\/div>\n<\/td>\n<td>\n<div class=\"SubregionRepeaterTitle\">\n<h2><a href=\"https:\/\/yachtcharter-connection.com\/yachtcharter-adria-s%c3%bcd\"> Adria \/ S\u00fcd <\/a><\/h2>\n<\/div>\n<div class=\"SmallLinks\">\n<ul>\n<li><a class=\"SmallLinks\" title=\"\" href=\"https:\/\/yachtcharter-connection.com\/vieste-835\"> Vieste <\/a><\/li>\n<\/ul>\n<\/div>\n<\/td>\n<\/tr>\n<tr>\n<td>\n<div class=\"SubregionRepeaterTitle\">\n<h2><a href=\"https:\/\/yachtcharter-connection.com\/yachtcharter-comer-see\"> Comer See <\/a><\/h2>\n<\/div>\n<div class=\"SmallLinks\">\n<ul>\n<li><a class=\"SmallLinks\" title=\"\" href=\"https:\/\/yachtcharter-connection.com\/domaso-680\"> Domaso <\/a><\/li>\n<li><a class=\"SmallLinks\" title=\"\" href=\"https:\/\/yachtcharter-connection.com\/moltrasio-583\"> Moltrasio <\/a><\/li>\n<\/ul>\n<\/div>\n<\/td>\n<td>\n<div class=\"SubregionRepeaterTitle\">\n<h2><a href=\"https:\/\/yachtcharter-connection.com\/yachtcharter-gardasee\"> Gardasee <\/a><\/h2>\n<\/div>\n<div class=\"SmallLinks\">\n<ul>\n<li><a class=\"SmallLinks\" title=\"\" href=\"https:\/\/yachtcharter-connection.com\/gardasee-bogliaco\"> Gardasee \/ Bogliaco <\/a><\/li>\n<li><a class=\"SmallLinks\" title=\"\" href=\"https:\/\/yachtcharter-connection.com\/gardasee-cassone\"> Gardasee \/ Cassone <\/a><\/li>\n<\/ul>\n<\/div>\n<\/td>\n<\/tr>\n<tr>\n<td>\n<div class=\"SubregionRepeaterTitle\">\n<h2><a href=\"https:\/\/yachtcharter-connection.com\/yachtcharter-ionisches-meer\"> Ionisches Meer <\/a><\/h2>\n<\/div>\n<div class=\"SmallLinks\">\n<ul>\n<li><a class=\"SmallLinks\" title=\"\" href=\"https:\/\/yachtcharter-connection.com\/crotone-907\"> Crotone <\/a><\/li>\n<\/ul>\n<\/div>\n<\/td>\n<td>\n<div class=\"SubregionRepeaterTitle\">\n<h2><a href=\"https:\/\/yachtcharter-connection.com\/yachtcharter-italienische-adriak%c3%bcste\"> Italienische Adriak\u00fcste <\/a><\/h2>\n<\/div>\n<div class=\"SmallLinks\">\n<ul>\n<li><a class=\"SmallLinks\" title=\"\" href=\"https:\/\/yachtcharter-connection.com\/marina-di-ravenna-891\"> Marina di Ravenna <\/a><\/li>\n<li><a class=\"SmallLinks\" title=\"\" href=\"https:\/\/yachtcharter-connection.com\/pescara-388\"> Pescara <\/a><\/li>\n<\/ul>\n<\/div>\n<\/td>\n<\/tr>\n<tr>\n<td>\n<div class=\"SubregionRepeaterTitle\">\n<h2><a href=\"https:\/\/yachtcharter-connection.com\/yachtcharter-ligurien-korsika-toskana-elba\"> Ligurien &#8211; Korsika &#8211; Toskana &#8211; Elba <\/a><\/h2>\n<\/div>\n<div class=\"SmallLinks\">\n<ul>\n<li><a class=\"SmallLinks\" title=\"\" href=\"https:\/\/yachtcharter-connection.com\/baratti-742\"> Baratti <\/a><\/li>\n<li><a class=\"SmallLinks\" title=\"\" href=\"https:\/\/yachtcharter-connection.com\/bocca-di-magra-129\"> Bocca di Magra <\/a><\/li>\n<li><a class=\"SmallLinks\" title=\"\" href=\"https:\/\/yachtcharter-connection.com\/cala-galera-971\"> Cala Galera <\/a><\/li>\n<li><a class=\"SmallLinks\" title=\"\" href=\"https:\/\/yachtcharter-connection.com\/castiglioncello-400\"> Castiglioncello <\/a><\/li>\n<li><a class=\"SmallLinks\" title=\"\" href=\"https:\/\/yachtcharter-connection.com\/yachtcharter-cecina\"> Cecina <\/a><\/li>\n<li><a class=\"SmallLinks\" title=\"\" href=\"https:\/\/yachtcharter-connection.com\/cinque-terre-343\"> Cinque Terre <\/a><\/li>\n<li><a class=\"SmallLinks\" title=\"\" href=\"https:\/\/yachtcharter-connection.com\/portovenere-569\"> Cinque Terre \/ Portovenere <\/a><\/li>\n<li><a class=\"SmallLinks\" title=\"\" href=\"https:\/\/yachtcharter-connection.com\/elba-marciana-marina-791\"> Elba \/ Marciana Marina <\/a><\/li>\n<li><a class=\"SmallLinks\" title=\"\" href=\"https:\/\/yachtcharter-connection.com\/elba-porto-azzurro-387\"> Elba \/ Porto Azzurro <\/a><\/li>\n<li><a class=\"SmallLinks\" title=\"\" href=\"https:\/\/yachtcharter-connection.com\/elba-portoferraio-863\"> Elba \/ Portoferraio <\/a><\/li>\n<li><a class=\"SmallLinks\" title=\"\" href=\"https:\/\/yachtcharter-connection.com\/elba-rio-marina-184\"> Elba \/ Rio Marina <\/a><\/li>\n<li><a class=\"SmallLinks\" title=\"\" href=\"https:\/\/yachtcharter-connection.com\/follonica-etrusca-marina-397\"> Follonica \/ Etrusca Marina <\/a><\/li>\n<li><a class=\"SmallLinks\" title=\"\" href=\"https:\/\/yachtcharter-connection.com\/genua-860\"> Genua <\/a><\/li>\n<li><a class=\"SmallLinks\" title=\"\" href=\"https:\/\/yachtcharter-connection.com\/imperia-andora-365\"> Imperia \/ Andora <\/a><\/li>\n<li><a class=\"SmallLinks\" title=\"\" href=\"https:\/\/yachtcharter-connection.com\/imperia-san-lorenzo-al-mare-896\"> Imperia \/ San Lorenzo al Mare <\/a><\/li>\n<li><a class=\"SmallLinks\" title=\"\" href=\"https:\/\/yachtcharter-connection.com\/la-spezia-333\"> La Spezia <\/a><\/li>\n<li><a class=\"SmallLinks\" title=\"\" href=\"https:\/\/yachtcharter-connection.com\/lavagna-595\"> Lavagna <\/a><\/li>\n<li><a class=\"SmallLinks\" title=\"\" href=\"https:\/\/yachtcharter-connection.com\/livorno-566\"> Livorno <\/a><\/li>\n<li><a class=\"SmallLinks\" title=\"\" href=\"https:\/\/yachtcharter-connection.com\/piombino-marina-salivoli-188\"> Piombino \/ Marina Salivoli <\/a><\/li>\n<li><a class=\"SmallLinks\" title=\"\" href=\"https:\/\/yachtcharter-connection.com\/piombino-porto-piombino-242\"> Piombino \/ Porto Piombino <\/a><\/li>\n<li><a class=\"SmallLinks\" title=\"\" href=\"https:\/\/yachtcharter-connection.com\/pisa-182\"> Pisa <\/a><\/li>\n<li><a class=\"SmallLinks\" title=\"\" href=\"https:\/\/yachtcharter-connection.com\/pontone-246\"> Pontone <\/a><\/li>\n<li><a class=\"SmallLinks\" title=\"\" href=\"https:\/\/yachtcharter-connection.com\/porto-ercole-478\"> Porto Ercole <\/a><\/li>\n<li><a class=\"SmallLinks\" title=\"\" href=\"https:\/\/yachtcharter-connection.com\/portofino-662\"> Portofino <\/a><\/li>\n<li><a class=\"SmallLinks\" title=\"\" href=\"https:\/\/yachtcharter-connection.com\/punta-ala-503\"> Punta Ala <\/a><\/li>\n<li><a class=\"SmallLinks\" title=\"\" href=\"https:\/\/yachtcharter-connection.com\/riva-di-traiano-290\"> Riva di Traiano <\/a><\/li>\n<li><a class=\"SmallLinks\" title=\"\" href=\"https:\/\/yachtcharter-connection.com\/rosignano-355\"> Rosignano <\/a><\/li>\n<li><a class=\"SmallLinks\" title=\"\" href=\"https:\/\/yachtcharter-connection.com\/s-stefano-al-mare-marina-degli-aregai-944\"> S. Stefano Al Mare \/ Marina degli Aregai <\/a><\/li>\n<li><a class=\"SmallLinks\" title=\"\" href=\"https:\/\/yachtcharter-connection.com\/san-remo-399\"> San Remo <\/a><\/li>\n<li><a class=\"SmallLinks\" title=\"\" href=\"https:\/\/yachtcharter-connection.com\/san-vincenzo-347\"> San Vincenzo <\/a><\/li>\n<li><a class=\"SmallLinks\" title=\"\" href=\"https:\/\/yachtcharter-connection.com\/savona-647\"> Savona <\/a><\/li>\n<li><a class=\"SmallLinks\" title=\"\" href=\"https:\/\/yachtcharter-connection.com\/talamone-214\"> Talamone <\/a><\/li>\n<li><a class=\"SmallLinks\" title=\"\" href=\"https:\/\/yachtcharter-connection.com\/viareggio-214\"> Viareggio <\/a><\/li>\n<\/ul>\n<\/div>\n<\/td>\n<td>\n<div class=\"SubregionRepeaterTitle\">\n<h2><a href=\"https:\/\/yachtcharter-connection.com\/yachtcharter-sardinien\"> Sardinien <\/a><\/h2>\n<\/div>\n<div class=\"SmallLinks\">\n<ul>\n<li><a class=\"SmallLinks\" title=\"\" href=\"https:\/\/yachtcharter-connection.com\/sardinien-alghero\"> Sardinien \/ Alghero <\/a><\/li>\n<li><a class=\"SmallLinks\" title=\"\" href=\"https:\/\/yachtcharter-connection.com\/sardinien-arbatax\"> Sardinien \/ Arbatax <\/a><\/li>\n<li><a class=\"SmallLinks\" title=\"\" href=\"https:\/\/yachtcharter-connection.com\/sardinien-cagliari\"> Sardinien \/ Cagliari <\/a><\/li>\n<li><a class=\"SmallLinks\" title=\"\" href=\"https:\/\/yachtcharter-connection.com\/sardinien-cala-bitta\"> Sardinien \/ Cala Bitta <\/a><\/li>\n<li><a class=\"SmallLinks\" title=\"\" href=\"https:\/\/yachtcharter-connection.com\/sardinien-cannigione\"> Sardinien \/ Cannigione <\/a><\/li>\n<li><a class=\"SmallLinks\" title=\"\" href=\"https:\/\/yachtcharter-connection.com\/sardinien-carloforte\"> Sardinien \/ Carloforte <\/a><\/li>\n<li><a class=\"SmallLinks\" title=\"\" href=\"https:\/\/yachtcharter-connection.com\/sardinien-carloforte-202\"> Sardinien \/ Carloforte <\/a><\/li>\n<li><a class=\"SmallLinks\" title=\"\" href=\"https:\/\/yachtcharter-connection.com\/sardinien-castelsardo\"> Sardinien \/ Castelsardo <\/a><\/li>\n<li><a class=\"SmallLinks\" title=\"\" href=\"https:\/\/yachtcharter-connection.com\/sardinien-la-caletta\"> Sardinien \/ La Caletta <\/a><\/li>\n<li><a class=\"SmallLinks\" title=\"\" href=\"https:\/\/yachtcharter-connection.com\/sardinien-la-maddalena\"> Sardinien \/ La Maddalena <\/a><\/li>\n<li><a class=\"SmallLinks\" title=\"\" href=\"https:\/\/yachtcharter-connection.com\/sardinien-olbia\"> Sardinien \/ Olbia <\/a><\/li>\n<li><a class=\"SmallLinks\" title=\"\" href=\"https:\/\/yachtcharter-connection.com\/sardinien-palau\"> Sardinien \/ Palau <\/a><\/li>\n<li><a class=\"SmallLinks\" title=\"\" href=\"https:\/\/yachtcharter-connection.com\/sardinien-poltu-quatu\"> Sardinien \/ Poltu Quatu <\/a><\/li>\n<li><a class=\"SmallLinks\" title=\"\" href=\"https:\/\/yachtcharter-connection.com\/sardinien-portisco\"> Sardinien \/ Portisco <\/a><\/li>\n<li><a class=\"SmallLinks\" title=\"\" href=\"https:\/\/yachtcharter-connection.com\/sardinien-porto-cervo\"> Sardinien \/ Porto Cervo <\/a><\/li>\n<li><a class=\"SmallLinks\" title=\"\" href=\"https:\/\/yachtcharter-connection.com\/sardinien-porto-rotondo\"> Sardinien \/ Porto Rotondo <\/a><\/li>\n<li><a class=\"SmallLinks\" title=\"\" href=\"https:\/\/yachtcharter-connection.com\/sardinien-porto-torres\"> Sardinien \/ Porto Torres <\/a><\/li>\n<li><a class=\"SmallLinks\" title=\"\" href=\"https:\/\/yachtcharter-connection.com\/sardinien-portoscuso\"> Sardinien \/ Portoscuso <\/a><\/li>\n<li><a class=\"SmallLinks\" title=\"\" href=\"https:\/\/yachtcharter-connection.com\/sardinien-puntaldia\"> Sardinien \/ Puntaldia <\/a><\/li>\n<li><a class=\"SmallLinks\" title=\"\" href=\"https:\/\/yachtcharter-connection.com\/sardinien-quatu\"> Sardinien \/ Quatu <\/a><\/li>\n<li><a class=\"SmallLinks\" title=\"\" href=\"https:\/\/yachtcharter-connection.com\/yachtcharter-sardinien-santa-maria-navarrese\"> Sardinien \/ Santa Maria Navarrese <\/a><\/li>\n<li><a class=\"SmallLinks\" title=\"\" href=\"https:\/\/yachtcharter-connection.com\/sardinien-santa-teresa-di-gallura\"> Sardinien \/ Santa Teresa di Gallura <\/a><\/li>\n<\/ul>\n<\/div>\n<\/td>\n<\/tr>\n<tr>\n<td>\n<div class=\"SubregionRepeaterTitle\">\n<h2><a href=\"https:\/\/yachtcharter-connection.com\/yachtcharter-sizilien-%c3%a4olische-inseln-kalabrien\"> Sizilien &#8211; \u00c4olische Inseln &#8211; Kalabrien <\/a><\/h2>\n<\/div>\n<div class=\"SmallLinks\">\n<ul>\n<li><a class=\"SmallLinks\" title=\"\" href=\"https:\/\/yachtcharter-connection.com\/lipari-104\"> Lipari <\/a><\/li>\n<li><a class=\"SmallLinks\" title=\"\" href=\"https:\/\/yachtcharter-connection.com\/reggio-calabria-501\"> Reggio Calabria <\/a><\/li>\n<li><a class=\"SmallLinks\" title=\"\" href=\"https:\/\/yachtcharter-connection.com\/salina-336\"> Salina <\/a><\/li>\n<li><a class=\"SmallLinks\" title=\"\" href=\"https:\/\/yachtcharter-connection.com\/sizilien-catania\"> Sizilien \/ Catania <\/a><\/li>\n<li><a class=\"SmallLinks\" title=\"\" href=\"https:\/\/yachtcharter-connection.com\/sizilien-cefalu\"> Sizilien \/ Cefalu <\/a><\/li>\n<li><a class=\"SmallLinks\" title=\"\" href=\"https:\/\/yachtcharter-connection.com\/yachtcharter-sizilien-marina-di-ragusa\"> Sizilien \/ Marina di Ragusa <\/a><\/li>\n<li><a class=\"SmallLinks\" title=\"\" href=\"https:\/\/yachtcharter-connection.com\/sizilien-marsala\"> Sizilien \/ Marsala <\/a><\/li>\n<li><a class=\"SmallLinks\" title=\"\" href=\"https:\/\/yachtcharter-connection.com\/sizilien-milazzo\"> Sizilien \/ Milazzo <\/a><\/li>\n<li><a class=\"SmallLinks\" title=\"\" href=\"https:\/\/yachtcharter-connection.com\/sizilien-palermo\"> Sizilien \/ Palermo <\/a><\/li>\n<li><a class=\"SmallLinks\" title=\"\" href=\"https:\/\/yachtcharter-connection.com\/sizilien-portorosa\"> Sizilien \/ Portorosa <\/a><\/li>\n<li><a class=\"SmallLinks\" title=\"\" href=\"https:\/\/yachtcharter-connection.com\/sizilien-riposto\"> Sizilien \/ Riposto <\/a><\/li>\n<li><a class=\"SmallLinks\" title=\"\" href=\"https:\/\/yachtcharter-connection.com\/sizilien-santagata-di-militello\"> Sizilien \/ Santagata di Militello <\/a><\/li>\n<li><a class=\"SmallLinks\" title=\"\" href=\"https:\/\/yachtcharter-connection.com\/sizilien-syracus\"> Sizilien \/ Syracus <\/a><\/li>\n<li><a class=\"SmallLinks\" title=\"\" href=\"https:\/\/yachtcharter-connection.com\/sizilien-taormina\"> Sizilien \/ Taormina <\/a><\/li>\n<li><a class=\"SmallLinks\" title=\"\" href=\"https:\/\/yachtcharter-connection.com\/yachtcharter-sizilien-terrasini\"> Sizilien \/ Terrasini <\/a><\/li>\n<li><a class=\"SmallLinks\" title=\"\" href=\"https:\/\/yachtcharter-connection.com\/sizilien-trapani\"> Sizilien \/ Trapani <\/a><\/li>\n<li><a class=\"SmallLinks\" title=\"\" href=\"https:\/\/yachtcharter-connection.com\/tropea-453\"> Tropea <\/a><\/li>\n<li><a class=\"SmallLinks\" title=\"\" href=\"https:\/\/yachtcharter-connection.com\/vibo-valentia-536\"> Vibo Valentia <\/a><\/li>\n<\/ul>\n<\/div>\n<\/td>\n<td>\n<div class=\"SubregionRepeaterTitle\">\n<h2><a href=\"https:\/\/yachtcharter-connection.com\/yachtcharter-tyrrhenisches-meer\"> Tyrrhenisches Meer <\/a><\/h2>\n<\/div>\n<div class=\"SmallLinks\">\n<ul>\n<li><a class=\"SmallLinks\" title=\"\" href=\"https:\/\/yachtcharter-connection.com\/agropoli-677\"> Agropoli <\/a><\/li>\n<li><a class=\"SmallLinks\" title=\"\" href=\"https:\/\/yachtcharter-connection.com\/amalfi-998\"> Amalfi <\/a><\/li>\n<li><a class=\"SmallLinks\" title=\"\" href=\"https:\/\/yachtcharter-connection.com\/civitavecchia-125\"> Civitavecchia <\/a><\/li>\n<li><a class=\"SmallLinks\" title=\"\" href=\"https:\/\/yachtcharter-connection.com\/foce-sisto-sabaudia-314\"> Foce Sisto \/ Sabaudia <\/a><\/li>\n<li><a class=\"SmallLinks\" title=\"\" href=\"https:\/\/yachtcharter-connection.com\/formia-570\"> Formia <\/a><\/li>\n<li><a class=\"SmallLinks\" title=\"\" href=\"https:\/\/yachtcharter-connection.com\/gaeta-porto-falvio-gioia-156\"> Gaeta \/ Porto Falvio Gioia <\/a><\/li>\n<li><a class=\"SmallLinks\" title=\"\" href=\"https:\/\/yachtcharter-connection.com\/ischia-casamicciola-345\"> Ischia \/ Casamicciola <\/a><\/li>\n<li><a class=\"SmallLinks\" title=\"\" href=\"https:\/\/yachtcharter-connection.com\/ischia-forio-828\"> Ischia \/ Forio <\/a><\/li>\n<li><a class=\"SmallLinks\" title=\"\" href=\"https:\/\/yachtcharter-connection.com\/ischia-lacco-ameno-643\"> Ischia \/ Lacco Ameno <\/a><\/li>\n<li><a class=\"SmallLinks\" title=\"\" href=\"https:\/\/yachtcharter-connection.com\/ischia-porto-d-ischia-911\"> Ischia \/ Porto d Ischia <\/a><\/li>\n<li><a class=\"SmallLinks\" title=\"\" href=\"https:\/\/yachtcharter-connection.com\/ischia-sant-angelo-291\"> Ischia \/ Sant Angelo <\/a><\/li>\n<li><a class=\"SmallLinks\" title=\"\" href=\"https:\/\/yachtcharter-connection.com\/neapel\"> Neapel <\/a><\/li>\n<li><a class=\"SmallLinks\" title=\"\" href=\"https:\/\/yachtcharter-connection.com\/neapel-castellammare-di-stabia\"> Neapel \/ Castellammare di Stabia <\/a><\/li>\n<li><a class=\"SmallLinks\" title=\"\" href=\"https:\/\/yachtcharter-connection.com\/neapel-pozzuoli\"> Neapel \/ Pozzuoli <\/a><\/li>\n<li><a class=\"SmallLinks\" title=\"\" href=\"https:\/\/yachtcharter-connection.com\/sorrento-541\"> Neapel \/ Sorrento <\/a><\/li>\n<li><a class=\"SmallLinks\" title=\"\" href=\"https:\/\/yachtcharter-connection.com\/nettuno-982\"> Nettuno <\/a><\/li>\n<li><a class=\"SmallLinks\" title=\"\" href=\"https:\/\/yachtcharter-connection.com\/pinetamare-670\"> Pinetamare <\/a><\/li>\n<li><a class=\"SmallLinks\" title=\"\" href=\"https:\/\/yachtcharter-connection.com\/porto-badino-sabaudia-803\"> Porto Badino \/ Sabaudia <\/a><\/li>\n<li><a class=\"SmallLinks\" title=\"\" href=\"https:\/\/yachtcharter-connection.com\/procida-marina-di-procida-508\"> Procida <\/a><\/li>\n<li><a class=\"SmallLinks\" title=\"\" href=\"https:\/\/yachtcharter-connection.com\/procida-chiaiolella-100\"> Procida \/ Chiaiolella <\/a><\/li>\n<li><a class=\"SmallLinks\" title=\"\" href=\"https:\/\/yachtcharter-connection.com\/procida-corricella-325\"> Procida \/ Corricella <\/a><\/li>\n<li><a class=\"SmallLinks\" title=\"\" href=\"https:\/\/yachtcharter-connection.com\/rom-ostia\"> Rom \/ Ostia <\/a><\/li>\n<li><a class=\"SmallLinks\" title=\"\" href=\"https:\/\/yachtcharter-connection.com\/salerno-586\"> Salerno <\/a><\/li>\n<li><a class=\"SmallLinks\" title=\"\" href=\"https:\/\/yachtcharter-connection.com\/terracina-769\"> Terracina <\/a><\/li>\n<\/ul>\n<\/div>\n<\/td>\n<\/tr>\n<\/tbody>\n<\/table>\n","protected":false},"excerpt":{"rendered":"<p>Yachtcharter Italien Hinweis: Bitte etwas Geduld, die Ladezeit der Charterangebote dauern evtl. einen kleinen Moment. &nbsp; Yachtcharter Italien: Das hei\u00dft italienische Lebensfreude, Cappuccino auf der Piazza, das Erbe der alten R\u00f6mer und Venezianer, Pizza und Pasta, Cucina italiana vom Feinsten, Musica, die unter die Haut geht, quirlige alte H\u00e4fen mit<\/p>\n","protected":false},"author":11,"featured_media":0,"parent":101,"menu_order":0,"comment_status":"open","ping_status":"open","template":"","meta":[],"aioseo_notices":[],"_links":{"self":[{"href":"https:\/\/yachtcharter-connection.com\/de\/wp-json\/wp\/v2\/pages\/453"}],"collection":[{"href":"https:\/\/yachtcharter-connection.com\/de\/wp-json\/wp\/v2\/pages"}],"about":[{"href":"https:\/\/yachtcharter-connection.com\/de\/wp-json\/wp\/v2\/types\/page"}],"author":[{"embeddable":true,"href":"https:\/\/yachtcharter-connection.com\/de\/wp-json\/wp\/v2\/users\/11"}],"replies":[{"embeddable":true,"href":"https:\/\/yachtcharter-connection.com\/de\/wp-json\/wp\/v2\/comments?post=453"}],"version-history":[{"count":12,"href":"https:\/\/yachtcharter-connection.com\/de\/wp-json\/wp\/v2\/pages\/453\/revisions"}],"predecessor-version":[{"id":31407,"href":"https:\/\/yachtcharter-connection.com\/de\/wp-json\/wp\/v2\/pages\/453\/revisions\/31407"}],"up":[{"embeddable":true,"href":"https:\/\/yachtcharter-connection.com\/de\/wp-json\/wp\/v2\/pages\/101"}],"wp:attachment":[{"href":"https:\/\/yachtcharter-connection.com\/de\/wp-json\/wp\/v2\/media?parent=453"}],"curies":[{"name":"wp","href":"https:\/\/api.w.org\/{rel}","templated":true}]}}