{"id":454,"date":"2012-06-10T05:49:39","date_gmt":"2012-06-10T05:49:39","guid":{"rendered":"http:\/\/yachtcharter-connection.com.w01e47c6.kasserver.com\/yachtcharter-madagascar\/"},"modified":"2017-07-11T05:35:54","modified_gmt":"2017-07-11T03:35:54","slug":"yachtcharter-madagascar","status":"publish","type":"page","link":"https:\/\/yachtcharter-connection.com\/de\/land\/yachtcharter-madagascar\/","title":{"rendered":"Madagascar"},"content":{"rendered":"<h3>Yachtcharter Madagascar<\/h3>\n<p>\n<img loading=\"lazy\" class=\"content-image\"  height=\"200\" width=\"300\" alt=\"Madagscar-Fischerboote-Pirogen\" src=\"https:\/\/yachtcharter-connection.com\/wp-content\/uploads\/converted_files\/18926\/18926-562225f7bc558.jpg\" \/>Als Yachtcharter-Revier ist Madagascar noch wenig erschlossen &ndash; dabei handelt es sich bei dem tropischen Revier im Indischen Ozean vor der afrikanischen Ostk\u00fcste um den zweitgr\u00f6\u00dften Inselstaat der Welt mit fast 5000 Kilometern K\u00fcste. Die viertgr\u00f6\u00dfte Insel der Welt wird gelegentlich auch als sechster Kontinent bezeichnet.  <\/p>\n<p>Der am weitesten entwickelte Urlaubsort ist die Insel Nosy Be an der Nordwestk\u00fcste im Kanal von Mosambique &ndash; mit dem wei\u00dfen Traumstrand Charity Beach. Hier ist auch die Yachtcharter-Basis. Die &bdquo;gro\u00dfe Insel&ldquo;, fr\u00fcher nach den vielen Gew\u00fcrzen, die hier wachsen, auch Parfuminsel genannt, ist Hauptinsel eines kleinen Archipels, zu dem auch die Inseln Nosy Tanikeli, Nosy Mitsio und die Lemureninsel Nosy Komba geh\u00f6ren. Die etwa 10.000 Einwohner der  Inselhauptstadt Hell-Ville (Andoany) leben von Tourismus, Handel und Fischerei.<br \/>\n<\/p>\n<table  class=\"RegionsAndSubregions\" cellspacing=\"0\" border=\"0\" style=\"border-collapse:collapse;\">\n<tbody>\n<tr>\n<td>\n<div class=\"SubregionRepeaterTitle\">\n<h2><a href=\"https:\/\/yachtcharter-connection.com\/yachtcharter-insel-madagaskar\"> Insel Madagaskar <\/h2>\n<\/div>\n<div class=\"SmallLinks\">\n<ul>\n<li><a class=\"SmallLinks\" href=\"https:\/\/yachtcharter-connection.com\/nosy-be-811\" title=\"\"> Nosy Be <\/a><\/li>\n<\/ul>\n<\/div>\n<\/td>\n<\/tr>\n<\/tbody>\n<\/table>\n","protected":false},"excerpt":{"rendered":"<p>Yachtcharter Madagascar Als Yachtcharter-Revier ist Madagascar noch wenig erschlossen &ndash; dabei handelt es sich bei dem tropischen Revier im Indischen Ozean vor der afrikanischen Ostk\u00fcste um den zweitgr\u00f6\u00dften Inselstaat der Welt mit fast 5000 Kilometern K\u00fcste. Die viertgr\u00f6\u00dfte Insel der Welt wird gelegentlich auch als sechster Kontinent bezeichnet. Der am<\/p>\n","protected":false},"author":11,"featured_media":0,"parent":101,"menu_order":0,"comment_status":"open","ping_status":"open","template":"","meta":[],"aioseo_notices":[],"_links":{"self":[{"href":"https:\/\/yachtcharter-connection.com\/de\/wp-json\/wp\/v2\/pages\/454"}],"collection":[{"href":"https:\/\/yachtcharter-connection.com\/de\/wp-json\/wp\/v2\/pages"}],"about":[{"href":"https:\/\/yachtcharter-connection.com\/de\/wp-json\/wp\/v2\/types\/page"}],"author":[{"embeddable":true,"href":"https:\/\/yachtcharter-connection.com\/de\/wp-json\/wp\/v2\/users\/11"}],"replies":[{"embeddable":true,"href":"https:\/\/yachtcharter-connection.com\/de\/wp-json\/wp\/v2\/comments?post=454"}],"version-history":[{"count":1,"href":"https:\/\/yachtcharter-connection.com\/de\/wp-json\/wp\/v2\/pages\/454\/revisions"}],"predecessor-version":[{"id":12354,"href":"https:\/\/yachtcharter-connection.com\/de\/wp-json\/wp\/v2\/pages\/454\/revisions\/12354"}],"up":[{"embeddable":true,"href":"https:\/\/yachtcharter-connection.com\/de\/wp-json\/wp\/v2\/pages\/101"}],"wp:attachment":[{"href":"https:\/\/yachtcharter-connection.com\/de\/wp-json\/wp\/v2\/media?parent=454"}],"curies":[{"name":"wp","href":"https:\/\/api.w.org\/{rel}","templated":true}]}}