{"id":455,"date":"2015-08-10T05:53:32","date_gmt":"2015-08-10T05:53:32","guid":{"rendered":"http:\/\/yachtcharter-connection.com.w01e47c6.kasserver.com\/yachtcharter-malta\/"},"modified":"2017-09-04T13:58:07","modified_gmt":"2017-09-04T11:58:07","slug":"yachtcharter-malta","status":"publish","type":"page","link":"https:\/\/yachtcharter-connection.com\/de\/land\/yachtcharter-malta\/","title":{"rendered":"Malta"},"content":{"rendered":"<h3>Yachtcharter Malta<\/h3>\n<p><a href=\"https:\/\/yachtcharter-connection.com\/wp-content\/uploads\/2015\/08\/Malta-yacht-charterswh-600.jpg\"><img loading=\"lazy\" class=\"alignleft size-full wp-image-24696\" src=\"https:\/\/yachtcharter-connection.com\/wp-content\/uploads\/2015\/08\/Malta-yacht-charterswh-600.jpg\" alt=\"Yachtcharter Malta\" width=\"600\" height=\"364\" srcset=\"https:\/\/yachtcharter-connection.com\/wp-content\/uploads\/2015\/08\/Malta-yacht-charterswh-600.jpg 600w, https:\/\/yachtcharter-connection.com\/wp-content\/uploads\/2015\/08\/Malta-yacht-charterswh-600-300x182.jpg 300w\" sizes=\"(max-width: 600px) 100vw, 600px\" \/><\/a>F\u00fcr die Kreuzritter spielte das Yachtcharter-Revier Malta, nur rund 50 Meilen von Sizilien entfernt, eine strategisch sehr wichtige Rolle, als Segel- und Yachtcharter-Revier wurde das Archipel zwischen Europa und Afrika mit der Hauptinsel Malta, der Insel Gozo und dem kleinen Eiland Comino dazwischen erst in j\u00fcngster Zeit entdeckt.<\/p>\n<p>Der Yachtcharter-St\u00fctzpunkt mit einem guten Yachtcharter-Angebot an Segelyachten liegt direkt in La Valetta. Die Entfernungen sind nicht gro\u00df, bei einem einw\u00f6chigen T\u00f6rn, etwa von der Hauptstadt, k\u00f6nnen Yachtcharter-Crews die ganze Inselgruppe leicht erkunden. Die Strecke \u201eround Malta\u201c misst nur 40 Seemeilen, von Valetta nach Comino sind es zw\u00f6lf, von dort nach Gozo nur vier Meilen \u2013 und auch \u201eround Gozo\u201c ist f\u00fcr Yachtcharter-Crews mit 25 Meilen ein bequemer Tagest\u00f6rn. Bei einem zweiw\u00f6chigen Yachtcharter-T\u00f6rn liegen auch Sizilien und Lampedusa in Reichweite. W\u00e4hrend die Hauptinsel Malta eher felsig ist, ist Gozo deutlich gr\u00fcner \u2013 hier finden Yachtcharter-Crews auch traumhafte Str\u00e4nde!<\/p>\n<p>Auf Malta, ganzj\u00e4hrig dank der N\u00e4he zu Afrika mit mildem Klima gesegnet, haben die Kreuzritter, Araber, die Briten und die Italiener schon durch die geographische Lage deutliche Spuren hinterlassen, auch in der Sprache der Malteser. Allerdings \u2013 Erbe der Engl\u00e4nder und ein gro\u00dfer Vorteil f\u00fcr den Yachtcharter-Tourismus \u2013 parlieren alle akzentfrei englisch, gezahlt wird europ\u00e4isch mit Euro, die Laune ist gelassen italienisch, die Kneipenkultur international: britische Pubs, mediterrane Cafes\u2026und Augen auf im Stra\u00dfenverkehr, auch zu Fu\u00df: Auf Malta f\u00e4hrt man links, oft auch einfach in der Mitte der Stra\u00dfe! Auf den Spuren der Kreuzritter und Johanniter wandeln Yachtcharter-Urlauber in der Hauptstadt Valetta, Fort Elmo ist schon weit vor der Einfahrt in den Grand Harbour zu sehen, arabische Wurzeln sind in der alten Hauptstadt Mdina noch zu sp\u00fcren. Sehenswert und ein Muss auf dem Yachtcharter-T\u00f6rn: der malerische Fischerhafen Marsaxlokk mit einem herrlich bunten Markt \u2013 und Ankerpl\u00e4tzen f\u00fcr Yachtcharter-Crews vor dem Hafen.<\/p>\n<p><b>Yachtcharter Malta &#8211; Nautische Literatur:<\/b><br \/>\nK\u00fcstenhandbuch Italien: Ventimiglia \u2013 Brindisi, mit Sardinien, Sizilien und Malta \u2013 Rold Heikell<\/p>\n<p><strong><br \/>\nYachtcharter Malta &#8211; L\u00e4nderinformationen:<\/strong><\/p>\n<p>Sprachen: Maltesisch, Englisch, Italienisch<br \/>\nHauptstadt: La Valetta<br \/>\nW\u00e4hrung: Euro (EUR)<br \/>\nUhrzeit: MEZ (GMT \/ UTC +1) &#8211; im Sommer MESZ (GMT\/UTC +2)<br \/>\nNetzspannung: 240 V &#8211; Yachtcharter-Crews ben\u00f6tigen einen Adapter<\/p>\n<p>Wichtigster Flughafen f\u00fcr Yachtcharter:<br \/>\n&#8211; Malta Luqa &#8211; MLA<\/p>\n<table class=\"RegionsAndSubregions\" style=\"border-collapse: collapse;\" border=\"0\" cellspacing=\"0\">\n<tbody>\n<tr>\n<td>\n<div class=\"SubregionRepeaterTitle\">\n<h2><a href=\"https:\/\/yachtcharter-connection.com\/yachtcharter-sizilien-%c3%a4olische-inseln-kalabrien\"> Sizilien &#8211; \u00c4olische Inseln &#8211; Kalabrien <\/a><\/h2>\n<\/div>\n<div class=\"SmallLinks\">\n<ul>\n<li><a class=\"SmallLinks\" title=\"\" href=\"https:\/\/yachtcharter-connection.com\/malta-803\"> Malta <\/a><\/li>\n<\/ul>\n<\/div>\n<\/td>\n<\/tr>\n<\/tbody>\n<\/table>\n","protected":false},"excerpt":{"rendered":"<p>Yachtcharter Malta F\u00fcr die Kreuzritter spielte das Yachtcharter-Revier Malta, nur rund 50 Meilen von Sizilien entfernt, eine strategisch sehr wichtige Rolle, als Segel- und Yachtcharter-Revier wurde das Archipel zwischen Europa und Afrika mit der Hauptinsel Malta, der Insel Gozo und dem kleinen Eiland Comino dazwischen erst in j\u00fcngster Zeit entdeckt.<\/p>\n","protected":false},"author":11,"featured_media":0,"parent":101,"menu_order":0,"comment_status":"open","ping_status":"open","template":"","meta":[],"aioseo_notices":[],"_links":{"self":[{"href":"https:\/\/yachtcharter-connection.com\/de\/wp-json\/wp\/v2\/pages\/455"}],"collection":[{"href":"https:\/\/yachtcharter-connection.com\/de\/wp-json\/wp\/v2\/pages"}],"about":[{"href":"https:\/\/yachtcharter-connection.com\/de\/wp-json\/wp\/v2\/types\/page"}],"author":[{"embeddable":true,"href":"https:\/\/yachtcharter-connection.com\/de\/wp-json\/wp\/v2\/users\/11"}],"replies":[{"embeddable":true,"href":"https:\/\/yachtcharter-connection.com\/de\/wp-json\/wp\/v2\/comments?post=455"}],"version-history":[{"count":2,"href":"https:\/\/yachtcharter-connection.com\/de\/wp-json\/wp\/v2\/pages\/455\/revisions"}],"predecessor-version":[{"id":24699,"href":"https:\/\/yachtcharter-connection.com\/de\/wp-json\/wp\/v2\/pages\/455\/revisions\/24699"}],"up":[{"embeddable":true,"href":"https:\/\/yachtcharter-connection.com\/de\/wp-json\/wp\/v2\/pages\/101"}],"wp:attachment":[{"href":"https:\/\/yachtcharter-connection.com\/de\/wp-json\/wp\/v2\/media?parent=455"}],"curies":[{"name":"wp","href":"https:\/\/api.w.org\/{rel}","templated":true}]}}