{"id":456,"date":"2011-03-14T05:08:22","date_gmt":"2011-03-14T05:08:22","guid":{"rendered":"http:\/\/yachtcharter-connection.com.w01e47c6.kasserver.com\/yachtcharter-malediven\/"},"modified":"2017-07-11T05:56:18","modified_gmt":"2017-07-11T03:56:18","slug":"yachtcharter-malediven","status":"publish","type":"page","link":"https:\/\/yachtcharter-connection.com\/de\/land\/yachtcharter-malediven\/","title":{"rendered":"Malediven"},"content":{"rendered":"<h3>Yachtcharter Malediven<\/h3>\n<p>\n<img loading=\"lazy\" class=\"content-image\"  height=\"200\" width=\"300\" alt=\"Malediven-Atolle\" src=\"https:\/\/yachtcharter-connection.com\/wp-content\/uploads\/converted_files\/18928\/18928-562225faa4f1c.jpg\" \/>19 Inselgruppen, 26 Atolle, insgesamt 1190 Inseln &ndash; das sind die Malediven, s\u00fcdwestlich von Indien mitten im indischen Ozean gelegen. \u00dcber 800 Kilometer erstreckt sich das Archipel in Nords\u00fcd-Richtung. Auf 220 Inseln wohnen Einheimische, \u00fcber 80 sind f\u00fcr Touristen reserviert &ndash; und von der Gesamtfl\u00e4che des Inselstaats sind 99 Prozent von Wasser bedeckt. Sandstr\u00e4nde, Palmen und Lagunen pr\u00e4gen das Bild dieser Traumdestination. <\/p>\n<p>Autos gibt es nur in der Hauptstadt Mal\u00e9 und zwei weiteren Inseln, der meiste Verkehr, Schiffe, Wasserflugzeuge oder Fahrr\u00e4der und Mopeds sind die bevorzugten Verkehrsmittel. Auf Mal\u00e9, wo es Charter-Katamarane gibt, liegt der einzige internationale Flughafen. <\/p>\n<p>Das Kaafu-Atoll, auf dem Mal\u00e9 liegt, wird in Nord-Mal\u00e9-Atoll und S\u00fcd-Mal\u00e9-Atoll mit zusammen 125 Inseln unterteilt. T\u00f6rns von Male aus k\u00f6nnten zum Beispiel zu den Inseln Hengeli, Ethere, Madivaru oder Kandooma f\u00fchren. <\/p>\n<p>Das tropische Klima sorgt immer f\u00fcr angenehme W\u00e4rme, die Monate November bis April sind f\u00fcr Reisen in die Region am besten geeignet, die Zeit des Nordost-Monsuns. Der Monsun aus S\u00fcdwesten bringt im mitteleurop\u00e4ischen Sommer dagegen h\u00e4ufig intensiven Regen. <\/p>\n<p>Auf den Malediven bieten wir <a href=\"~\/Charter-Kategorien\/Events___Incentives\/Tauch-Safari_Malediven.html\" target=\"_blank\">Tauch-Safaris<\/a> mit Luxus-Charteryachten an.<br \/>\n<br type=\"_moz\" \/><br \/>\n<\/p>\n<table  class=\"RegionsAndSubregions\" cellspacing=\"0\" border=\"0\" style=\"border-collapse:collapse;\">\n<tbody>\n<tr>\n<td>\n<div class=\"SubregionRepeaterTitle\">\n<h2><a href=\"https:\/\/yachtcharter-connection.com\/yachtcharter-malediven-archipel\"> Malediven Archipel <\/h2>\n<\/div>\n<div class=\"SmallLinks\">\n<ul>\n<li><a class=\"SmallLinks\" href=\"https:\/\/yachtcharter-connection.com\/male-836\" title=\"\"> Male <\/a><\/li>\n<\/ul>\n<\/div>\n<\/td>\n<\/tr>\n<\/tbody>\n<\/table>\n","protected":false},"excerpt":{"rendered":"<p>Yachtcharter Malediven 19 Inselgruppen, 26 Atolle, insgesamt 1190 Inseln &ndash; das sind die Malediven, s\u00fcdwestlich von Indien mitten im indischen Ozean gelegen. \u00dcber 800 Kilometer erstreckt sich das Archipel in Nords\u00fcd-Richtung. Auf 220 Inseln wohnen Einheimische, \u00fcber 80 sind f\u00fcr Touristen reserviert &ndash; und von der Gesamtfl\u00e4che des Inselstaats sind<\/p>\n","protected":false},"author":11,"featured_media":0,"parent":101,"menu_order":0,"comment_status":"open","ping_status":"open","template":"","meta":[],"aioseo_notices":[],"_links":{"self":[{"href":"https:\/\/yachtcharter-connection.com\/de\/wp-json\/wp\/v2\/pages\/456"}],"collection":[{"href":"https:\/\/yachtcharter-connection.com\/de\/wp-json\/wp\/v2\/pages"}],"about":[{"href":"https:\/\/yachtcharter-connection.com\/de\/wp-json\/wp\/v2\/types\/page"}],"author":[{"embeddable":true,"href":"https:\/\/yachtcharter-connection.com\/de\/wp-json\/wp\/v2\/users\/11"}],"replies":[{"embeddable":true,"href":"https:\/\/yachtcharter-connection.com\/de\/wp-json\/wp\/v2\/comments?post=456"}],"version-history":[{"count":2,"href":"https:\/\/yachtcharter-connection.com\/de\/wp-json\/wp\/v2\/pages\/456\/revisions"}],"predecessor-version":[{"id":24262,"href":"https:\/\/yachtcharter-connection.com\/de\/wp-json\/wp\/v2\/pages\/456\/revisions\/24262"}],"up":[{"embeddable":true,"href":"https:\/\/yachtcharter-connection.com\/de\/wp-json\/wp\/v2\/pages\/101"}],"wp:attachment":[{"href":"https:\/\/yachtcharter-connection.com\/de\/wp-json\/wp\/v2\/media?parent=456"}],"curies":[{"name":"wp","href":"https:\/\/api.w.org\/{rel}","templated":true}]}}