{"id":457,"date":"2013-12-17T05:26:38","date_gmt":"2013-12-17T05:26:38","guid":{"rendered":"http:\/\/yachtcharter-connection.com.w01e47c6.kasserver.com\/yachtcharter-neukaledonien\/"},"modified":"2017-10-14T17:39:03","modified_gmt":"2017-10-14T15:39:03","slug":"yachtcharter-neukaledonien","status":"publish","type":"page","link":"https:\/\/yachtcharter-connection.com\/de\/land\/yachtcharter-neukaledonien\/","title":{"rendered":"Neukaledonien"},"content":{"rendered":"<h1><strong>Yachtcharter Neukaledonien<\/strong><\/h1>\n<p><img loading=\"lazy\" class=\"content-image\" src=\"https:\/\/yachtcharter-connection.com\/wp-content\/uploads\/converted_files\/18929\/18929-562225fd1fd93.jpg\" alt=\"Neukaledonien Lagune bei Noumea\" width=\"300\" height=\"196\" \/>Unber\u00fchrte Natur in der wohl gr\u00f6\u00dften und sch\u00f6nsten Korallenlagune der Welt \u2013 Yachtcharter-Segler, die schon hier waren, schw\u00e4rmen von Neukaledonien. Die Inselgruppe im Pazifik vor der australischen Nordk\u00fcste geh\u00f6rt geographisch zu Melanesien, politisch zu Frankreich. Grande Terre ist die gr\u00f6\u00dfte Insel, dazu kommen die Loyalty Islands, die Ile de Pins, die Chesterfield-Inseln und die Belep-Inseln. Das neukaledonische Barrier Riff ist das zweitgr\u00f6\u00dfte der Welt. Neben Strand, Buchten und Kokospalmen gibt es f\u00fcr Naturliebhaber unter den Yachtcharter Neukaledonien-Crews hier viel zu entdecken: Lagunen, Urwald, B\u00e4che, Fl\u00fcsse, Wasserf\u00e4lle, die endemische Tier- und Pflanzenwelt, die spannende Unterwasserwelt mit 2000 Fischarten, Buckelwale, Unterwasserpfade oder ein Tierreservat, das Inselchen Tenia, wo es zahlreiche Delphine gibt \u2013 viele Regionen sind als Nationalpark oder Meerresevat gesch\u00fctzt. Die Natur wird bewahrt, der Yachtcharter-Tourismus ist trotzdem gut entwickelt und organisiert, auf Yachtcharter Neukaledonien-Crews warten neben malerischen Ankerbuchten auch moderne Marinas.<\/p>\n<p>Allein in der Hauptstadt Noumea, auch Standort der Yachtcharter Neukaledonien-Basis, liegen drei Yachth\u00e4fen, die auch gro\u00df genug f\u00fcr Superyachten sind: den Cercle Nautique Cal\u00e9donien, Port Moselle und Port du Sud. Alle liegen in der N\u00e4he von Markt, Gesch\u00e4ften und Restaurants. Beste Versorgungsm\u00f6glichkeiten f\u00fcr Yachtcharter-Crews bieten au\u00dferdem die Capitainerie de Pandop in Koumac, die Marina de Hiengh\u00e8ne, die Marina de W\u00e9 auf Lifou und die Marina in Touho.<\/p>\n<p>Au\u00dfer Yachtcharter-St\u00fctzpunkten und Natur gibt es in Neukaledonien auch Kultur und kulinarische K\u00f6stlichkeiten \u2013 jeweils entstanden aus der Mischung von kanakischen, ozeanischen, asiatischen und franz\u00f6sischen Einfl\u00fcssen. Vom alten Tempel \u00fcber einen Leuchtturm von Eiffel auf dem Inselchen Am\u00e9d\u00e9e bis zu franz\u00f6sischen Denkm\u00e4lern bleibt viel zu entdecken \u2013 und die Neukaledonier sind gastfreundlich und aufgeschlossen, freuen sich \u00fcber die Yachtcharter-Urlauber.<\/p>\n<p>Die beste Reisezeit in diese tropische Inselwelt ist November bis Mai \u2013 vorherrschender Wind ist S\u00fcdostpassat, der morgens schw\u00e4cher, nachmittags bisweilen mit bis zu 30 Knoten bl\u00e4st.<\/p>\n<p><strong>Yachtcharter Neukaledonien &#8211; L\u00e4nderinformationen:<\/strong><\/p>\n<p>Amtssprache: Franz\u00f6isch &#8211; gesprochen werden auch Polynesisch, Melanesisch und Englisch<br \/>\nHauptstadt: Noumea<\/p>\n<p>W\u00e4hrung: CFP-Franc (XPF)<\/p>\n<p>Uhrzeit: UTC \/ GMT + 11 Stunden, MEZ + 10 Stunden<\/p>\n<p>Stromspannung: 220 V \/ 50 kHz<\/p>\n<p>Wichtiger Flughafen f\u00fcr Yachtcharter in Neukaledonien:<br \/>\n&#8211; Noumea &#8211; NOU<\/p>\n<p>&nbsp;<\/p>\n<h2><strong>Yachtcharter-Angebote Neukaledonien<br \/>\n<\/strong><\/h2>\n<p>&nbsp;<\/p>\n<p><strong>Es gibt wichtige Yachtcharter-Flotten mit Segelyachte und Katamaranen f\u00fcr Bareboat-Charter in Neukaledonien, die nicht in unserem Yachtfinder gelistet sind &#8211; bitte fragen Sie nach Angeboten. Und nat\u00fcrlich senden wir Ihnen gerne auch Angebote f\u00fcr\u00a0 die sch\u00f6nsten Luxus-Charteryachten mit Crew in dieser Region zu.<\/strong><\/p>\n<p>&nbsp;<\/p>\n<table class=\"RegionsAndSubregions\" style=\"border-collapse: collapse;\" border=\"0\" cellspacing=\"0\">\n<tbody>\n<tr>\n<td>\n<div class=\"SubregionRepeaterTitle\">\n<h2><a href=\"https:\/\/yachtcharter-connection.com\/yachtcharter-insel-neu-kaledonien\"> Insel Neu Kaledonien <\/a><\/h2>\n<\/div>\n<div class=\"SmallLinks\">\n<ul>\n<li><a class=\"SmallLinks\" title=\"\" href=\"https:\/\/yachtcharter-connection.com\/neu-kaledonien-noumea\"> Neu Kaledonien \/ Noumea <\/a><\/li>\n<li><a class=\"SmallLinks\" title=\"\" href=\"https:\/\/yachtcharter-connection.com\/port-moselle-567\"> Port Moselle <\/a><\/li>\n<\/ul>\n<\/div>\n<\/td>\n<\/tr>\n<\/tbody>\n<\/table>\n","protected":false},"excerpt":{"rendered":"<p>Yachtcharter Neukaledonien Unber\u00fchrte Natur in der wohl gr\u00f6\u00dften und sch\u00f6nsten Korallenlagune der Welt \u2013 Yachtcharter-Segler, die schon hier waren, schw\u00e4rmen von Neukaledonien. Die Inselgruppe im Pazifik vor der australischen Nordk\u00fcste geh\u00f6rt geographisch zu Melanesien, politisch zu Frankreich. Grande Terre ist die gr\u00f6\u00dfte Insel, dazu kommen die Loyalty Islands, die Ile<\/p>\n","protected":false},"author":11,"featured_media":0,"parent":101,"menu_order":0,"comment_status":"open","ping_status":"open","template":"","meta":[],"aioseo_notices":[],"_links":{"self":[{"href":"https:\/\/yachtcharter-connection.com\/de\/wp-json\/wp\/v2\/pages\/457"}],"collection":[{"href":"https:\/\/yachtcharter-connection.com\/de\/wp-json\/wp\/v2\/pages"}],"about":[{"href":"https:\/\/yachtcharter-connection.com\/de\/wp-json\/wp\/v2\/types\/page"}],"author":[{"embeddable":true,"href":"https:\/\/yachtcharter-connection.com\/de\/wp-json\/wp\/v2\/users\/11"}],"replies":[{"embeddable":true,"href":"https:\/\/yachtcharter-connection.com\/de\/wp-json\/wp\/v2\/comments?post=457"}],"version-history":[{"count":3,"href":"https:\/\/yachtcharter-connection.com\/de\/wp-json\/wp\/v2\/pages\/457\/revisions"}],"predecessor-version":[{"id":25195,"href":"https:\/\/yachtcharter-connection.com\/de\/wp-json\/wp\/v2\/pages\/457\/revisions\/25195"}],"up":[{"embeddable":true,"href":"https:\/\/yachtcharter-connection.com\/de\/wp-json\/wp\/v2\/pages\/101"}],"wp:attachment":[{"href":"https:\/\/yachtcharter-connection.com\/de\/wp-json\/wp\/v2\/media?parent=457"}],"curies":[{"name":"wp","href":"https:\/\/api.w.org\/{rel}","templated":true}]}}