{"id":458,"date":"2015-08-10T05:53:32","date_gmt":"2015-08-10T05:53:32","guid":{"rendered":"http:\/\/yachtcharter-connection.com.w01e47c6.kasserver.com\/yachtcharter-holland\/"},"modified":"2017-07-11T19:44:41","modified_gmt":"2017-07-11T17:44:41","slug":"yachtcharter-holland","status":"publish","type":"page","link":"https:\/\/yachtcharter-connection.com\/de\/land\/yachtcharter-holland\/","title":{"rendered":"Holland"},"content":{"rendered":"<h3>Yachtcharter Niederlande<\/h3>\n<p>\n<img loading=\"lazy\" class=\"content-image\"  height=\"199\" width=\"300\" src=\"https:\/\/yachtcharter-connection.com\/wp-content\/uploads\/converted_files\/18930\/18930-562225fe65fd1.jpg\" alt=\"Windm\u00fchlen in Holland\" \/>Die Niederl\u00e4nder sind eine alte Seefahrer-Nation mit Tradition, einem Land, das teilweise unter dem Meeres-Spiegel liegt und absolut hervorragender maritimer Infrastruktur. H\u00e4ufig haben an Klapp-Br\u00fccken Schiffe Vorfahrt vor dem Stra\u00dfenverkehr. Deswegen gibt es mittlerweile sogar &bdquo;Aquadukte&ldquo;, bei denen Schiffe und Autos jeweils auf verschiedenen Ebenen kreuzungsfrei  passieren k\u00f6nnen. Was bei manchem sprachlich zur Verwirrung f\u00fchren mag: Ein niederl\u00e4ndisches Meer ist ein Binnensee &ndash; und das Meer hei\u00dft &bdquo;Zee&ldquo;<\/p>\n<p>Das wichtigste Segel- und Yachtcharter-Revier in den Niederlanden ist das Ijsselmeer. Charter-Yachten sind \u00fcberwiegend in Lemmer stationiert. Das holl\u00e4ndische Binnenmeer ist ein gutes, gesch\u00fctztes Anf\u00e4ngerrevier, das auch f\u00fcr mitsegelnde Kinder bestens geeignet ist. W\u00e4hrend drau\u00dfen im Wattenmeer die Gezeiten den Segelalltag bestimmen, gibt es hier kaum Wasserstandsunterschiede. Liegepl\u00e4tze gibt es sowohl in Marinas als auch in Stadth\u00e4fen der h\u00fcbschen St\u00e4dtchen mit viel Historie, charakteristischen H\u00e4uschen, Grachten und Zugbr\u00fccken. In der Regel sind die Stege mit Pf\u00e4hlen ausgestattet, vielfach wird auch l\u00e4ngsseits gegangen. Ankern ist aufgrund fehlender Buchten und schlechtem Ankergrund un\u00fcblich. Da die Niederl\u00e4nder ein wasserbegeistertes Volk sind, ist es zwischen Mai und September an den Wochenenden in den H\u00e4fen \u00fcberf\u00fcllt. Unter der Woche ist es allerdings selbst w\u00e4hrend der Hauptsaison selten zu voll. An Land gibt es fast \u00fcberall Bars und Restaurants, vielfach die typischen Fischbuden. Bei schlechtem Wetter gibt es an Land Fischer- und Schiffermuseen und auch sonst viel Sehenswertes.<\/p>\n<p>Mit kleineren Schiffen kann man auch die Friesischen Meere durchkreuzen &ndash; Region im Nordosten des Ijsselmeers und mit diesem auch verbunden. Hier liegt eine Seenplatte mit vielen Seen und Kan\u00e4len, Inselchen sowie idyllischen Orten wie Sneek am Sneekermeer oder Heeg am Heegermer. Ein weiteres Yachtcharter-Revier in Holland ist Zeeland, Provinz in den s\u00fcdwestlichen Niederlanden an der Grenze zu Belgien mit vielen Inseln und Halbinseln. Einen Charter-St\u00fctzpunkt gibt es Willemstad. Der S\u00fcden der Provinz ist von Land aus nur via Belgien zug\u00e4nglich.<br \/>\n<\/p>\n<table  class=\"RegionsAndSubregions\" cellspacing=\"0\" border=\"0\" style=\"border-collapse:collapse;\">\n<tbody>\n<tr>\n<td>\n<div class=\"SubregionRepeaterTitle\">\n<h2><a href=\"https:\/\/yachtcharter-connection.com\/yachtcharter-holland-west-friesland\"> Holland \/ Friesland <\/h2>\n<\/div>\n<div class=\"SmallLinks\">\n<ul>\n<li><a class=\"SmallLinks\" href=\"https:\/\/yachtcharter-connection.com\/sneek-210\" title=\"\"> Sneek <\/a><\/li>\n<\/ul>\n<\/div>\n<\/td>\n<td>\n<div class=\"SubregionRepeaterTitle\">\n<h2><a href=\"https:\/\/yachtcharter-connection.com\/yachtcharter-holland-haarlemmermeer\"> Holland \/ Haarlemmermeer <\/h2>\n<\/div>\n<div class=\"SmallLinks\">\n<ul>\n<li><a class=\"SmallLinks\" href=\"https:\/\/yachtcharter-connection.com\/yachtcharter-aalsmeer-leimuiden\" title=\"\"> Aalsmeer \/ Leimuiden <\/a><\/li>\n<\/ul>\n<\/div>\n<\/td>\n<\/tr>\n<tr>\n<td>\n<div class=\"SubregionRepeaterTitle\">\n<h2><a href=\"https:\/\/yachtcharter-connection.com\/yachtcharter-holland-ijsselmeer\"> Holland \/ Ijsselmeer <\/h2>\n<\/div>\n<div class=\"SmallLinks\">\n<ul>\n<li><a class=\"SmallLinks\" href=\"https:\/\/yachtcharter-connection.com\/amsterdam-121\" title=\"\"> Amsterdam <\/a><\/li>\n<li><a class=\"SmallLinks\" href=\"https:\/\/yachtcharter-connection.com\/enkhuizen-410\" title=\"\"> Enkhuizen <\/a><\/li>\n<li><a class=\"SmallLinks\" href=\"https:\/\/yachtcharter-connection.com\/franeker-378\" title=\"\"> Franeker <\/a><\/li>\n<li><a class=\"SmallLinks\" href=\"https:\/\/yachtcharter-connection.com\/giethoorn-974\" title=\"\"> Giethoorn <\/a><\/li>\n<li><a class=\"SmallLinks\" href=\"https:\/\/yachtcharter-connection.com\/harlingen-309\" title=\"\"> Harlingen <\/a><\/li>\n<li><a class=\"SmallLinks\" href=\"https:\/\/yachtcharter-connection.com\/hoorn-674\" title=\"\"> Hoorn <\/a><\/li>\n<li><a class=\"SmallLinks\" href=\"https:\/\/yachtcharter-connection.com\/ijsselmeer-7-monnickendam\" title=\"\"> Ijsselmeer 7 Monnickendam <\/a><\/li>\n<li><a class=\"SmallLinks\" href=\"https:\/\/yachtcharter-connection.com\/koudum-116\" title=\"\"> Koudum <\/a><\/li>\n<li><a class=\"SmallLinks\" href=\"https:\/\/yachtcharter-connection.com\/lemmer-578\" title=\"\"> Lemmer <\/a><\/li>\n<li><a class=\"SmallLinks\" href=\"https:\/\/yachtcharter-connection.com\/makkum-819\" title=\"\"> Makkum <\/a><\/li>\n<li><a class=\"SmallLinks\" href=\"https:\/\/yachtcharter-connection.com\/medemblik-979\" title=\"\"> Medemblik <\/a><\/li>\n<li><a class=\"SmallLinks\" href=\"https:\/\/yachtcharter-connection.com\/muiden-825\" title=\"\"> Muiden <\/a><\/li>\n<li><a class=\"SmallLinks\" href=\"https:\/\/yachtcharter-connection.com\/muiderzand-690\" title=\"\"> Muiderzand <\/a><\/li>\n<li><a class=\"SmallLinks\" href=\"https:\/\/yachtcharter-connection.com\/stavoren-813\" title=\"\"> Stavoren <\/a><\/li>\n<li><a class=\"SmallLinks\" href=\"https:\/\/yachtcharter-connection.com\/veluwemeer-harderwijk-303\" title=\"\"> Veluwemeer \/ Harderwijk <\/a><\/li>\n<li><a class=\"SmallLinks\" href=\"https:\/\/yachtcharter-connection.com\/vlagtvedde-475\" title=\"\"> Vlagtvedde <\/a><\/li>\n<li><a class=\"SmallLinks\" href=\"https:\/\/yachtcharter-connection.com\/wanneperveen-238\" title=\"\"> Wanneperveen <\/a><\/li>\n<li><a class=\"SmallLinks\" href=\"https:\/\/yachtcharter-connection.com\/workum-163\" title=\"\"> Workum <\/a><\/li>\n<\/ul>\n<\/div>\n<\/td>\n<td>\n<div class=\"SubregionRepeaterTitle\">\n<h2><a href=\"https:\/\/yachtcharter-connection.com\/yachtcharter-holland-ijsselmeer-markermeer\"> Holland \/ Ijsselmeer (Markermeer) <\/h2>\n<\/div>\n<div class=\"SmallLinks\">\n<ul>\n<li><a class=\"SmallLinks\" href=\"https:\/\/yachtcharter-connection.com\/lelystad-404\" title=\"\"> Lelystad <\/a><\/li>\n<\/ul>\n<\/div>\n<\/td>\n<\/tr>\n<tr>\n<td>\n<div class=\"SubregionRepeaterTitle\">\n<h2><a href=\"https:\/\/yachtcharter-connection.com\/yachtcharter-holland-lauwersmeer\"> Holland \/ Lauwersmeer <\/h2>\n<\/div>\n<div class=\"SmallLinks\">\n<ul>\n<li><a class=\"SmallLinks\" href=\"https:\/\/yachtcharter-connection.com\/yachtcharter-oostmahorn\" title=\"\"> Oostmahorn <\/a><\/li>\n<\/ul>\n<\/div>\n<\/td>\n<td>\n<div class=\"SubregionRepeaterTitle\">\n<h2><a href=\"https:\/\/yachtcharter-connection.com\/yachtcharter-holland-loosdrechtsche-plassen\"> Holland \/ Loosdrechtsche Plassen <\/h2>\n<\/div>\n<div class=\"SmallLinks\">\n<ul>\n<li><a class=\"SmallLinks\" href=\"https:\/\/yachtcharter-connection.com\/loosdrecht-143\" title=\"\"> Loosdrecht <\/a><\/li>\n<\/ul>\n<\/div>\n<\/td>\n<\/tr>\n<tr>\n<td>\n<div class=\"SubregionRepeaterTitle\">\n<h2><a href=\"https:\/\/yachtcharter-connection.com\/yachtcharter-holland-sneekermeer\"> Holland \/ Sneekermeer <\/h2>\n<\/div>\n<div class=\"SmallLinks\">\n<ul>\n<li><a class=\"SmallLinks\" href=\"https:\/\/yachtcharter-connection.com\/terherne-603\" title=\"\"> Terherne <\/a><\/li>\n<\/ul>\n<\/div>\n<\/td>\n<td>\n<div class=\"SubregionRepeaterTitle\">\n<h2><a href=\"https:\/\/yachtcharter-connection.com\/yachtcharter-holland-zeeland\"> Holland \/ Zeeland <\/h2>\n<\/div>\n<div class=\"SmallLinks\">\n<ul>\n<li><a class=\"SmallLinks\" href=\"https:\/\/yachtcharter-connection.com\/brunisse\" title=\"\"> Brunisse <\/a><\/li>\n<li><a class=\"SmallLinks\" href=\"https:\/\/yachtcharter-connection.com\/hellevoetsluis-469\" title=\"\"> Hellevoetsluis <\/a><\/li>\n<li><a class=\"SmallLinks\" href=\"https:\/\/yachtcharter-connection.com\/yachtcharter-kortgene\" title=\"\"> Kortgene <\/a><\/li>\n<li><a class=\"SmallLinks\" href=\"https:\/\/yachtcharter-connection.com\/marina-port-zelande-227\" title=\"\"> Marina Port Z\u00e9lande <\/a><\/li>\n<li><a class=\"SmallLinks\" href=\"https:\/\/yachtcharter-connection.com\/sint-annaland-650\" title=\"\"> Sint Annaland <\/a><\/li>\n<li><a class=\"SmallLinks\" href=\"https:\/\/yachtcharter-connection.com\/willemstad-155\" title=\"\"> Willemstad <\/a><\/li>\n<\/ul>\n<\/div>\n<\/td>\n<\/tr>\n<tr><\/tr>\n<\/tbody>\n<\/table>\n","protected":false},"excerpt":{"rendered":"<p>Yachtcharter Niederlande Die Niederl\u00e4nder sind eine alte Seefahrer-Nation mit Tradition, einem Land, das teilweise unter dem Meeres-Spiegel liegt und absolut hervorragender maritimer Infrastruktur. H\u00e4ufig haben an Klapp-Br\u00fccken Schiffe Vorfahrt vor dem Stra\u00dfenverkehr. Deswegen gibt es mittlerweile sogar &bdquo;Aquadukte&ldquo;, bei denen Schiffe und Autos jeweils auf verschiedenen Ebenen kreuzungsfrei passieren k\u00f6nnen.<\/p>\n","protected":false},"author":11,"featured_media":0,"parent":101,"menu_order":0,"comment_status":"open","ping_status":"open","template":"","meta":[],"aioseo_notices":[],"_links":{"self":[{"href":"https:\/\/yachtcharter-connection.com\/de\/wp-json\/wp\/v2\/pages\/458"}],"collection":[{"href":"https:\/\/yachtcharter-connection.com\/de\/wp-json\/wp\/v2\/pages"}],"about":[{"href":"https:\/\/yachtcharter-connection.com\/de\/wp-json\/wp\/v2\/types\/page"}],"author":[{"embeddable":true,"href":"https:\/\/yachtcharter-connection.com\/de\/wp-json\/wp\/v2\/users\/11"}],"replies":[{"embeddable":true,"href":"https:\/\/yachtcharter-connection.com\/de\/wp-json\/wp\/v2\/comments?post=458"}],"version-history":[{"count":1,"href":"https:\/\/yachtcharter-connection.com\/de\/wp-json\/wp\/v2\/pages\/458\/revisions"}],"predecessor-version":[{"id":12334,"href":"https:\/\/yachtcharter-connection.com\/de\/wp-json\/wp\/v2\/pages\/458\/revisions\/12334"}],"up":[{"embeddable":true,"href":"https:\/\/yachtcharter-connection.com\/de\/wp-json\/wp\/v2\/pages\/101"}],"wp:attachment":[{"href":"https:\/\/yachtcharter-connection.com\/de\/wp-json\/wp\/v2\/media?parent=458"}],"curies":[{"name":"wp","href":"https:\/\/api.w.org\/{rel}","templated":true}]}}