{"id":459,"date":"2015-08-10T05:53:32","date_gmt":"2015-08-10T05:53:32","guid":{"rendered":"http:\/\/yachtcharter-connection.com.w01e47c6.kasserver.com\/yachtcharter-norwegen\/"},"modified":"2017-07-11T19:58:53","modified_gmt":"2017-07-11T17:58:53","slug":"yachtcharter-norwegen","status":"publish","type":"page","link":"https:\/\/yachtcharter-connection.com\/de\/land\/yachtcharter-norwegen\/","title":{"rendered":"Norwegen"},"content":{"rendered":"<h3>\n<meta http-equiv=\"Content-Type\" content=\"text\/html; charset=utf-8\"><br \/>\n<meta name=\"ProgId\" content=\"Word.Document\" \/><br \/>\n<meta name=\"Generator\" content=\"Microsoft Word 9\" \/><br \/>\n<meta name=\"Originator\" content=\"Microsoft Word 9\" \/>\n<link rel=\"File-List\" href=\"file:\/\/\/C:\/Users\/Leonessa\/AppData\/Local\/Temp\/msoclip1\/01\/clip_filelist.xml\" \/><!--[if gte mso 9]><xml>\n<w:WordDocument>\n<w:View>Normal<\/w:View>\n<w:Zoom>0<\/w:Zoom>\n<w:HyphenationZone>21<\/w:HyphenationZone>\n<w:DoNotOptimizeForBrowser \/>\n<\/w:WordDocument>\n<\/xml><![endif]--><\/p>\n<style type=\"text\/css\">\n<!--\n \/* Style Definitions *\/\np.MsoNormal, li.MsoNormal, div.MsoNormal\n\t{mso-style-parent:\"\";\n\tmargin:0cm;\n\tmargin-bottom:.0001pt;\n\tmso-pagination:widow-orphan;\n\tfont-size:12.0pt;\n\tfont-family:\"Times New Roman\";\n\tmso-fareast-font-family:\"Times New Roman\";}\n@page Section1\n\t{size:612.0pt 792.0pt;\n\tmargin:70.85pt 70.85pt 2.0cm 70.85pt;\n\tmso-header-margin:36.0pt;\n\tmso-footer-margin:36.0pt;\n\tmso-paper-source:0;}\ndiv.Section1\n\t{page:Section1;}\n--><\/style>\n<p>Yachtcharter Norwegen                <\/meta><br \/>\n<\/meta><br \/>\n<\/meta><br \/>\n<\/meta><br \/>\n<\/h3>\n<p>\n<img loading=\"lazy\" class=\"content-image\"  width=\"300\" height=\"200\" src=\"https:\/\/yachtcharter-connection.com\/wp-content\/uploads\/converted_files\/18931\/18931-562225ffd61b0.jpg\" alt=\"Norwegen Fjord\" \/>Das Yachtcharter-Revier Norwegen ist f\u00fcr seine atemberaubenen Fjordlandschaften bekannt. Yachtcharter-Skipper in Norwegen erkunden am liebsten den Oslofjord, die K\u00fcste am Nordatlantik oder die vorgelagerte Inselgruppe der Lofoten.<\/p>\n<p>Die norwegische Hauptstadt Oslo liegt im Norden des gleichnamigen Fjords, der sich fast 100 Kilometer weit gen S\u00fcden bis zum Skagerrak zieht. Mit zahlreichen H\u00e4fen, Inseln, Seitenarmen und Buchten ist der Fjord, beliebtes Segelrevier. Yachten aus den Yachtcharter-Flotten von verschiedenen Yachtcharter-St\u00fctzpunkten im Oslofjord vermitteln wir gern. <\/p>\n<p>Rund 80 Inseln geh\u00f6ren zur Inselgruppe der <a href=\"~\/Yachtcharter_norwegen\/lofoten.html\">Lofoten<\/a> im Atlantik, die bis zu 300 Kilometer n\u00f6rdlich des Polarkreises liegen. Yachtcharter-Basen an der Atlantikk\u00fcste gibt es unter anderem in <a href=\"~\/Yachtcharter_norwegen\/bodoe.html\">Bodoe<\/a>, <a href=\"~\/Yachtcharter_norwegen\/tromso.html\">Tromso<\/a>, auf den Lofoten und in Bergen.<\/p>\n<p>Gerade der das Yachtcharter-Revier an der <a href=\"https:\/\/yachtcharter-connection.com\/wp-content\/uploads\/converted_files\/18931\/18931-5622260592e38.jpg\">norwegischen Atlantikk\u00fcste<\/a> im hohen Norden, das so ganz anders ist als die typischen Yachtcharter-Reviere  an der Ostsee oder im Mittelmeer, kann f\u00fcr Yachtcharter-Crews interessant sein.<\/p>\n<p><img loading=\"lazy\" class=\"content-image\"  width=\"300\" height=\"225\" src=\"https:\/\/yachtcharter-connection.com\/wp-content\/uploads\/converted_files\/18931\/18931-56222606dcd28.jpg\" alt=\"\" \/>Marinas gibt es in diesem Yachtcharter-Revier im Norden Norwegens nicht, was aber kein Nachteil ist: Auf Yachtcharter-Crews warten viele bestens ausgebaute Fischerh\u00e4fen mit ausreichend Platz.  In einigen Orten gibt es Yachtclubs, die aber meist Fischervereinigungen sind. Duschen oder andere typische Yachtcharter Infrastruktur gibt es in den norwegischen H\u00e4fen nicht. Daf\u00fcr liegen die Liegeplatzgeb\u00fchren inklusive Wasser und Strom zwischen acht und zehn Euro &#8211; wenn \u00fcberhaupt etwas verlangt wird.<\/p>\n<p>Aufgrund der Tide von bis zu 3,50 Metern gibt es fast \u00fcberall auch Schwimmstege &#8211;  falls nicht, wird das Festmachen nat\u00fcrlich etwas komplizierter. Auf jeder Insel gibt es irgendwo als einzige Versorgungsm\u00f6glichkeit f\u00fcr Yachtcharter-Crews einen kleinen Minimarkt, die meisten \u00f6ffnen zwischen 10.00 und 16.00Uhr, manche auch bis 18 Uhr. Das Angebot ist insbesondere bei Salat und Gem\u00fcse sehr begrenzt. Bier wird nur bis 16 oder 18 Uhr verkauft, danach ist das verboten! Wein und Schnaps gibt es nur in speziellen L\u00e4den, die meist versteckt im Landesinneren liegen.  <\/p>\n<p>Keine Restaurants, keine Fischm\u00e4rkte, nichts au\u00dfer der Natur kann Yachtcharter-Segler dazu verf\u00fchren, in einem Hafen abends das Schiff \u00fcberhaupt zu verlassen. Wenn Yachtcharter-Crews Sprit oder Wasser brauchen, helfen die Fischfabriken.  <\/p>\n<h3>Yachtcharter Norwegen &#8211; L\u00e4nderinformationen:<\/h3>\n<p>\nAmtssprache: Norwegisch<br \/>\nHauptstadt: Oslo<\/p>\n<p>W\u00e4hrung: Norwegische Krone (NOK)<\/p>\n<p>Uhrzeit: MEZ &#8211; UTC \/ GMT + 1 Stunden, <br \/>\nim Sommer MESZ Mitteleurop\u00e4ische Sommerzeit <\/p>\n<p>\nNetzspannung: 220\/230 V <\/p>\n<p>Die wichtigsten Flugh\u00e4fen f\u00fcr Yachtcharter-Crews:<\/p>\n<p>&#8211; Oslo &#8211; OSL<br \/>\n&#8211; Troms\u00f6 &#8211; TOS<br \/>\n&#8211; Bodoe &#8211; BOD<br \/>\n&#8211; Bergen &#8211; BGO<br \/>\n&#8211; Kristiansund &#8211; KSU<br \/>\n&#8211; Svalbard (Longyearbyen) &#8211; LYR <\/p>\n<p><img loading=\"lazy\" class=\"content-image\"  width=\"300\" height=\"244\" alt=\"\" src=\"https:\/\/yachtcharter-connection.com\/wp-content\/uploads\/converted_files\/18931\/18931-5622260862770.jpg\" \/><\/p>\n<table  class=\"RegionsAndSubregions\" cellspacing=\"0\" border=\"0\" style=\"border-collapse:collapse;\">\n<tbody>\n<tr>\n<td>\n<div class=\"SubregionRepeaterTitle\">\n<h2><a href=\"https:\/\/yachtcharter-connection.com\/yachtcharter-norwegen-atlantikk%c3%bcste\"> Norwegen \/ Atlantikk\u00fcste <\/h2>\n<\/div>\n<div class=\"SmallLinks\">\n<ul>\n<li><a class=\"SmallLinks\" href=\"https:\/\/yachtcharter-connection.com\/yachtcharter-bergen\" title=\"\"> Bergen <\/a><\/li>\n<li><a class=\"SmallLinks\" href=\"https:\/\/yachtcharter-connection.com\/bergen-hjellsted-marina-752\" title=\"\"> Bergen \/ Hjellsted Marina <\/a><\/li>\n<li><a class=\"SmallLinks\" href=\"https:\/\/yachtcharter-connection.com\/bodoe-168\" title=\"\"> Bodoe <\/a><\/li>\n<li><a class=\"SmallLinks\" href=\"https:\/\/yachtcharter-connection.com\/kristiansand-119\" title=\"\"> Kristiansand <\/a><\/li>\n<li><a class=\"SmallLinks\" href=\"https:\/\/yachtcharter-connection.com\/lofoten-760\" title=\"\"> Lofoten <\/a><\/li>\n<li><a class=\"SmallLinks\" href=\"https:\/\/yachtcharter-connection.com\/senja-stonglandseidet-800\" title=\"\"> Senja \/ Stonglandseidet <\/a><\/li>\n<li><a class=\"SmallLinks\" href=\"https:\/\/yachtcharter-connection.com\/tromso-837\" title=\"\"> Tromso <\/a><\/li>\n<\/ul>\n<\/div>\n<\/td>\n<td>\n<div class=\"SubregionRepeaterTitle\">\n<h2><a href=\"https:\/\/yachtcharter-connection.com\/yachtcharter-svalbard-archipel-spitzbergen\"> Svalbard Archipel \/ Spitzbergen <\/h2>\n<\/div>\n<div class=\"SmallLinks\">\n<ul>\n<li><a class=\"SmallLinks\" href=\"https:\/\/yachtcharter-connection.com\/longyearbyen-344\" title=\"\"> Longyearbyen <\/a><\/li>\n<\/ul>\n<\/div>\n<\/td>\n<\/tr>\n<tr>\n<td>\n<div class=\"SubregionRepeaterTitle\">\n<h2><a href=\"https:\/\/yachtcharter-connection.com\/yachtcharter-west-schweden-bohusl%c3%a4n\"> West-Schweden \/ Bohusl\u00e4n <\/h2>\n<\/div>\n<div class=\"SmallLinks\">\n<ul>\n<li><a class=\"SmallLinks\" href=\"https:\/\/yachtcharter-connection.com\/halden-577\" title=\"\"> Halden <\/a><\/li>\n<\/ul>\n<\/div>\n<\/td>\n<\/tr>\n<\/tbody>\n<\/table>\n","protected":false},"excerpt":{"rendered":"<p>Yachtcharter Norwegen Das Yachtcharter-Revier Norwegen ist f\u00fcr seine atemberaubenen Fjordlandschaften bekannt. Yachtcharter-Skipper in Norwegen erkunden am liebsten den Oslofjord, die K\u00fcste am Nordatlantik oder die vorgelagerte Inselgruppe der Lofoten. Die norwegische Hauptstadt Oslo liegt im Norden des gleichnamigen Fjords, der sich fast 100 Kilometer weit gen S\u00fcden bis zum Skagerrak<\/p>\n","protected":false},"author":11,"featured_media":0,"parent":101,"menu_order":0,"comment_status":"open","ping_status":"open","template":"","meta":[],"aioseo_notices":[],"_links":{"self":[{"href":"https:\/\/yachtcharter-connection.com\/de\/wp-json\/wp\/v2\/pages\/459"}],"collection":[{"href":"https:\/\/yachtcharter-connection.com\/de\/wp-json\/wp\/v2\/pages"}],"about":[{"href":"https:\/\/yachtcharter-connection.com\/de\/wp-json\/wp\/v2\/types\/page"}],"author":[{"embeddable":true,"href":"https:\/\/yachtcharter-connection.com\/de\/wp-json\/wp\/v2\/users\/11"}],"replies":[{"embeddable":true,"href":"https:\/\/yachtcharter-connection.com\/de\/wp-json\/wp\/v2\/comments?post=459"}],"version-history":[{"count":1,"href":"https:\/\/yachtcharter-connection.com\/de\/wp-json\/wp\/v2\/pages\/459\/revisions"}],"predecessor-version":[{"id":12370,"href":"https:\/\/yachtcharter-connection.com\/de\/wp-json\/wp\/v2\/pages\/459\/revisions\/12370"}],"up":[{"embeddable":true,"href":"https:\/\/yachtcharter-connection.com\/de\/wp-json\/wp\/v2\/pages\/101"}],"wp:attachment":[{"href":"https:\/\/yachtcharter-connection.com\/de\/wp-json\/wp\/v2\/media?parent=459"}],"curies":[{"name":"wp","href":"https:\/\/api.w.org\/{rel}","templated":true}]}}